{"id":7213,"date":"2019-06-05T13:37:34","date_gmt":"2019-06-05T13:37:34","guid":{"rendered":"https:\/\/preview.wolfthemes.live\/decibel\/?page_id=7213"},"modified":"2026-05-07T00:42:53","modified_gmt":"2026-05-06T22:42:53","slug":"tatoueur","status":"publish","type":"page","link":"https:\/\/www.tarawa.com\/studio\/tatoueur\/","title":{"rendered":"Les Tatoueurs de l&rsquo;\u00e9quipe Tarawa"},"content":{"rendered":"\n<p>Notre \u00e9quipe de tatoueurs se compose de plusieurs artistes r\u00e9sidents, ainsi que de tatoueurs invit\u00e9s venus de France et des quatre coins du monde entier. Chacun apporte son style unique et ses techniques sp\u00e9cialis\u00e9es, enrichissant notre offre artistique et cr\u00e9ative. Nous sommes ravis de vous accueillir dans l&rsquo;un de nos <a title=\"\" href=\"https:\/\/www.tarawa.com\/studio\/\" target=\"_blank\" rel=\"noopener\">salons de tatouage<\/a> au <a title=\"\" href=\"https:\/\/www.tarawa.com\/studio\/cap-d-agde\/\" target=\"_blank\" rel=\"noopener\">Cap d&rsquo;Agde<\/a>, <a title=\"Vias-Plage\" href=\"https:\/\/www.tarawa.com\/studio\/vias-plage\/\" target=\"_blank\" rel=\"noopener\">Vias<\/a>, <a title=\"Marseillan-Plage\" href=\"https:\/\/www.tarawa.com\/studio\/tarawa-marseillan-studio-tattoo-piercing\/\" target=\"_blank\" rel=\"noopener\">Marseillan<\/a> ou \u00e0 <a title=\"Roanne\" href=\"https:\/\/www.tarawa.com\/studio\/roanne\/\" target=\"_blank\" rel=\"noopener\">Roanne<\/a> pour \u00e9changer avec enthousiasme sur vos id\u00e9es et vos projets. Venez d\u00e9couvrir un espace d\u00e9di\u00e9 \u00e0 l&rsquo;art corporel o\u00f9 passion, expertise et convivialit\u00e9 se rencontrent pour transformer vos visions en \u0153uvres d&rsquo;art permanentes. Suivez nos conseils afin de <a title=\"\" href=\"https:\/\/www.tarawa.com\/lifestyle\/comment-prendre-soin-de-votre-tatouage\/\" target=\"_blank\" rel=\"noopener\">prendre soin de votre tatouage<\/a> !<br><br>Cliquez sur les photos de nos artistes pour en savoir plus sur eux.<\/p>\n\n\n\n<h2 class=\"wp-block-heading\">Nos artistes tatoueurs r\u00e9sidents<\/h2>\n\n\n\n<figure class=\"wp-block-gallery has-nested-images columns-3 is-cropped wp-block-gallery-1 is-layout-flex wp-block-gallery-is-layout-flex\">\n<figure class=\"wp-block-image size-full\"><img loading=\"lazy\" decoding=\"async\" width=\"677\" height=\"911\" data-id=\"13238\" src=\"https:\/\/www.tarawa.com\/studio\/wp-content\/uploads\/2025\/06\/tatoueur-fab-tarawa.jpg\" alt=\"\" class=\"wp-image-13238\" srcset=\"https:\/\/www.tarawa.com\/studio\/wp-content\/uploads\/2025\/06\/tatoueur-fab-tarawa.jpg 677w, https:\/\/www.tarawa.com\/studio\/wp-content\/uploads\/2025\/06\/tatoueur-fab-tarawa-223x300.jpg 223w, https:\/\/www.tarawa.com\/studio\/wp-content\/uploads\/2025\/06\/tatoueur-fab-tarawa-400x538.jpg 400w\" sizes=\"auto, (max-width: 677px) 100vw, 677px\" \/><figcaption class=\"wp-element-caption\"><a href=\"https:\/\/www.tarawa.com\/studio\/fab\/\" data-type=\"page\" data-id=\"10931\">Fabien &#8211; R\u00e9sident Tarawa Vias-Plage<\/a><\/figcaption><\/figure>\n\n\n\n<figure class=\"wp-block-image size-full\"><a href=\"https:\/\/www.tarawa.com\/studio\/the-little-fox\/\" target=\"_blank\" rel=\"noreferrer noopener\"><img loading=\"lazy\" decoding=\"async\" width=\"600\" height=\"900\" data-id=\"10679\" src=\"https:\/\/www.tarawa.com\/studio\/wp-content\/uploads\/2023\/01\/ondine-equipe-tarawa-roanne.jpg\" alt=\"\" class=\"wp-image-10679\" srcset=\"https:\/\/www.tarawa.com\/studio\/wp-content\/uploads\/2023\/01\/ondine-equipe-tarawa-roanne.jpg 600w, https:\/\/www.tarawa.com\/studio\/wp-content\/uploads\/2023\/01\/ondine-equipe-tarawa-roanne-200x300.jpg 200w, https:\/\/www.tarawa.com\/studio\/wp-content\/uploads\/2023\/01\/ondine-equipe-tarawa-roanne-400x600.jpg 400w\" sizes=\"auto, (max-width: 600px) 100vw, 600px\" \/><\/a><figcaption class=\"wp-element-caption\"><a href=\"https:\/\/www.tarawa.com\/studio\/the-little-fox\/\" data-type=\"page\" data-id=\"10749\">Ondine \u00ab\u00a0The Little Fox\u00a0\u00bb &#8211; R\u00e9sidente Tarawa Roanne<\/a><\/figcaption><\/figure>\n\n\n\n<figure class=\"wp-block-image size-full\"><a href=\"https:\/\/www.tarawa.com\/studio\/maxime\/\" target=\"_blank\" rel=\"noreferrer noopener\"><img loading=\"lazy\" decoding=\"async\" width=\"600\" height=\"900\" data-id=\"10678\" src=\"https:\/\/www.tarawa.com\/studio\/wp-content\/uploads\/2023\/01\/maxime-tatoueur-tarawa-roanne.jpg\" alt=\"\" class=\"wp-image-10678\" srcset=\"https:\/\/www.tarawa.com\/studio\/wp-content\/uploads\/2023\/01\/maxime-tatoueur-tarawa-roanne.jpg 600w, https:\/\/www.tarawa.com\/studio\/wp-content\/uploads\/2023\/01\/maxime-tatoueur-tarawa-roanne-200x300.jpg 200w, https:\/\/www.tarawa.com\/studio\/wp-content\/uploads\/2023\/01\/maxime-tatoueur-tarawa-roanne-400x600.jpg 400w\" sizes=\"auto, (max-width: 600px) 100vw, 600px\" \/><\/a><figcaption class=\"wp-element-caption\"><a href=\"https:\/\/www.tarawa.com\/studio\/maxime\/\" data-type=\"page\" data-id=\"10743\">Maxime \u00ab\u00a0Peaky Inkers\u00a0\u00bb &#8211; R\u00e9sident Tarawa Roanne<\/a><\/figcaption><\/figure>\n<\/figure>\n\n\n\n<div style=\"height:18px\" aria-hidden=\"true\" class=\"wp-block-spacer\"><\/div>\n\n\n\n<div class=\"wp-block-columns is-layout-flex wp-container-core-columns-is-layout-9d6595d7 wp-block-columns-is-layout-flex\">\n<div class=\"wp-block-column is-layout-flow wp-block-column-is-layout-flow\">\n<figure class=\"wp-block-gallery has-nested-images columns-default is-cropped wp-block-gallery-2 is-layout-flex wp-block-gallery-is-layout-flex\">\n<figure class=\"wp-block-image size-large\"><img loading=\"lazy\" decoding=\"async\" width=\"1024\" height=\"1503\" data-id=\"13058\" src=\"https:\/\/www.tarawa.com\/studio\/wp-content\/uploads\/2025\/03\/tatoueur-yohan-cap-1024x1503.png\" alt=\"\" class=\"wp-image-13058\" srcset=\"https:\/\/www.tarawa.com\/studio\/wp-content\/uploads\/2025\/03\/tatoueur-yohan-cap-1024x1503.png 1024w, https:\/\/www.tarawa.com\/studio\/wp-content\/uploads\/2025\/03\/tatoueur-yohan-cap-204x300.png 204w, https:\/\/www.tarawa.com\/studio\/wp-content\/uploads\/2025\/03\/tatoueur-yohan-cap-768x1127.png 768w, https:\/\/www.tarawa.com\/studio\/wp-content\/uploads\/2025\/03\/tatoueur-yohan-cap-1047x1536.png 1047w, https:\/\/www.tarawa.com\/studio\/wp-content\/uploads\/2025\/03\/tatoueur-yohan-cap-900x1321.png 900w, https:\/\/www.tarawa.com\/studio\/wp-content\/uploads\/2025\/03\/tatoueur-yohan-cap-400x587.png 400w, https:\/\/www.tarawa.com\/studio\/wp-content\/uploads\/2025\/03\/tatoueur-yohan-cap.png 1284w\" sizes=\"auto, (max-width: 1024px) 100vw, 1024px\" \/><figcaption class=\"wp-element-caption\"><a href=\"https:\/\/www.tarawa.com\/studio\/yohan-dencre-et-daiguilles\/\" data-type=\"page\" data-id=\"13041\">Yohan &#8211; R\u00e9sident &#8211; Tarawa Cap d&rsquo;Agde <\/a><\/figcaption><\/figure>\n<\/figure>\n<\/div>\n<\/div>\n\n\n\n<h2 class=\"wp-block-heading\">Nos artistes tatoueurs Guest<\/h2>\n\n\n\n<figure class=\"wp-block-gallery has-nested-images columns-3 is-cropped wp-block-gallery-3 is-layout-flex wp-block-gallery-is-layout-flex\">\n<figure class=\"wp-block-image size-large\"><a href=\"https:\/\/www.tarawa.com\/studio\/fanny\/\" target=\"_blank\" rel=\"noreferrer noopener\"><img loading=\"lazy\" decoding=\"async\" width=\"1024\" height=\"1433\" data-id=\"11294\" src=\"https:\/\/www.tarawa.com\/studio\/wp-content\/uploads\/2024\/06\/tarawa_tatoueuse_fanny-2-1024x1433.webp\" alt=\"\" class=\"wp-image-11294\" srcset=\"https:\/\/www.tarawa.com\/studio\/wp-content\/uploads\/2024\/06\/tarawa_tatoueuse_fanny-2-1024x1433.webp 1024w, https:\/\/www.tarawa.com\/studio\/wp-content\/uploads\/2024\/06\/tarawa_tatoueuse_fanny-2-214x300.webp 214w, https:\/\/www.tarawa.com\/studio\/wp-content\/uploads\/2024\/06\/tarawa_tatoueuse_fanny-2-768x1075.webp 768w, https:\/\/www.tarawa.com\/studio\/wp-content\/uploads\/2024\/06\/tarawa_tatoueuse_fanny-2-1098x1536.webp 1098w, https:\/\/www.tarawa.com\/studio\/wp-content\/uploads\/2024\/06\/tarawa_tatoueuse_fanny-2-900x1259.webp 900w, https:\/\/www.tarawa.com\/studio\/wp-content\/uploads\/2024\/06\/tarawa_tatoueuse_fanny-2-400x560.webp 400w, https:\/\/www.tarawa.com\/studio\/wp-content\/uploads\/2024\/06\/tarawa_tatoueuse_fanny-2.webp 1440w\" sizes=\"auto, (max-width: 1024px) 100vw, 1024px\" \/><\/a><figcaption class=\"wp-element-caption\"><a href=\"https:\/\/www.tarawa.com\/studio\/fanny\/\" data-type=\"page\" data-id=\"11257\">Fanny \u00ab\u00a0Fady\u00a0\u00bb &#8211; Guest Tarawa Vias<\/a><\/figcaption><\/figure>\n\n\n\n<figure class=\"wp-block-image size-full\"><a href=\"https:\/\/www.tarawa.com\/studio\/tatoueur\/jessica-ikka-tattoo\/\" target=\"_blank\" rel=\"noreferrer noopener\"><img loading=\"lazy\" decoding=\"async\" width=\"606\" height=\"666\" data-id=\"11714\" src=\"https:\/\/www.tarawa.com\/studio\/wp-content\/uploads\/2024\/07\/tarawa_tatoueur_jessica_ikka_tattoo.webp\" alt=\"\" class=\"wp-image-11714\" srcset=\"https:\/\/www.tarawa.com\/studio\/wp-content\/uploads\/2024\/07\/tarawa_tatoueur_jessica_ikka_tattoo.webp 606w, https:\/\/www.tarawa.com\/studio\/wp-content\/uploads\/2024\/07\/tarawa_tatoueur_jessica_ikka_tattoo-273x300.webp 273w, https:\/\/www.tarawa.com\/studio\/wp-content\/uploads\/2024\/07\/tarawa_tatoueur_jessica_ikka_tattoo-400x440.webp 400w\" sizes=\"auto, (max-width: 606px) 100vw, 606px\" \/><\/a><figcaption class=\"wp-element-caption\"><a href=\"https:\/\/www.tarawa.com\/studio\/tatoueur\/jessica-ikka-tattoo\/\" data-type=\"page\" data-id=\"10288\">Jessica \u00ab\u00a0Ikka Tattoo\u00a0\u00bb &#8211; Guest Tarawa Cap d&rsquo;Agde<\/a><\/figcaption><\/figure>\n\n\n\n<figure class=\"wp-block-image size-full\"><a href=\"https:\/\/www.tarawa.com\/studio\/tatoueur\/diego-cavallini\/\" target=\"_blank\" rel=\"noreferrer noopener\"><img loading=\"lazy\" decoding=\"async\" width=\"716\" height=\"891\" data-id=\"11619\" src=\"https:\/\/www.tarawa.com\/studio\/wp-content\/uploads\/2024\/07\/tarawa_tatoueur_diego.webp\" alt=\"\" class=\"wp-image-11619\" srcset=\"https:\/\/www.tarawa.com\/studio\/wp-content\/uploads\/2024\/07\/tarawa_tatoueur_diego.webp 716w, https:\/\/www.tarawa.com\/studio\/wp-content\/uploads\/2024\/07\/tarawa_tatoueur_diego-241x300.webp 241w, https:\/\/www.tarawa.com\/studio\/wp-content\/uploads\/2024\/07\/tarawa_tatoueur_diego-400x498.webp 400w\" sizes=\"auto, (max-width: 716px) 100vw, 716px\" \/><\/a><figcaption class=\"wp-element-caption\"><a href=\"https:\/\/www.tarawa.com\/studio\/book\/diego-cavallini\/\" data-type=\"category\" data-id=\"61\">Diego Cavallini &#8211; Guest Tarawa Cap d&rsquo;Agde<\/a><\/figcaption><\/figure>\n<\/figure>\n\n\n\n<div class=\"wp-block-columns is-layout-flex wp-container-core-columns-is-layout-9d6595d7 wp-block-columns-is-layout-flex\">\n<div class=\"wp-block-column is-layout-flow wp-block-column-is-layout-flow\">\n<figure class=\"wp-block-gallery has-nested-images columns-default is-cropped wp-block-gallery-4 is-layout-flex wp-block-gallery-is-layout-flex\">\n<figure class=\"wp-block-image size-large\"><a href=\"https:\/\/www.tarawa.com\/studio\/goncalo\/\"><img loading=\"lazy\" decoding=\"async\" width=\"1024\" height=\"1536\" data-id=\"13250\" src=\"https:\/\/www.tarawa.com\/studio\/wp-content\/uploads\/2025\/06\/tatoueur-gust-tarawa-goncalo-1024x1536.jpg\" alt=\"\" class=\"wp-image-13250\" srcset=\"https:\/\/www.tarawa.com\/studio\/wp-content\/uploads\/2025\/06\/tatoueur-gust-tarawa-goncalo-1024x1536.jpg 1024w, https:\/\/www.tarawa.com\/studio\/wp-content\/uploads\/2025\/06\/tatoueur-gust-tarawa-goncalo-200x300.jpg 200w, https:\/\/www.tarawa.com\/studio\/wp-content\/uploads\/2025\/06\/tatoueur-gust-tarawa-goncalo-768x1152.jpg 768w, https:\/\/www.tarawa.com\/studio\/wp-content\/uploads\/2025\/06\/tatoueur-gust-tarawa-goncalo-900x1350.jpg 900w, https:\/\/www.tarawa.com\/studio\/wp-content\/uploads\/2025\/06\/tatoueur-gust-tarawa-goncalo-400x600.jpg 400w, https:\/\/www.tarawa.com\/studio\/wp-content\/uploads\/2025\/06\/tatoueur-gust-tarawa-goncalo.jpg 1066w\" sizes=\"auto, (max-width: 1024px) 100vw, 1024px\" \/><\/a><figcaption class=\"wp-element-caption\"><a href=\"https:\/\/www.tarawa.com\/studio\/goncalo\/\">Gon\u00e7alo- Guest Tarawa Cap d&rsquo;Agde et Marseillan<\/a><\/figcaption><\/figure>\n<\/figure>\n<\/div>\n<\/div>\n\n\n\n<div class=\"wp-block-columns is-layout-flex wp-container-core-columns-is-layout-9d6595d7 wp-block-columns-is-layout-flex\">\n<div class=\"wp-block-column is-layout-flow wp-block-column-is-layout-flow\">\n<figure class=\"wp-block-gallery has-nested-images columns-default is-cropped wp-block-gallery-5 is-layout-flex wp-block-gallery-is-layout-flex\">\n<figure class=\"wp-block-image size-large\"><a href=\"https:\/\/www.tarawa.com\/studio\/janos\/\"><img loading=\"lazy\" decoding=\"async\" width=\"720\" height=\"960\" data-id=\"12447\" src=\"https:\/\/www.tarawa.com\/studio\/wp-content\/uploads\/2024\/12\/tarawa_tatoueur_janos.webp\" alt=\"\" class=\"wp-image-12447\" srcset=\"https:\/\/www.tarawa.com\/studio\/wp-content\/uploads\/2024\/12\/tarawa_tatoueur_janos.webp 720w, https:\/\/www.tarawa.com\/studio\/wp-content\/uploads\/2024\/12\/tarawa_tatoueur_janos-225x300.webp 225w, https:\/\/www.tarawa.com\/studio\/wp-content\/uploads\/2024\/12\/tarawa_tatoueur_janos-400x533.webp 400w\" sizes=\"auto, (max-width: 720px) 100vw, 720px\" \/><\/a><figcaption class=\"wp-element-caption\"><a href=\"https:\/\/www.tarawa.com\/studio\/janos\/\" data-type=\"page\" data-id=\"11911\">Janos- Guest Tarawa Roanne<\/a><\/figcaption><\/figure>\n<\/figure>\n<\/div>\n\n\n\n<div class=\"wp-block-column is-layout-flow wp-block-column-is-layout-flow\">\n<figure class=\"wp-block-gallery has-nested-images columns-default is-cropped wp-block-gallery-6 is-layout-flex wp-block-gallery-is-layout-flex\">\n<figure class=\"wp-block-image size-full\"><img loading=\"lazy\" decoding=\"async\" width=\"639\" height=\"913\" data-id=\"13239\" src=\"https:\/\/www.tarawa.com\/studio\/wp-content\/uploads\/2025\/06\/tatoueuse-duda-tarawa.jpg\" alt=\"\" class=\"wp-image-13239\" srcset=\"https:\/\/www.tarawa.com\/studio\/wp-content\/uploads\/2025\/06\/tatoueuse-duda-tarawa.jpg 639w, https:\/\/www.tarawa.com\/studio\/wp-content\/uploads\/2025\/06\/tatoueuse-duda-tarawa-210x300.jpg 210w, https:\/\/www.tarawa.com\/studio\/wp-content\/uploads\/2025\/06\/tatoueuse-duda-tarawa-400x572.jpg 400w\" sizes=\"auto, (max-width: 639px) 100vw, 639px\" \/><figcaption class=\"wp-element-caption\"><a href=\"https:\/\/www.tarawa.com\/studio\/duda-cavallini\/\" data-type=\"page\" data-id=\"11579\">Duda Cavallini-Guest Tarawa<\/a><\/figcaption><\/figure>\n<\/figure>\n\n\n\n<figure class=\"wp-block-gallery has-nested-images columns-default is-cropped wp-block-gallery-7 is-layout-flex wp-block-gallery-is-layout-flex\">\n<figure class=\"wp-block-image size-large\"><img loading=\"lazy\" decoding=\"async\" width=\"898\" height=\"1066\" data-id=\"13233\" src=\"https:\/\/www.tarawa.com\/studio\/wp-content\/uploads\/2025\/05\/tarawa_tatoueur_jorge_botrix-1-1.webp\" alt=\"\" class=\"wp-image-13233\" srcset=\"https:\/\/www.tarawa.com\/studio\/wp-content\/uploads\/2025\/05\/tarawa_tatoueur_jorge_botrix-1-1.webp 898w, https:\/\/www.tarawa.com\/studio\/wp-content\/uploads\/2025\/05\/tarawa_tatoueur_jorge_botrix-1-1-253x300.webp 253w, https:\/\/www.tarawa.com\/studio\/wp-content\/uploads\/2025\/05\/tarawa_tatoueur_jorge_botrix-1-1-768x912.webp 768w, https:\/\/www.tarawa.com\/studio\/wp-content\/uploads\/2025\/05\/tarawa_tatoueur_jorge_botrix-1-1-400x475.webp 400w\" sizes=\"auto, (max-width: 898px) 100vw, 898px\" \/><figcaption class=\"wp-element-caption\"><a href=\"https:\/\/www.tarawa.com\/studio\/jorge-santos-botrix\/\">Jorge Santos \u00ab&nbsp;Botrix&nbsp;\u00bb \u2013 Guest Tarawa Cap d\u2019Agde<\/a><\/figcaption><\/figure>\n<\/figure>\n<\/div>\n<\/div>\n\n\n\n<div class=\"wp-block-buttons is-content-justification-center is-layout-flex wp-container-core-buttons-is-layout-16018d1d wp-block-buttons-is-layout-flex\">\n<div class=\"wp-block-button\"><a class=\"wp-block-button__link has-white-color has-vivid-red-background-color has-text-color has-background wp-element-button\" href=\"https:\/\/www.tarawa.com\/studio\/contact\/\" target=\"_blank\" rel=\"noreferrer noopener\">Contactez-nous !<\/a><\/div>\n<\/div>\n","protected":false},"excerpt":{"rendered":"<p>Notre \u00e9quipe de tatoueurs se compose de plusieurs artistes r\u00e9sidents, ainsi que de tatoueurs invit\u00e9s venus de France et des quatre coins du monde entier. Chacun apporte son style unique et ses techniques sp\u00e9cialis\u00e9es, enrichissant notre offre artistique et cr\u00e9ative. Nous sommes ravis de vous accueillir dans l&rsquo;un de nos salons de tatouage au Cap &hellip; <\/p>\n","protected":false},"author":1,"featured_media":0,"parent":0,"menu_order":0,"comment_status":"closed","ping_status":"closed","template":"","meta":{"_monsterinsights_skip_tracking":false,"_monsterinsights_sitenote_active":false,"_monsterinsights_sitenote_note":"","_monsterinsights_sitenote_category":0,"footnotes":""},"class_list":["post-7213","page","type-page","status-publish","hentry"],"_links":{"self":[{"href":"https:\/\/www.tarawa.com\/studio\/wp-json\/wp\/v2\/pages\/7213","targetHints":{"allow":["GET"]}}],"collection":[{"href":"https:\/\/www.tarawa.com\/studio\/wp-json\/wp\/v2\/pages"}],"about":[{"href":"https:\/\/www.tarawa.com\/studio\/wp-json\/wp\/v2\/types\/page"}],"author":[{"embeddable":true,"href":"https:\/\/www.tarawa.com\/studio\/wp-json\/wp\/v2\/users\/1"}],"replies":[{"embeddable":true,"href":"https:\/\/www.tarawa.com\/studio\/wp-json\/wp\/v2\/comments?post=7213"}],"version-history":[{"count":0,"href":"https:\/\/www.tarawa.com\/studio\/wp-json\/wp\/v2\/pages\/7213\/revisions"}],"wp:attachment":[{"href":"https:\/\/www.tarawa.com\/studio\/wp-json\/wp\/v2\/media?parent=7213"}],"curies":[{"name":"wp","href":"https:\/\/api.w.org\/{rel}","templated":true}]}}