{"id":40,"date":"2019-05-27T19:32:39","date_gmt":"2019-05-27T19:32:39","guid":{"rendered":"https:\/\/preview.wolfthemes.live\/decibel\/?page_id=40"},"modified":"2024-08-19T11:47:21","modified_gmt":"2024-08-19T09:47:21","slug":"contact","status":"publish","type":"page","link":"https:\/\/www.tarawa.com\/studio\/contact\/","title":{"rendered":"Contact"},"content":{"rendered":"\n<p class=\"has-text-align-left\">L\u2019\u00e9quipe Tarawa se tient \u00e0 votre enti\u00e8re disposition pour r\u00e9pondre \u00e0 toutes vos questions. <br>Que vous ayez besoin d&rsquo;informations compl\u00e9mentaires, d\u2019un devis personnalis\u00e9 ou de fixer un rendez-vous, nous sommes l\u00e0 pour vous suivre dans vos d\u00e9marches. <br><br>Vous pouvez nous contacter de plusieurs mani\u00e8res : via nos r\u00e9seaux sociaux, par t\u00e9l\u00e9phone, par mail ou via le formulaire ci-dessous. <br><br>Suivez-nous sur Instagram <a href=\"https:\/\/www.instagram.com\/tarawa_officiel\/\" target=\"_blank\" rel=\"noopener\" title=\"@tarawa_officiel\">@tarawa_officiel<\/a> pour rester inform\u00e9 de nos derni\u00e8res nouveaut\u00e9s et interagir avec notre \u00e9quipe de mani\u00e8re dynamique et instantan\u00e9e. Nous nous engageons \u00e0 vous fournir un service rapide et de qualit\u00e9, adapt\u00e9 \u00e0 vos besoins sp\u00e9cifiques.<br><\/p>\n\n\n\n<h2 class=\"wp-block-heading\">TARAWA &#8211; 5 adresses en France : <\/h2>\n\n\n\n<div class=\"wp-block-columns is-layout-flex wp-container-core-columns-is-layout-9d6595d7 wp-block-columns-is-layout-flex\">\n<div class=\"wp-block-column is-layout-flow wp-block-column-is-layout-flow\" style=\"flex-basis:300px\">\n<h4 class=\"wp-block-heading has-text-color\" style=\"color:#ed0205\"><a href=\"http:\/\/tarawa.com\/studio\/cap-d-agde\/\" title=\"\">Tarawa Cap d&rsquo;Agde<\/a><\/h4>\n\n\n\n<p>11 quai Di Dominico<br>34300 <a href=\"http:\/\/tarawa.com\/studio\/cap-d-agde\/\" target=\"_blank\" rel=\"noopener\" title=\"\">Cap d&rsquo;Agde<\/a><br><a href=\"tel:0467323425\" title=\"\">04 67 32 34 25<\/a><br><a href=\"mailto:capdagde@tarawa.com\">capdagde@tarawa.com<\/a><\/p>\n<\/div>\n\n\n\n<div class=\"wp-block-column is-layout-flow wp-block-column-is-layout-flow\" style=\"flex-basis:300px\">\n<h4 class=\"wp-block-heading has-text-color\" style=\"color:#ed0205\"><a href=\"http:\/\/tarawa.com\/studio\/vias-plage\/\" target=\"_blank\" rel=\"noopener\" title=\"\">Tarawa Vias<\/a><\/h4>\n\n\n\n<p>1066 Avenue de la m\u00e9diterran\u00e9e<br>34450 <a href=\"http:\/\/tarawa.com\/studio\/vias-plage\/\" target=\"_blank\" rel=\"noopener\" title=\"\">Vias<\/a><br><a href=\"tel:0467941406\" title=\"04 67 94 14 06\">04 67 94 14 06<\/a><br><a href=\"mailto:vias@tarawa.com\">vias@tarawa.com<\/a><\/p>\n<\/div>\n\n\n\n<div class=\"wp-block-column is-layout-flow wp-block-column-is-layout-flow\" style=\"flex-basis:300px\">\n<h4 class=\"wp-block-heading has-text-color\" style=\"color:#ed0205\"><a href=\"http:\/\/tarawa.com\/studio\/tarawa-marseillan-studio-tattoo-piercing\/\" target=\"_blank\" rel=\"noopener\" title=\"\">Tarawa Marseillan<\/a><\/h4>\n\n\n\n<p>205 Chemin de l\u2019Airette<br>34340 <a href=\"http:\/\/tarawa.com\/studio\/tarawa-marseillan-studio-tattoo-piercing\/\" target=\"_blank\" rel=\"noopener\" title=\"\">Marseillan<\/a><br><a href=\"tel:0955778606\" title=\"09 55 77 86 06\">09 55 77 86 06<\/a><br><a href=\"mailto:marseillan@tarawa.com\">marseillan@tarawa.com<\/a><\/p>\n<\/div>\n<\/div>\n\n\n\n<div class=\"wp-block-columns is-layout-flex wp-container-core-columns-is-layout-9d6595d7 wp-block-columns-is-layout-flex\">\n<div class=\"wp-block-column is-layout-flow wp-block-column-is-layout-flow\" style=\"flex-basis:300px\">\n<h4 class=\"wp-block-heading has-text-color\" style=\"color:#ed0205\"><a href=\"http:\/\/tarawa.com\/studio\/roanne\/\" target=\"_blank\" rel=\"noopener\" title=\"\">Tarawa Roanne<\/a><\/h4>\n\n\n\n<p>14b Rue Charles de Gaulle<br>42300 <a href=\"http:\/\/tarawa.com\/studio\/roanne\/\" target=\"_blank\" rel=\"noopener\" title=\"\">Roanne<\/a><br><a href=\"tel:0952016283\" title=\"09 52 01 62 83\">09 52 01 62 83<\/a><br><a href=\"mailto:roanne@tarawa.com\">roanne@tarawa.com<\/a><\/p>\n<\/div>\n\n\n\n<div class=\"wp-block-column is-layout-flow wp-block-column-is-layout-flow\" style=\"flex-basis:300px\">\n<h4 class=\"wp-block-heading has-text-color\" style=\"color:#ed0205\"><a href=\"http:\/\/tarawa.com\/studio\/studio-tattoo-piercing-valence\/\" target=\"_blank\" rel=\"noopener\" title=\"\">Tarawa Valence<\/a><\/h4>\n\n\n\n<p>25 Avenue Victor Hugo<br>26000 <a href=\"http:\/\/tarawa.com\/studio\/studio-tattoo-piercing-valence\/\" target=\"_blank\" rel=\"noopener\" title=\"\">Valence<\/a><br><a href=\"mailto:valence@tarawa.com\">valence@tarawa.com<\/a><\/p>\n<\/div>\n<\/div>\n\n\n\n<h2 class=\"wp-block-heading\">O\u00f9 trouver un shop Tarawa ?<\/h2>\n\n\n\n<!DOCTYPE html>\n<html lang=\"fr\">\n<head>\n<meta name=\"viewport\" content=\"width=device-width, initial-scale=1.0\">\n<style>\n    body, html {\n        margin: 0;\n        padding: 0;\n        height: 100%;\n    }\n    .responsive-map {\n        position: relative;\n        overflow: hidden;\n        padding-top: 125%; \/* Hauteur importante sur mobile *\/\n    }\n    .responsive-map iframe {\n        position: absolute;\n        top: 0%;\n        left: 0;\n        width: 100%;\n        height: 100%;\n        border: 0;\n    }\n    @media (min-width: 900px) { \/* Cible les \u00e9crans d'ordinateur de taille moyenne et grande *\/\n        .responsive-map {\n            padding-top: 50%; \/* R\u00e9duit la hauteur de la carte pour les grands \u00e9crans *\/\n        }\n    }\n<\/style>\n<\/head>\n<body>\n<div class=\"responsive-map\">\n    <iframe src=\"https:\/\/www.google.com\/maps\/d\/embed?mid=11qHsnxxZ3LELh93IDrT4nIhX45Iwt5w&#038;ehbc=2E312F\"><\/iframe>\n<\/div>\n<\/body>\n<\/html>\n\n\n\n<div style=\"height:29px\" aria-hidden=\"true\" class=\"wp-block-spacer\"><\/div>\n\n\n\n<h2 class=\"wp-block-heading\">Contactez-nous via ce formulaire :<\/h2>\n\n\n\n<div class=\"wp-block-columns is-layout-flex wp-container-core-columns-is-layout-9d6595d7 wp-block-columns-is-layout-flex\">\n<div class=\"wp-block-column is-layout-flow wp-block-column-is-layout-flow\">\n<figure class=\"wp-block-image size-full is-resized\"><img loading=\"lazy\" decoding=\"async\" src=\"https:\/\/www.tarawa.com\/studio\/wp-content\/uploads\/2024\/06\/formulaire_de_contact_tarawa-1.webp\" alt=\"\" class=\"wp-image-11450\" width=\"442\" height=\"663\" srcset=\"https:\/\/www.tarawa.com\/studio\/wp-content\/uploads\/2024\/06\/formulaire_de_contact_tarawa-1.webp 744w, https:\/\/www.tarawa.com\/studio\/wp-content\/uploads\/2024\/06\/formulaire_de_contact_tarawa-1-200x300.webp 200w, https:\/\/www.tarawa.com\/studio\/wp-content\/uploads\/2024\/06\/formulaire_de_contact_tarawa-1-400x601.webp 400w\" sizes=\"auto, (max-width: 442px) 100vw, 442px\" \/><\/figure>\n<\/div>\n\n\n\n<div class=\"wp-block-column is-layout-flow wp-block-column-is-layout-flow\">\n<div class=\"wpcf7 no-js\" id=\"wpcf7-f10434-o1\" lang=\"fr-FR\" dir=\"ltr\" data-wpcf7-id=\"10434\">\n<div class=\"screen-reader-response\"><p role=\"status\" aria-live=\"polite\" aria-atomic=\"true\"><\/p> <ul><\/ul><\/div>\n<form action=\"\/studio\/wp-json\/wp\/v2\/pages\/40#wpcf7-f10434-o1\" method=\"post\" class=\"wpcf7-form init\" aria-label=\"Formulaire de contact\" novalidate=\"novalidate\" data-status=\"init\">\n<fieldset class=\"hidden-fields-container\"><input type=\"hidden\" name=\"_wpcf7\" value=\"10434\" \/><input type=\"hidden\" name=\"_wpcf7_version\" value=\"6.1.5\" \/><input type=\"hidden\" name=\"_wpcf7_locale\" value=\"fr_FR\" \/><input type=\"hidden\" name=\"_wpcf7_unit_tag\" value=\"wpcf7-f10434-o1\" \/><input type=\"hidden\" name=\"_wpcf7_container_post\" value=\"0\" \/><input type=\"hidden\" name=\"_wpcf7_posted_data_hash\" value=\"\" \/><input type=\"hidden\" name=\"_wpcf7_recaptcha_response\" value=\"\" \/>\n<\/fieldset>\n<p><label> Votre nom<br \/>\n<span class=\"wpcf7-form-control-wrap\" data-name=\"your-name\"><input size=\"40\" maxlength=\"400\" class=\"wpcf7-form-control wpcf7-text wpcf7-validates-as-required\" aria-required=\"true\" aria-invalid=\"false\" value=\"\" type=\"text\" name=\"your-name\" \/><\/span> <\/label>\n<\/p>\n<p><label> Votre e-mail<br \/>\n<span class=\"wpcf7-form-control-wrap\" data-name=\"your-email\"><input size=\"40\" maxlength=\"400\" class=\"wpcf7-form-control wpcf7-email wpcf7-validates-as-required wpcf7-text wpcf7-validates-as-email\" aria-required=\"true\" aria-invalid=\"false\" value=\"\" type=\"email\" name=\"your-email\" \/><\/span> <\/label>\n<\/p>\n<p><label> Objet<br \/>\n<span class=\"wpcf7-form-control-wrap\" data-name=\"your-subject\"><input size=\"40\" maxlength=\"400\" class=\"wpcf7-form-control wpcf7-text wpcf7-validates-as-required\" aria-required=\"true\" aria-invalid=\"false\" value=\"\" type=\"text\" name=\"your-subject\" \/><\/span> <\/label>\n<\/p>\n<p><label> Votre message (facultatif)<br \/>\n<span class=\"wpcf7-form-control-wrap\" data-name=\"your-message\"><textarea cols=\"40\" rows=\"10\" maxlength=\"2000\" class=\"wpcf7-form-control wpcf7-textarea\" aria-invalid=\"false\" name=\"your-message\"><\/textarea><\/span> <\/label>\n<\/p>\n<p><input class=\"wpcf7-form-control wpcf7-submit has-spinner\" type=\"submit\" value=\"Envoyer\" \/>\n<\/p><div class=\"wpcf7-response-output\" aria-hidden=\"true\"><\/div>\n<\/form>\n<\/div>\n\n<\/div>\n<\/div>\n","protected":false},"excerpt":{"rendered":"<p>L\u2019\u00e9quipe Tarawa se tient \u00e0 votre enti\u00e8re disposition pour r\u00e9pondre \u00e0 toutes vos questions. Que vous ayez besoin d&rsquo;informations compl\u00e9mentaires, d\u2019un devis personnalis\u00e9 ou de fixer un rendez-vous, nous sommes l\u00e0 pour vous suivre dans vos d\u00e9marches. Vous pouvez nous contacter de plusieurs mani\u00e8res : via nos r\u00e9seaux sociaux, par t\u00e9l\u00e9phone, par mail ou via &hellip; <\/p>\n","protected":false},"author":1,"featured_media":8855,"parent":0,"menu_order":0,"comment_status":"closed","ping_status":"closed","template":"","meta":{"_monsterinsights_skip_tracking":false,"_monsterinsights_sitenote_active":false,"_monsterinsights_sitenote_note":"","_monsterinsights_sitenote_category":0,"footnotes":""},"class_list":["post-40","page","type-page","status-publish","has-post-thumbnail","hentry"],"_links":{"self":[{"href":"https:\/\/www.tarawa.com\/studio\/wp-json\/wp\/v2\/pages\/40","targetHints":{"allow":["GET"]}}],"collection":[{"href":"https:\/\/www.tarawa.com\/studio\/wp-json\/wp\/v2\/pages"}],"about":[{"href":"https:\/\/www.tarawa.com\/studio\/wp-json\/wp\/v2\/types\/page"}],"author":[{"embeddable":true,"href":"https:\/\/www.tarawa.com\/studio\/wp-json\/wp\/v2\/users\/1"}],"replies":[{"embeddable":true,"href":"https:\/\/www.tarawa.com\/studio\/wp-json\/wp\/v2\/comments?post=40"}],"version-history":[{"count":0,"href":"https:\/\/www.tarawa.com\/studio\/wp-json\/wp\/v2\/pages\/40\/revisions"}],"wp:featuredmedia":[{"embeddable":true,"href":"https:\/\/www.tarawa.com\/studio\/wp-json\/wp\/v2\/media\/8855"}],"wp:attachment":[{"href":"https:\/\/www.tarawa.com\/studio\/wp-json\/wp\/v2\/media?parent=40"}],"curies":[{"name":"wp","href":"https:\/\/api.w.org\/{rel}","templated":true}]}}