{"id":13251,"date":"2025-06-18T11:17:57","date_gmt":"2025-06-18T09:17:57","guid":{"rendered":"https:\/\/www.tarawa.com\/studio\/?page_id=13251"},"modified":"2025-12-12T15:31:39","modified_gmt":"2025-12-12T14:31:39","slug":"goncalo","status":"publish","type":"page","link":"https:\/\/www.tarawa.com\/studio\/goncalo\/","title":{"rendered":"Gon\u00e7alo"},"content":{"rendered":"\n<div class=\"wp-block-columns is-layout-flex wp-container-core-columns-is-layout-9d6595d7 wp-block-columns-is-layout-flex\">\n<div class=\"wp-block-column is-layout-flow wp-block-column-is-layout-flow\">\n<h2 class=\"wp-block-heading\">Gon\u00e7alo &#8211; Tatoueur guest Tarawa Marseillan  et Cap d&rsquo;Agde<\/h2>\n\n\n\n<p><strong>Gon\u00e7alo, <\/strong><a href=\"https:\/\/www.tarawa.com\/studio\/tatoueur\/\" data-type=\"page\" data-id=\"7213\"><strong>artiste tatoueur<\/strong>,<\/a> ma\u00eetrise l\u2019art du <strong>noir et gris<\/strong> avec une pr\u00e9cision remarquable. Sp\u00e9cialiste des ombrages profonds et des contrastes ma\u00eetris\u00e9s, il donne vie \u00e0 des compositions puissantes, empreintes d\u2019\u00e9motion et de finesse.<\/p>\n\n\n\n<p>Reconnu \u00e9galement pour son <strong>lettrage<\/strong>, Gon\u00e7alo sublime chaque mot, chaque phrase, en les transformant en pi\u00e8ces uniques, \u00e9l\u00e9gantes ou percutantes, selon votre projet.<br>Tatoueur passionn\u00e9 et minutieux, il vous accompagne dans la cr\u00e9ation d\u2019un tatouage sur-mesure, \u00e0 la hauteur de votre histoire et de vos envies.<\/p>\n\n\n\n<p>Retrouvez Gon\u00e7alo de d\u00e9but juin au 13 Juillet 2025 sur le shop <a title=\"\" href=\"https:\/\/www.tarawa.com\/studio\/cap-d-agde\/\" target=\"_blank\" rel=\"noopener\">Tarawa Cap d&rsquo;Agde<\/a> et du 14 juillet au 16 aout 2025 sur le shop <a href=\"https:\/\/www.tarawa.com\/studio\/marseillan\/\" data-type=\"page\" data-id=\"10897\">Tarawa Marseillan<\/a>. <br><\/p>\n\n\n\n<p><strong>Contactez-nous :<\/strong><\/p>\n\n\n\n<p>Shop <a href=\"https:\/\/www.tarawa.com\/studio\/cap-d-agde\/\" target=\"_blank\" rel=\"noreferrer noopener\">Tarawa Cap d\u2019Agde<\/a>&nbsp;: 11 Quai Di Dominico, 34300 Cap d&rsquo;Agde<br>Par t\u00e9l\u00e9phone :&nbsp;<a href=\"tel:0467323425\">04 67 32 34 25<\/a><br>Par message :&nbsp;<a href=\"https:\/\/www.instagram.com\/tarawa_officiel\/\" target=\"_blank\" rel=\"noreferrer noopener\">@tarawa_officiel<\/a><br>Par mail :&nbsp;<a href=\"mailto:capdagde@tarawa.com\">capdagde@tarawa.com<\/a><br><\/p>\n\n\n\n<p>Shop&nbsp;<a href=\"https:\/\/www.tarawa.com\/studio\/tarawa-marseillan-studio-tattoo-piercing\/\" target=\"_blank\" rel=\"noreferrer noopener\">Tarawa Marseillan<\/a>&nbsp;: 200 Chem. de l\u2019Airette<br>Par t\u00e9l\u00e9phone :&nbsp;<a href=\"tel:0955778606\">09 55 77 86 06<\/a><br>Par message :&nbsp;<a href=\"https:\/\/www.instagram.com\/tarawa_officiel\/\" target=\"_blank\" rel=\"noreferrer noopener\">@tarawa_officiel<\/a><br>Par mail :&nbsp;<a href=\"mailto:marseillan@tarawa.com\">marseillan@tarawa.com<\/a><br><\/p>\n\n\n\n<div class=\"wp-block-buttons is-content-justification-center is-layout-flex wp-container-core-buttons-is-layout-16018d1d wp-block-buttons-is-layout-flex\">\n<div class=\"wp-block-button\"><a class=\"wp-block-button__link has-white-color has-vivid-red-background-color has-text-color has-background wp-element-button\" href=\"https:\/\/www.tarawa.com\/studio\/devis-tattoo\/\" target=\"_blank\" rel=\"noreferrer noopener\">Demandez un devis<\/a><\/div>\n<\/div>\n<\/div>\n\n\n\n<div class=\"wp-block-column is-layout-flow wp-block-column-is-layout-flow\">\n<figure class=\"wp-block-image size-large\"><img loading=\"lazy\" decoding=\"async\" width=\"1024\" height=\"1536\" src=\"https:\/\/www.tarawa.com\/studio\/wp-content\/uploads\/2025\/06\/tatoueur-gust-tarawa-goncalo-1-1024x1536.jpg\" alt=\"\" class=\"wp-image-13252\" srcset=\"https:\/\/www.tarawa.com\/studio\/wp-content\/uploads\/2025\/06\/tatoueur-gust-tarawa-goncalo-1-1024x1536.jpg 1024w, https:\/\/www.tarawa.com\/studio\/wp-content\/uploads\/2025\/06\/tatoueur-gust-tarawa-goncalo-1-200x300.jpg 200w, https:\/\/www.tarawa.com\/studio\/wp-content\/uploads\/2025\/06\/tatoueur-gust-tarawa-goncalo-1-768x1152.jpg 768w, https:\/\/www.tarawa.com\/studio\/wp-content\/uploads\/2025\/06\/tatoueur-gust-tarawa-goncalo-1-900x1350.jpg 900w, https:\/\/www.tarawa.com\/studio\/wp-content\/uploads\/2025\/06\/tatoueur-gust-tarawa-goncalo-1-400x600.jpg 400w, https:\/\/www.tarawa.com\/studio\/wp-content\/uploads\/2025\/06\/tatoueur-gust-tarawa-goncalo-1.jpg 1066w\" sizes=\"auto, (max-width: 1024px) 100vw, 1024px\" \/><\/figure>\n<\/div>\n<\/div>\n\n\n\n<figure class=\"wp-block-gallery has-nested-images columns-default is-cropped wp-block-gallery-1 is-layout-flex wp-block-gallery-is-layout-flex\">\n<figure class=\"wp-block-image size-full\"><img loading=\"lazy\" decoding=\"async\" width=\"1000\" height=\"1000\" data-id=\"13694\" src=\"https:\/\/www.tarawa.com\/studio\/wp-content\/uploads\/2025\/12\/tatouage-bras-goncalo-tarawa-1.jpg\" alt=\"\" class=\"wp-image-13694\" srcset=\"https:\/\/www.tarawa.com\/studio\/wp-content\/uploads\/2025\/12\/tatouage-bras-goncalo-tarawa-1.jpg 1000w, https:\/\/www.tarawa.com\/studio\/wp-content\/uploads\/2025\/12\/tatouage-bras-goncalo-tarawa-1-300x300.jpg 300w, https:\/\/www.tarawa.com\/studio\/wp-content\/uploads\/2025\/12\/tatouage-bras-goncalo-tarawa-1-150x150.jpg 150w, https:\/\/www.tarawa.com\/studio\/wp-content\/uploads\/2025\/12\/tatouage-bras-goncalo-tarawa-1-768x768.jpg 768w, https:\/\/www.tarawa.com\/studio\/wp-content\/uploads\/2025\/12\/tatouage-bras-goncalo-tarawa-1-900x900.jpg 900w, https:\/\/www.tarawa.com\/studio\/wp-content\/uploads\/2025\/12\/tatouage-bras-goncalo-tarawa-1-400x400.jpg 400w\" sizes=\"auto, (max-width: 1000px) 100vw, 1000px\" \/><\/figure>\n\n\n\n<figure class=\"wp-block-image size-full\"><img loading=\"lazy\" decoding=\"async\" width=\"1000\" height=\"1000\" data-id=\"13695\" src=\"https:\/\/www.tarawa.com\/studio\/wp-content\/uploads\/2025\/12\/tatouage-clown-goncalo-tarawa.jpg\" alt=\"\" class=\"wp-image-13695\" srcset=\"https:\/\/www.tarawa.com\/studio\/wp-content\/uploads\/2025\/12\/tatouage-clown-goncalo-tarawa.jpg 1000w, https:\/\/www.tarawa.com\/studio\/wp-content\/uploads\/2025\/12\/tatouage-clown-goncalo-tarawa-300x300.jpg 300w, https:\/\/www.tarawa.com\/studio\/wp-content\/uploads\/2025\/12\/tatouage-clown-goncalo-tarawa-150x150.jpg 150w, https:\/\/www.tarawa.com\/studio\/wp-content\/uploads\/2025\/12\/tatouage-clown-goncalo-tarawa-768x768.jpg 768w, https:\/\/www.tarawa.com\/studio\/wp-content\/uploads\/2025\/12\/tatouage-clown-goncalo-tarawa-900x900.jpg 900w, https:\/\/www.tarawa.com\/studio\/wp-content\/uploads\/2025\/12\/tatouage-clown-goncalo-tarawa-400x400.jpg 400w\" sizes=\"auto, (max-width: 1000px) 100vw, 1000px\" \/><\/figure>\n\n\n\n<figure class=\"wp-block-image size-full\"><img loading=\"lazy\" decoding=\"async\" width=\"1000\" height=\"1000\" data-id=\"13696\" src=\"https:\/\/www.tarawa.com\/studio\/wp-content\/uploads\/2025\/12\/tatouage-clowns-goncalo-tarawa.jpg\" alt=\"\" class=\"wp-image-13696\" srcset=\"https:\/\/www.tarawa.com\/studio\/wp-content\/uploads\/2025\/12\/tatouage-clowns-goncalo-tarawa.jpg 1000w, https:\/\/www.tarawa.com\/studio\/wp-content\/uploads\/2025\/12\/tatouage-clowns-goncalo-tarawa-300x300.jpg 300w, https:\/\/www.tarawa.com\/studio\/wp-content\/uploads\/2025\/12\/tatouage-clowns-goncalo-tarawa-150x150.jpg 150w, https:\/\/www.tarawa.com\/studio\/wp-content\/uploads\/2025\/12\/tatouage-clowns-goncalo-tarawa-768x768.jpg 768w, https:\/\/www.tarawa.com\/studio\/wp-content\/uploads\/2025\/12\/tatouage-clowns-goncalo-tarawa-900x900.jpg 900w, https:\/\/www.tarawa.com\/studio\/wp-content\/uploads\/2025\/12\/tatouage-clowns-goncalo-tarawa-400x400.jpg 400w\" sizes=\"auto, (max-width: 1000px) 100vw, 1000px\" \/><\/figure>\n\n\n\n<figure class=\"wp-block-image size-full\"><img loading=\"lazy\" decoding=\"async\" width=\"1000\" height=\"1000\" data-id=\"13697\" src=\"https:\/\/www.tarawa.com\/studio\/wp-content\/uploads\/2025\/12\/tatouage-dos-goncalo-tarawa.jpg\" alt=\"\" class=\"wp-image-13697\" srcset=\"https:\/\/www.tarawa.com\/studio\/wp-content\/uploads\/2025\/12\/tatouage-dos-goncalo-tarawa.jpg 1000w, https:\/\/www.tarawa.com\/studio\/wp-content\/uploads\/2025\/12\/tatouage-dos-goncalo-tarawa-300x300.jpg 300w, https:\/\/www.tarawa.com\/studio\/wp-content\/uploads\/2025\/12\/tatouage-dos-goncalo-tarawa-150x150.jpg 150w, https:\/\/www.tarawa.com\/studio\/wp-content\/uploads\/2025\/12\/tatouage-dos-goncalo-tarawa-768x768.jpg 768w, https:\/\/www.tarawa.com\/studio\/wp-content\/uploads\/2025\/12\/tatouage-dos-goncalo-tarawa-900x900.jpg 900w, https:\/\/www.tarawa.com\/studio\/wp-content\/uploads\/2025\/12\/tatouage-dos-goncalo-tarawa-400x400.jpg 400w\" sizes=\"auto, (max-width: 1000px) 100vw, 1000px\" \/><\/figure>\n\n\n\n<figure class=\"wp-block-image size-full\"><img loading=\"lazy\" decoding=\"async\" width=\"1000\" height=\"1000\" data-id=\"13698\" src=\"https:\/\/www.tarawa.com\/studio\/wp-content\/uploads\/2025\/12\/tatouage-femme-goncalo-tarawa.jpg\" alt=\"\" class=\"wp-image-13698\" srcset=\"https:\/\/www.tarawa.com\/studio\/wp-content\/uploads\/2025\/12\/tatouage-femme-goncalo-tarawa.jpg 1000w, https:\/\/www.tarawa.com\/studio\/wp-content\/uploads\/2025\/12\/tatouage-femme-goncalo-tarawa-300x300.jpg 300w, https:\/\/www.tarawa.com\/studio\/wp-content\/uploads\/2025\/12\/tatouage-femme-goncalo-tarawa-150x150.jpg 150w, https:\/\/www.tarawa.com\/studio\/wp-content\/uploads\/2025\/12\/tatouage-femme-goncalo-tarawa-768x768.jpg 768w, https:\/\/www.tarawa.com\/studio\/wp-content\/uploads\/2025\/12\/tatouage-femme-goncalo-tarawa-900x900.jpg 900w, https:\/\/www.tarawa.com\/studio\/wp-content\/uploads\/2025\/12\/tatouage-femme-goncalo-tarawa-400x400.jpg 400w\" sizes=\"auto, (max-width: 1000px) 100vw, 1000px\" \/><\/figure>\n\n\n\n<figure class=\"wp-block-image size-full\"><img loading=\"lazy\" decoding=\"async\" width=\"1000\" height=\"1000\" data-id=\"13699\" src=\"https:\/\/www.tarawa.com\/studio\/wp-content\/uploads\/2025\/12\/tatouage-goncalo-tarawa-coeur.jpg\" alt=\"\" class=\"wp-image-13699\" srcset=\"https:\/\/www.tarawa.com\/studio\/wp-content\/uploads\/2025\/12\/tatouage-goncalo-tarawa-coeur.jpg 1000w, https:\/\/www.tarawa.com\/studio\/wp-content\/uploads\/2025\/12\/tatouage-goncalo-tarawa-coeur-300x300.jpg 300w, https:\/\/www.tarawa.com\/studio\/wp-content\/uploads\/2025\/12\/tatouage-goncalo-tarawa-coeur-150x150.jpg 150w, https:\/\/www.tarawa.com\/studio\/wp-content\/uploads\/2025\/12\/tatouage-goncalo-tarawa-coeur-768x768.jpg 768w, https:\/\/www.tarawa.com\/studio\/wp-content\/uploads\/2025\/12\/tatouage-goncalo-tarawa-coeur-900x900.jpg 900w, https:\/\/www.tarawa.com\/studio\/wp-content\/uploads\/2025\/12\/tatouage-goncalo-tarawa-coeur-400x400.jpg 400w\" sizes=\"auto, (max-width: 1000px) 100vw, 1000px\" \/><\/figure>\n\n\n\n<figure class=\"wp-block-image size-full\"><img loading=\"lazy\" decoding=\"async\" width=\"1000\" height=\"1000\" data-id=\"13700\" src=\"https:\/\/www.tarawa.com\/studio\/wp-content\/uploads\/2025\/12\/tatouage-jesus-goncalo-tarawa.jpg\" alt=\"\" class=\"wp-image-13700\" srcset=\"https:\/\/www.tarawa.com\/studio\/wp-content\/uploads\/2025\/12\/tatouage-jesus-goncalo-tarawa.jpg 1000w, https:\/\/www.tarawa.com\/studio\/wp-content\/uploads\/2025\/12\/tatouage-jesus-goncalo-tarawa-300x300.jpg 300w, https:\/\/www.tarawa.com\/studio\/wp-content\/uploads\/2025\/12\/tatouage-jesus-goncalo-tarawa-150x150.jpg 150w, https:\/\/www.tarawa.com\/studio\/wp-content\/uploads\/2025\/12\/tatouage-jesus-goncalo-tarawa-768x768.jpg 768w, https:\/\/www.tarawa.com\/studio\/wp-content\/uploads\/2025\/12\/tatouage-jesus-goncalo-tarawa-900x900.jpg 900w, https:\/\/www.tarawa.com\/studio\/wp-content\/uploads\/2025\/12\/tatouage-jesus-goncalo-tarawa-400x400.jpg 400w\" sizes=\"auto, (max-width: 1000px) 100vw, 1000px\" \/><\/figure>\n\n\n\n<figure class=\"wp-block-image size-full\"><img loading=\"lazy\" decoding=\"async\" width=\"1000\" height=\"1000\" data-id=\"13701\" src=\"https:\/\/www.tarawa.com\/studio\/wp-content\/uploads\/2025\/12\/tatouage-prenom-goncalo-tarawa.jpg\" alt=\"\" class=\"wp-image-13701\" srcset=\"https:\/\/www.tarawa.com\/studio\/wp-content\/uploads\/2025\/12\/tatouage-prenom-goncalo-tarawa.jpg 1000w, https:\/\/www.tarawa.com\/studio\/wp-content\/uploads\/2025\/12\/tatouage-prenom-goncalo-tarawa-300x300.jpg 300w, https:\/\/www.tarawa.com\/studio\/wp-content\/uploads\/2025\/12\/tatouage-prenom-goncalo-tarawa-150x150.jpg 150w, https:\/\/www.tarawa.com\/studio\/wp-content\/uploads\/2025\/12\/tatouage-prenom-goncalo-tarawa-768x768.jpg 768w, https:\/\/www.tarawa.com\/studio\/wp-content\/uploads\/2025\/12\/tatouage-prenom-goncalo-tarawa-900x900.jpg 900w, https:\/\/www.tarawa.com\/studio\/wp-content\/uploads\/2025\/12\/tatouage-prenom-goncalo-tarawa-400x400.jpg 400w\" sizes=\"auto, (max-width: 1000px) 100vw, 1000px\" \/><\/figure>\n\n\n\n<figure class=\"wp-block-image size-full\"><img loading=\"lazy\" decoding=\"async\" width=\"1000\" height=\"1000\" data-id=\"13262\" src=\"https:\/\/www.tarawa.com\/studio\/wp-content\/uploads\/2025\/06\/tatouage-mots-goncalo-tarawa.png\" alt=\"\" class=\"wp-image-13262\" srcset=\"https:\/\/www.tarawa.com\/studio\/wp-content\/uploads\/2025\/06\/tatouage-mots-goncalo-tarawa.png 1000w, https:\/\/www.tarawa.com\/studio\/wp-content\/uploads\/2025\/06\/tatouage-mots-goncalo-tarawa-300x300.png 300w, https:\/\/www.tarawa.com\/studio\/wp-content\/uploads\/2025\/06\/tatouage-mots-goncalo-tarawa-150x150.png 150w, https:\/\/www.tarawa.com\/studio\/wp-content\/uploads\/2025\/06\/tatouage-mots-goncalo-tarawa-768x768.png 768w, https:\/\/www.tarawa.com\/studio\/wp-content\/uploads\/2025\/06\/tatouage-mots-goncalo-tarawa-900x900.png 900w, https:\/\/www.tarawa.com\/studio\/wp-content\/uploads\/2025\/06\/tatouage-mots-goncalo-tarawa-400x400.png 400w\" sizes=\"auto, (max-width: 1000px) 100vw, 1000px\" \/><\/figure>\n<\/figure>\n\n\n\n<div class=\"wp-block-buttons is-content-justification-center is-layout-flex wp-container-core-buttons-is-layout-16018d1d wp-block-buttons-is-layout-flex\">\n<div class=\"wp-block-button\"><a class=\"wp-block-button__link has-vivid-red-background-color has-background wp-element-button\" href=\"https:\/\/www.tarawa.com\/studio\/goncalo\/album-de-goncalo\/\">Voir l&rsquo;album complet de gon\u00e7alo<\/a><\/div>\n<\/div>\n\n\n\n<p><\/p>\n","protected":false},"excerpt":{"rendered":"<p>Gon\u00e7alo &#8211; Tatoueur guest Tarawa Marseillan et Cap d&rsquo;Agde Gon\u00e7alo, artiste tatoueur, ma\u00eetrise l\u2019art du noir et gris avec une pr\u00e9cision remarquable. Sp\u00e9cialiste des ombrages profonds et des contrastes ma\u00eetris\u00e9s, il donne vie \u00e0 des compositions puissantes, empreintes d\u2019\u00e9motion et de finesse. Reconnu \u00e9galement pour son lettrage, Gon\u00e7alo sublime chaque mot, chaque phrase, en les &hellip; <\/p>\n","protected":false},"author":1,"featured_media":0,"parent":0,"menu_order":0,"comment_status":"closed","ping_status":"closed","template":"","meta":{"_monsterinsights_skip_tracking":false,"_monsterinsights_sitenote_active":false,"_monsterinsights_sitenote_note":"","_monsterinsights_sitenote_category":0,"footnotes":""},"class_list":["post-13251","page","type-page","status-publish","hentry"],"_links":{"self":[{"href":"https:\/\/www.tarawa.com\/studio\/wp-json\/wp\/v2\/pages\/13251","targetHints":{"allow":["GET"]}}],"collection":[{"href":"https:\/\/www.tarawa.com\/studio\/wp-json\/wp\/v2\/pages"}],"about":[{"href":"https:\/\/www.tarawa.com\/studio\/wp-json\/wp\/v2\/types\/page"}],"author":[{"embeddable":true,"href":"https:\/\/www.tarawa.com\/studio\/wp-json\/wp\/v2\/users\/1"}],"replies":[{"embeddable":true,"href":"https:\/\/www.tarawa.com\/studio\/wp-json\/wp\/v2\/comments?post=13251"}],"version-history":[{"count":0,"href":"https:\/\/www.tarawa.com\/studio\/wp-json\/wp\/v2\/pages\/13251\/revisions"}],"wp:attachment":[{"href":"https:\/\/www.tarawa.com\/studio\/wp-json\/wp\/v2\/media?parent=13251"}],"curies":[{"name":"wp","href":"https:\/\/api.w.org\/{rel}","templated":true}]}}