{"id":13041,"date":"2025-03-27T12:36:19","date_gmt":"2025-03-27T11:36:19","guid":{"rendered":"https:\/\/www.tarawa.com\/studio\/?page_id=13041"},"modified":"2025-12-12T12:41:28","modified_gmt":"2025-12-12T11:41:28","slug":"yohan-dencre-et-daiguilles","status":"publish","type":"page","link":"https:\/\/www.tarawa.com\/studio\/yohan-dencre-et-daiguilles\/","title":{"rendered":"Yohan -d&rsquo;encre et d&rsquo;aiguilles"},"content":{"rendered":"\n<div class=\"wp-block-columns is-layout-flex wp-container-core-columns-is-layout-9d6595d7 wp-block-columns-is-layout-flex\">\n<div class=\"wp-block-column is-layout-flow wp-block-column-is-layout-flow\">\n<h2 class=\"wp-block-heading\">Yohan &#8211; Tatoueur Guest Tarawa  Cap d&rsquo;Agde<\/h2>\n\n\n\n<p>Yohan, <a href=\"https:\/\/www.tarawa.com\/studio\/tatoueur\/\" data-type=\"page\" data-id=\"7213\">artiste tatoueur<\/a>, excelle dans l\u2019art du fine line, du dotwork et du r\u00e9alisme. Son approche minutieuse et pr\u00e9cise permet de cr\u00e9er des tatouages aux lignes d\u00e9licates, aux jeux d\u2019ombres subtils et aux d\u00e9tails impressionnants. Chaque cr\u00e9ation refl\u00e8te son souci du d\u00e9tail et sa ma\u00eetrise des techniques les plus fines.<\/p>\n\n\n\n<p>Sp\u00e9cialiste de ces styles exigeants, Yohan propose des pi\u00e8ces uniques qui traduisent vos id\u00e9es en v\u00e9ritables \u0153uvres d\u2019art sur la peau, alliant technicit\u00e9, esth\u00e9tisme et expression personnelle.<\/p>\n\n\n\n<p>Retrouvez Yohan de d\u00e9but avril \u00e0 fin septembre sur le shop <a title=\"\" href=\"https:\/\/www.tarawa.com\/studio\/cap-d-agde\/\" target=\"_blank\" rel=\"noopener\">Tarawa Cap d&rsquo;Agde<\/a>.<br><\/p>\n\n\n\n<p><strong>Contactez-nous :<\/strong><\/p>\n\n\n\n<p>Shop <a href=\"https:\/\/www.tarawa.com\/studio\/cap-d-agde\/\" target=\"_blank\" rel=\"noreferrer noopener\">Tarawa Cap d\u2019Agde<\/a>&nbsp;: 11 Quai Di Dominico, 34300 Cap d&rsquo;Agde<br>Par t\u00e9l\u00e9phone :&nbsp;<a href=\"tel:0467323425\">04 67 32 34 25<\/a><br>Par message :&nbsp;<a href=\"https:\/\/www.instagram.com\/tarawa_officiel\/\" target=\"_blank\" rel=\"noreferrer noopener\">@tarawa_officiel<\/a><br>Par mail :&nbsp;<a href=\"mailto:capdagde@tarawa.com\">capdagde@tarawa.com<\/a><br><\/p>\n\n\n\n<div class=\"wp-block-buttons is-content-justification-center is-layout-flex wp-container-core-buttons-is-layout-16018d1d wp-block-buttons-is-layout-flex\">\n<div class=\"wp-block-button\"><a class=\"wp-block-button__link has-white-color has-vivid-red-background-color has-text-color has-background wp-element-button\" href=\"https:\/\/www.tarawa.com\/studio\/devis-tattoo\/\" target=\"_blank\" rel=\"noreferrer noopener\">Demandez un devis<\/a><\/div>\n<\/div>\n<\/div>\n\n\n\n<div class=\"wp-block-column is-layout-flow wp-block-column-is-layout-flow\">\n<figure class=\"wp-block-image size-large\"><img loading=\"lazy\" decoding=\"async\" width=\"1024\" height=\"1365\" src=\"https:\/\/www.tarawa.com\/studio\/wp-content\/uploads\/2025\/03\/tatoueur-tarawa-yohan-1024x1365.jpg\" alt=\"\" class=\"wp-image-13042\" srcset=\"https:\/\/www.tarawa.com\/studio\/wp-content\/uploads\/2025\/03\/tatoueur-tarawa-yohan-1024x1365.jpg 1024w, https:\/\/www.tarawa.com\/studio\/wp-content\/uploads\/2025\/03\/tatoueur-tarawa-yohan-225x300.jpg 225w, https:\/\/www.tarawa.com\/studio\/wp-content\/uploads\/2025\/03\/tatoueur-tarawa-yohan-768x1024.jpg 768w, https:\/\/www.tarawa.com\/studio\/wp-content\/uploads\/2025\/03\/tatoueur-tarawa-yohan-1152x1536.jpg 1152w, https:\/\/www.tarawa.com\/studio\/wp-content\/uploads\/2025\/03\/tatoueur-tarawa-yohan-900x1200.jpg 900w, https:\/\/www.tarawa.com\/studio\/wp-content\/uploads\/2025\/03\/tatoueur-tarawa-yohan-400x533.jpg 400w, https:\/\/www.tarawa.com\/studio\/wp-content\/uploads\/2025\/03\/tatoueur-tarawa-yohan.jpg 1170w\" sizes=\"auto, (max-width: 1024px) 100vw, 1024px\" \/><\/figure>\n<\/div>\n<\/div>\n\n\n\n<figure class=\"wp-block-gallery has-nested-images columns-default is-cropped wp-block-gallery-1 is-layout-flex wp-block-gallery-is-layout-flex\">\n<figure class=\"wp-block-image size-full\"><img loading=\"lazy\" decoding=\"async\" width=\"1000\" height=\"1000\" data-id=\"13650\" src=\"https:\/\/www.tarawa.com\/studio\/wp-content\/uploads\/2025\/12\/tatouage-yohan-cap-d-agde-amore.jpg\" alt=\"\" class=\"wp-image-13650\" srcset=\"https:\/\/www.tarawa.com\/studio\/wp-content\/uploads\/2025\/12\/tatouage-yohan-cap-d-agde-amore.jpg 1000w, https:\/\/www.tarawa.com\/studio\/wp-content\/uploads\/2025\/12\/tatouage-yohan-cap-d-agde-amore-300x300.jpg 300w, https:\/\/www.tarawa.com\/studio\/wp-content\/uploads\/2025\/12\/tatouage-yohan-cap-d-agde-amore-150x150.jpg 150w, https:\/\/www.tarawa.com\/studio\/wp-content\/uploads\/2025\/12\/tatouage-yohan-cap-d-agde-amore-768x768.jpg 768w, https:\/\/www.tarawa.com\/studio\/wp-content\/uploads\/2025\/12\/tatouage-yohan-cap-d-agde-amore-900x900.jpg 900w, https:\/\/www.tarawa.com\/studio\/wp-content\/uploads\/2025\/12\/tatouage-yohan-cap-d-agde-amore-400x400.jpg 400w\" sizes=\"auto, (max-width: 1000px) 100vw, 1000px\" \/><\/figure>\n\n\n\n<figure class=\"wp-block-image size-full\"><img loading=\"lazy\" decoding=\"async\" width=\"1000\" height=\"1000\" data-id=\"13651\" src=\"https:\/\/www.tarawa.com\/studio\/wp-content\/uploads\/2025\/12\/tatouage-yohan-cap-d-agde-ang.jpg\" alt=\"\" class=\"wp-image-13651\" srcset=\"https:\/\/www.tarawa.com\/studio\/wp-content\/uploads\/2025\/12\/tatouage-yohan-cap-d-agde-ang.jpg 1000w, https:\/\/www.tarawa.com\/studio\/wp-content\/uploads\/2025\/12\/tatouage-yohan-cap-d-agde-ang-300x300.jpg 300w, https:\/\/www.tarawa.com\/studio\/wp-content\/uploads\/2025\/12\/tatouage-yohan-cap-d-agde-ang-150x150.jpg 150w, https:\/\/www.tarawa.com\/studio\/wp-content\/uploads\/2025\/12\/tatouage-yohan-cap-d-agde-ang-768x768.jpg 768w, https:\/\/www.tarawa.com\/studio\/wp-content\/uploads\/2025\/12\/tatouage-yohan-cap-d-agde-ang-900x900.jpg 900w, https:\/\/www.tarawa.com\/studio\/wp-content\/uploads\/2025\/12\/tatouage-yohan-cap-d-agde-ang-400x400.jpg 400w\" sizes=\"auto, (max-width: 1000px) 100vw, 1000px\" \/><\/figure>\n\n\n\n<figure class=\"wp-block-image size-full\"><img loading=\"lazy\" decoding=\"async\" width=\"1000\" height=\"1000\" data-id=\"13652\" src=\"https:\/\/www.tarawa.com\/studio\/wp-content\/uploads\/2025\/12\/tatouage-yohan-cap-d-agde-araignee.jpg\" alt=\"\" class=\"wp-image-13652\" srcset=\"https:\/\/www.tarawa.com\/studio\/wp-content\/uploads\/2025\/12\/tatouage-yohan-cap-d-agde-araignee.jpg 1000w, https:\/\/www.tarawa.com\/studio\/wp-content\/uploads\/2025\/12\/tatouage-yohan-cap-d-agde-araignee-300x300.jpg 300w, https:\/\/www.tarawa.com\/studio\/wp-content\/uploads\/2025\/12\/tatouage-yohan-cap-d-agde-araignee-150x150.jpg 150w, https:\/\/www.tarawa.com\/studio\/wp-content\/uploads\/2025\/12\/tatouage-yohan-cap-d-agde-araignee-768x768.jpg 768w, https:\/\/www.tarawa.com\/studio\/wp-content\/uploads\/2025\/12\/tatouage-yohan-cap-d-agde-araignee-900x900.jpg 900w, https:\/\/www.tarawa.com\/studio\/wp-content\/uploads\/2025\/12\/tatouage-yohan-cap-d-agde-araignee-400x400.jpg 400w\" sizes=\"auto, (max-width: 1000px) 100vw, 1000px\" \/><\/figure>\n\n\n\n<figure class=\"wp-block-image size-full\"><img loading=\"lazy\" decoding=\"async\" width=\"1000\" height=\"1000\" data-id=\"13653\" src=\"https:\/\/www.tarawa.com\/studio\/wp-content\/uploads\/2025\/12\/tatouage-yohan-cap-d-agde-ange.jpg\" alt=\"\" class=\"wp-image-13653\" srcset=\"https:\/\/www.tarawa.com\/studio\/wp-content\/uploads\/2025\/12\/tatouage-yohan-cap-d-agde-ange.jpg 1000w, https:\/\/www.tarawa.com\/studio\/wp-content\/uploads\/2025\/12\/tatouage-yohan-cap-d-agde-ange-300x300.jpg 300w, https:\/\/www.tarawa.com\/studio\/wp-content\/uploads\/2025\/12\/tatouage-yohan-cap-d-agde-ange-150x150.jpg 150w, https:\/\/www.tarawa.com\/studio\/wp-content\/uploads\/2025\/12\/tatouage-yohan-cap-d-agde-ange-768x768.jpg 768w, https:\/\/www.tarawa.com\/studio\/wp-content\/uploads\/2025\/12\/tatouage-yohan-cap-d-agde-ange-900x900.jpg 900w, https:\/\/www.tarawa.com\/studio\/wp-content\/uploads\/2025\/12\/tatouage-yohan-cap-d-agde-ange-400x400.jpg 400w\" sizes=\"auto, (max-width: 1000px) 100vw, 1000px\" \/><\/figure>\n\n\n\n<figure class=\"wp-block-image size-full\"><img loading=\"lazy\" decoding=\"async\" width=\"1000\" height=\"1000\" data-id=\"13655\" src=\"https:\/\/www.tarawa.com\/studio\/wp-content\/uploads\/2025\/12\/tatouage-yohan-cap-d-agde-avant-bras.jpg\" alt=\"\" class=\"wp-image-13655\" srcset=\"https:\/\/www.tarawa.com\/studio\/wp-content\/uploads\/2025\/12\/tatouage-yohan-cap-d-agde-avant-bras.jpg 1000w, https:\/\/www.tarawa.com\/studio\/wp-content\/uploads\/2025\/12\/tatouage-yohan-cap-d-agde-avant-bras-300x300.jpg 300w, https:\/\/www.tarawa.com\/studio\/wp-content\/uploads\/2025\/12\/tatouage-yohan-cap-d-agde-avant-bras-150x150.jpg 150w, https:\/\/www.tarawa.com\/studio\/wp-content\/uploads\/2025\/12\/tatouage-yohan-cap-d-agde-avant-bras-768x768.jpg 768w, https:\/\/www.tarawa.com\/studio\/wp-content\/uploads\/2025\/12\/tatouage-yohan-cap-d-agde-avant-bras-900x900.jpg 900w, https:\/\/www.tarawa.com\/studio\/wp-content\/uploads\/2025\/12\/tatouage-yohan-cap-d-agde-avant-bras-400x400.jpg 400w\" sizes=\"auto, (max-width: 1000px) 100vw, 1000px\" \/><\/figure>\n\n\n\n<figure class=\"wp-block-image size-full\"><img loading=\"lazy\" decoding=\"async\" width=\"1000\" height=\"1000\" data-id=\"13656\" src=\"https:\/\/www.tarawa.com\/studio\/wp-content\/uploads\/2025\/12\/tatouage-yohan-cap-d-agde-chaine.jpg\" alt=\"\" class=\"wp-image-13656\" srcset=\"https:\/\/www.tarawa.com\/studio\/wp-content\/uploads\/2025\/12\/tatouage-yohan-cap-d-agde-chaine.jpg 1000w, https:\/\/www.tarawa.com\/studio\/wp-content\/uploads\/2025\/12\/tatouage-yohan-cap-d-agde-chaine-300x300.jpg 300w, https:\/\/www.tarawa.com\/studio\/wp-content\/uploads\/2025\/12\/tatouage-yohan-cap-d-agde-chaine-150x150.jpg 150w, https:\/\/www.tarawa.com\/studio\/wp-content\/uploads\/2025\/12\/tatouage-yohan-cap-d-agde-chaine-768x768.jpg 768w, https:\/\/www.tarawa.com\/studio\/wp-content\/uploads\/2025\/12\/tatouage-yohan-cap-d-agde-chaine-900x900.jpg 900w, https:\/\/www.tarawa.com\/studio\/wp-content\/uploads\/2025\/12\/tatouage-yohan-cap-d-agde-chaine-400x400.jpg 400w\" sizes=\"auto, (max-width: 1000px) 100vw, 1000px\" \/><\/figure>\n\n\n\n<figure class=\"wp-block-image size-full\"><img loading=\"lazy\" decoding=\"async\" width=\"1000\" height=\"1000\" data-id=\"13657\" src=\"https:\/\/www.tarawa.com\/studio\/wp-content\/uploads\/2025\/12\/tatouage-yohan-cap-d-agde-coquillages.jpg\" alt=\"\" class=\"wp-image-13657\" srcset=\"https:\/\/www.tarawa.com\/studio\/wp-content\/uploads\/2025\/12\/tatouage-yohan-cap-d-agde-coquillages.jpg 1000w, https:\/\/www.tarawa.com\/studio\/wp-content\/uploads\/2025\/12\/tatouage-yohan-cap-d-agde-coquillages-300x300.jpg 300w, https:\/\/www.tarawa.com\/studio\/wp-content\/uploads\/2025\/12\/tatouage-yohan-cap-d-agde-coquillages-150x150.jpg 150w, https:\/\/www.tarawa.com\/studio\/wp-content\/uploads\/2025\/12\/tatouage-yohan-cap-d-agde-coquillages-768x768.jpg 768w, https:\/\/www.tarawa.com\/studio\/wp-content\/uploads\/2025\/12\/tatouage-yohan-cap-d-agde-coquillages-900x900.jpg 900w, https:\/\/www.tarawa.com\/studio\/wp-content\/uploads\/2025\/12\/tatouage-yohan-cap-d-agde-coquillages-400x400.jpg 400w\" sizes=\"auto, (max-width: 1000px) 100vw, 1000px\" \/><\/figure>\n\n\n\n<figure class=\"wp-block-image size-full\"><img loading=\"lazy\" decoding=\"async\" width=\"1000\" height=\"1000\" data-id=\"13658\" src=\"https:\/\/www.tarawa.com\/studio\/wp-content\/uploads\/2025\/12\/tatouage-yohan-cap-d-agde-dos.jpg\" alt=\"\" class=\"wp-image-13658\" srcset=\"https:\/\/www.tarawa.com\/studio\/wp-content\/uploads\/2025\/12\/tatouage-yohan-cap-d-agde-dos.jpg 1000w, https:\/\/www.tarawa.com\/studio\/wp-content\/uploads\/2025\/12\/tatouage-yohan-cap-d-agde-dos-300x300.jpg 300w, https:\/\/www.tarawa.com\/studio\/wp-content\/uploads\/2025\/12\/tatouage-yohan-cap-d-agde-dos-150x150.jpg 150w, https:\/\/www.tarawa.com\/studio\/wp-content\/uploads\/2025\/12\/tatouage-yohan-cap-d-agde-dos-768x768.jpg 768w, https:\/\/www.tarawa.com\/studio\/wp-content\/uploads\/2025\/12\/tatouage-yohan-cap-d-agde-dos-900x900.jpg 900w, https:\/\/www.tarawa.com\/studio\/wp-content\/uploads\/2025\/12\/tatouage-yohan-cap-d-agde-dos-400x400.jpg 400w\" sizes=\"auto, (max-width: 1000px) 100vw, 1000px\" \/><\/figure>\n\n\n\n<figure class=\"wp-block-image size-full\"><img loading=\"lazy\" decoding=\"async\" width=\"1000\" height=\"1000\" data-id=\"13659\" src=\"https:\/\/www.tarawa.com\/studio\/wp-content\/uploads\/2025\/12\/tatouage-yohan-cap-d-agde-dragon.jpg\" alt=\"\" class=\"wp-image-13659\" srcset=\"https:\/\/www.tarawa.com\/studio\/wp-content\/uploads\/2025\/12\/tatouage-yohan-cap-d-agde-dragon.jpg 1000w, https:\/\/www.tarawa.com\/studio\/wp-content\/uploads\/2025\/12\/tatouage-yohan-cap-d-agde-dragon-300x300.jpg 300w, https:\/\/www.tarawa.com\/studio\/wp-content\/uploads\/2025\/12\/tatouage-yohan-cap-d-agde-dragon-150x150.jpg 150w, https:\/\/www.tarawa.com\/studio\/wp-content\/uploads\/2025\/12\/tatouage-yohan-cap-d-agde-dragon-768x768.jpg 768w, https:\/\/www.tarawa.com\/studio\/wp-content\/uploads\/2025\/12\/tatouage-yohan-cap-d-agde-dragon-900x900.jpg 900w, https:\/\/www.tarawa.com\/studio\/wp-content\/uploads\/2025\/12\/tatouage-yohan-cap-d-agde-dragon-400x400.jpg 400w\" sizes=\"auto, (max-width: 1000px) 100vw, 1000px\" \/><\/figure>\n<\/figure>\n\n\n\n<div class=\"wp-block-buttons is-content-justification-center is-layout-flex wp-container-core-buttons-is-layout-16018d1d wp-block-buttons-is-layout-flex\">\n<div class=\"wp-block-button\"><a class=\"wp-block-button__link has-white-color has-vivid-red-background-color has-text-color has-background wp-element-button\" href=\"https:\/\/www.tarawa.com\/studio\/quelques-realisations-de-yohan\/\">Voir l&rsquo;album de Yohan <\/a><\/div>\n<\/div>\n\n\n\n<p><\/p>\n","protected":false},"excerpt":{"rendered":"<p>Yohan &#8211; Tatoueur Guest Tarawa Cap d&rsquo;Agde Yohan, artiste tatoueur, excelle dans l\u2019art du fine line, du dotwork et du r\u00e9alisme. Son approche minutieuse et pr\u00e9cise permet de cr\u00e9er des tatouages aux lignes d\u00e9licates, aux jeux d\u2019ombres subtils et aux d\u00e9tails impressionnants. Chaque cr\u00e9ation refl\u00e8te son souci du d\u00e9tail et sa ma\u00eetrise des techniques les &hellip; <\/p>\n","protected":false},"author":1,"featured_media":0,"parent":0,"menu_order":0,"comment_status":"closed","ping_status":"closed","template":"","meta":{"_monsterinsights_skip_tracking":false,"_monsterinsights_sitenote_active":false,"_monsterinsights_sitenote_note":"","_monsterinsights_sitenote_category":0,"footnotes":""},"class_list":["post-13041","page","type-page","status-publish","hentry"],"_links":{"self":[{"href":"https:\/\/www.tarawa.com\/studio\/wp-json\/wp\/v2\/pages\/13041","targetHints":{"allow":["GET"]}}],"collection":[{"href":"https:\/\/www.tarawa.com\/studio\/wp-json\/wp\/v2\/pages"}],"about":[{"href":"https:\/\/www.tarawa.com\/studio\/wp-json\/wp\/v2\/types\/page"}],"author":[{"embeddable":true,"href":"https:\/\/www.tarawa.com\/studio\/wp-json\/wp\/v2\/users\/1"}],"replies":[{"embeddable":true,"href":"https:\/\/www.tarawa.com\/studio\/wp-json\/wp\/v2\/comments?post=13041"}],"version-history":[{"count":0,"href":"https:\/\/www.tarawa.com\/studio\/wp-json\/wp\/v2\/pages\/13041\/revisions"}],"wp:attachment":[{"href":"https:\/\/www.tarawa.com\/studio\/wp-json\/wp\/v2\/media?parent=13041"}],"curies":[{"name":"wp","href":"https:\/\/api.w.org\/{rel}","templated":true}]}}