{"id":12756,"date":"2025-01-27T15:55:50","date_gmt":"2025-01-27T14:55:50","guid":{"rendered":"https:\/\/www.tarawa.com\/studio\/?page_id=12756"},"modified":"2025-01-27T15:55:50","modified_gmt":"2025-01-27T14:55:50","slug":"album-tarawa-valence","status":"publish","type":"page","link":"https:\/\/www.tarawa.com\/studio\/albums\/album-tarawa-valence\/","title":{"rendered":"Album Tarawa Valence"},"content":{"rendered":"\n<p>Retrouvez une s\u00e9lection de photos de tatouages et de piercings r\u00e9alis\u00e9s au shop <a href=\"https:\/\/www.tarawa.com\/studio\/valence\/\">Tarawa Valence <\/a><\/p>\n\n\n\n<div class=\"wp-block-columns is-layout-flex wp-container-core-columns-is-layout-9d6595d7 wp-block-columns-is-layout-flex\">\n<div class=\"wp-block-column is-layout-flow wp-block-column-is-layout-flow\">\n<figure class=\"wp-block-image size-full\"><img loading=\"lazy\" decoding=\"async\" width=\"1000\" height=\"1000\" src=\"https:\/\/www.tarawa.com\/studio\/wp-content\/uploads\/2025\/01\/album-valence.png\" alt=\"\" class=\"wp-image-12789\" srcset=\"https:\/\/www.tarawa.com\/studio\/wp-content\/uploads\/2025\/01\/album-valence.png 1000w, https:\/\/www.tarawa.com\/studio\/wp-content\/uploads\/2025\/01\/album-valence-300x300.png 300w, https:\/\/www.tarawa.com\/studio\/wp-content\/uploads\/2025\/01\/album-valence-150x150.png 150w, https:\/\/www.tarawa.com\/studio\/wp-content\/uploads\/2025\/01\/album-valence-768x768.png 768w, https:\/\/www.tarawa.com\/studio\/wp-content\/uploads\/2025\/01\/album-valence-900x900.png 900w, https:\/\/www.tarawa.com\/studio\/wp-content\/uploads\/2025\/01\/album-valence-400x400.png 400w\" sizes=\"auto, (max-width: 1000px) 100vw, 1000px\" \/><\/figure>\n<\/div>\n\n\n\n<div class=\"wp-block-column is-layout-flow wp-block-column-is-layout-flow\">\n<figure class=\"wp-block-image size-full\"><img loading=\"lazy\" decoding=\"async\" width=\"1000\" height=\"1000\" src=\"https:\/\/www.tarawa.com\/studio\/wp-content\/uploads\/2025\/01\/album-tarawa-valence.png\" alt=\"\" class=\"wp-image-12790\" srcset=\"https:\/\/www.tarawa.com\/studio\/wp-content\/uploads\/2025\/01\/album-tarawa-valence.png 1000w, https:\/\/www.tarawa.com\/studio\/wp-content\/uploads\/2025\/01\/album-tarawa-valence-300x300.png 300w, https:\/\/www.tarawa.com\/studio\/wp-content\/uploads\/2025\/01\/album-tarawa-valence-150x150.png 150w, https:\/\/www.tarawa.com\/studio\/wp-content\/uploads\/2025\/01\/album-tarawa-valence-768x768.png 768w, https:\/\/www.tarawa.com\/studio\/wp-content\/uploads\/2025\/01\/album-tarawa-valence-900x900.png 900w, https:\/\/www.tarawa.com\/studio\/wp-content\/uploads\/2025\/01\/album-tarawa-valence-400x400.png 400w\" sizes=\"auto, (max-width: 1000px) 100vw, 1000px\" \/><\/figure>\n<\/div>\n\n\n\n<div class=\"wp-block-column is-layout-flow wp-block-column-is-layout-flow\">\n<figure class=\"wp-block-image size-full\"><img loading=\"lazy\" decoding=\"async\" width=\"1000\" height=\"1000\" src=\"https:\/\/www.tarawa.com\/studio\/wp-content\/uploads\/2025\/01\/album-valence-lea.png\" alt=\"\" class=\"wp-image-12791\" srcset=\"https:\/\/www.tarawa.com\/studio\/wp-content\/uploads\/2025\/01\/album-valence-lea.png 1000w, https:\/\/www.tarawa.com\/studio\/wp-content\/uploads\/2025\/01\/album-valence-lea-300x300.png 300w, https:\/\/www.tarawa.com\/studio\/wp-content\/uploads\/2025\/01\/album-valence-lea-150x150.png 150w, https:\/\/www.tarawa.com\/studio\/wp-content\/uploads\/2025\/01\/album-valence-lea-768x768.png 768w, https:\/\/www.tarawa.com\/studio\/wp-content\/uploads\/2025\/01\/album-valence-lea-900x900.png 900w, https:\/\/www.tarawa.com\/studio\/wp-content\/uploads\/2025\/01\/album-valence-lea-400x400.png 400w\" sizes=\"auto, (max-width: 1000px) 100vw, 1000px\" \/><\/figure>\n<\/div>\n<\/div>\n\n\n\n<div class=\"wp-block-columns is-layout-flex wp-container-core-columns-is-layout-9d6595d7 wp-block-columns-is-layout-flex\">\n<div class=\"wp-block-column is-layout-flow wp-block-column-is-layout-flow\">\n<figure class=\"wp-block-image size-full\"><img loading=\"lazy\" decoding=\"async\" width=\"1000\" height=\"1000\" src=\"https:\/\/www.tarawa.com\/studio\/wp-content\/uploads\/2025\/01\/tatouage-lea-coeur-1.png\" alt=\"\" class=\"wp-image-12781\" srcset=\"https:\/\/www.tarawa.com\/studio\/wp-content\/uploads\/2025\/01\/tatouage-lea-coeur-1.png 1000w, https:\/\/www.tarawa.com\/studio\/wp-content\/uploads\/2025\/01\/tatouage-lea-coeur-1-300x300.png 300w, https:\/\/www.tarawa.com\/studio\/wp-content\/uploads\/2025\/01\/tatouage-lea-coeur-1-150x150.png 150w, https:\/\/www.tarawa.com\/studio\/wp-content\/uploads\/2025\/01\/tatouage-lea-coeur-1-768x768.png 768w, https:\/\/www.tarawa.com\/studio\/wp-content\/uploads\/2025\/01\/tatouage-lea-coeur-1-900x900.png 900w, https:\/\/www.tarawa.com\/studio\/wp-content\/uploads\/2025\/01\/tatouage-lea-coeur-1-400x400.png 400w\" sizes=\"auto, (max-width: 1000px) 100vw, 1000px\" \/><\/figure>\n<\/div>\n\n\n\n<div class=\"wp-block-column is-layout-flow wp-block-column-is-layout-flow\">\n<figure class=\"wp-block-image size-full\"><img loading=\"lazy\" decoding=\"async\" width=\"1000\" height=\"1000\" src=\"https:\/\/www.tarawa.com\/studio\/wp-content\/uploads\/2025\/01\/tatouage-lea-fleur.png\" alt=\"\" class=\"wp-image-12780\" srcset=\"https:\/\/www.tarawa.com\/studio\/wp-content\/uploads\/2025\/01\/tatouage-lea-fleur.png 1000w, https:\/\/www.tarawa.com\/studio\/wp-content\/uploads\/2025\/01\/tatouage-lea-fleur-300x300.png 300w, https:\/\/www.tarawa.com\/studio\/wp-content\/uploads\/2025\/01\/tatouage-lea-fleur-150x150.png 150w, https:\/\/www.tarawa.com\/studio\/wp-content\/uploads\/2025\/01\/tatouage-lea-fleur-768x768.png 768w, https:\/\/www.tarawa.com\/studio\/wp-content\/uploads\/2025\/01\/tatouage-lea-fleur-900x900.png 900w, https:\/\/www.tarawa.com\/studio\/wp-content\/uploads\/2025\/01\/tatouage-lea-fleur-400x400.png 400w\" sizes=\"auto, (max-width: 1000px) 100vw, 1000px\" \/><\/figure>\n<\/div>\n\n\n\n<div class=\"wp-block-column is-layout-flow wp-block-column-is-layout-flow\">\n<figure class=\"wp-block-image size-full\"><img loading=\"lazy\" decoding=\"async\" width=\"1000\" height=\"1000\" src=\"https:\/\/www.tarawa.com\/studio\/wp-content\/uploads\/2025\/01\/tatouage-lea-heure.png\" alt=\"\" class=\"wp-image-12779\" srcset=\"https:\/\/www.tarawa.com\/studio\/wp-content\/uploads\/2025\/01\/tatouage-lea-heure.png 1000w, https:\/\/www.tarawa.com\/studio\/wp-content\/uploads\/2025\/01\/tatouage-lea-heure-300x300.png 300w, https:\/\/www.tarawa.com\/studio\/wp-content\/uploads\/2025\/01\/tatouage-lea-heure-150x150.png 150w, https:\/\/www.tarawa.com\/studio\/wp-content\/uploads\/2025\/01\/tatouage-lea-heure-768x768.png 768w, https:\/\/www.tarawa.com\/studio\/wp-content\/uploads\/2025\/01\/tatouage-lea-heure-900x900.png 900w, https:\/\/www.tarawa.com\/studio\/wp-content\/uploads\/2025\/01\/tatouage-lea-heure-400x400.png 400w\" sizes=\"auto, (max-width: 1000px) 100vw, 1000px\" \/><\/figure>\n<\/div>\n<\/div>\n\n\n\n<div class=\"wp-block-columns is-layout-flex wp-container-core-columns-is-layout-9d6595d7 wp-block-columns-is-layout-flex\">\n<div class=\"wp-block-column is-layout-flow wp-block-column-is-layout-flow\">\n<figure class=\"wp-block-image size-full\"><img loading=\"lazy\" decoding=\"async\" width=\"1000\" height=\"1000\" src=\"https:\/\/www.tarawa.com\/studio\/wp-content\/uploads\/2025\/01\/tatouage-lea-tortue-1.png\" alt=\"\" class=\"wp-image-12778\" srcset=\"https:\/\/www.tarawa.com\/studio\/wp-content\/uploads\/2025\/01\/tatouage-lea-tortue-1.png 1000w, https:\/\/www.tarawa.com\/studio\/wp-content\/uploads\/2025\/01\/tatouage-lea-tortue-1-300x300.png 300w, https:\/\/www.tarawa.com\/studio\/wp-content\/uploads\/2025\/01\/tatouage-lea-tortue-1-150x150.png 150w, https:\/\/www.tarawa.com\/studio\/wp-content\/uploads\/2025\/01\/tatouage-lea-tortue-1-768x768.png 768w, https:\/\/www.tarawa.com\/studio\/wp-content\/uploads\/2025\/01\/tatouage-lea-tortue-1-900x900.png 900w, https:\/\/www.tarawa.com\/studio\/wp-content\/uploads\/2025\/01\/tatouage-lea-tortue-1-400x400.png 400w\" sizes=\"auto, (max-width: 1000px) 100vw, 1000px\" \/><\/figure>\n<\/div>\n\n\n\n<div class=\"wp-block-column is-layout-flow wp-block-column-is-layout-flow\">\n<figure class=\"wp-block-image size-full\"><img loading=\"lazy\" decoding=\"async\" width=\"1000\" height=\"1000\" src=\"https:\/\/www.tarawa.com\/studio\/wp-content\/uploads\/2025\/01\/tatouage-lea-mains-1.png\" alt=\"\" class=\"wp-image-12777\" srcset=\"https:\/\/www.tarawa.com\/studio\/wp-content\/uploads\/2025\/01\/tatouage-lea-mains-1.png 1000w, https:\/\/www.tarawa.com\/studio\/wp-content\/uploads\/2025\/01\/tatouage-lea-mains-1-300x300.png 300w, https:\/\/www.tarawa.com\/studio\/wp-content\/uploads\/2025\/01\/tatouage-lea-mains-1-150x150.png 150w, https:\/\/www.tarawa.com\/studio\/wp-content\/uploads\/2025\/01\/tatouage-lea-mains-1-768x768.png 768w, https:\/\/www.tarawa.com\/studio\/wp-content\/uploads\/2025\/01\/tatouage-lea-mains-1-900x900.png 900w, https:\/\/www.tarawa.com\/studio\/wp-content\/uploads\/2025\/01\/tatouage-lea-mains-1-400x400.png 400w\" sizes=\"auto, (max-width: 1000px) 100vw, 1000px\" \/><\/figure>\n<\/div>\n\n\n\n<div class=\"wp-block-column is-layout-flow wp-block-column-is-layout-flow\">\n<figure class=\"wp-block-image size-full\"><img loading=\"lazy\" decoding=\"async\" width=\"1000\" height=\"1000\" src=\"https:\/\/www.tarawa.com\/studio\/wp-content\/uploads\/2025\/01\/tatouage-lea-lune.png\" alt=\"\" class=\"wp-image-12776\" srcset=\"https:\/\/www.tarawa.com\/studio\/wp-content\/uploads\/2025\/01\/tatouage-lea-lune.png 1000w, https:\/\/www.tarawa.com\/studio\/wp-content\/uploads\/2025\/01\/tatouage-lea-lune-300x300.png 300w, https:\/\/www.tarawa.com\/studio\/wp-content\/uploads\/2025\/01\/tatouage-lea-lune-150x150.png 150w, https:\/\/www.tarawa.com\/studio\/wp-content\/uploads\/2025\/01\/tatouage-lea-lune-768x768.png 768w, https:\/\/www.tarawa.com\/studio\/wp-content\/uploads\/2025\/01\/tatouage-lea-lune-900x900.png 900w, https:\/\/www.tarawa.com\/studio\/wp-content\/uploads\/2025\/01\/tatouage-lea-lune-400x400.png 400w\" sizes=\"auto, (max-width: 1000px) 100vw, 1000px\" \/><\/figure>\n<\/div>\n<\/div>\n\n\n\n<div class=\"wp-block-columns is-layout-flex wp-container-core-columns-is-layout-9d6595d7 wp-block-columns-is-layout-flex\">\n<div class=\"wp-block-column is-layout-flow wp-block-column-is-layout-flow\">\n<figure class=\"wp-block-image size-full\"><img loading=\"lazy\" decoding=\"async\" width=\"1000\" height=\"1000\" src=\"https:\/\/www.tarawa.com\/studio\/wp-content\/uploads\/2025\/01\/piercing-nez-1.png\" alt=\"\" class=\"wp-image-12764\" srcset=\"https:\/\/www.tarawa.com\/studio\/wp-content\/uploads\/2025\/01\/piercing-nez-1.png 1000w, https:\/\/www.tarawa.com\/studio\/wp-content\/uploads\/2025\/01\/piercing-nez-1-300x300.png 300w, https:\/\/www.tarawa.com\/studio\/wp-content\/uploads\/2025\/01\/piercing-nez-1-150x150.png 150w, https:\/\/www.tarawa.com\/studio\/wp-content\/uploads\/2025\/01\/piercing-nez-1-768x768.png 768w, https:\/\/www.tarawa.com\/studio\/wp-content\/uploads\/2025\/01\/piercing-nez-1-900x900.png 900w, https:\/\/www.tarawa.com\/studio\/wp-content\/uploads\/2025\/01\/piercing-nez-1-400x400.png 400w\" sizes=\"auto, (max-width: 1000px) 100vw, 1000px\" \/><\/figure>\n<\/div>\n\n\n\n<div class=\"wp-block-column is-layout-flow wp-block-column-is-layout-flow\">\n<figure class=\"wp-block-image size-full\"><img loading=\"lazy\" decoding=\"async\" width=\"1000\" height=\"1000\" src=\"https:\/\/www.tarawa.com\/studio\/wp-content\/uploads\/2025\/01\/nombril-inverse-1.png\" alt=\"\" class=\"wp-image-12765\" srcset=\"https:\/\/www.tarawa.com\/studio\/wp-content\/uploads\/2025\/01\/nombril-inverse-1.png 1000w, https:\/\/www.tarawa.com\/studio\/wp-content\/uploads\/2025\/01\/nombril-inverse-1-300x300.png 300w, https:\/\/www.tarawa.com\/studio\/wp-content\/uploads\/2025\/01\/nombril-inverse-1-150x150.png 150w, https:\/\/www.tarawa.com\/studio\/wp-content\/uploads\/2025\/01\/nombril-inverse-1-768x768.png 768w, https:\/\/www.tarawa.com\/studio\/wp-content\/uploads\/2025\/01\/nombril-inverse-1-900x900.png 900w, https:\/\/www.tarawa.com\/studio\/wp-content\/uploads\/2025\/01\/nombril-inverse-1-400x400.png 400w\" sizes=\"auto, (max-width: 1000px) 100vw, 1000px\" \/><\/figure>\n<\/div>\n\n\n\n<div class=\"wp-block-column is-layout-flow wp-block-column-is-layout-flow\">\n<figure class=\"wp-block-image size-full\"><img loading=\"lazy\" decoding=\"async\" width=\"1000\" height=\"1000\" src=\"https:\/\/www.tarawa.com\/studio\/wp-content\/uploads\/2025\/01\/compo-oreilles-dore-2.png\" alt=\"\" class=\"wp-image-12766\" srcset=\"https:\/\/www.tarawa.com\/studio\/wp-content\/uploads\/2025\/01\/compo-oreilles-dore-2.png 1000w, https:\/\/www.tarawa.com\/studio\/wp-content\/uploads\/2025\/01\/compo-oreilles-dore-2-300x300.png 300w, https:\/\/www.tarawa.com\/studio\/wp-content\/uploads\/2025\/01\/compo-oreilles-dore-2-150x150.png 150w, https:\/\/www.tarawa.com\/studio\/wp-content\/uploads\/2025\/01\/compo-oreilles-dore-2-768x768.png 768w, https:\/\/www.tarawa.com\/studio\/wp-content\/uploads\/2025\/01\/compo-oreilles-dore-2-900x900.png 900w, https:\/\/www.tarawa.com\/studio\/wp-content\/uploads\/2025\/01\/compo-oreilles-dore-2-400x400.png 400w\" sizes=\"auto, (max-width: 1000px) 100vw, 1000px\" \/><\/figure>\n<\/div>\n<\/div>\n\n\n\n<div class=\"wp-block-columns is-layout-flex wp-container-core-columns-is-layout-9d6595d7 wp-block-columns-is-layout-flex\">\n<div class=\"wp-block-column is-layout-flow wp-block-column-is-layout-flow\">\n<figure class=\"wp-block-image size-full\"><img loading=\"lazy\" decoding=\"async\" width=\"1000\" height=\"1000\" src=\"https:\/\/www.tarawa.com\/studio\/wp-content\/uploads\/2025\/01\/piercing-oreilles-1.png\" alt=\"\" class=\"wp-image-12767\" srcset=\"https:\/\/www.tarawa.com\/studio\/wp-content\/uploads\/2025\/01\/piercing-oreilles-1.png 1000w, https:\/\/www.tarawa.com\/studio\/wp-content\/uploads\/2025\/01\/piercing-oreilles-1-300x300.png 300w, https:\/\/www.tarawa.com\/studio\/wp-content\/uploads\/2025\/01\/piercing-oreilles-1-150x150.png 150w, https:\/\/www.tarawa.com\/studio\/wp-content\/uploads\/2025\/01\/piercing-oreilles-1-768x768.png 768w, https:\/\/www.tarawa.com\/studio\/wp-content\/uploads\/2025\/01\/piercing-oreilles-1-900x900.png 900w, https:\/\/www.tarawa.com\/studio\/wp-content\/uploads\/2025\/01\/piercing-oreilles-1-400x400.png 400w\" sizes=\"auto, (max-width: 1000px) 100vw, 1000px\" \/><\/figure>\n<\/div>\n\n\n\n<div class=\"wp-block-column is-layout-flow wp-block-column-is-layout-flow\">\n<figure class=\"wp-block-image size-full\"><img loading=\"lazy\" decoding=\"async\" width=\"1000\" height=\"1000\" src=\"https:\/\/www.tarawa.com\/studio\/wp-content\/uploads\/2025\/01\/piercing-nombril-inverse-1.png\" alt=\"\" class=\"wp-image-12768\" srcset=\"https:\/\/www.tarawa.com\/studio\/wp-content\/uploads\/2025\/01\/piercing-nombril-inverse-1.png 1000w, https:\/\/www.tarawa.com\/studio\/wp-content\/uploads\/2025\/01\/piercing-nombril-inverse-1-300x300.png 300w, https:\/\/www.tarawa.com\/studio\/wp-content\/uploads\/2025\/01\/piercing-nombril-inverse-1-150x150.png 150w, https:\/\/www.tarawa.com\/studio\/wp-content\/uploads\/2025\/01\/piercing-nombril-inverse-1-768x768.png 768w, https:\/\/www.tarawa.com\/studio\/wp-content\/uploads\/2025\/01\/piercing-nombril-inverse-1-900x900.png 900w, https:\/\/www.tarawa.com\/studio\/wp-content\/uploads\/2025\/01\/piercing-nombril-inverse-1-400x400.png 400w\" sizes=\"auto, (max-width: 1000px) 100vw, 1000px\" \/><\/figure>\n<\/div>\n\n\n\n<div class=\"wp-block-column is-layout-flow wp-block-column-is-layout-flow\">\n<figure class=\"wp-block-image size-full\"><img loading=\"lazy\" decoding=\"async\" width=\"1000\" height=\"1000\" src=\"https:\/\/www.tarawa.com\/studio\/wp-content\/uploads\/2025\/01\/piercing-nez-bleu-1.png\" alt=\"\" class=\"wp-image-12769\" srcset=\"https:\/\/www.tarawa.com\/studio\/wp-content\/uploads\/2025\/01\/piercing-nez-bleu-1.png 1000w, https:\/\/www.tarawa.com\/studio\/wp-content\/uploads\/2025\/01\/piercing-nez-bleu-1-300x300.png 300w, https:\/\/www.tarawa.com\/studio\/wp-content\/uploads\/2025\/01\/piercing-nez-bleu-1-150x150.png 150w, https:\/\/www.tarawa.com\/studio\/wp-content\/uploads\/2025\/01\/piercing-nez-bleu-1-768x768.png 768w, https:\/\/www.tarawa.com\/studio\/wp-content\/uploads\/2025\/01\/piercing-nez-bleu-1-900x900.png 900w, https:\/\/www.tarawa.com\/studio\/wp-content\/uploads\/2025\/01\/piercing-nez-bleu-1-400x400.png 400w\" sizes=\"auto, (max-width: 1000px) 100vw, 1000px\" \/><\/figure>\n<\/div>\n<\/div>\n\n\n\n<div class=\"wp-block-columns is-layout-flex wp-container-core-columns-is-layout-9d6595d7 wp-block-columns-is-layout-flex\">\n<div class=\"wp-block-column is-layout-flow wp-block-column-is-layout-flow\">\n<figure class=\"wp-block-image size-full\"><img loading=\"lazy\" decoding=\"async\" width=\"1000\" height=\"1000\" src=\"https:\/\/www.tarawa.com\/studio\/wp-content\/uploads\/2025\/01\/tatouage-lea-bouquet.png\" alt=\"\" class=\"wp-image-12782\" srcset=\"https:\/\/www.tarawa.com\/studio\/wp-content\/uploads\/2025\/01\/tatouage-lea-bouquet.png 1000w, https:\/\/www.tarawa.com\/studio\/wp-content\/uploads\/2025\/01\/tatouage-lea-bouquet-300x300.png 300w, https:\/\/www.tarawa.com\/studio\/wp-content\/uploads\/2025\/01\/tatouage-lea-bouquet-150x150.png 150w, https:\/\/www.tarawa.com\/studio\/wp-content\/uploads\/2025\/01\/tatouage-lea-bouquet-768x768.png 768w, https:\/\/www.tarawa.com\/studio\/wp-content\/uploads\/2025\/01\/tatouage-lea-bouquet-900x900.png 900w, https:\/\/www.tarawa.com\/studio\/wp-content\/uploads\/2025\/01\/tatouage-lea-bouquet-400x400.png 400w\" sizes=\"auto, (max-width: 1000px) 100vw, 1000px\" \/><\/figure>\n<\/div>\n\n\n\n<div class=\"wp-block-column is-layout-flow wp-block-column-is-layout-flow\">\n<figure class=\"wp-block-image size-full\"><img loading=\"lazy\" decoding=\"async\" width=\"1000\" height=\"1000\" src=\"https:\/\/www.tarawa.com\/studio\/wp-content\/uploads\/2025\/01\/tatouage-lea-couronne.png\" alt=\"\" class=\"wp-image-12783\" srcset=\"https:\/\/www.tarawa.com\/studio\/wp-content\/uploads\/2025\/01\/tatouage-lea-couronne.png 1000w, https:\/\/www.tarawa.com\/studio\/wp-content\/uploads\/2025\/01\/tatouage-lea-couronne-300x300.png 300w, https:\/\/www.tarawa.com\/studio\/wp-content\/uploads\/2025\/01\/tatouage-lea-couronne-150x150.png 150w, https:\/\/www.tarawa.com\/studio\/wp-content\/uploads\/2025\/01\/tatouage-lea-couronne-768x768.png 768w, https:\/\/www.tarawa.com\/studio\/wp-content\/uploads\/2025\/01\/tatouage-lea-couronne-900x900.png 900w, https:\/\/www.tarawa.com\/studio\/wp-content\/uploads\/2025\/01\/tatouage-lea-couronne-400x400.png 400w\" sizes=\"auto, (max-width: 1000px) 100vw, 1000px\" \/><\/figure>\n<\/div>\n\n\n\n<div class=\"wp-block-column is-layout-flow wp-block-column-is-layout-flow\">\n<figure class=\"wp-block-image size-full\"><img loading=\"lazy\" decoding=\"async\" width=\"1000\" height=\"1000\" src=\"https:\/\/www.tarawa.com\/studio\/wp-content\/uploads\/2025\/01\/tatouage-lea-reie.png\" alt=\"\" class=\"wp-image-12785\" srcset=\"https:\/\/www.tarawa.com\/studio\/wp-content\/uploads\/2025\/01\/tatouage-lea-reie.png 1000w, https:\/\/www.tarawa.com\/studio\/wp-content\/uploads\/2025\/01\/tatouage-lea-reie-300x300.png 300w, https:\/\/www.tarawa.com\/studio\/wp-content\/uploads\/2025\/01\/tatouage-lea-reie-150x150.png 150w, https:\/\/www.tarawa.com\/studio\/wp-content\/uploads\/2025\/01\/tatouage-lea-reie-768x768.png 768w, https:\/\/www.tarawa.com\/studio\/wp-content\/uploads\/2025\/01\/tatouage-lea-reie-900x900.png 900w, https:\/\/www.tarawa.com\/studio\/wp-content\/uploads\/2025\/01\/tatouage-lea-reie-400x400.png 400w\" sizes=\"auto, (max-width: 1000px) 100vw, 1000px\" \/><\/figure>\n<\/div>\n<\/div>\n\n\n\n<div class=\"wp-block-columns is-layout-flex wp-container-core-columns-is-layout-9d6595d7 wp-block-columns-is-layout-flex\">\n<div class=\"wp-block-column is-layout-flow wp-block-column-is-layout-flow\">\n<figure class=\"wp-block-image size-full\"><img loading=\"lazy\" decoding=\"async\" width=\"1000\" height=\"1000\" src=\"https:\/\/www.tarawa.com\/studio\/wp-content\/uploads\/2025\/01\/tatouoage-lea-hote.png\" alt=\"\" class=\"wp-image-12786\" srcset=\"https:\/\/www.tarawa.com\/studio\/wp-content\/uploads\/2025\/01\/tatouoage-lea-hote.png 1000w, https:\/\/www.tarawa.com\/studio\/wp-content\/uploads\/2025\/01\/tatouoage-lea-hote-300x300.png 300w, https:\/\/www.tarawa.com\/studio\/wp-content\/uploads\/2025\/01\/tatouoage-lea-hote-150x150.png 150w, https:\/\/www.tarawa.com\/studio\/wp-content\/uploads\/2025\/01\/tatouoage-lea-hote-768x768.png 768w, https:\/\/www.tarawa.com\/studio\/wp-content\/uploads\/2025\/01\/tatouoage-lea-hote-900x900.png 900w, https:\/\/www.tarawa.com\/studio\/wp-content\/uploads\/2025\/01\/tatouoage-lea-hote-400x400.png 400w\" sizes=\"auto, (max-width: 1000px) 100vw, 1000px\" \/><\/figure>\n<\/div>\n\n\n\n<div class=\"wp-block-column is-layout-flow wp-block-column-is-layout-flow\">\n<figure class=\"wp-block-image size-full\"><img loading=\"lazy\" decoding=\"async\" width=\"1000\" height=\"1000\" src=\"https:\/\/www.tarawa.com\/studio\/wp-content\/uploads\/2025\/01\/tatouages-lea.png\" alt=\"\" class=\"wp-image-12787\" srcset=\"https:\/\/www.tarawa.com\/studio\/wp-content\/uploads\/2025\/01\/tatouages-lea.png 1000w, https:\/\/www.tarawa.com\/studio\/wp-content\/uploads\/2025\/01\/tatouages-lea-300x300.png 300w, https:\/\/www.tarawa.com\/studio\/wp-content\/uploads\/2025\/01\/tatouages-lea-150x150.png 150w, https:\/\/www.tarawa.com\/studio\/wp-content\/uploads\/2025\/01\/tatouages-lea-768x768.png 768w, https:\/\/www.tarawa.com\/studio\/wp-content\/uploads\/2025\/01\/tatouages-lea-900x900.png 900w, https:\/\/www.tarawa.com\/studio\/wp-content\/uploads\/2025\/01\/tatouages-lea-400x400.png 400w\" sizes=\"auto, (max-width: 1000px) 100vw, 1000px\" \/><\/figure>\n<\/div>\n\n\n\n<div class=\"wp-block-column is-layout-flow wp-block-column-is-layout-flow\">\n<figure class=\"wp-block-image size-full\"><img loading=\"lazy\" decoding=\"async\" width=\"1000\" height=\"1000\" src=\"https:\/\/www.tarawa.com\/studio\/wp-content\/uploads\/2025\/01\/tatouage-lea-initial-1.png\" alt=\"\" class=\"wp-image-12788\" srcset=\"https:\/\/www.tarawa.com\/studio\/wp-content\/uploads\/2025\/01\/tatouage-lea-initial-1.png 1000w, https:\/\/www.tarawa.com\/studio\/wp-content\/uploads\/2025\/01\/tatouage-lea-initial-1-300x300.png 300w, https:\/\/www.tarawa.com\/studio\/wp-content\/uploads\/2025\/01\/tatouage-lea-initial-1-150x150.png 150w, https:\/\/www.tarawa.com\/studio\/wp-content\/uploads\/2025\/01\/tatouage-lea-initial-1-768x768.png 768w, https:\/\/www.tarawa.com\/studio\/wp-content\/uploads\/2025\/01\/tatouage-lea-initial-1-900x900.png 900w, https:\/\/www.tarawa.com\/studio\/wp-content\/uploads\/2025\/01\/tatouage-lea-initial-1-400x400.png 400w\" sizes=\"auto, (max-width: 1000px) 100vw, 1000px\" \/><\/figure>\n<\/div>\n<\/div>\n","protected":false},"excerpt":{"rendered":"<p>Retrouvez une s\u00e9lection de photos de tatouages et de piercings r\u00e9alis\u00e9s au shop Tarawa Valence<\/p>\n","protected":false},"author":1,"featured_media":0,"parent":7416,"menu_order":0,"comment_status":"closed","ping_status":"closed","template":"","meta":{"_monsterinsights_skip_tracking":false,"_monsterinsights_sitenote_active":false,"_monsterinsights_sitenote_note":"","_monsterinsights_sitenote_category":0,"footnotes":""},"class_list":["post-12756","page","type-page","status-publish","hentry"],"_links":{"self":[{"href":"https:\/\/www.tarawa.com\/studio\/wp-json\/wp\/v2\/pages\/12756","targetHints":{"allow":["GET"]}}],"collection":[{"href":"https:\/\/www.tarawa.com\/studio\/wp-json\/wp\/v2\/pages"}],"about":[{"href":"https:\/\/www.tarawa.com\/studio\/wp-json\/wp\/v2\/types\/page"}],"author":[{"embeddable":true,"href":"https:\/\/www.tarawa.com\/studio\/wp-json\/wp\/v2\/users\/1"}],"replies":[{"embeddable":true,"href":"https:\/\/www.tarawa.com\/studio\/wp-json\/wp\/v2\/comments?post=12756"}],"version-history":[{"count":0,"href":"https:\/\/www.tarawa.com\/studio\/wp-json\/wp\/v2\/pages\/12756\/revisions"}],"up":[{"embeddable":true,"href":"https:\/\/www.tarawa.com\/studio\/wp-json\/wp\/v2\/pages\/7416"}],"wp:attachment":[{"href":"https:\/\/www.tarawa.com\/studio\/wp-json\/wp\/v2\/media?parent=12756"}],"curies":[{"name":"wp","href":"https:\/\/api.w.org\/{rel}","templated":true}]}}