{"id":12645,"date":"2025-01-27T14:00:03","date_gmt":"2025-01-27T13:00:03","guid":{"rendered":"https:\/\/www.tarawa.com\/studio\/?page_id=12645"},"modified":"2025-01-27T14:00:47","modified_gmt":"2025-01-27T13:00:47","slug":"album-microdermal-2","status":"publish","type":"page","link":"https:\/\/www.tarawa.com\/studio\/albums\/album-piercings\/album-microdermal-2\/","title":{"rendered":"Album microdermal"},"content":{"rendered":"\n<p>Ces piercings microdermals ont \u00e9t\u00e9 r\u00e9alis\u00e9s par l&rsquo;\u00e9quipe Tarawa avec des bijoux de <a href=\"https:\/\/www.tarawa.com\/studio\/?srsltid=AfmBOooV3hwQHS9TPOL4Ygq4Sh7yZNETsdWfCE4G0D9oZIq7jDgZ1GQC\">nos shops<\/a> et <a href=\"https:\/\/www.tarawa.com\/\">site internet <\/a>disponible \u00e0 la vente : <br><\/p>\n\n\n\n<div class=\"wp-block-columns is-layout-flex wp-container-core-columns-is-layout-9d6595d7 wp-block-columns-is-layout-flex\">\n<div class=\"wp-block-column is-layout-flow wp-block-column-is-layout-flow\">\n<figure class=\"wp-block-image size-full\"><img loading=\"lazy\" decoding=\"async\" width=\"1000\" height=\"1000\" src=\"https:\/\/www.tarawa.com\/studio\/wp-content\/uploads\/2025\/01\/microdermal.png\" alt=\"\" class=\"wp-image-12646\" srcset=\"https:\/\/www.tarawa.com\/studio\/wp-content\/uploads\/2025\/01\/microdermal.png 1000w, https:\/\/www.tarawa.com\/studio\/wp-content\/uploads\/2025\/01\/microdermal-300x300.png 300w, https:\/\/www.tarawa.com\/studio\/wp-content\/uploads\/2025\/01\/microdermal-150x150.png 150w, https:\/\/www.tarawa.com\/studio\/wp-content\/uploads\/2025\/01\/microdermal-768x768.png 768w, https:\/\/www.tarawa.com\/studio\/wp-content\/uploads\/2025\/01\/microdermal-900x900.png 900w, https:\/\/www.tarawa.com\/studio\/wp-content\/uploads\/2025\/01\/microdermal-400x400.png 400w\" sizes=\"auto, (max-width: 1000px) 100vw, 1000px\" \/><\/figure>\n<\/div>\n\n\n\n<div class=\"wp-block-column is-layout-flow wp-block-column-is-layout-flow\">\n<figure class=\"wp-block-image size-full\"><img loading=\"lazy\" decoding=\"async\" width=\"1000\" height=\"1000\" src=\"https:\/\/www.tarawa.com\/studio\/wp-content\/uploads\/2025\/01\/microdermal-dos.png\" alt=\"\" class=\"wp-image-12647\" srcset=\"https:\/\/www.tarawa.com\/studio\/wp-content\/uploads\/2025\/01\/microdermal-dos.png 1000w, https:\/\/www.tarawa.com\/studio\/wp-content\/uploads\/2025\/01\/microdermal-dos-300x300.png 300w, https:\/\/www.tarawa.com\/studio\/wp-content\/uploads\/2025\/01\/microdermal-dos-150x150.png 150w, https:\/\/www.tarawa.com\/studio\/wp-content\/uploads\/2025\/01\/microdermal-dos-768x768.png 768w, https:\/\/www.tarawa.com\/studio\/wp-content\/uploads\/2025\/01\/microdermal-dos-900x900.png 900w, https:\/\/www.tarawa.com\/studio\/wp-content\/uploads\/2025\/01\/microdermal-dos-400x400.png 400w\" sizes=\"auto, (max-width: 1000px) 100vw, 1000px\" \/><\/figure>\n<\/div>\n\n\n\n<div class=\"wp-block-column is-layout-flow wp-block-column-is-layout-flow\">\n<figure class=\"wp-block-image size-full\"><img loading=\"lazy\" decoding=\"async\" width=\"1000\" height=\"1000\" src=\"https:\/\/www.tarawa.com\/studio\/wp-content\/uploads\/2025\/01\/microdermal-oreille.png\" alt=\"\" class=\"wp-image-12648\" srcset=\"https:\/\/www.tarawa.com\/studio\/wp-content\/uploads\/2025\/01\/microdermal-oreille.png 1000w, https:\/\/www.tarawa.com\/studio\/wp-content\/uploads\/2025\/01\/microdermal-oreille-300x300.png 300w, https:\/\/www.tarawa.com\/studio\/wp-content\/uploads\/2025\/01\/microdermal-oreille-150x150.png 150w, https:\/\/www.tarawa.com\/studio\/wp-content\/uploads\/2025\/01\/microdermal-oreille-768x768.png 768w, https:\/\/www.tarawa.com\/studio\/wp-content\/uploads\/2025\/01\/microdermal-oreille-900x900.png 900w, https:\/\/www.tarawa.com\/studio\/wp-content\/uploads\/2025\/01\/microdermal-oreille-400x400.png 400w\" sizes=\"auto, (max-width: 1000px) 100vw, 1000px\" \/><\/figure>\n<\/div>\n<\/div>\n\n\n\n<div class=\"wp-block-columns is-layout-flex wp-container-core-columns-is-layout-9d6595d7 wp-block-columns-is-layout-flex\">\n<div class=\"wp-block-column is-layout-flow wp-block-column-is-layout-flow\">\n<figure class=\"wp-block-image size-full\"><img loading=\"lazy\" decoding=\"async\" width=\"1000\" height=\"1000\" src=\"https:\/\/www.tarawa.com\/studio\/wp-content\/uploads\/2025\/01\/microdermal-yeux.png\" alt=\"\" class=\"wp-image-12649\" srcset=\"https:\/\/www.tarawa.com\/studio\/wp-content\/uploads\/2025\/01\/microdermal-yeux.png 1000w, https:\/\/www.tarawa.com\/studio\/wp-content\/uploads\/2025\/01\/microdermal-yeux-300x300.png 300w, https:\/\/www.tarawa.com\/studio\/wp-content\/uploads\/2025\/01\/microdermal-yeux-150x150.png 150w, https:\/\/www.tarawa.com\/studio\/wp-content\/uploads\/2025\/01\/microdermal-yeux-768x768.png 768w, https:\/\/www.tarawa.com\/studio\/wp-content\/uploads\/2025\/01\/microdermal-yeux-900x900.png 900w, https:\/\/www.tarawa.com\/studio\/wp-content\/uploads\/2025\/01\/microdermal-yeux-400x400.png 400w\" sizes=\"auto, (max-width: 1000px) 100vw, 1000px\" \/><\/figure>\n<\/div>\n\n\n\n<div class=\"wp-block-column is-layout-flow wp-block-column-is-layout-flow\">\n<figure class=\"wp-block-image size-full\"><img loading=\"lazy\" decoding=\"async\" width=\"1000\" height=\"1000\" src=\"https:\/\/www.tarawa.com\/studio\/wp-content\/uploads\/2025\/01\/piercing-microdermal-joue.png\" alt=\"\" class=\"wp-image-12650\" srcset=\"https:\/\/www.tarawa.com\/studio\/wp-content\/uploads\/2025\/01\/piercing-microdermal-joue.png 1000w, https:\/\/www.tarawa.com\/studio\/wp-content\/uploads\/2025\/01\/piercing-microdermal-joue-300x300.png 300w, https:\/\/www.tarawa.com\/studio\/wp-content\/uploads\/2025\/01\/piercing-microdermal-joue-150x150.png 150w, https:\/\/www.tarawa.com\/studio\/wp-content\/uploads\/2025\/01\/piercing-microdermal-joue-768x768.png 768w, https:\/\/www.tarawa.com\/studio\/wp-content\/uploads\/2025\/01\/piercing-microdermal-joue-900x900.png 900w, https:\/\/www.tarawa.com\/studio\/wp-content\/uploads\/2025\/01\/piercing-microdermal-joue-400x400.png 400w\" sizes=\"auto, (max-width: 1000px) 100vw, 1000px\" \/><\/figure>\n<\/div>\n\n\n\n<div class=\"wp-block-column is-layout-flow wp-block-column-is-layout-flow\">\n<figure class=\"wp-block-image size-full\"><img loading=\"lazy\" decoding=\"async\" width=\"1000\" height=\"1000\" src=\"https:\/\/www.tarawa.com\/studio\/wp-content\/uploads\/2025\/01\/piercing-microdermal-main.png\" alt=\"\" class=\"wp-image-12651\" srcset=\"https:\/\/www.tarawa.com\/studio\/wp-content\/uploads\/2025\/01\/piercing-microdermal-main.png 1000w, https:\/\/www.tarawa.com\/studio\/wp-content\/uploads\/2025\/01\/piercing-microdermal-main-300x300.png 300w, https:\/\/www.tarawa.com\/studio\/wp-content\/uploads\/2025\/01\/piercing-microdermal-main-150x150.png 150w, https:\/\/www.tarawa.com\/studio\/wp-content\/uploads\/2025\/01\/piercing-microdermal-main-768x768.png 768w, https:\/\/www.tarawa.com\/studio\/wp-content\/uploads\/2025\/01\/piercing-microdermal-main-900x900.png 900w, https:\/\/www.tarawa.com\/studio\/wp-content\/uploads\/2025\/01\/piercing-microdermal-main-400x400.png 400w\" sizes=\"auto, (max-width: 1000px) 100vw, 1000px\" \/><\/figure>\n<\/div>\n<\/div>\n\n\n\n<div class=\"wp-block-buttons is-content-justification-center is-layout-flex wp-container-core-buttons-is-layout-16018d1d wp-block-buttons-is-layout-flex\">\n<div class=\"wp-block-button\"><a class=\"wp-block-button__link has-vivid-red-background-color has-background wp-element-button\" href=\"https:\/\/www.tarawa.com\/studio\/piercings-par-zone-tarifs\/\">Nos tarifs <\/a><\/div>\n<\/div>\n\n\n\n<p>Si vous avez la moindre question, n&rsquo;h\u00e9sitez pas \u00e0 nous contacter via <a href=\"https:\/\/www.instagram.com\/tarawa_officiel\/\">Instagram<\/a> ou en t\u00e9l\u00e9phonant directement au <a href=\"https:\/\/www.tarawa.com\/studio\/\">shop<\/a> nous sommes l\u00e0 pour vous conseiller ! <\/p>\n","protected":false},"excerpt":{"rendered":"<p>Ces piercings microdermals ont \u00e9t\u00e9 r\u00e9alis\u00e9s par l&rsquo;\u00e9quipe Tarawa avec des bijoux de nos shops et site internet disponible \u00e0 la vente : Si vous avez la moindre question, n&rsquo;h\u00e9sitez pas \u00e0 nous contacter via Instagram ou en t\u00e9l\u00e9phonant directement au shop nous sommes l\u00e0 pour vous conseiller !<\/p>\n","protected":false},"author":1,"featured_media":0,"parent":10920,"menu_order":0,"comment_status":"closed","ping_status":"closed","template":"","meta":{"_monsterinsights_skip_tracking":false,"_monsterinsights_sitenote_active":false,"_monsterinsights_sitenote_note":"","_monsterinsights_sitenote_category":0,"footnotes":""},"class_list":["post-12645","page","type-page","status-publish","hentry"],"_links":{"self":[{"href":"https:\/\/www.tarawa.com\/studio\/wp-json\/wp\/v2\/pages\/12645","targetHints":{"allow":["GET"]}}],"collection":[{"href":"https:\/\/www.tarawa.com\/studio\/wp-json\/wp\/v2\/pages"}],"about":[{"href":"https:\/\/www.tarawa.com\/studio\/wp-json\/wp\/v2\/types\/page"}],"author":[{"embeddable":true,"href":"https:\/\/www.tarawa.com\/studio\/wp-json\/wp\/v2\/users\/1"}],"replies":[{"embeddable":true,"href":"https:\/\/www.tarawa.com\/studio\/wp-json\/wp\/v2\/comments?post=12645"}],"version-history":[{"count":0,"href":"https:\/\/www.tarawa.com\/studio\/wp-json\/wp\/v2\/pages\/12645\/revisions"}],"up":[{"embeddable":true,"href":"https:\/\/www.tarawa.com\/studio\/wp-json\/wp\/v2\/pages\/10920"}],"wp:attachment":[{"href":"https:\/\/www.tarawa.com\/studio\/wp-json\/wp\/v2\/media?parent=12645"}],"curies":[{"name":"wp","href":"https:\/\/api.w.org\/{rel}","templated":true}]}}