{"id":12541,"date":"2025-01-27T13:39:30","date_gmt":"2025-01-27T12:39:30","guid":{"rendered":"https:\/\/www.tarawa.com\/studio\/?page_id=12541"},"modified":"2025-01-27T13:41:53","modified_gmt":"2025-01-27T12:41:53","slug":"album-piercings-nombril","status":"publish","type":"page","link":"https:\/\/www.tarawa.com\/studio\/albums\/album-piercings\/album-piercings-nombril\/","title":{"rendered":"Album Piercings Nombril"},"content":{"rendered":"\n<p>Ces piercings nombril ont \u00e9t\u00e9 r\u00e9alis\u00e9s par l&rsquo;\u00e9quipe Tarawa avec des bijoux de <a href=\"https:\/\/www.tarawa.com\/studio\/?srsltid=AfmBOooV3hwQHS9TPOL4Ygq4Sh7yZNETsdWfCE4G0D9oZIq7jDgZ1GQC\">nos shops<\/a> et <a href=\"https:\/\/www.tarawa.com\/\">site internet <\/a>disponible \u00e0 la vente : <br><\/p>\n\n\n\n<div class=\"wp-block-columns is-layout-flex wp-container-core-columns-is-layout-9d6595d7 wp-block-columns-is-layout-flex\">\n<div class=\"wp-block-column is-layout-flow wp-block-column-is-layout-flow\">\n<figure class=\"wp-block-image size-full\"><img loading=\"lazy\" decoding=\"async\" width=\"1000\" height=\"1000\" src=\"https:\/\/www.tarawa.com\/studio\/wp-content\/uploads\/2025\/01\/nombril-inverse.png\" alt=\"\" class=\"wp-image-12542\" srcset=\"https:\/\/www.tarawa.com\/studio\/wp-content\/uploads\/2025\/01\/nombril-inverse.png 1000w, https:\/\/www.tarawa.com\/studio\/wp-content\/uploads\/2025\/01\/nombril-inverse-300x300.png 300w, https:\/\/www.tarawa.com\/studio\/wp-content\/uploads\/2025\/01\/nombril-inverse-150x150.png 150w, https:\/\/www.tarawa.com\/studio\/wp-content\/uploads\/2025\/01\/nombril-inverse-768x768.png 768w, https:\/\/www.tarawa.com\/studio\/wp-content\/uploads\/2025\/01\/nombril-inverse-900x900.png 900w, https:\/\/www.tarawa.com\/studio\/wp-content\/uploads\/2025\/01\/nombril-inverse-400x400.png 400w\" sizes=\"auto, (max-width: 1000px) 100vw, 1000px\" \/><\/figure>\n<\/div>\n\n\n\n<div class=\"wp-block-column is-layout-flow wp-block-column-is-layout-flow\">\n<figure class=\"wp-block-gallery has-nested-images columns-default is-cropped wp-block-gallery-1 is-layout-flex wp-block-gallery-is-layout-flex\">\n<figure class=\"wp-block-image size-large\"><img loading=\"lazy\" decoding=\"async\" width=\"1000\" height=\"1000\" data-id=\"12543\" src=\"https:\/\/www.tarawa.com\/studio\/wp-content\/uploads\/2025\/01\/nomvril-strass-inverse.png\" alt=\"\" class=\"wp-image-12543\" srcset=\"https:\/\/www.tarawa.com\/studio\/wp-content\/uploads\/2025\/01\/nomvril-strass-inverse.png 1000w, https:\/\/www.tarawa.com\/studio\/wp-content\/uploads\/2025\/01\/nomvril-strass-inverse-300x300.png 300w, https:\/\/www.tarawa.com\/studio\/wp-content\/uploads\/2025\/01\/nomvril-strass-inverse-150x150.png 150w, https:\/\/www.tarawa.com\/studio\/wp-content\/uploads\/2025\/01\/nomvril-strass-inverse-768x768.png 768w, https:\/\/www.tarawa.com\/studio\/wp-content\/uploads\/2025\/01\/nomvril-strass-inverse-900x900.png 900w, https:\/\/www.tarawa.com\/studio\/wp-content\/uploads\/2025\/01\/nomvril-strass-inverse-400x400.png 400w\" sizes=\"auto, (max-width: 1000px) 100vw, 1000px\" \/><\/figure>\n<\/figure>\n<\/div>\n\n\n\n<div class=\"wp-block-column is-layout-flow wp-block-column-is-layout-flow\">\n<figure class=\"wp-block-gallery has-nested-images columns-default is-cropped wp-block-gallery-2 is-layout-flex wp-block-gallery-is-layout-flex\">\n<figure class=\"wp-block-image size-large\"><img loading=\"lazy\" decoding=\"async\" width=\"1000\" height=\"1000\" data-id=\"12544\" src=\"https:\/\/www.tarawa.com\/studio\/wp-content\/uploads\/2025\/01\/piercing-nombril.png\" alt=\"\" class=\"wp-image-12544\" srcset=\"https:\/\/www.tarawa.com\/studio\/wp-content\/uploads\/2025\/01\/piercing-nombril.png 1000w, https:\/\/www.tarawa.com\/studio\/wp-content\/uploads\/2025\/01\/piercing-nombril-300x300.png 300w, https:\/\/www.tarawa.com\/studio\/wp-content\/uploads\/2025\/01\/piercing-nombril-150x150.png 150w, https:\/\/www.tarawa.com\/studio\/wp-content\/uploads\/2025\/01\/piercing-nombril-768x768.png 768w, https:\/\/www.tarawa.com\/studio\/wp-content\/uploads\/2025\/01\/piercing-nombril-900x900.png 900w, https:\/\/www.tarawa.com\/studio\/wp-content\/uploads\/2025\/01\/piercing-nombril-400x400.png 400w\" sizes=\"auto, (max-width: 1000px) 100vw, 1000px\" \/><\/figure>\n<\/figure>\n<\/div>\n<\/div>\n\n\n\n<div class=\"wp-block-columns is-layout-flex wp-container-core-columns-is-layout-9d6595d7 wp-block-columns-is-layout-flex\">\n<div class=\"wp-block-column is-layout-flow wp-block-column-is-layout-flow\">\n<figure class=\"wp-block-gallery has-nested-images columns-default is-cropped wp-block-gallery-3 is-layout-flex wp-block-gallery-is-layout-flex\">\n<figure class=\"wp-block-image size-large\"><img loading=\"lazy\" decoding=\"async\" width=\"1000\" height=\"1000\" data-id=\"12545\" src=\"https:\/\/www.tarawa.com\/studio\/wp-content\/uploads\/2025\/01\/piercing-nombril-boule.png\" alt=\"\" class=\"wp-image-12545\" srcset=\"https:\/\/www.tarawa.com\/studio\/wp-content\/uploads\/2025\/01\/piercing-nombril-boule.png 1000w, https:\/\/www.tarawa.com\/studio\/wp-content\/uploads\/2025\/01\/piercing-nombril-boule-300x300.png 300w, https:\/\/www.tarawa.com\/studio\/wp-content\/uploads\/2025\/01\/piercing-nombril-boule-150x150.png 150w, https:\/\/www.tarawa.com\/studio\/wp-content\/uploads\/2025\/01\/piercing-nombril-boule-768x768.png 768w, https:\/\/www.tarawa.com\/studio\/wp-content\/uploads\/2025\/01\/piercing-nombril-boule-900x900.png 900w, https:\/\/www.tarawa.com\/studio\/wp-content\/uploads\/2025\/01\/piercing-nombril-boule-400x400.png 400w\" sizes=\"auto, (max-width: 1000px) 100vw, 1000px\" \/><\/figure>\n<\/figure>\n<\/div>\n\n\n\n<div class=\"wp-block-column is-layout-flow wp-block-column-is-layout-flow\">\n<figure class=\"wp-block-gallery has-nested-images columns-default is-cropped wp-block-gallery-4 is-layout-flex wp-block-gallery-is-layout-flex\">\n<figure class=\"wp-block-image size-large\"><img loading=\"lazy\" decoding=\"async\" width=\"1000\" height=\"1000\" data-id=\"12546\" src=\"https:\/\/www.tarawa.com\/studio\/wp-content\/uploads\/2025\/01\/piercing-nombril-boule-strass.png\" alt=\"\" class=\"wp-image-12546\" srcset=\"https:\/\/www.tarawa.com\/studio\/wp-content\/uploads\/2025\/01\/piercing-nombril-boule-strass.png 1000w, https:\/\/www.tarawa.com\/studio\/wp-content\/uploads\/2025\/01\/piercing-nombril-boule-strass-300x300.png 300w, https:\/\/www.tarawa.com\/studio\/wp-content\/uploads\/2025\/01\/piercing-nombril-boule-strass-150x150.png 150w, https:\/\/www.tarawa.com\/studio\/wp-content\/uploads\/2025\/01\/piercing-nombril-boule-strass-768x768.png 768w, https:\/\/www.tarawa.com\/studio\/wp-content\/uploads\/2025\/01\/piercing-nombril-boule-strass-900x900.png 900w, https:\/\/www.tarawa.com\/studio\/wp-content\/uploads\/2025\/01\/piercing-nombril-boule-strass-400x400.png 400w\" sizes=\"auto, (max-width: 1000px) 100vw, 1000px\" \/><\/figure>\n<\/figure>\n<\/div>\n\n\n\n<div class=\"wp-block-column is-layout-flow wp-block-column-is-layout-flow\">\n<figure class=\"wp-block-gallery has-nested-images columns-default is-cropped wp-block-gallery-5 is-layout-flex wp-block-gallery-is-layout-flex\">\n<figure class=\"wp-block-image size-large\"><img loading=\"lazy\" decoding=\"async\" width=\"1000\" height=\"1000\" data-id=\"12547\" src=\"https:\/\/www.tarawa.com\/studio\/wp-content\/uploads\/2025\/01\/piercing-nombrilclip.png\" alt=\"\" class=\"wp-image-12547\" srcset=\"https:\/\/www.tarawa.com\/studio\/wp-content\/uploads\/2025\/01\/piercing-nombrilclip.png 1000w, https:\/\/www.tarawa.com\/studio\/wp-content\/uploads\/2025\/01\/piercing-nombrilclip-300x300.png 300w, https:\/\/www.tarawa.com\/studio\/wp-content\/uploads\/2025\/01\/piercing-nombrilclip-150x150.png 150w, https:\/\/www.tarawa.com\/studio\/wp-content\/uploads\/2025\/01\/piercing-nombrilclip-768x768.png 768w, https:\/\/www.tarawa.com\/studio\/wp-content\/uploads\/2025\/01\/piercing-nombrilclip-900x900.png 900w, https:\/\/www.tarawa.com\/studio\/wp-content\/uploads\/2025\/01\/piercing-nombrilclip-400x400.png 400w\" sizes=\"auto, (max-width: 1000px) 100vw, 1000px\" \/><\/figure>\n<\/figure>\n<\/div>\n<\/div>\n\n\n\n<div class=\"wp-block-columns is-layout-flex wp-container-core-columns-is-layout-9d6595d7 wp-block-columns-is-layout-flex\">\n<div class=\"wp-block-column is-layout-flow wp-block-column-is-layout-flow\">\n<figure class=\"wp-block-gallery has-nested-images columns-default is-cropped wp-block-gallery-6 is-layout-flex wp-block-gallery-is-layout-flex\">\n<figure class=\"wp-block-image size-large\"><img loading=\"lazy\" decoding=\"async\" width=\"1000\" height=\"1000\" data-id=\"12548\" src=\"https:\/\/www.tarawa.com\/studio\/wp-content\/uploads\/2025\/01\/piercing-nombril-coeur.png\" alt=\"\" class=\"wp-image-12548\" srcset=\"https:\/\/www.tarawa.com\/studio\/wp-content\/uploads\/2025\/01\/piercing-nombril-coeur.png 1000w, https:\/\/www.tarawa.com\/studio\/wp-content\/uploads\/2025\/01\/piercing-nombril-coeur-300x300.png 300w, https:\/\/www.tarawa.com\/studio\/wp-content\/uploads\/2025\/01\/piercing-nombril-coeur-150x150.png 150w, https:\/\/www.tarawa.com\/studio\/wp-content\/uploads\/2025\/01\/piercing-nombril-coeur-768x768.png 768w, https:\/\/www.tarawa.com\/studio\/wp-content\/uploads\/2025\/01\/piercing-nombril-coeur-900x900.png 900w, https:\/\/www.tarawa.com\/studio\/wp-content\/uploads\/2025\/01\/piercing-nombril-coeur-400x400.png 400w\" sizes=\"auto, (max-width: 1000px) 100vw, 1000px\" \/><\/figure>\n<\/figure>\n<\/div>\n\n\n\n<div class=\"wp-block-column is-layout-flow wp-block-column-is-layout-flow\">\n<figure class=\"wp-block-gallery has-nested-images columns-default is-cropped wp-block-gallery-7 is-layout-flex wp-block-gallery-is-layout-flex\">\n<figure class=\"wp-block-image size-large\"><img loading=\"lazy\" decoding=\"async\" width=\"1000\" height=\"1000\" data-id=\"12549\" src=\"https:\/\/www.tarawa.com\/studio\/wp-content\/uploads\/2025\/01\/piercing-nombril-femme.png\" alt=\"\" class=\"wp-image-12549\" srcset=\"https:\/\/www.tarawa.com\/studio\/wp-content\/uploads\/2025\/01\/piercing-nombril-femme.png 1000w, https:\/\/www.tarawa.com\/studio\/wp-content\/uploads\/2025\/01\/piercing-nombril-femme-300x300.png 300w, https:\/\/www.tarawa.com\/studio\/wp-content\/uploads\/2025\/01\/piercing-nombril-femme-150x150.png 150w, https:\/\/www.tarawa.com\/studio\/wp-content\/uploads\/2025\/01\/piercing-nombril-femme-768x768.png 768w, https:\/\/www.tarawa.com\/studio\/wp-content\/uploads\/2025\/01\/piercing-nombril-femme-900x900.png 900w, https:\/\/www.tarawa.com\/studio\/wp-content\/uploads\/2025\/01\/piercing-nombril-femme-400x400.png 400w\" sizes=\"auto, (max-width: 1000px) 100vw, 1000px\" \/><\/figure>\n<\/figure>\n<\/div>\n\n\n\n<div class=\"wp-block-column is-layout-flow wp-block-column-is-layout-flow\">\n<figure class=\"wp-block-gallery has-nested-images columns-default is-cropped wp-block-gallery-8 is-layout-flex wp-block-gallery-is-layout-flex\">\n<figure class=\"wp-block-image size-large\"><img loading=\"lazy\" decoding=\"async\" width=\"1000\" height=\"1000\" data-id=\"12550\" src=\"https:\/\/www.tarawa.com\/studio\/wp-content\/uploads\/2025\/01\/piercing-nombril-inverse.png\" alt=\"\" class=\"wp-image-12550\" srcset=\"https:\/\/www.tarawa.com\/studio\/wp-content\/uploads\/2025\/01\/piercing-nombril-inverse.png 1000w, https:\/\/www.tarawa.com\/studio\/wp-content\/uploads\/2025\/01\/piercing-nombril-inverse-300x300.png 300w, https:\/\/www.tarawa.com\/studio\/wp-content\/uploads\/2025\/01\/piercing-nombril-inverse-150x150.png 150w, https:\/\/www.tarawa.com\/studio\/wp-content\/uploads\/2025\/01\/piercing-nombril-inverse-768x768.png 768w, https:\/\/www.tarawa.com\/studio\/wp-content\/uploads\/2025\/01\/piercing-nombril-inverse-900x900.png 900w, https:\/\/www.tarawa.com\/studio\/wp-content\/uploads\/2025\/01\/piercing-nombril-inverse-400x400.png 400w\" sizes=\"auto, (max-width: 1000px) 100vw, 1000px\" \/><\/figure>\n<\/figure>\n<\/div>\n<\/div>\n\n\n\n<div class=\"wp-block-columns is-layout-flex wp-container-core-columns-is-layout-9d6595d7 wp-block-columns-is-layout-flex\">\n<div class=\"wp-block-column is-layout-flow wp-block-column-is-layout-flow\">\n<figure class=\"wp-block-gallery has-nested-images columns-default is-cropped wp-block-gallery-9 is-layout-flex wp-block-gallery-is-layout-flex\">\n<figure class=\"wp-block-image size-large\"><img loading=\"lazy\" decoding=\"async\" width=\"1000\" height=\"1000\" data-id=\"12551\" src=\"https:\/\/www.tarawa.com\/studio\/wp-content\/uploads\/2025\/01\/piercing-nombril-strass.png\" alt=\"\" class=\"wp-image-12551\" srcset=\"https:\/\/www.tarawa.com\/studio\/wp-content\/uploads\/2025\/01\/piercing-nombril-strass.png 1000w, https:\/\/www.tarawa.com\/studio\/wp-content\/uploads\/2025\/01\/piercing-nombril-strass-300x300.png 300w, https:\/\/www.tarawa.com\/studio\/wp-content\/uploads\/2025\/01\/piercing-nombril-strass-150x150.png 150w, https:\/\/www.tarawa.com\/studio\/wp-content\/uploads\/2025\/01\/piercing-nombril-strass-768x768.png 768w, https:\/\/www.tarawa.com\/studio\/wp-content\/uploads\/2025\/01\/piercing-nombril-strass-900x900.png 900w, https:\/\/www.tarawa.com\/studio\/wp-content\/uploads\/2025\/01\/piercing-nombril-strass-400x400.png 400w\" sizes=\"auto, (max-width: 1000px) 100vw, 1000px\" \/><\/figure>\n<\/figure>\n<\/div>\n\n\n\n<div class=\"wp-block-column is-layout-flow wp-block-column-is-layout-flow\">\n<figure class=\"wp-block-gallery has-nested-images columns-default is-cropped wp-block-gallery-10 is-layout-flex wp-block-gallery-is-layout-flex\">\n<figure class=\"wp-block-image size-large\"><img loading=\"lazy\" decoding=\"async\" width=\"1000\" height=\"1000\" data-id=\"12552\" src=\"https:\/\/www.tarawa.com\/studio\/wp-content\/uploads\/2025\/01\/piercing-nombril-ventre.png\" alt=\"\" class=\"wp-image-12552\" srcset=\"https:\/\/www.tarawa.com\/studio\/wp-content\/uploads\/2025\/01\/piercing-nombril-ventre.png 1000w, https:\/\/www.tarawa.com\/studio\/wp-content\/uploads\/2025\/01\/piercing-nombril-ventre-300x300.png 300w, https:\/\/www.tarawa.com\/studio\/wp-content\/uploads\/2025\/01\/piercing-nombril-ventre-150x150.png 150w, https:\/\/www.tarawa.com\/studio\/wp-content\/uploads\/2025\/01\/piercing-nombril-ventre-768x768.png 768w, https:\/\/www.tarawa.com\/studio\/wp-content\/uploads\/2025\/01\/piercing-nombril-ventre-900x900.png 900w, https:\/\/www.tarawa.com\/studio\/wp-content\/uploads\/2025\/01\/piercing-nombril-ventre-400x400.png 400w\" sizes=\"auto, (max-width: 1000px) 100vw, 1000px\" \/><\/figure>\n<\/figure>\n<\/div>\n\n\n\n<div class=\"wp-block-column is-layout-flow wp-block-column-is-layout-flow\">\n<figure class=\"wp-block-gallery has-nested-images columns-default is-cropped wp-block-gallery-11 is-layout-flex wp-block-gallery-is-layout-flex\">\n<figure class=\"wp-block-image size-large\"><img loading=\"lazy\" decoding=\"async\" width=\"1000\" height=\"1000\" data-id=\"12553\" src=\"https:\/\/www.tarawa.com\/studio\/wp-content\/uploads\/2025\/01\/piericng-nombril.png\" alt=\"\" class=\"wp-image-12553\" srcset=\"https:\/\/www.tarawa.com\/studio\/wp-content\/uploads\/2025\/01\/piericng-nombril.png 1000w, https:\/\/www.tarawa.com\/studio\/wp-content\/uploads\/2025\/01\/piericng-nombril-300x300.png 300w, https:\/\/www.tarawa.com\/studio\/wp-content\/uploads\/2025\/01\/piericng-nombril-150x150.png 150w, https:\/\/www.tarawa.com\/studio\/wp-content\/uploads\/2025\/01\/piericng-nombril-768x768.png 768w, https:\/\/www.tarawa.com\/studio\/wp-content\/uploads\/2025\/01\/piericng-nombril-900x900.png 900w, https:\/\/www.tarawa.com\/studio\/wp-content\/uploads\/2025\/01\/piericng-nombril-400x400.png 400w\" sizes=\"auto, (max-width: 1000px) 100vw, 1000px\" \/><\/figure>\n<\/figure>\n<\/div>\n<\/div>\n\n\n\n<div class=\"wp-block-buttons is-content-justification-center is-layout-flex wp-container-core-buttons-is-layout-16018d1d wp-block-buttons-is-layout-flex\">\n<div class=\"wp-block-button\"><a class=\"wp-block-button__link has-vivid-red-background-color has-background wp-element-button\" href=\"https:\/\/www.tarawa.com\/studio\/piercings-par-zone-tarifs\/\">Nos tarifs <\/a><\/div>\n<\/div>\n\n\n\n<p>Si vous avez la moindre question, n&rsquo;h\u00e9sitez pas \u00e0 nous contacter via <a href=\"https:\/\/www.instagram.com\/tarawa_officiel\/\">Instagram<\/a> ou en t\u00e9l\u00e9phonant directement au <a href=\"https:\/\/www.tarawa.com\/studio\/\">shop<\/a> nous sommes l\u00e0 pour vous conseiller ! <\/p>\n\n\n\n<p><\/p>\n","protected":false},"excerpt":{"rendered":"<p>Ces piercings nombril ont \u00e9t\u00e9 r\u00e9alis\u00e9s par l&rsquo;\u00e9quipe Tarawa avec des bijoux de nos shops et site internet disponible \u00e0 la vente : Si vous avez la moindre question, n&rsquo;h\u00e9sitez pas \u00e0 nous contacter via Instagram ou en t\u00e9l\u00e9phonant directement au shop nous sommes l\u00e0 pour vous conseiller !<\/p>\n","protected":false},"author":1,"featured_media":0,"parent":10920,"menu_order":0,"comment_status":"closed","ping_status":"closed","template":"","meta":{"_monsterinsights_skip_tracking":false,"_monsterinsights_sitenote_active":false,"_monsterinsights_sitenote_note":"","_monsterinsights_sitenote_category":0,"footnotes":""},"class_list":["post-12541","page","type-page","status-publish","hentry"],"_links":{"self":[{"href":"https:\/\/www.tarawa.com\/studio\/wp-json\/wp\/v2\/pages\/12541","targetHints":{"allow":["GET"]}}],"collection":[{"href":"https:\/\/www.tarawa.com\/studio\/wp-json\/wp\/v2\/pages"}],"about":[{"href":"https:\/\/www.tarawa.com\/studio\/wp-json\/wp\/v2\/types\/page"}],"author":[{"embeddable":true,"href":"https:\/\/www.tarawa.com\/studio\/wp-json\/wp\/v2\/users\/1"}],"replies":[{"embeddable":true,"href":"https:\/\/www.tarawa.com\/studio\/wp-json\/wp\/v2\/comments?post=12541"}],"version-history":[{"count":0,"href":"https:\/\/www.tarawa.com\/studio\/wp-json\/wp\/v2\/pages\/12541\/revisions"}],"up":[{"embeddable":true,"href":"https:\/\/www.tarawa.com\/studio\/wp-json\/wp\/v2\/pages\/10920"}],"wp:attachment":[{"href":"https:\/\/www.tarawa.com\/studio\/wp-json\/wp\/v2\/media?parent=12541"}],"curies":[{"name":"wp","href":"https:\/\/api.w.org\/{rel}","templated":true}]}}