{"id":11939,"date":"2024-09-25T15:06:38","date_gmt":"2024-09-25T13:06:38","guid":{"rendered":"https:\/\/www.tarawa.com\/studio\/?page_id=11939"},"modified":"2024-09-25T15:06:38","modified_gmt":"2024-09-25T13:06:38","slug":"soins-apres-tatouage","status":"publish","type":"page","link":"https:\/\/www.tarawa.com\/studio\/soins-apres-tatouage\/","title":{"rendered":"Soins apr\u00e8s tatouage"},"content":{"rendered":"\n<h2 class=\"wp-block-heading\">Comment prendre soin de son tatouage ?<\/h2>\n\n\n\n<p>Retrouvez ici toutes les informations n\u00e9cessaires au soin et \u00e0 l&rsquo;entretien de votre nouveau tatouage r\u00e9alis\u00e9 chez Tarawa. Gardez la beaut\u00e9 et l&rsquo;\u00e9clat de votre tatouage comme au premier jour en suivant les conseils Tarawa. Retrouvez en boutique et sur notre site en ligne tous <a href=\"https:\/\/www.tarawa.com\/recherche?controller=search&amp;s=soins+tatouage\" target=\"_blank\" rel=\"noopener\" title=\"\">nos produits de soin<\/a> destin\u00e9s \u00e0 l&rsquo;entretien de votre tatouage. D\u00e9couvrez aussi l&rsquo;ensemble de nos <a href=\"https:\/\/www.tarawa.com\/studio\/tatoueur\/\" target=\"_blank\" rel=\"noopener\" title=\"\">artistes tatoueurs<\/a> r\u00e9sidents et Guests dans nos <a href=\"https:\/\/www.tarawa.com\/studio\/\" target=\"_blank\" rel=\"noopener\" title=\"\">shops<\/a>. Pour toute question ou demande, <a href=\"https:\/\/www.tarawa.com\/studio\/contact\/\" target=\"_blank\" rel=\"noopener\" title=\"\">contactez-nous<\/a>.<\/p>\n\n\n\n<h2 class=\"wp-block-heading\">Prendre soin de son tatouage : <\/h2>\n\n\n\n<h3 class=\"wp-block-heading\">\u00c9tape 1 : Nettoyer<\/h3>\n\n\n\n<ol class=\"wp-block-list\">\n<li>Lavez-vous les mains avec le gel nettoyant doux TARAWA.<\/li>\n\n\n\n<li>Sur votre main humide, versez une noisette du gel nettoyant.<\/li>\n\n\n\n<li>Nettoyez votre tatouage.<\/li>\n\n\n\n<li>Rincez abondamment \u00e0 l\u2019eau claire.<\/li>\n\n\n\n<li>Essuyez soigneusement en tamponnant avec un linge propre.<\/li>\n<\/ol>\n\n\n\n<h3 class=\"wp-block-heading\">\u00c9tape 2 : Hydrater et R\u00e9g\u00e9n\u00e9rer<\/h3>\n\n\n\n<ol class=\"wp-block-list\">\n<li>Appliquez en massant l\u00e9g\u00e8rement la cr\u00e8me TARAWA sur le tatouage propre et sec.<\/li>\n\n\n\n<li>Renouvelez l\u2019op\u00e9ration plusieurs fois par jour pour maintenir l\u2019hydratation.<\/li>\n<\/ol>\n\n\n\n<h3 class=\"wp-block-heading\">Conseils \u00e0 observer pendant 3 semaines :<\/h3>\n\n\n\n<ul class=\"wp-block-list\">\n<li>Laissez respirer votre peau.<\/li>\n\n\n\n<li>\u00c9vitez de filmer votre tatouage avec du c\u00e9llophane.<\/li>\n\n\n\n<li>\u00c9vitez de toucher ou gratter votre tatouage.<\/li>\n\n\n\n<li>\u00c9vitez les v\u00eatements moulants et\/ou synth\u00e9tiques.<\/li>\n\n\n\n<li>Pas de baignade longue (bain, mer, piscine\u2026).<\/li>\n\n\n\n<li>Pas d\u2019exposition solaire ni cabine UV.<\/li>\n<\/ul>\n\n\n\n<h2 class=\"wp-block-heading\">Nos conseils apr\u00e8s un tatouage :<\/h2>\n\n\n\n<p>Apr\u00e8s votre s\u00e9ance, il est normal de ressentir certaines sensations similaires \u00e0 un coup de soleil, avec une zone qui peut \u00eatre rouge et l\u00e9g\u00e8rement enfl\u00e9e. Ces sympt\u00f4mes devraient s\u2019am\u00e9liorer progressivement.<\/p>\n\n\n\n<p>Imm\u00e9diatement apr\u00e8s : La zone tatou\u00e9e peut \u00eatre rouge et enfl\u00e9e, semblable \u00e0 un coup de soleil. Une<br>l\u00e9g\u00e8re saign\u00e9e ou suintement est \u00e9galement possible.<\/p>\n\n\n\n<p>Les jours suivants : La peau commencera \u00e0 former une cro\u00fbte fine. Il est crucial de ne pas gratter cette cro\u00fbte pour \u00e9viter des cicatrices ou des d\u00e9colorations.<\/p>\n\n\n\n<p>Sur le long terme : La couleur du tatouage va s\u2019\u00e9claircir l\u00e9g\u00e8rement apr\u00e8s la cicatrisation. Cela peut varier de 20 \u00e0 40 % selon les individus et l\u2019encre utilis\u00e9e. Il est important de suivre scrupuleusement les conseils donn\u00e9s par Tarawa pour assurer une bonne cicatrisation et un r\u00e9sultat esth\u00e9tique optimal.<\/p>\n\n\n\n<h2 class=\"wp-block-heading\">Entretenir son tatouage : <\/h2>\n\n\n\n<p>Une fois votre tatouage compl\u00e8tement cicatris\u00e9, un entretien appropri\u00e9 reste essentiel pour pr\u00e9server la beaut\u00e9 et la vivacit\u00e9 de ses couleurs au fil du temps. Tout comme votre peau, plus vous en prenez soin, mieux votre tatouage vieillira.<\/p>\n\n\n\n<p>Il se peut que des retouches soient n\u00e9cessaires apr\u00e8s la cicatrisation compl\u00e8te du tatouage. Ces retouches permettent de corriger d\u2019\u00e9ventuelles irr\u00e9gularit\u00e9s ou d\u00e9colorations qui peuvent appara\u00eetre une fois la peau gu\u00e9rie. Nous vous conseillons de prendre rendez-vous pour une retouche entre un et trois mois apr\u00e8s la s\u00e9ance initiale, ce service \u00e9tant inclus dans votre prestation initiale.<\/p>\n\n\n\n<p><strong>Pour garantir une long\u00e9vit\u00e9 optimale \u00e0 votre tatouage, suivez ces recommandations simples :<\/strong><\/p>\n\n\n\n<p>Protection contre les UV : \u00c9vitez l\u2019exposition prolong\u00e9e au soleil. Lorsque vous \u00eates en ext\u00e9rieur, appliquez une cr\u00e8me solaire \u00e0 fort indice de protection pour pr\u00e9server les pigments de votre tatouage des effets d\u00e9colorants des rayons UV.<\/p>\n\n\n\n<p>Hydratation : Gardez la peau tatou\u00e9e bien hydrat\u00e9e. Utilisez une lotion ou une cr\u00e8me hydratante sp\u00e9cialement formul\u00e9e pour les peaux tatou\u00e9es pour maintenir l\u2019\u00e9lasticit\u00e9 de la peau et l\u2019\u00e9clat des couleurs.<\/p>\n\n\n\n<p>En adoptant ces soins continus, vous contribuerez \u00e0 ce que votre tatouage demeure aussi vibrant et d\u00e9taill\u00e9 que le jour o\u00f9 il a \u00e9t\u00e9 fait.<\/p>\n\n\n\n<div class=\"wp-block-buttons is-content-justification-center is-layout-flex wp-container-core-buttons-is-layout-16018d1d wp-block-buttons-is-layout-flex\">\n<div class=\"wp-block-button\"><a class=\"wp-block-button__link has-vivid-red-background-color has-background has-text-align-center wp-element-button\" href=\"https:\/\/www.tarawa.com\/studio\/tatoueur\/\" target=\"_blank\" rel=\"noreferrer noopener\">D\u00e9couvrez les artistes tatoueurs Tarawa !<\/a><\/div>\n<\/div>\n","protected":false},"excerpt":{"rendered":"<p>Comment prendre soin de son tatouage ? Retrouvez ici toutes les informations n\u00e9cessaires au soin et \u00e0 l&rsquo;entretien de votre nouveau tatouage r\u00e9alis\u00e9 chez Tarawa. Gardez la beaut\u00e9 et l&rsquo;\u00e9clat de votre tatouage comme au premier jour en suivant les conseils Tarawa. Retrouvez en boutique et sur notre site en ligne tous nos produits de &hellip; <\/p>\n","protected":false},"author":3,"featured_media":0,"parent":0,"menu_order":0,"comment_status":"closed","ping_status":"closed","template":"","meta":{"_monsterinsights_skip_tracking":false,"_monsterinsights_sitenote_active":false,"_monsterinsights_sitenote_note":"","_monsterinsights_sitenote_category":0,"footnotes":""},"class_list":["post-11939","page","type-page","status-publish","hentry"],"_links":{"self":[{"href":"https:\/\/www.tarawa.com\/studio\/wp-json\/wp\/v2\/pages\/11939","targetHints":{"allow":["GET"]}}],"collection":[{"href":"https:\/\/www.tarawa.com\/studio\/wp-json\/wp\/v2\/pages"}],"about":[{"href":"https:\/\/www.tarawa.com\/studio\/wp-json\/wp\/v2\/types\/page"}],"author":[{"embeddable":true,"href":"https:\/\/www.tarawa.com\/studio\/wp-json\/wp\/v2\/users\/3"}],"replies":[{"embeddable":true,"href":"https:\/\/www.tarawa.com\/studio\/wp-json\/wp\/v2\/comments?post=11939"}],"version-history":[{"count":0,"href":"https:\/\/www.tarawa.com\/studio\/wp-json\/wp\/v2\/pages\/11939\/revisions"}],"wp:attachment":[{"href":"https:\/\/www.tarawa.com\/studio\/wp-json\/wp\/v2\/media?parent=11939"}],"curies":[{"name":"wp","href":"https:\/\/api.w.org\/{rel}","templated":true}]}}