{"id":11579,"date":"2024-07-09T14:49:23","date_gmt":"2024-07-09T12:49:23","guid":{"rendered":"https:\/\/www.tarawa.com\/studio\/?page_id=11579"},"modified":"2025-09-25T10:08:12","modified_gmt":"2025-09-25T08:08:12","slug":"duda-cavallini","status":"publish","type":"page","link":"https:\/\/www.tarawa.com\/studio\/duda-cavallini\/","title":{"rendered":"Duda Cavallini"},"content":{"rendered":"\n<div class=\"wp-block-columns is-layout-flex wp-container-core-columns-is-layout-9d6595d7 wp-block-columns-is-layout-flex\">\n<div class=\"wp-block-column is-layout-flow wp-block-column-is-layout-flow\">\n<h2 class=\"wp-block-heading\">Duda Cavallini &#8211; Tatoueuse Tarawa Cap d&rsquo;Agde<\/h2>\n\n\n\n<p>Duda Cavallini est une <a href=\"https:\/\/www.tarawa.com\/studio\/tatoueur\/\" target=\"_blank\" rel=\"noopener\" title=\"\">artiste tatoueuse<\/a> renomm\u00e9e Br\u00e9silienne, connue pour ses cr\u00e9ations d\u00e9licates et raffin\u00e9es. Son style distinctif se caract\u00e9rise par l&rsquo;utilisation de lignes fines et pr\u00e9cises, donnant \u00e0 ses \u0153uvres une esth\u00e9tique \u00e9pur\u00e9e et intemporelle.<\/p>\n\n\n\n<p>Les tatouages de Duda Cavallini incluent une vari\u00e9t\u00e9 de motifs floraux, d&rsquo;animaux et de symboles d\u00e9licats, chacun minutieusement d\u00e9taill\u00e9 pour capturer l&rsquo;essence du sujet. <\/p>\n\n\n\n<p>Ses tatouages sont souvent empreints d&rsquo;une sensibilit\u00e9 po\u00e9tique, avec des lignes, courbes et des espaces n\u00e9gatifs bien utilis\u00e9s pour cr\u00e9er des \u0153uvres d&rsquo;art subtiles mais puissantes.<\/p>\n\n\n\n<p>Duda s&rsquo;engage \u00e0 vous offrir des tatouages personnalis\u00e9s qui racontent votre histoire.<br><br><strong>Contactez-nous :<\/strong><\/p>\n\n\n\n<p>Shop <a href=\"https:\/\/www.tarawa.com\/studio\/cap-d-agde\/\" target=\"_blank\" rel=\"noopener\" title=\"Cap d'Agde\">Tarawa Cap d&rsquo;Agde<\/a> : 11 Quai Di Dominico, 34300 Cap d&rsquo;Agde<br>Par t\u00e9l\u00e9phone : <a href=\"tel:0467323425\" title=\"04 67 32 34 25\">04 67 32 34 25<\/a><br>Par message : <a href=\"https:\/\/www.instagram.com\/tarawa_officiel\/\" target=\"_blank\" rel=\"noopener\" title=\"\">@tarawa_officiel<\/a><br>Par mail : <a href=\"mailto:capdagde@tarawa.com\">capdagde@tarawa.com<\/a><\/p>\n\n\n\n<div class=\"wp-block-buttons is-content-justification-center is-layout-flex wp-container-core-buttons-is-layout-16018d1d wp-block-buttons-is-layout-flex\">\n<div class=\"wp-block-button\"><a class=\"wp-block-button__link has-white-color has-vivid-red-background-color has-text-color has-background wp-element-button\" href=\"https:\/\/www.tarawa.com\/studio\/devis-tattoo\/\" target=\"_blank\" rel=\"noreferrer noopener\">Demandez votre devis<\/a><\/div>\n<\/div>\n<\/div>\n\n\n\n<div class=\"wp-block-column is-layout-flow wp-block-column-is-layout-flow\">\n<figure class=\"wp-block-image size-full\"><img loading=\"lazy\" decoding=\"async\" width=\"509\" height=\"679\" src=\"https:\/\/www.tarawa.com\/studio\/wp-content\/uploads\/2024\/08\/tarawa_tatoueuse_duda.webp\" alt=\"\" class=\"wp-image-12047\" srcset=\"https:\/\/www.tarawa.com\/studio\/wp-content\/uploads\/2024\/08\/tarawa_tatoueuse_duda.webp 509w, https:\/\/www.tarawa.com\/studio\/wp-content\/uploads\/2024\/08\/tarawa_tatoueuse_duda-225x300.webp 225w, https:\/\/www.tarawa.com\/studio\/wp-content\/uploads\/2024\/08\/tarawa_tatoueuse_duda-400x534.webp 400w\" sizes=\"auto, (max-width: 509px) 100vw, 509px\" \/><\/figure>\n<\/div>\n<\/div>\n\n\n\n<figure class=\"wp-block-gallery has-nested-images columns-default is-cropped wp-block-gallery-1 is-layout-flex wp-block-gallery-is-layout-flex\">\n<figure class=\"wp-block-image size-full\"><img loading=\"lazy\" decoding=\"async\" width=\"1000\" height=\"1000\" data-id=\"13301\" src=\"https:\/\/www.tarawa.com\/studio\/wp-content\/uploads\/2025\/09\/duda-tatouage-colonne-tarawa.png\" alt=\"\" class=\"wp-image-13301\" srcset=\"https:\/\/www.tarawa.com\/studio\/wp-content\/uploads\/2025\/09\/duda-tatouage-colonne-tarawa.png 1000w, https:\/\/www.tarawa.com\/studio\/wp-content\/uploads\/2025\/09\/duda-tatouage-colonne-tarawa-300x300.png 300w, https:\/\/www.tarawa.com\/studio\/wp-content\/uploads\/2025\/09\/duda-tatouage-colonne-tarawa-150x150.png 150w, https:\/\/www.tarawa.com\/studio\/wp-content\/uploads\/2025\/09\/duda-tatouage-colonne-tarawa-768x768.png 768w, https:\/\/www.tarawa.com\/studio\/wp-content\/uploads\/2025\/09\/duda-tatouage-colonne-tarawa-900x900.png 900w, https:\/\/www.tarawa.com\/studio\/wp-content\/uploads\/2025\/09\/duda-tatouage-colonne-tarawa-400x400.png 400w\" sizes=\"auto, (max-width: 1000px) 100vw, 1000px\" \/><\/figure>\n\n\n\n<figure class=\"wp-block-image size-full\"><img loading=\"lazy\" decoding=\"async\" width=\"1000\" height=\"1000\" data-id=\"13302\" src=\"https:\/\/www.tarawa.com\/studio\/wp-content\/uploads\/2025\/09\/duda-tatouage-coquillage-tarawa.png\" alt=\"\" class=\"wp-image-13302\" srcset=\"https:\/\/www.tarawa.com\/studio\/wp-content\/uploads\/2025\/09\/duda-tatouage-coquillage-tarawa.png 1000w, https:\/\/www.tarawa.com\/studio\/wp-content\/uploads\/2025\/09\/duda-tatouage-coquillage-tarawa-300x300.png 300w, https:\/\/www.tarawa.com\/studio\/wp-content\/uploads\/2025\/09\/duda-tatouage-coquillage-tarawa-150x150.png 150w, https:\/\/www.tarawa.com\/studio\/wp-content\/uploads\/2025\/09\/duda-tatouage-coquillage-tarawa-768x768.png 768w, https:\/\/www.tarawa.com\/studio\/wp-content\/uploads\/2025\/09\/duda-tatouage-coquillage-tarawa-900x900.png 900w, https:\/\/www.tarawa.com\/studio\/wp-content\/uploads\/2025\/09\/duda-tatouage-coquillage-tarawa-400x400.png 400w\" sizes=\"auto, (max-width: 1000px) 100vw, 1000px\" \/><\/figure>\n\n\n\n<figure class=\"wp-block-image size-full\"><img loading=\"lazy\" decoding=\"async\" width=\"1000\" height=\"1000\" data-id=\"13303\" src=\"https:\/\/www.tarawa.com\/studio\/wp-content\/uploads\/2025\/09\/duda-tatouage-duo-papillon-tarawa.png\" alt=\"\" class=\"wp-image-13303\" srcset=\"https:\/\/www.tarawa.com\/studio\/wp-content\/uploads\/2025\/09\/duda-tatouage-duo-papillon-tarawa.png 1000w, https:\/\/www.tarawa.com\/studio\/wp-content\/uploads\/2025\/09\/duda-tatouage-duo-papillon-tarawa-300x300.png 300w, https:\/\/www.tarawa.com\/studio\/wp-content\/uploads\/2025\/09\/duda-tatouage-duo-papillon-tarawa-150x150.png 150w, https:\/\/www.tarawa.com\/studio\/wp-content\/uploads\/2025\/09\/duda-tatouage-duo-papillon-tarawa-768x768.png 768w, https:\/\/www.tarawa.com\/studio\/wp-content\/uploads\/2025\/09\/duda-tatouage-duo-papillon-tarawa-900x900.png 900w, https:\/\/www.tarawa.com\/studio\/wp-content\/uploads\/2025\/09\/duda-tatouage-duo-papillon-tarawa-400x400.png 400w\" sizes=\"auto, (max-width: 1000px) 100vw, 1000px\" \/><\/figure>\n\n\n\n<figure class=\"wp-block-image size-full\"><img loading=\"lazy\" decoding=\"async\" width=\"1000\" height=\"1000\" data-id=\"13304\" src=\"https:\/\/www.tarawa.com\/studio\/wp-content\/uploads\/2025\/09\/duda-tatouage-duo-tattoos-tarawa.png\" alt=\"\" class=\"wp-image-13304\" srcset=\"https:\/\/www.tarawa.com\/studio\/wp-content\/uploads\/2025\/09\/duda-tatouage-duo-tattoos-tarawa.png 1000w, https:\/\/www.tarawa.com\/studio\/wp-content\/uploads\/2025\/09\/duda-tatouage-duo-tattoos-tarawa-300x300.png 300w, https:\/\/www.tarawa.com\/studio\/wp-content\/uploads\/2025\/09\/duda-tatouage-duo-tattoos-tarawa-150x150.png 150w, https:\/\/www.tarawa.com\/studio\/wp-content\/uploads\/2025\/09\/duda-tatouage-duo-tattoos-tarawa-768x768.png 768w, https:\/\/www.tarawa.com\/studio\/wp-content\/uploads\/2025\/09\/duda-tatouage-duo-tattoos-tarawa-900x900.png 900w, https:\/\/www.tarawa.com\/studio\/wp-content\/uploads\/2025\/09\/duda-tatouage-duo-tattoos-tarawa-400x400.png 400w\" sizes=\"auto, (max-width: 1000px) 100vw, 1000px\" \/><\/figure>\n\n\n\n<figure class=\"wp-block-image size-full\"><img loading=\"lazy\" decoding=\"async\" width=\"1000\" height=\"1000\" data-id=\"13305\" src=\"https:\/\/www.tarawa.com\/studio\/wp-content\/uploads\/2025\/09\/duda-tatouage-femme-croix-tarawa.png\" alt=\"\" class=\"wp-image-13305\" srcset=\"https:\/\/www.tarawa.com\/studio\/wp-content\/uploads\/2025\/09\/duda-tatouage-femme-croix-tarawa.png 1000w, https:\/\/www.tarawa.com\/studio\/wp-content\/uploads\/2025\/09\/duda-tatouage-femme-croix-tarawa-300x300.png 300w, https:\/\/www.tarawa.com\/studio\/wp-content\/uploads\/2025\/09\/duda-tatouage-femme-croix-tarawa-150x150.png 150w, https:\/\/www.tarawa.com\/studio\/wp-content\/uploads\/2025\/09\/duda-tatouage-femme-croix-tarawa-768x768.png 768w, https:\/\/www.tarawa.com\/studio\/wp-content\/uploads\/2025\/09\/duda-tatouage-femme-croix-tarawa-900x900.png 900w, https:\/\/www.tarawa.com\/studio\/wp-content\/uploads\/2025\/09\/duda-tatouage-femme-croix-tarawa-400x400.png 400w\" sizes=\"auto, (max-width: 1000px) 100vw, 1000px\" \/><\/figure>\n\n\n\n<figure class=\"wp-block-image size-full\"><img loading=\"lazy\" decoding=\"async\" width=\"1000\" height=\"1000\" data-id=\"13306\" src=\"https:\/\/www.tarawa.com\/studio\/wp-content\/uploads\/2025\/09\/duda-tatouage-fleurs.png\" alt=\"\" class=\"wp-image-13306\" srcset=\"https:\/\/www.tarawa.com\/studio\/wp-content\/uploads\/2025\/09\/duda-tatouage-fleurs.png 1000w, https:\/\/www.tarawa.com\/studio\/wp-content\/uploads\/2025\/09\/duda-tatouage-fleurs-300x300.png 300w, https:\/\/www.tarawa.com\/studio\/wp-content\/uploads\/2025\/09\/duda-tatouage-fleurs-150x150.png 150w, https:\/\/www.tarawa.com\/studio\/wp-content\/uploads\/2025\/09\/duda-tatouage-fleurs-768x768.png 768w, https:\/\/www.tarawa.com\/studio\/wp-content\/uploads\/2025\/09\/duda-tatouage-fleurs-900x900.png 900w, https:\/\/www.tarawa.com\/studio\/wp-content\/uploads\/2025\/09\/duda-tatouage-fleurs-400x400.png 400w\" sizes=\"auto, (max-width: 1000px) 100vw, 1000px\" \/><\/figure>\n\n\n\n<figure class=\"wp-block-image size-full\"><img loading=\"lazy\" decoding=\"async\" width=\"1000\" height=\"1000\" data-id=\"13307\" src=\"https:\/\/www.tarawa.com\/studio\/wp-content\/uploads\/2025\/09\/duda-tatouage-fleurs-croix-tarawa.png\" alt=\"\" class=\"wp-image-13307\" srcset=\"https:\/\/www.tarawa.com\/studio\/wp-content\/uploads\/2025\/09\/duda-tatouage-fleurs-croix-tarawa.png 1000w, https:\/\/www.tarawa.com\/studio\/wp-content\/uploads\/2025\/09\/duda-tatouage-fleurs-croix-tarawa-300x300.png 300w, https:\/\/www.tarawa.com\/studio\/wp-content\/uploads\/2025\/09\/duda-tatouage-fleurs-croix-tarawa-150x150.png 150w, https:\/\/www.tarawa.com\/studio\/wp-content\/uploads\/2025\/09\/duda-tatouage-fleurs-croix-tarawa-768x768.png 768w, https:\/\/www.tarawa.com\/studio\/wp-content\/uploads\/2025\/09\/duda-tatouage-fleurs-croix-tarawa-900x900.png 900w, https:\/\/www.tarawa.com\/studio\/wp-content\/uploads\/2025\/09\/duda-tatouage-fleurs-croix-tarawa-400x400.png 400w\" sizes=\"auto, (max-width: 1000px) 100vw, 1000px\" \/><\/figure>\n\n\n\n<figure class=\"wp-block-image size-full\"><img loading=\"lazy\" decoding=\"async\" width=\"1000\" height=\"1000\" data-id=\"13308\" src=\"https:\/\/www.tarawa.com\/studio\/wp-content\/uploads\/2025\/09\/duda-tatouage-fleurs-epaule-tarawa.png\" alt=\"\" class=\"wp-image-13308\" srcset=\"https:\/\/www.tarawa.com\/studio\/wp-content\/uploads\/2025\/09\/duda-tatouage-fleurs-epaule-tarawa.png 1000w, https:\/\/www.tarawa.com\/studio\/wp-content\/uploads\/2025\/09\/duda-tatouage-fleurs-epaule-tarawa-300x300.png 300w, https:\/\/www.tarawa.com\/studio\/wp-content\/uploads\/2025\/09\/duda-tatouage-fleurs-epaule-tarawa-150x150.png 150w, https:\/\/www.tarawa.com\/studio\/wp-content\/uploads\/2025\/09\/duda-tatouage-fleurs-epaule-tarawa-768x768.png 768w, https:\/\/www.tarawa.com\/studio\/wp-content\/uploads\/2025\/09\/duda-tatouage-fleurs-epaule-tarawa-900x900.png 900w, https:\/\/www.tarawa.com\/studio\/wp-content\/uploads\/2025\/09\/duda-tatouage-fleurs-epaule-tarawa-400x400.png 400w\" sizes=\"auto, (max-width: 1000px) 100vw, 1000px\" \/><\/figure>\n\n\n\n<figure class=\"wp-block-image size-full\"><img loading=\"lazy\" decoding=\"async\" width=\"1000\" height=\"1000\" data-id=\"13309\" src=\"https:\/\/www.tarawa.com\/studio\/wp-content\/uploads\/2025\/09\/duda-tatouage-fleurs-tarawa.png\" alt=\"\" class=\"wp-image-13309\" srcset=\"https:\/\/www.tarawa.com\/studio\/wp-content\/uploads\/2025\/09\/duda-tatouage-fleurs-tarawa.png 1000w, https:\/\/www.tarawa.com\/studio\/wp-content\/uploads\/2025\/09\/duda-tatouage-fleurs-tarawa-300x300.png 300w, https:\/\/www.tarawa.com\/studio\/wp-content\/uploads\/2025\/09\/duda-tatouage-fleurs-tarawa-150x150.png 150w, https:\/\/www.tarawa.com\/studio\/wp-content\/uploads\/2025\/09\/duda-tatouage-fleurs-tarawa-768x768.png 768w, https:\/\/www.tarawa.com\/studio\/wp-content\/uploads\/2025\/09\/duda-tatouage-fleurs-tarawa-900x900.png 900w, https:\/\/www.tarawa.com\/studio\/wp-content\/uploads\/2025\/09\/duda-tatouage-fleurs-tarawa-400x400.png 400w\" sizes=\"auto, (max-width: 1000px) 100vw, 1000px\" \/><\/figure>\n<\/figure>\n\n\n\n<div class=\"wp-block-buttons is-content-justification-center is-layout-flex wp-container-core-buttons-is-layout-16018d1d wp-block-buttons-is-layout-flex\">\n<div class=\"wp-block-button\"><a class=\"wp-block-button__link has-white-color has-vivid-red-background-color has-text-color has-background wp-element-button\" href=\"https:\/\/www.tarawa.com\/studio\/album-duda-cavallini\/\" target=\"_blank\" rel=\"noreferrer noopener\">Voir l&rsquo;album de Duda Cavallini<\/a><\/div>\n<\/div>\n","protected":false},"excerpt":{"rendered":"<p>Duda Cavallini &#8211; Tatoueuse Tarawa Cap d&rsquo;Agde Duda Cavallini est une artiste tatoueuse renomm\u00e9e Br\u00e9silienne, connue pour ses cr\u00e9ations d\u00e9licates et raffin\u00e9es. Son style distinctif se caract\u00e9rise par l&rsquo;utilisation de lignes fines et pr\u00e9cises, donnant \u00e0 ses \u0153uvres une esth\u00e9tique \u00e9pur\u00e9e et intemporelle. Les tatouages de Duda Cavallini incluent une vari\u00e9t\u00e9 de motifs floraux, d&rsquo;animaux &hellip; <\/p>\n","protected":false},"author":3,"featured_media":11580,"parent":0,"menu_order":0,"comment_status":"closed","ping_status":"closed","template":"","meta":{"_monsterinsights_skip_tracking":false,"_monsterinsights_sitenote_active":false,"_monsterinsights_sitenote_note":"","_monsterinsights_sitenote_category":0,"footnotes":""},"class_list":["post-11579","page","type-page","status-publish","has-post-thumbnail","hentry"],"_links":{"self":[{"href":"https:\/\/www.tarawa.com\/studio\/wp-json\/wp\/v2\/pages\/11579","targetHints":{"allow":["GET"]}}],"collection":[{"href":"https:\/\/www.tarawa.com\/studio\/wp-json\/wp\/v2\/pages"}],"about":[{"href":"https:\/\/www.tarawa.com\/studio\/wp-json\/wp\/v2\/types\/page"}],"author":[{"embeddable":true,"href":"https:\/\/www.tarawa.com\/studio\/wp-json\/wp\/v2\/users\/3"}],"replies":[{"embeddable":true,"href":"https:\/\/www.tarawa.com\/studio\/wp-json\/wp\/v2\/comments?post=11579"}],"version-history":[{"count":0,"href":"https:\/\/www.tarawa.com\/studio\/wp-json\/wp\/v2\/pages\/11579\/revisions"}],"wp:featuredmedia":[{"embeddable":true,"href":"https:\/\/www.tarawa.com\/studio\/wp-json\/wp\/v2\/media\/11580"}],"wp:attachment":[{"href":"https:\/\/www.tarawa.com\/studio\/wp-json\/wp\/v2\/media?parent=11579"}],"curies":[{"name":"wp","href":"https:\/\/api.w.org\/{rel}","templated":true}]}}