{"id":11257,"date":"2024-06-04T15:12:25","date_gmt":"2024-06-04T13:12:25","guid":{"rendered":"https:\/\/www.tarawa.com\/studio\/?page_id=11257"},"modified":"2025-12-12T15:55:15","modified_gmt":"2025-12-12T14:55:15","slug":"fanny","status":"publish","type":"page","link":"https:\/\/www.tarawa.com\/studio\/fanny\/","title":{"rendered":"Fanny"},"content":{"rendered":"\n<div class=\"wp-block-columns is-layout-flex wp-container-core-columns-is-layout-9d6595d7 wp-block-columns-is-layout-flex\">\n<div class=\"wp-block-column is-layout-flow wp-block-column-is-layout-flow\">\n<h2 class=\"wp-block-heading\">Fanny &#8211; Tatoueuse Tarawa Cap d&rsquo;Agde et Vias-Plage<\/h2>\n\n\n\n<p>Fanny, <a href=\"https:\/\/www.tarawa.com\/studio\/tatoueur\/\" target=\"_blank\" rel=\"noopener\" title=\"artiste tatoueuse\">artiste tatoueuse<\/a>, apporte une touche unique et artistique \u00e0 chaque \u0153uvre qu&rsquo;elle cr\u00e9e. Sp\u00e9cialis\u00e9e dans les motifs d\u00e9taill\u00e9s et les portraits stylis\u00e9s. Que ce soit des figures f\u00e9minines, des repr\u00e9sentations de la nature, ou des symboles mystiques, chaque tatouage est une pi\u00e8ce d&rsquo;art personnalis\u00e9e con\u00e7ue pour refl\u00e9ter les d\u00e9sirs et les histoires de nos clients.<\/p>\n\n\n\n<p><\/p>\n\n\n\n<p><strong>Contactez-nous :<\/strong><\/p>\n\n\n\n<p>Shop <a href=\"https:\/\/www.tarawa.com\/studio\/cap-d-agde\/\" target=\"_blank\" rel=\"noreferrer noopener\">Tarawa Cap d\u2019Agde<\/a>&nbsp;: 11 Quai Di Dominico, 34300 Cap d&rsquo;Agde<br>Par t\u00e9l\u00e9phone :&nbsp;<a href=\"tel:0467323425\">04 67 32 34 25<\/a><br>Par message :&nbsp;<a href=\"https:\/\/www.instagram.com\/tarawa_officiel\/\" target=\"_blank\" rel=\"noreferrer noopener\">@tarawa_officiel<\/a><br>Par mail :&nbsp;<a href=\"mailto:capdagde@tarawa.com\">capdagde@tarawa.com<\/a><br><br>Shop <a href=\"http:\/\/tarawa.com\/studio\/vias-plage\/\" target=\"_blank\" rel=\"noopener\" title=\"\">Tarawa Vias<\/a> : 1066 Av. de la M\u00e9diterran\u00e9e N\u00b03, Vias-Plage<br>Par t\u00e9l\u00e9phone : <a href=\"tel:0467941406\" title=\"\">04 67 94 14 06<\/a><br>Par message sur : <a href=\"https:\/\/www.instagram.com\/tarawa_officiel\/\" target=\"_blank\" rel=\"noopener\" title=\"\">@tarawa_officiel<\/a> <br>Par mail : <a href=\"mailto:vias@tarawa.com\">vias@tarawa.com<\/a><\/p>\n\n\n\n<div class=\"wp-block-buttons is-content-justification-center is-layout-flex wp-container-core-buttons-is-layout-16018d1d wp-block-buttons-is-layout-flex\">\n<div class=\"wp-block-button\"><a class=\"wp-block-button__link has-white-color has-vivid-red-background-color has-text-color has-background wp-element-button\" href=\"https:\/\/www.tarawa.com\/studio\/devis-tattoo\/\" target=\"_blank\" rel=\"noreferrer noopener\">Demandez votre devis<\/a><\/div>\n<\/div>\n<\/div>\n\n\n\n<div class=\"wp-block-column is-layout-flow wp-block-column-is-layout-flow\">\n<figure class=\"wp-block-image size-large\"><img loading=\"lazy\" decoding=\"async\" width=\"1024\" height=\"1433\" src=\"https:\/\/www.tarawa.com\/studio\/wp-content\/uploads\/2024\/06\/tarawa_tatoueuse_fanny-2-1024x1433.webp\" alt=\"\" class=\"wp-image-11294\" srcset=\"https:\/\/www.tarawa.com\/studio\/wp-content\/uploads\/2024\/06\/tarawa_tatoueuse_fanny-2-1024x1433.webp 1024w, https:\/\/www.tarawa.com\/studio\/wp-content\/uploads\/2024\/06\/tarawa_tatoueuse_fanny-2-214x300.webp 214w, https:\/\/www.tarawa.com\/studio\/wp-content\/uploads\/2024\/06\/tarawa_tatoueuse_fanny-2-768x1075.webp 768w, https:\/\/www.tarawa.com\/studio\/wp-content\/uploads\/2024\/06\/tarawa_tatoueuse_fanny-2-1098x1536.webp 1098w, https:\/\/www.tarawa.com\/studio\/wp-content\/uploads\/2024\/06\/tarawa_tatoueuse_fanny-2-900x1259.webp 900w, https:\/\/www.tarawa.com\/studio\/wp-content\/uploads\/2024\/06\/tarawa_tatoueuse_fanny-2-400x560.webp 400w, https:\/\/www.tarawa.com\/studio\/wp-content\/uploads\/2024\/06\/tarawa_tatoueuse_fanny-2.webp 1440w\" sizes=\"auto, (max-width: 1024px) 100vw, 1024px\" \/><\/figure>\n<\/div>\n<\/div>\n\n\n\n<figure class=\"wp-block-gallery has-nested-images columns-default is-cropped wp-block-gallery-1 is-layout-flex wp-block-gallery-is-layout-flex\">\n<figure class=\"wp-block-image size-full\"><img loading=\"lazy\" decoding=\"async\" width=\"1000\" height=\"1000\" data-id=\"13702\" src=\"https:\/\/www.tarawa.com\/studio\/wp-content\/uploads\/2025\/12\/tatouage-fanny-tarawa-ange.jpg\" alt=\"\" class=\"wp-image-13702\" srcset=\"https:\/\/www.tarawa.com\/studio\/wp-content\/uploads\/2025\/12\/tatouage-fanny-tarawa-ange.jpg 1000w, https:\/\/www.tarawa.com\/studio\/wp-content\/uploads\/2025\/12\/tatouage-fanny-tarawa-ange-300x300.jpg 300w, https:\/\/www.tarawa.com\/studio\/wp-content\/uploads\/2025\/12\/tatouage-fanny-tarawa-ange-150x150.jpg 150w, https:\/\/www.tarawa.com\/studio\/wp-content\/uploads\/2025\/12\/tatouage-fanny-tarawa-ange-768x768.jpg 768w, https:\/\/www.tarawa.com\/studio\/wp-content\/uploads\/2025\/12\/tatouage-fanny-tarawa-ange-900x900.jpg 900w, https:\/\/www.tarawa.com\/studio\/wp-content\/uploads\/2025\/12\/tatouage-fanny-tarawa-ange-400x400.jpg 400w\" sizes=\"auto, (max-width: 1000px) 100vw, 1000px\" \/><\/figure>\n\n\n\n<figure class=\"wp-block-image size-full\"><img loading=\"lazy\" decoding=\"async\" width=\"1000\" height=\"1000\" data-id=\"13703\" src=\"https:\/\/www.tarawa.com\/studio\/wp-content\/uploads\/2025\/12\/tatouage-fanny-tarawa-bar.jpg\" alt=\"\" class=\"wp-image-13703\" srcset=\"https:\/\/www.tarawa.com\/studio\/wp-content\/uploads\/2025\/12\/tatouage-fanny-tarawa-bar.jpg 1000w, https:\/\/www.tarawa.com\/studio\/wp-content\/uploads\/2025\/12\/tatouage-fanny-tarawa-bar-300x300.jpg 300w, https:\/\/www.tarawa.com\/studio\/wp-content\/uploads\/2025\/12\/tatouage-fanny-tarawa-bar-150x150.jpg 150w, https:\/\/www.tarawa.com\/studio\/wp-content\/uploads\/2025\/12\/tatouage-fanny-tarawa-bar-768x768.jpg 768w, https:\/\/www.tarawa.com\/studio\/wp-content\/uploads\/2025\/12\/tatouage-fanny-tarawa-bar-900x900.jpg 900w, https:\/\/www.tarawa.com\/studio\/wp-content\/uploads\/2025\/12\/tatouage-fanny-tarawa-bar-400x400.jpg 400w\" sizes=\"auto, (max-width: 1000px) 100vw, 1000px\" \/><\/figure>\n\n\n\n<figure class=\"wp-block-image size-full\"><img loading=\"lazy\" decoding=\"async\" width=\"1000\" height=\"1000\" data-id=\"13704\" src=\"https:\/\/www.tarawa.com\/studio\/wp-content\/uploads\/2025\/12\/tatouage-fanny-tarawa-bonhomme.jpg\" alt=\"\" class=\"wp-image-13704\" srcset=\"https:\/\/www.tarawa.com\/studio\/wp-content\/uploads\/2025\/12\/tatouage-fanny-tarawa-bonhomme.jpg 1000w, https:\/\/www.tarawa.com\/studio\/wp-content\/uploads\/2025\/12\/tatouage-fanny-tarawa-bonhomme-300x300.jpg 300w, https:\/\/www.tarawa.com\/studio\/wp-content\/uploads\/2025\/12\/tatouage-fanny-tarawa-bonhomme-150x150.jpg 150w, https:\/\/www.tarawa.com\/studio\/wp-content\/uploads\/2025\/12\/tatouage-fanny-tarawa-bonhomme-768x768.jpg 768w, https:\/\/www.tarawa.com\/studio\/wp-content\/uploads\/2025\/12\/tatouage-fanny-tarawa-bonhomme-900x900.jpg 900w, https:\/\/www.tarawa.com\/studio\/wp-content\/uploads\/2025\/12\/tatouage-fanny-tarawa-bonhomme-400x400.jpg 400w\" sizes=\"auto, (max-width: 1000px) 100vw, 1000px\" \/><\/figure>\n\n\n\n<figure class=\"wp-block-image size-full\"><img loading=\"lazy\" decoding=\"async\" width=\"1000\" height=\"1000\" data-id=\"13705\" src=\"https:\/\/www.tarawa.com\/studio\/wp-content\/uploads\/2025\/12\/tatouage-fanny-tarawa-coeur.jpg\" alt=\"\" class=\"wp-image-13705\" srcset=\"https:\/\/www.tarawa.com\/studio\/wp-content\/uploads\/2025\/12\/tatouage-fanny-tarawa-coeur.jpg 1000w, https:\/\/www.tarawa.com\/studio\/wp-content\/uploads\/2025\/12\/tatouage-fanny-tarawa-coeur-300x300.jpg 300w, https:\/\/www.tarawa.com\/studio\/wp-content\/uploads\/2025\/12\/tatouage-fanny-tarawa-coeur-150x150.jpg 150w, https:\/\/www.tarawa.com\/studio\/wp-content\/uploads\/2025\/12\/tatouage-fanny-tarawa-coeur-768x768.jpg 768w, https:\/\/www.tarawa.com\/studio\/wp-content\/uploads\/2025\/12\/tatouage-fanny-tarawa-coeur-900x900.jpg 900w, https:\/\/www.tarawa.com\/studio\/wp-content\/uploads\/2025\/12\/tatouage-fanny-tarawa-coeur-400x400.jpg 400w\" sizes=\"auto, (max-width: 1000px) 100vw, 1000px\" \/><\/figure>\n\n\n\n<figure class=\"wp-block-image size-full\"><img loading=\"lazy\" decoding=\"async\" width=\"1000\" height=\"1000\" data-id=\"13706\" src=\"https:\/\/www.tarawa.com\/studio\/wp-content\/uploads\/2025\/12\/tatouage-fanny-tarawa-coeur-epee-.jpg\" alt=\"\" class=\"wp-image-13706\" srcset=\"https:\/\/www.tarawa.com\/studio\/wp-content\/uploads\/2025\/12\/tatouage-fanny-tarawa-coeur-epee-.jpg 1000w, https:\/\/www.tarawa.com\/studio\/wp-content\/uploads\/2025\/12\/tatouage-fanny-tarawa-coeur-epee--300x300.jpg 300w, https:\/\/www.tarawa.com\/studio\/wp-content\/uploads\/2025\/12\/tatouage-fanny-tarawa-coeur-epee--150x150.jpg 150w, https:\/\/www.tarawa.com\/studio\/wp-content\/uploads\/2025\/12\/tatouage-fanny-tarawa-coeur-epee--768x768.jpg 768w, https:\/\/www.tarawa.com\/studio\/wp-content\/uploads\/2025\/12\/tatouage-fanny-tarawa-coeur-epee--900x900.jpg 900w, https:\/\/www.tarawa.com\/studio\/wp-content\/uploads\/2025\/12\/tatouage-fanny-tarawa-coeur-epee--400x400.jpg 400w\" sizes=\"auto, (max-width: 1000px) 100vw, 1000px\" \/><\/figure>\n\n\n\n<figure class=\"wp-block-image size-full\"><img loading=\"lazy\" decoding=\"async\" width=\"1000\" height=\"1000\" data-id=\"13708\" src=\"https:\/\/www.tarawa.com\/studio\/wp-content\/uploads\/2025\/12\/tatouage-fanny-tarawa-coeur-.jpg\" alt=\"\" class=\"wp-image-13708\" srcset=\"https:\/\/www.tarawa.com\/studio\/wp-content\/uploads\/2025\/12\/tatouage-fanny-tarawa-coeur-.jpg 1000w, https:\/\/www.tarawa.com\/studio\/wp-content\/uploads\/2025\/12\/tatouage-fanny-tarawa-coeur--300x300.jpg 300w, https:\/\/www.tarawa.com\/studio\/wp-content\/uploads\/2025\/12\/tatouage-fanny-tarawa-coeur--150x150.jpg 150w, https:\/\/www.tarawa.com\/studio\/wp-content\/uploads\/2025\/12\/tatouage-fanny-tarawa-coeur--768x768.jpg 768w, https:\/\/www.tarawa.com\/studio\/wp-content\/uploads\/2025\/12\/tatouage-fanny-tarawa-coeur--900x900.jpg 900w, https:\/\/www.tarawa.com\/studio\/wp-content\/uploads\/2025\/12\/tatouage-fanny-tarawa-coeur--400x400.jpg 400w\" sizes=\"auto, (max-width: 1000px) 100vw, 1000px\" \/><\/figure>\n\n\n\n<figure class=\"wp-block-image size-full\"><img loading=\"lazy\" decoding=\"async\" width=\"1000\" height=\"1000\" data-id=\"13709\" src=\"https:\/\/www.tarawa.com\/studio\/wp-content\/uploads\/2025\/12\/tatouage-fanny-tarawa-coeur-etoile.jpg\" alt=\"\" class=\"wp-image-13709\" srcset=\"https:\/\/www.tarawa.com\/studio\/wp-content\/uploads\/2025\/12\/tatouage-fanny-tarawa-coeur-etoile.jpg 1000w, https:\/\/www.tarawa.com\/studio\/wp-content\/uploads\/2025\/12\/tatouage-fanny-tarawa-coeur-etoile-300x300.jpg 300w, https:\/\/www.tarawa.com\/studio\/wp-content\/uploads\/2025\/12\/tatouage-fanny-tarawa-coeur-etoile-150x150.jpg 150w, https:\/\/www.tarawa.com\/studio\/wp-content\/uploads\/2025\/12\/tatouage-fanny-tarawa-coeur-etoile-768x768.jpg 768w, https:\/\/www.tarawa.com\/studio\/wp-content\/uploads\/2025\/12\/tatouage-fanny-tarawa-coeur-etoile-900x900.jpg 900w, https:\/\/www.tarawa.com\/studio\/wp-content\/uploads\/2025\/12\/tatouage-fanny-tarawa-coeur-etoile-400x400.jpg 400w\" sizes=\"auto, (max-width: 1000px) 100vw, 1000px\" \/><\/figure>\n\n\n\n<figure class=\"wp-block-image size-full\"><img loading=\"lazy\" decoding=\"async\" width=\"1000\" height=\"1000\" data-id=\"13710\" src=\"https:\/\/www.tarawa.com\/studio\/wp-content\/uploads\/2025\/12\/tatouage-fanny-tarawa-crabe.jpg\" alt=\"\" class=\"wp-image-13710\" srcset=\"https:\/\/www.tarawa.com\/studio\/wp-content\/uploads\/2025\/12\/tatouage-fanny-tarawa-crabe.jpg 1000w, https:\/\/www.tarawa.com\/studio\/wp-content\/uploads\/2025\/12\/tatouage-fanny-tarawa-crabe-300x300.jpg 300w, https:\/\/www.tarawa.com\/studio\/wp-content\/uploads\/2025\/12\/tatouage-fanny-tarawa-crabe-150x150.jpg 150w, https:\/\/www.tarawa.com\/studio\/wp-content\/uploads\/2025\/12\/tatouage-fanny-tarawa-crabe-768x768.jpg 768w, https:\/\/www.tarawa.com\/studio\/wp-content\/uploads\/2025\/12\/tatouage-fanny-tarawa-crabe-900x900.jpg 900w, https:\/\/www.tarawa.com\/studio\/wp-content\/uploads\/2025\/12\/tatouage-fanny-tarawa-crabe-400x400.jpg 400w\" sizes=\"auto, (max-width: 1000px) 100vw, 1000px\" \/><\/figure>\n\n\n\n<figure class=\"wp-block-image size-full\"><img loading=\"lazy\" decoding=\"async\" width=\"1000\" height=\"1000\" data-id=\"13711\" src=\"https:\/\/www.tarawa.com\/studio\/wp-content\/uploads\/2025\/12\/tatouage-fanny-tarawa-etoile.jpg\" alt=\"\" class=\"wp-image-13711\" srcset=\"https:\/\/www.tarawa.com\/studio\/wp-content\/uploads\/2025\/12\/tatouage-fanny-tarawa-etoile.jpg 1000w, https:\/\/www.tarawa.com\/studio\/wp-content\/uploads\/2025\/12\/tatouage-fanny-tarawa-etoile-300x300.jpg 300w, https:\/\/www.tarawa.com\/studio\/wp-content\/uploads\/2025\/12\/tatouage-fanny-tarawa-etoile-150x150.jpg 150w, https:\/\/www.tarawa.com\/studio\/wp-content\/uploads\/2025\/12\/tatouage-fanny-tarawa-etoile-768x768.jpg 768w, https:\/\/www.tarawa.com\/studio\/wp-content\/uploads\/2025\/12\/tatouage-fanny-tarawa-etoile-900x900.jpg 900w, https:\/\/www.tarawa.com\/studio\/wp-content\/uploads\/2025\/12\/tatouage-fanny-tarawa-etoile-400x400.jpg 400w\" sizes=\"auto, (max-width: 1000px) 100vw, 1000px\" \/><\/figure>\n<\/figure>\n\n\n\n<div class=\"wp-block-buttons is-content-justification-center is-layout-flex wp-container-core-buttons-is-layout-16018d1d wp-block-buttons-is-layout-flex\">\n<div class=\"wp-block-button\"><a class=\"wp-block-button__link has-white-color has-vivid-red-background-color has-text-color has-background wp-element-button\" href=\"https:\/\/www.tarawa.com\/studio\/?page_id=11258\" target=\"_blank\" rel=\"noreferrer noopener\">Voir l&rsquo;album de Fanny<\/a><\/div>\n<\/div>\n\n\n\n<p><\/p>\n","protected":false},"excerpt":{"rendered":"<p>Fanny &#8211; Tatoueuse Tarawa Cap d&rsquo;Agde et Vias-Plage Fanny, artiste tatoueuse, apporte une touche unique et artistique \u00e0 chaque \u0153uvre qu&rsquo;elle cr\u00e9e. Sp\u00e9cialis\u00e9e dans les motifs d\u00e9taill\u00e9s et les portraits stylis\u00e9s. Que ce soit des figures f\u00e9minines, des repr\u00e9sentations de la nature, ou des symboles mystiques, chaque tatouage est une pi\u00e8ce d&rsquo;art personnalis\u00e9e con\u00e7ue pour &hellip; <\/p>\n","protected":false},"author":3,"featured_media":0,"parent":0,"menu_order":0,"comment_status":"closed","ping_status":"closed","template":"","meta":{"_monsterinsights_skip_tracking":false,"_monsterinsights_sitenote_active":false,"_monsterinsights_sitenote_note":"","_monsterinsights_sitenote_category":0,"footnotes":""},"class_list":["post-11257","page","type-page","status-publish","hentry"],"_links":{"self":[{"href":"https:\/\/www.tarawa.com\/studio\/wp-json\/wp\/v2\/pages\/11257","targetHints":{"allow":["GET"]}}],"collection":[{"href":"https:\/\/www.tarawa.com\/studio\/wp-json\/wp\/v2\/pages"}],"about":[{"href":"https:\/\/www.tarawa.com\/studio\/wp-json\/wp\/v2\/types\/page"}],"author":[{"embeddable":true,"href":"https:\/\/www.tarawa.com\/studio\/wp-json\/wp\/v2\/users\/3"}],"replies":[{"embeddable":true,"href":"https:\/\/www.tarawa.com\/studio\/wp-json\/wp\/v2\/comments?post=11257"}],"version-history":[{"count":0,"href":"https:\/\/www.tarawa.com\/studio\/wp-json\/wp\/v2\/pages\/11257\/revisions"}],"wp:attachment":[{"href":"https:\/\/www.tarawa.com\/studio\/wp-json\/wp\/v2\/media?parent=11257"}],"curies":[{"name":"wp","href":"https:\/\/api.w.org\/{rel}","templated":true}]}}