{"id":11240,"date":"2024-05-29T16:22:39","date_gmt":"2024-05-29T14:22:39","guid":{"rendered":"https:\/\/www.tarawa.com\/studio\/?page_id=11240"},"modified":"2025-10-20T17:19:54","modified_gmt":"2025-10-20T15:19:54","slug":"valence","status":"publish","type":"page","link":"https:\/\/www.tarawa.com\/studio\/valence\/","title":{"rendered":"Studio Tattoo &#038; Piercing &#8211; Valence"},"content":{"rendered":"\n<p class=\"has-text-align-left\"><strong>Tarawa Valence<\/strong> est le salon de r\u00e9f\u00e9rence en Dr\u00f4me pour le tatouage et le piercing. Situ\u00e9 au <strong>25 avenue Victor Hugo<\/strong>, notre shop propose une <strong>large s\u00e9lection de bijoux piercing<\/strong> de haute qualit\u00e9, ainsi que des <strong>services de tatouage<\/strong> personnalis\u00e9s r\u00e9alis\u00e9s par des tatoueurs passionn\u00e9s et des perceurs professionnels. Nous mettons un point d&rsquo;honneur \u00e0 offrir \u00e0 chaque client une exp\u00e9rience unique, dans un environnement o\u00f9 l\u2019hygi\u00e8ne et la s\u00e9curit\u00e9 sont une priorit\u00e9 absolue. Chez <strong>Tarawa Valence<\/strong>, vous trouverez des bijoux adapt\u00e9s \u00e0 tous les styles et des cr\u00e9ations de tatouages sur mesure pour r\u00e9pondre \u00e0 toutes vos envies. Venez d\u00e9couvrir notre \u00e9quipe d\u2019experts d\u00e9vou\u00e9s, pr\u00eate \u00e0 vous accompagner dans vos projets de modification corporelle avec un service \u00e0 la fois professionnel et personnalis\u00e9.<\/p>\n\n\n\n<div class=\"wp-block-columns is-layout-flex wp-container-core-columns-is-layout-9d6595d7 wp-block-columns-is-layout-flex\">\n<div class=\"wp-block-column is-layout-flow wp-block-column-is-layout-flow\">\n<figure class=\"wp-block-image size-full\"><img loading=\"lazy\" decoding=\"async\" width=\"687\" height=\"915\" src=\"https:\/\/www.tarawa.com\/studio\/wp-content\/uploads\/2025\/03\/shop-tarawa-valence.png\" alt=\"\" class=\"wp-image-13016\" srcset=\"https:\/\/www.tarawa.com\/studio\/wp-content\/uploads\/2025\/03\/shop-tarawa-valence.png 687w, https:\/\/www.tarawa.com\/studio\/wp-content\/uploads\/2025\/03\/shop-tarawa-valence-225x300.png 225w, https:\/\/www.tarawa.com\/studio\/wp-content\/uploads\/2025\/03\/shop-tarawa-valence-400x533.png 400w\" sizes=\"auto, (max-width: 687px) 100vw, 687px\" \/><\/figure>\n<\/div>\n\n\n\n<div class=\"wp-block-column is-layout-flow wp-block-column-is-layout-flow\">\n<p><\/p>\n\n\n\n<p><strong>Adresse :<\/strong><br>25 Avenue Victor Hugo<br>26000 Valence<\/p>\n\n\n\n<p><strong>Num\u00e9ro de t\u00e9l\u00e9phone :<\/strong><br>04 75 77 12 72<br>07 66 92 19 39<\/p>\n\n\n\n<p><strong>Horaires<\/strong> : <br>Lundi : 14&nbsp;h &#8211; 19&nbsp;h<br>Du mardi au samedi : 9&nbsp;h 30 &#8211; 19&nbsp;h<br>Dimanche : Ferm\u00e9<\/p>\n<\/div>\n<\/div>\n\n\n<p><iframe src=\"https:\/\/www.google.com\/maps\/embed?pb=!1m18!1m12!1m3!1d419.8962991341233!2d4.890364938992164!3d44.92914438549946!2m3!1f0!2f0!3f0!3m2!1i1024!2i768!4f13.1!3m3!1m2!1s0x47f5582dc8036459%3A0xb7793cd693a73ce!2s25%20Av.%20Victor%20Hugo%2C%2026000%20Valence!5e0!3m2!1sfr!2sfr!4v1716989390696!5m2!1sfr!2sfr\" style=\"border:0;\" allowfullscreen=\"\" loading=\"lazy\" referrerpolicy=\"no-referrer-when-downgrade\" width=\"100%\" height=\"450\"><\/iframe><\/p>\n","protected":false},"excerpt":{"rendered":"<p>Tarawa Valence est le salon de r\u00e9f\u00e9rence en Dr\u00f4me pour le tatouage et le piercing. Situ\u00e9 au 25 avenue Victor Hugo, notre shop propose une large s\u00e9lection de bijoux piercing de haute qualit\u00e9, ainsi que des services de tatouage personnalis\u00e9s r\u00e9alis\u00e9s par des tatoueurs passionn\u00e9s et des perceurs professionnels. Nous mettons un point d&rsquo;honneur \u00e0 &hellip; <\/p>\n","protected":false},"author":3,"featured_media":0,"parent":0,"menu_order":0,"comment_status":"closed","ping_status":"closed","template":"","meta":{"_monsterinsights_skip_tracking":false,"_monsterinsights_sitenote_active":false,"_monsterinsights_sitenote_note":"","_monsterinsights_sitenote_category":0,"footnotes":""},"class_list":["post-11240","page","type-page","status-publish","hentry"],"_links":{"self":[{"href":"https:\/\/www.tarawa.com\/studio\/wp-json\/wp\/v2\/pages\/11240","targetHints":{"allow":["GET"]}}],"collection":[{"href":"https:\/\/www.tarawa.com\/studio\/wp-json\/wp\/v2\/pages"}],"about":[{"href":"https:\/\/www.tarawa.com\/studio\/wp-json\/wp\/v2\/types\/page"}],"author":[{"embeddable":true,"href":"https:\/\/www.tarawa.com\/studio\/wp-json\/wp\/v2\/users\/3"}],"replies":[{"embeddable":true,"href":"https:\/\/www.tarawa.com\/studio\/wp-json\/wp\/v2\/comments?post=11240"}],"version-history":[{"count":0,"href":"https:\/\/www.tarawa.com\/studio\/wp-json\/wp\/v2\/pages\/11240\/revisions"}],"wp:attachment":[{"href":"https:\/\/www.tarawa.com\/studio\/wp-json\/wp\/v2\/media?parent=11240"}],"curies":[{"name":"wp","href":"https:\/\/api.w.org\/{rel}","templated":true}]}}