{"id":11167,"date":"2024-05-28T16:18:54","date_gmt":"2024-05-28T14:18:54","guid":{"rendered":"https:\/\/www.tarawa.com\/studio\/?page_id=11167"},"modified":"2026-03-19T14:06:27","modified_gmt":"2026-03-19T13:06:27","slug":"piercings-par-zone-tarifs","status":"publish","type":"page","link":"https:\/\/www.tarawa.com\/studio\/piercings-par-zone-tarifs\/","title":{"rendered":"Piercings par zone &#038; Tarifs"},"content":{"rendered":"\n<figure class=\"wp-block-image size-large is-resized\"><img loading=\"lazy\" decoding=\"async\" width=\"1024\" height=\"1024\" src=\"https:\/\/www.tarawa.com\/studio\/wp-content\/uploads\/2026\/03\/protheses-dore-piercing-tarawa-1024x1024.jpg\" alt=\"\" class=\"wp-image-13743\" style=\"width:219px;height:auto\" srcset=\"https:\/\/www.tarawa.com\/studio\/wp-content\/uploads\/2026\/03\/protheses-dore-piercing-tarawa-1024x1024.jpg 1024w, https:\/\/www.tarawa.com\/studio\/wp-content\/uploads\/2026\/03\/protheses-dore-piercing-tarawa-300x300.jpg 300w, https:\/\/www.tarawa.com\/studio\/wp-content\/uploads\/2026\/03\/protheses-dore-piercing-tarawa-150x150.jpg 150w, https:\/\/www.tarawa.com\/studio\/wp-content\/uploads\/2026\/03\/protheses-dore-piercing-tarawa-768x768.jpg 768w, https:\/\/www.tarawa.com\/studio\/wp-content\/uploads\/2026\/03\/protheses-dore-piercing-tarawa-900x900.jpg 900w, https:\/\/www.tarawa.com\/studio\/wp-content\/uploads\/2026\/03\/protheses-dore-piercing-tarawa-400x400.jpg 400w, https:\/\/www.tarawa.com\/studio\/wp-content\/uploads\/2026\/03\/protheses-dore-piercing-tarawa.jpg 1500w\" sizes=\"auto, (max-width: 1024px) 100vw, 1024px\" \/><\/figure>\n\n\n\n<p>D\u00e9couvrez notre page d\u00e9di\u00e9e \u00e0 notre prestation piercing ! Ici, vous pouvez explorer notre vaste s\u00e9lection de piercings, organis\u00e9e par zone du corps, pour trouver facilement ce que vous cherchez. Retrouvez aussi tous nos tarifs afin que vous puissiez planifier votre visite en toute transparence.<\/p>\n\n\n\n<p>Pour ceux qui souhaitent se faire percer les lobes d&rsquo;oreilles avec la m\u00e9thode <a href=\"https:\/\/www.tarawa.com\/studio\/le-percage-des-lobes-doreilles-avec-la-methode-studex\/\" target=\"_blank\" rel=\"noopener\" title=\"\">Studex<\/a> ou qui sont d\u00e9j\u00e0 perc\u00e9s avec cette m\u00e9thode, suivez nos <a href=\"https:\/\/www.tarawa.com\/studio\/le-percage-des-lobes-doreilles-avec-la-methode-studex\/\" target=\"_blank\" rel=\"noopener\" title=\"\">soins post-piercing<\/a> et toutes les recommandations n\u00e9cessaires.<\/p>\n\n\n\n<p>Tous nos perceurs sont des professionnels exp\u00e9riment\u00e9s, form\u00e9s aux meilleures pratiques de st\u00e9rilisation et de s\u00e9curit\u00e9 pour garantir une exp\u00e9rience \u00e0 la fois agr\u00e9able et s\u00fbre. Faites confiance \u00e0 notre expertise et laissez-nous prendre soin de vous dans le confort et le respect des normes de sant\u00e9.<\/p>\n\n\n\n<p>N&rsquo;h\u00e9sitez pas \u00e0 parcourir notre <a href=\"http:\/\/www.tarawa.com\" target=\"_blank\" rel=\"noopener\" title=\"\">site internet<\/a> pour plus d&rsquo;informations ou \u00e0 nous <a href=\"https:\/\/www.tarawa.com\/studio\/contact\/\" target=\"_blank\" rel=\"noopener\" title=\"\">contacter<\/a> directement si vous avez des questions.<\/p>\n\n\n\n<h2 class=\"wp-block-heading\">Piercings aux oreilles :<\/h2>\n\n\n\n<div class=\"wp-block-media-text alignwide is-stacked-on-mobile\" style=\"grid-template-columns:28% auto\"><figure class=\"wp-block-media-text__media\"><img loading=\"lazy\" decoding=\"async\" width=\"705\" height=\"952\" src=\"https:\/\/www.tarawa.com\/studio\/wp-content\/uploads\/2024\/05\/tarifs_piercings_oreille.webp\" alt=\"\" class=\"wp-image-11225 size-full\" srcset=\"https:\/\/www.tarawa.com\/studio\/wp-content\/uploads\/2024\/05\/tarifs_piercings_oreille.webp 705w, https:\/\/www.tarawa.com\/studio\/wp-content\/uploads\/2024\/05\/tarifs_piercings_oreille-222x300.webp 222w, https:\/\/www.tarawa.com\/studio\/wp-content\/uploads\/2024\/05\/tarifs_piercings_oreille-400x540.webp 400w\" sizes=\"auto, (max-width: 705px) 100vw, 705px\" \/><\/figure><div class=\"wp-block-media-text__content\">\n<p><strong>1 &#8211; 2 &#8211; 3 :<\/strong> 1er au 3\u1d49 trou du lobe<br><strong>4 :<\/strong> 4\u1d49 trou, si le lobe le permet<br><strong>5 :<\/strong> Anti-Tragus<br><strong>6a &#8211; 6b :<\/strong> Conch<br><strong>7 :<\/strong> Snug<br><strong>8 :<\/strong> Flat<br><strong>9 :<\/strong> Rook<br><strong>10 :<\/strong> Daith<br><strong>11a &#8211; 11b &#8211; 11c :<\/strong> H\u00e9lix<br><strong>12a &#8211; 12b &#8211; 12c :<\/strong> Anti-H\u00e9lix<br><strong>13 :<\/strong> Tragus<br><strong>14 :<\/strong> Industriel<\/p>\n<\/div><\/div>\n\n\n\n<h2 class=\"wp-block-heading\">Tarifs :<\/h2>\n\n\n\n<figure class=\"wp-block-table\"><table class=\"has-fixed-layout\"><tbody><tr><td><\/td><td><strong>Sans Strass<\/strong><\/td><td><strong>Avec Strass<\/strong><\/td><\/tr><tr><td><strong>ANTI-H\u00c9LIX<\/strong><\/td><td><strong>45 \u20ac<\/strong><\/td><td><strong>49 \u20ac<\/strong><\/td><\/tr><tr><td><strong>ANTI-TRAGUS<\/strong><\/td><td><strong>45 \u20ac<\/strong><\/td><td><strong>49 \u20ac<\/strong><\/td><\/tr><tr><td><strong>CONCH<\/strong><\/td><td><strong>45 \u20ac<\/strong><\/td><td><strong>49 \u20ac<\/strong><\/td><\/tr><tr><td><strong>DAITH<\/strong><\/td><td><strong>49 \u20ac<\/strong><\/td><td><\/td><\/tr><tr><td><strong>H\u00c9LIX &#8211; FLAT<\/strong><\/td><td><strong>45 \u20ac<\/strong><\/td><td><strong>49 \u20ac<\/strong><\/td><\/tr><tr><td><strong>INDUSTRIEL<\/strong><\/td><td><strong>49 \u20ac<\/strong><\/td><td><\/td><\/tr><tr><td><strong><a href=\"https:\/\/www.tarawa.com\/studio\/le-percage-des-lobes-doreilles-avec-la-methode-studex\/\" target=\"_blank\" rel=\"noopener\" title=\"\">LOBE STUDEX (\u00e0 partir de)<\/a><\/strong><\/td><td><strong>14.90 \u20ac<\/strong><\/td><td><\/td><\/tr><tr><td><strong>LOBE AIGUILLE<\/strong><\/td><td><strong>25 \u20ac<\/strong><\/td><td><strong>29 \u20ac<\/strong><\/td><\/tr><tr><td><strong>2 LOBES AIGUILLE<\/strong><\/td><td><strong>45 \u20ac<\/strong><\/td><td><strong>49 \u20ac<\/strong><\/td><\/tr><tr><td><strong>ROOK<\/strong><\/td><td><strong>45 \u20ac<\/strong><\/td><td><strong>49 \u20ac<\/strong><\/td><\/tr><tr><td><strong>SNUG<\/strong><\/td><td><strong>45 \u20ac<\/strong><\/td><td><strong>49 \u20ac<\/strong><\/td><\/tr><tr><td><strong>TRAGUS<\/strong><\/td><td><strong>45 \u20ac<\/strong><\/td><td><strong>49 \u20ac<\/strong><\/td><\/tr><\/tbody><\/table><\/figure>\n\n\n\n<h2 class=\"wp-block-heading\">Piercings au nez :<\/h2>\n\n\n\n<div class=\"wp-block-media-text alignwide is-stacked-on-mobile\" style=\"grid-template-columns:29% auto\"><figure class=\"wp-block-media-text__media\"><img loading=\"lazy\" decoding=\"async\" width=\"625\" height=\"1016\" src=\"https:\/\/www.tarawa.com\/studio\/wp-content\/uploads\/2024\/05\/tarifs_piercings_nez.webp\" alt=\"\" class=\"wp-image-11224 size-full\" srcset=\"https:\/\/www.tarawa.com\/studio\/wp-content\/uploads\/2024\/05\/tarifs_piercings_nez.webp 625w, https:\/\/www.tarawa.com\/studio\/wp-content\/uploads\/2024\/05\/tarifs_piercings_nez-185x300.webp 185w, https:\/\/www.tarawa.com\/studio\/wp-content\/uploads\/2024\/05\/tarifs_piercings_nez-400x650.webp 400w\" sizes=\"auto, (max-width: 625px) 100vw, 625px\" \/><\/figure><div class=\"wp-block-media-text__content\">\n<p><strong>1 :<\/strong> Bridge<br><strong>2 : <\/strong>Narine<br><strong>3 :<\/strong> Double narine \/ Narine en sym\u00e9trie<br><strong>4 :<\/strong> Septum<\/p>\n<\/div><\/div>\n\n\n\n<h2 class=\"wp-block-heading\">Tarifs :<\/h2>\n\n\n\n<figure class=\"wp-block-table\"><table class=\"has-fixed-layout\"><tbody><tr><td><\/td><td><strong>Sans Strass<\/strong><\/td><td><strong>Avec Strass<\/strong><\/td><\/tr><tr><td><strong>BRIDGE<\/strong><\/td><td><strong>45 \u20ac<\/strong><\/td><td><strong>49 \u20ac<\/strong><\/td><\/tr><tr><td><strong>NARINE<\/strong><\/td><td><strong>45 \u20ac<\/strong><\/td><td><strong>49 \u20ac<\/strong><\/td><\/tr><tr><td><strong>DOUBLE NARINE<br>NARINE SYM\u00c9TRIE<\/strong><\/td><td><strong>80 \u20ac<\/strong><\/td><td><strong>80 \u20ac<\/strong><\/td><\/tr><tr><td><strong>SEPTUM<\/strong><\/td><td><strong>49 \u20ac<\/strong><\/td><td><\/td><\/tr><\/tbody><\/table><\/figure>\n\n\n\n<h2 class=\"wp-block-heading\">Piercings du contour de la bouche :<\/h2>\n\n\n\n<div class=\"wp-block-media-text alignwide is-stacked-on-mobile\" style=\"grid-template-columns:30% auto\"><figure class=\"wp-block-media-text__media\"><img loading=\"lazy\" decoding=\"async\" width=\"625\" height=\"1337\" src=\"https:\/\/www.tarawa.com\/studio\/wp-content\/uploads\/2024\/05\/tarifs_piercings_contour_bouche.webp\" alt=\"\" class=\"wp-image-11221 size-full\" srcset=\"https:\/\/www.tarawa.com\/studio\/wp-content\/uploads\/2024\/05\/tarifs_piercings_contour_bouche.webp 625w, https:\/\/www.tarawa.com\/studio\/wp-content\/uploads\/2024\/05\/tarifs_piercings_contour_bouche-140x300.webp 140w, https:\/\/www.tarawa.com\/studio\/wp-content\/uploads\/2024\/05\/tarifs_piercings_contour_bouche-400x856.webp 400w\" sizes=\"auto, (max-width: 625px) 100vw, 625px\" \/><\/figure><div class=\"wp-block-media-text__content\">\n<p><strong>1 :<\/strong> M\u00e9dusa<br><strong>2 :<\/strong> Labret centr\u00e9<br><strong>3 :<\/strong> Labret<br><strong>4 :<\/strong> Mouche<br><strong>5 :<\/strong> Jestrum<br><strong>6 : <\/strong>Labret vertical<\/p>\n<\/div><\/div>\n\n\n\n<h2 class=\"wp-block-heading\">Tarifs : <\/h2>\n\n\n\n<figure class=\"wp-block-table\"><table class=\"has-fixed-layout\"><tbody><tr><td><\/td><td><strong>Sans Strass<\/strong><\/td><td><strong>Avec Strass<\/strong><\/td><\/tr><tr><td><strong>JESTRUM<\/strong><\/td><td><strong>45 \u20ac<\/strong><\/td><td><strong>49 \u20ac<\/strong><\/td><\/tr><tr><td><strong>LABRET<\/strong><\/td><td><strong>45 \u20ac<\/strong><\/td><td><strong>49 \u20ac<\/strong><\/td><\/tr><tr><td><strong>LABRET VERTICAL<\/strong><\/td><td><strong>45 \u20ac<\/strong><\/td><td><strong>49 \u20ac<\/strong><\/td><\/tr><tr><td><strong>LABRET CENTR\u00c9<\/strong><\/td><td><strong>45 \u20ac<\/strong><\/td><td><strong>49 \u20ac<\/strong><\/td><\/tr><tr><td><strong>M\u00c9DUSA<\/strong><\/td><td><strong>45 \u20ac<\/strong><\/td><td><strong>49 \u20ac<\/strong><\/td><\/tr><tr><td><strong>MOUCHE<\/strong><\/td><td><strong>45 \u20ac<\/strong><\/td><td><strong>49 \u20ac<\/strong><\/td><\/tr><\/tbody><\/table><\/figure>\n\n\n\n<h2 class=\"wp-block-heading\">Piercings de l&rsquo;int\u00e9rieur de la bouche :<\/h2>\n\n\n\n<div class=\"wp-block-media-text alignwide is-stacked-on-mobile\" style=\"grid-template-columns:30% auto\"><figure class=\"wp-block-media-text__media\"><img loading=\"lazy\" decoding=\"async\" width=\"425\" height=\"1003\" src=\"https:\/\/www.tarawa.com\/studio\/wp-content\/uploads\/2024\/05\/tarifs_piercings_interieur_bouche-1.webp\" alt=\"\" class=\"wp-image-11233 size-full\" srcset=\"https:\/\/www.tarawa.com\/studio\/wp-content\/uploads\/2024\/05\/tarifs_piercings_interieur_bouche-1.webp 425w, https:\/\/www.tarawa.com\/studio\/wp-content\/uploads\/2024\/05\/tarifs_piercings_interieur_bouche-1-127x300.webp 127w, https:\/\/www.tarawa.com\/studio\/wp-content\/uploads\/2024\/05\/tarifs_piercings_interieur_bouche-1-400x944.webp 400w\" sizes=\"auto, (max-width: 425px) 100vw, 425px\" \/><\/figure><div class=\"wp-block-media-text__content\">\n<p><strong>1 :<\/strong> Smiley<br><strong>2 :<\/strong> Langue<br><strong>3 :<\/strong> Surface langue<br><strong>4 :<\/strong> Sublingual<\/p>\n<\/div><\/div>\n\n\n\n<h2 class=\"wp-block-heading\">Tarifs : <\/h2>\n\n\n\n<figure class=\"wp-block-table\"><table class=\"has-fixed-layout\"><tbody><tr><td><strong>LANGUE<\/strong><\/td><td><strong>49 \u20ac<\/strong><\/td><\/tr><tr><td><strong>SMILEY<\/strong><\/td><td><strong>49 \u20ac<\/strong><\/td><\/tr><tr><td><strong>SUBLINGUAL<\/strong><\/td><td><strong>49 \u20ac<\/strong><\/td><\/tr><tr><td><strong>SURFACE LANGUE<\/strong><\/td><td><strong>59 \u20ac<\/strong><\/td><\/tr><\/tbody><\/table><\/figure>\n\n\n\n<h2 class=\"wp-block-heading\">Piercings corps : <\/h2>\n\n\n\n<div class=\"wp-block-media-text alignwide is-stacked-on-mobile\" style=\"grid-template-columns:25% auto\"><figure class=\"wp-block-media-text__media\"><img loading=\"lazy\" decoding=\"async\" width=\"376\" height=\"863\" src=\"https:\/\/www.tarawa.com\/studio\/wp-content\/uploads\/2024\/05\/tarifs_piercings_corps.webp\" alt=\"\" class=\"wp-image-11227 size-full\" srcset=\"https:\/\/www.tarawa.com\/studio\/wp-content\/uploads\/2024\/05\/tarifs_piercings_corps.webp 376w, https:\/\/www.tarawa.com\/studio\/wp-content\/uploads\/2024\/05\/tarifs_piercings_corps-131x300.webp 131w\" sizes=\"auto, (max-width: 376px) 100vw, 376px\" \/><\/figure><div class=\"wp-block-media-text__content\">\n<p><strong>1 :<\/strong> Microdermal<br><strong>2 :<\/strong> Nombril<\/p>\n<\/div><\/div>\n\n\n\n<h2 class=\"wp-block-heading\">Tarifs :<\/h2>\n\n\n\n<figure class=\"wp-block-table\"><table class=\"has-fixed-layout\"><tbody><tr><td><\/td><td><strong>Sans Stras<\/strong><\/td><td><strong>Avec Strass<\/strong><\/td><\/tr><tr><td><strong>MICRODERMAL<\/strong><\/td><td><strong>80 \u20ac<\/strong><\/td><td><strong>80 \u20ac<\/strong><\/td><\/tr><tr><td><strong>NOMBRIL<\/strong><\/td><td><strong>45 \u20ac<\/strong><\/td><td><strong>49 \u20ac<\/strong><\/td><\/tr><tr><td><strong>NOMBRIL INVERS\u00c9<\/strong><\/td><td><strong>45 \u20ac<\/strong><\/td><td><strong>49 \u20ac<\/strong><\/td><\/tr><tr><td><strong>T\u00c9TON<\/strong><\/td><td><strong>45 \u20ac<\/strong><\/td><td>&#8211;<\/td><\/tr><tr><td><strong>2 T\u00c9TONS<\/strong><\/td><td><strong>80 \u20ac<\/strong><\/td><td>&#8211;<\/td><\/tr><\/tbody><\/table><\/figure>\n\n\n\n<h2 class=\"wp-block-heading\">Autres piercings : <\/h2>\n\n\n\n<div class=\"wp-block-media-text alignwide is-stacked-on-mobile\" style=\"grid-template-columns:33% auto\"><figure class=\"wp-block-media-text__media\"><img loading=\"lazy\" decoding=\"async\" width=\"625\" height=\"858\" src=\"https:\/\/www.tarawa.com\/studio\/wp-content\/uploads\/2024\/05\/tarifs_piercings_autres.webp\" alt=\"\" class=\"wp-image-11220 size-full\" srcset=\"https:\/\/www.tarawa.com\/studio\/wp-content\/uploads\/2024\/05\/tarifs_piercings_autres.webp 625w, https:\/\/www.tarawa.com\/studio\/wp-content\/uploads\/2024\/05\/tarifs_piercings_autres-219x300.webp 219w, https:\/\/www.tarawa.com\/studio\/wp-content\/uploads\/2024\/05\/tarifs_piercings_autres-400x549.webp 400w\" sizes=\"auto, (max-width: 625px) 100vw, 625px\" \/><\/figure><div class=\"wp-block-media-text__content\">\n<p><strong>1 :<\/strong> Arcade<br><strong>2 :<\/strong> Nuque<\/p>\n<\/div><\/div>\n\n\n\n<figure class=\"wp-block-table\"><table class=\"has-fixed-layout\"><tbody><tr><td><\/td><td><strong>Sans Strass<\/strong><\/td><td><strong>Avec Strass<\/strong><\/td><\/tr><tr><td><strong>ARCADE<\/strong><\/td><td><strong>45 \u20ac<\/strong><\/td><td><strong>49 \u20ac<\/strong><\/td><\/tr><tr><td><strong>NUQUE<\/strong><\/td><td><strong>55 \u20ac<\/strong><\/td><td><strong>59 \u20ac<\/strong><\/td><\/tr><tr><td><strong>NUQUE AGRAFE<\/strong><\/td><td><strong>80 \u20ac<\/strong><\/td><td><strong>80 \u20ac<\/strong><\/td><\/tr><tr><td><strong>SURFACE<\/strong><\/td><td><strong>45 \u20ac<\/strong><\/td><td><strong>49 \u20ac<\/strong><\/td><\/tr><tr><td><strong>SURFACE AGRAFE <br>AM\u00c9RICAINE<\/strong><\/td><td><strong>80 \u20ac<\/strong><\/td><td><strong>80 \u20ac<\/strong><\/td><\/tr><tr><td><strong>TRAGUS SURFACE<\/strong><\/td><td><strong>45 \u20ac<\/strong><\/td><td><strong>49 \u20ac<\/strong><\/td><\/tr><tr><td><strong>TRAGUS SURFACE<br>AGRAFE<\/strong><\/td><td><strong>80 \u20ac<\/strong><\/td><td><strong>80 \u20ac<\/strong><\/td><\/tr><\/tbody><\/table><\/figure>\n\n\n\n<h2 class=\"wp-block-heading\">Piercings intimes :<\/h2>\n\n\n\n<div class=\"wp-block-media-text alignwide is-stacked-on-mobile\" style=\"grid-template-columns:15% auto\"><figure class=\"wp-block-media-text__media\"><img loading=\"lazy\" decoding=\"async\" width=\"395\" height=\"294\" src=\"https:\/\/www.tarawa.com\/studio\/wp-content\/uploads\/2024\/05\/tarifs_piercings_logo_18_ans_noir-copie.webp\" alt=\"\" class=\"wp-image-11223 size-full\" srcset=\"https:\/\/www.tarawa.com\/studio\/wp-content\/uploads\/2024\/05\/tarifs_piercings_logo_18_ans_noir-copie.webp 395w, https:\/\/www.tarawa.com\/studio\/wp-content\/uploads\/2024\/05\/tarifs_piercings_logo_18_ans_noir-copie-300x223.webp 300w\" sizes=\"auto, (max-width: 395px) 100vw, 395px\" \/><\/figure><div class=\"wp-block-media-text__content\">\n<p>Les piercings intimes sont uniquement effectu\u00e9s sur des personnes majeures. <br>Prix unique : 80 \u20ac<\/p>\n<\/div><\/div>\n\n\n\n<div class=\"wp-block-buttons is-content-justification-center is-layout-flex wp-container-core-buttons-is-layout-16018d1d wp-block-buttons-is-layout-flex\">\n<div class=\"wp-block-button\"><a class=\"wp-block-button__link has-vivid-red-background-color has-background has-text-align-center wp-element-button\" href=\"https:\/\/www.tarawa.com\/\">D\u00e9couvrez notre collection de Bijoux Piercings !<\/a><\/div>\n<\/div>\n\n\n\n<hr class=\"wp-block-separator has-alpha-channel-opacity\"\/>\n\n\n\n<h2 class=\"wp-block-heading\">Infos pratiques : <\/h2>\n\n\n\n<p>Tous nos piercings sont st\u00e9rilis\u00e9s par autoclave et respectent toutes les normes d&rsquo;hygi\u00e8ne et salubrit\u00e9. <br>Ils sont en TITANE ou en PTFE.<br>Tous nos perceurs ont suivi des formations adapt\u00e9es \u00e0 l&rsquo;acte de piercing et poss\u00e8dent les dipl\u00f4mes n\u00e9cessaires pour exercer.<br>Les prix cit\u00e9s comprennent : la proth\u00e8se, l&rsquo;acte, le d\u00e9tail des soins ainsi que le suivi et le contr\u00f4le de votre piercing.<\/p>\n\n\n\n<ul class=\"wp-block-list\">\n<li>Autres piercings sur demande (Snake eyes, venom&#8230;).<br><\/li>\n<\/ul>\n\n\n\n<p><\/p>\n\n\n\n<ul class=\"wp-block-list\">\n<li>Ces piercings sont r\u00e9alisables d\u00e8s l&rsquo;\u00e2ge de 16 ans (sauf piercings intimes). <br>Nous per\u00e7ons les lobes d\u2019oreilles de votre enfant d\u00e8s que son lobe est suffisamment form\u00e9, avec l&rsquo;accord du perceur.<br>Une autorisation parentale (tuteur l\u00e9gal) pour les -18 ans sera demand\u00e9e avant de proc\u00e9der \u00e0 l&rsquo;acte de piercing. <br><\/li>\n<\/ul>\n\n\n\n<p><\/p>\n\n\n\n<ul class=\"wp-block-list\">\n<li>Changement piercing : 5 \u20ac<br>Gratuit pour tous les clients perc\u00e9s chez Tarawa.<br><\/li>\n<\/ul>\n\n\n\n<p><\/p>\n\n\n\n<ul class=\"wp-block-list\">\n<li>Changement piercing langue, intime et dermal : 10 \u20ac<br><\/li>\n<\/ul>\n\n\n\n<p><\/p>\n\n\n\n<ul class=\"wp-block-list\">\n<li>Retrait dermal : 30 \u20ac<\/li>\n<\/ul>\n\n\n\n<p><\/p>\n","protected":false},"excerpt":{"rendered":"<p>D\u00e9couvrez notre page d\u00e9di\u00e9e \u00e0 notre prestation piercing ! Ici, vous pouvez explorer notre vaste s\u00e9lection de piercings, organis\u00e9e par zone du corps, pour trouver facilement ce que vous cherchez. Retrouvez aussi tous nos tarifs afin que vous puissiez planifier votre visite en toute transparence. Pour ceux qui souhaitent se faire percer les lobes d&rsquo;oreilles &hellip; <\/p>\n","protected":false},"author":3,"featured_media":0,"parent":0,"menu_order":0,"comment_status":"closed","ping_status":"closed","template":"","meta":{"_monsterinsights_skip_tracking":false,"_monsterinsights_sitenote_active":false,"_monsterinsights_sitenote_note":"","_monsterinsights_sitenote_category":0,"footnotes":""},"class_list":["post-11167","page","type-page","status-publish","hentry"],"_links":{"self":[{"href":"https:\/\/www.tarawa.com\/studio\/wp-json\/wp\/v2\/pages\/11167","targetHints":{"allow":["GET"]}}],"collection":[{"href":"https:\/\/www.tarawa.com\/studio\/wp-json\/wp\/v2\/pages"}],"about":[{"href":"https:\/\/www.tarawa.com\/studio\/wp-json\/wp\/v2\/types\/page"}],"author":[{"embeddable":true,"href":"https:\/\/www.tarawa.com\/studio\/wp-json\/wp\/v2\/users\/3"}],"replies":[{"embeddable":true,"href":"https:\/\/www.tarawa.com\/studio\/wp-json\/wp\/v2\/comments?post=11167"}],"version-history":[{"count":0,"href":"https:\/\/www.tarawa.com\/studio\/wp-json\/wp\/v2\/pages\/11167\/revisions"}],"wp:attachment":[{"href":"https:\/\/www.tarawa.com\/studio\/wp-json\/wp\/v2\/media?parent=11167"}],"curies":[{"name":"wp","href":"https:\/\/api.w.org\/{rel}","templated":true}]}}