{"id":11048,"date":"2024-05-05T15:43:18","date_gmt":"2024-05-05T13:43:18","guid":{"rendered":"https:\/\/www.tarawa.com\/studio\/?page_id=11048"},"modified":"2025-09-04T13:40:13","modified_gmt":"2025-09-04T11:40:13","slug":"rejoignez-lequipe-tarawa-au-cap-dagde-en-tant-que-tatoueur-tatoueuse","status":"publish","type":"page","link":"https:\/\/www.tarawa.com\/studio\/tarawa-recrute\/rejoignez-lequipe-tarawa-au-cap-dagde-en-tant-que-tatoueur-tatoueuse\/","title":{"rendered":"Rejoignez l&rsquo;\u00c9quipe Tarawa au Cap d&rsquo;Agde en tant que Tatoueur\/Tatoueuse"},"content":{"rendered":"\n<p><strong>Tarawa<\/strong>, r\u00e9f\u00e9rence depuis 1995 dans l\u2019univers du bijou, du piercing et du tatouage, recherche <strong>toi<\/strong>, un(e) tatoueur(se) talentueux(se), pour rejoindre son \u00e9quipe au <strong>Cap d\u2019Agde<\/strong>. Ici, ta cr\u00e9ativit\u00e9 et ta passion sont les moteurs de ton succ\u00e8s.<\/p>\n\n\n\n<p>\ud83d\udccd <strong>Lieu<\/strong> : Cap d\u2019Agde (34300)<br>\ud83d\udcc4 <strong>Contrat<\/strong> : CDI \u2013 35h par semaine<\/p>\n\n\n\n<h2 class=\"wp-block-heading\">Tes missions<\/h2>\n\n\n\n<ul class=\"wp-block-list\">\n<li>Cr\u00e9er et r\u00e9aliser des <strong>tatouages uniques<\/strong> en respectant les normes d\u2019hygi\u00e8ne et de s\u00e9curit\u00e9<\/li>\n\n\n\n<li>Conseiller les clients dans le choix des motifs et de leur emplacement<\/li>\n\n\n\n<li>Contribuer \u00e0 l\u2019ambiance professionnelle et accueillante du shop<\/li>\n\n\n\n<li>Maintenir ton espace de travail propre et organis\u00e9<\/li>\n<\/ul>\n\n\n\n<h2 class=\"wp-block-heading\">Ton profil<\/h2>\n\n\n\n<ul class=\"wp-block-list\">\n<li>Tu es <strong>dynamique, volontaire<\/strong> et respectueux(se) des normes<\/li>\n\n\n\n<li>Tu as une <strong>exp\u00e9rience confirm\u00e9e<\/strong> en tatouage et un <strong>portfolio solide<\/strong><\/li>\n\n\n\n<li>Tu sais cr\u00e9er une relation de confiance avec tes clients<\/li>\n\n\n\n<li>Tu es passionn\u00e9(e) par l\u2019art du tatouage et tu veux continuer \u00e0 progresser<\/li>\n<\/ul>\n\n\n\n<h2 class=\"wp-block-heading\">Ce que Tarawa t\u2019offre<\/h2>\n\n\n\n<ul class=\"wp-block-list\">\n<li>Un <strong>environnement cr\u00e9atif<\/strong> et stimulant au sein d\u2019une \u00e9quipe passionn\u00e9e<\/li>\n\n\n\n<li>L\u2019opportunit\u00e9 de travailler dans un <strong>lieu embl\u00e9matique du tatouage<\/strong> au Cap d\u2019Agde<\/li>\n\n\n\n<li>Des <strong>formations continues<\/strong> pour perfectionner ton art<\/li>\n\n\n\n<li>Une entreprise qui valorise l\u2019<strong>int\u00e9grit\u00e9, la bienveillance et l\u2019excellence<\/strong><\/li>\n<\/ul>\n\n\n\n<p>\ud83d\udc49 Chez Tarawa, tu ne fais pas que travailler : tu rejoins une <strong>famille<\/strong> o\u00f9 chaque talent compte et contribue \u00e0 notre rayonnement.<\/p>\n\n\n\n<h3 class=\"wp-block-heading\">Pour postuler<\/h3>\n\n\n\n<p>Envoie ton <strong>CV, ta lettre de motivation et ton portfolio<\/strong> \u00e0 : <a href=\"mailtto:job@tarawa.com\">job@tarawa.com<\/a><br>Nous avons h\u00e2te de d\u00e9couvrir ton style et ton univers artistique.<\/p>\n\n\n\n<p><strong>Rejoins Tarawa et transforme chaque tatouage en une \u0153uvre unique au Cap d\u2019Agde !<\/strong><\/p>\n\n\n\n<div class=\"wp-block-buttons is-content-justification-center is-layout-flex wp-container-core-buttons-is-layout-16018d1d wp-block-buttons-is-layout-flex\">\n<div class=\"wp-block-button\"><a class=\"wp-block-button__link has-white-color has-vivid-red-background-color has-text-color has-background has-link-color wp-element-button\" href=\"mailto:job@tarawa.com\">Envoyer ma candidature<\/a><\/div>\n<\/div>\n\n\n\n<p><\/p>\n","protected":false},"excerpt":{"rendered":"<p>Tarawa, r\u00e9f\u00e9rence depuis 1995 dans l\u2019univers du bijou, du piercing et du tatouage, recherche toi, un(e) tatoueur(se) talentueux(se), pour rejoindre son \u00e9quipe au Cap d\u2019Agde. Ici, ta cr\u00e9ativit\u00e9 et ta passion sont les moteurs de ton succ\u00e8s. \ud83d\udccd Lieu : Cap d\u2019Agde (34300)\ud83d\udcc4 Contrat : CDI \u2013 35h par semaine Tes missions Ton profil Ce &hellip; <\/p>\n","protected":false},"author":3,"featured_media":0,"parent":10262,"menu_order":0,"comment_status":"closed","ping_status":"closed","template":"","meta":{"_monsterinsights_skip_tracking":false,"_monsterinsights_sitenote_active":false,"_monsterinsights_sitenote_note":"","_monsterinsights_sitenote_category":0,"footnotes":""},"class_list":["post-11048","page","type-page","status-publish","hentry"],"_links":{"self":[{"href":"https:\/\/www.tarawa.com\/studio\/wp-json\/wp\/v2\/pages\/11048","targetHints":{"allow":["GET"]}}],"collection":[{"href":"https:\/\/www.tarawa.com\/studio\/wp-json\/wp\/v2\/pages"}],"about":[{"href":"https:\/\/www.tarawa.com\/studio\/wp-json\/wp\/v2\/types\/page"}],"author":[{"embeddable":true,"href":"https:\/\/www.tarawa.com\/studio\/wp-json\/wp\/v2\/users\/3"}],"replies":[{"embeddable":true,"href":"https:\/\/www.tarawa.com\/studio\/wp-json\/wp\/v2\/comments?post=11048"}],"version-history":[{"count":0,"href":"https:\/\/www.tarawa.com\/studio\/wp-json\/wp\/v2\/pages\/11048\/revisions"}],"up":[{"embeddable":true,"href":"https:\/\/www.tarawa.com\/studio\/wp-json\/wp\/v2\/pages\/10262"}],"wp:attachment":[{"href":"https:\/\/www.tarawa.com\/studio\/wp-json\/wp\/v2\/media?parent=11048"}],"curies":[{"name":"wp","href":"https:\/\/api.w.org\/{rel}","templated":true}]}}