{"id":10931,"date":"2023-06-08T18:48:27","date_gmt":"2023-06-08T16:48:27","guid":{"rendered":"https:\/\/www.tarawa.com\/studio\/?page_id=10931"},"modified":"2025-12-10T16:21:46","modified_gmt":"2025-12-10T15:21:46","slug":"fab","status":"publish","type":"page","link":"https:\/\/www.tarawa.com\/studio\/fab\/","title":{"rendered":"Fab"},"content":{"rendered":"\n<div class=\"wp-block-columns is-layout-flex wp-container-core-columns-is-layout-9d6595d7 wp-block-columns-is-layout-flex\">\n<div class=\"wp-block-column is-layout-flow wp-block-column-is-layout-flow\">\n<h2 class=\"wp-block-heading\">Fabien &#8211; Tatoueur r\u00e9sident Tarawa Vias-Plage et Cap d&rsquo;Agde<\/h2>\n\n\n\n<p>Fabien, <a href=\"https:\/\/www.tarawa.com\/studio\/tatoueur\/\" target=\"_blank\" rel=\"noopener\" title=\"\">artiste tatoueur<\/a>, r\u00e9v\u00e8le une gamme vari\u00e9e de styles de tatouage, de l&rsquo;illustratif au r\u00e9alisme, en passant par l&rsquo;abstrait et le portrait&#8230; Chaque pi\u00e8ce d\u00e9montre son aptitude \u00e0 capturer des d\u00e9tails fins et \u00e0 cr\u00e9er de v\u00e9ritables \u0153uvres d&rsquo;art sur la peau.<\/p>\n\n\n\n<p>Fabien est un artiste polyvalent offrant une vaste palette de choix artistiques qui r\u00e9pondent \u00e0 vos d\u00e9sirs d&rsquo;expression personnelle \u00e0 travers l&rsquo;art corporel.<\/p>\n\n\n\n<p>Retrouvez Fab de d\u00e9but avril \u00e0 fin septembre sur le shop <a href=\"https:\/\/www.tarawa.com\/studio\/vias-plage\/\" target=\"_blank\" rel=\"noopener\" title=\"\">Tarawa Vias-Plage<\/a> et le reste de l&rsquo;ann\u00e9e sur le shop <a href=\"https:\/\/www.tarawa.com\/studio\/cap-d-agde\/\" target=\"_blank\" rel=\"noopener\" title=\"\">Tarawa Cap d&rsquo;Agde<\/a>.<br><\/p>\n\n\n\n<p><strong>Contactez-nous :<\/strong><\/p>\n\n\n\n<p>Shop <a href=\"https:\/\/www.tarawa.com\/studio\/cap-d-agde\/\" target=\"_blank\" rel=\"noreferrer noopener\">Tarawa Cap d\u2019Agde<\/a>&nbsp;: 11 Quai Di Dominico, 34300 Cap d&rsquo;Agde<br>Par t\u00e9l\u00e9phone :&nbsp;<a href=\"tel:0467323425\">04 67 32 34 25<\/a><br>Par message :&nbsp;<a href=\"https:\/\/www.instagram.com\/tarawa_officiel\/\" target=\"_blank\" rel=\"noreferrer noopener\">@tarawa_officiel<\/a><br>Par mail :&nbsp;<a href=\"mailto:capdagde@tarawa.com\">capdagde@tarawa.com<\/a><br><br>Shop <a href=\"http:\/\/tarawa.com\/studio\/vias-plage\/\" target=\"_blank\" rel=\"noopener\" title=\"\">Tarawa Vias<\/a> : 1066 Av. de la M\u00e9diterran\u00e9e N\u00b03, Vias-Plage<br>Par t\u00e9l\u00e9phone : <a href=\"tel:0467941406\" title=\"\">04 67 94 14 06<\/a><br>Par message sur : <a href=\"https:\/\/www.instagram.com\/tarawa_officiel\/\" target=\"_blank\" rel=\"noopener\" title=\"\">@tarawa_officiel<\/a> <br>Par mail : <a href=\"mailto:vias@tarawa.com\">vias@tarawa.com<\/a><\/p>\n\n\n\n<div class=\"wp-block-buttons is-content-justification-center is-layout-flex wp-container-core-buttons-is-layout-16018d1d wp-block-buttons-is-layout-flex\">\n<div class=\"wp-block-button\"><a class=\"wp-block-button__link has-white-color has-vivid-red-background-color has-text-color has-background wp-element-button\" href=\"https:\/\/www.tarawa.com\/studio\/devis-tattoo\/\" target=\"_blank\" rel=\"noreferrer noopener\">Demandez un devis<\/a><\/div>\n<\/div>\n<\/div>\n\n\n\n<div class=\"wp-block-column is-layout-flow wp-block-column-is-layout-flow\">\n<figure class=\"wp-block-image size-large\"><img loading=\"lazy\" decoding=\"async\" width=\"1024\" height=\"1020\" src=\"https:\/\/www.tarawa.com\/studio\/wp-content\/uploads\/2023\/06\/fabien-tatoueur-tarawa-vias-plage-1024x1020.jpg\" alt=\"\" class=\"wp-image-10933\" srcset=\"https:\/\/www.tarawa.com\/studio\/wp-content\/uploads\/2023\/06\/fabien-tatoueur-tarawa-vias-plage-1024x1020.jpg 1024w, https:\/\/www.tarawa.com\/studio\/wp-content\/uploads\/2023\/06\/fabien-tatoueur-tarawa-vias-plage-300x300.jpg 300w, https:\/\/www.tarawa.com\/studio\/wp-content\/uploads\/2023\/06\/fabien-tatoueur-tarawa-vias-plage-150x150.jpg 150w, https:\/\/www.tarawa.com\/studio\/wp-content\/uploads\/2023\/06\/fabien-tatoueur-tarawa-vias-plage-768x765.jpg 768w, https:\/\/www.tarawa.com\/studio\/wp-content\/uploads\/2023\/06\/fabien-tatoueur-tarawa-vias-plage-900x897.jpg 900w, https:\/\/www.tarawa.com\/studio\/wp-content\/uploads\/2023\/06\/fabien-tatoueur-tarawa-vias-plage-400x399.jpg 400w, https:\/\/www.tarawa.com\/studio\/wp-content\/uploads\/2023\/06\/fabien-tatoueur-tarawa-vias-plage.jpg 1170w\" sizes=\"auto, (max-width: 1024px) 100vw, 1024px\" \/><\/figure>\n<\/div>\n<\/div>\n\n\n\n<figure class=\"wp-block-gallery has-nested-images columns-default is-cropped wp-block-gallery-1 is-layout-flex wp-block-gallery-is-layout-flex\">\n<figure class=\"wp-block-image size-full\"><img loading=\"lazy\" decoding=\"async\" width=\"1000\" height=\"1000\" data-id=\"13597\" src=\"https:\/\/www.tarawa.com\/studio\/wp-content\/uploads\/2025\/12\/tatouage-fab-anime.jpg\" alt=\"\" class=\"wp-image-13597\" srcset=\"https:\/\/www.tarawa.com\/studio\/wp-content\/uploads\/2025\/12\/tatouage-fab-anime.jpg 1000w, https:\/\/www.tarawa.com\/studio\/wp-content\/uploads\/2025\/12\/tatouage-fab-anime-300x300.jpg 300w, https:\/\/www.tarawa.com\/studio\/wp-content\/uploads\/2025\/12\/tatouage-fab-anime-150x150.jpg 150w, https:\/\/www.tarawa.com\/studio\/wp-content\/uploads\/2025\/12\/tatouage-fab-anime-768x768.jpg 768w, https:\/\/www.tarawa.com\/studio\/wp-content\/uploads\/2025\/12\/tatouage-fab-anime-900x900.jpg 900w, https:\/\/www.tarawa.com\/studio\/wp-content\/uploads\/2025\/12\/tatouage-fab-anime-400x400.jpg 400w\" sizes=\"auto, (max-width: 1000px) 100vw, 1000px\" \/><\/figure>\n\n\n\n<figure class=\"wp-block-image size-full\"><img loading=\"lazy\" decoding=\"async\" width=\"1000\" height=\"1000\" data-id=\"13599\" src=\"https:\/\/www.tarawa.com\/studio\/wp-content\/uploads\/2025\/12\/tatouage-fab-horloge.jpg\" alt=\"\" class=\"wp-image-13599\" srcset=\"https:\/\/www.tarawa.com\/studio\/wp-content\/uploads\/2025\/12\/tatouage-fab-horloge.jpg 1000w, https:\/\/www.tarawa.com\/studio\/wp-content\/uploads\/2025\/12\/tatouage-fab-horloge-300x300.jpg 300w, https:\/\/www.tarawa.com\/studio\/wp-content\/uploads\/2025\/12\/tatouage-fab-horloge-150x150.jpg 150w, https:\/\/www.tarawa.com\/studio\/wp-content\/uploads\/2025\/12\/tatouage-fab-horloge-768x768.jpg 768w, https:\/\/www.tarawa.com\/studio\/wp-content\/uploads\/2025\/12\/tatouage-fab-horloge-900x900.jpg 900w, https:\/\/www.tarawa.com\/studio\/wp-content\/uploads\/2025\/12\/tatouage-fab-horloge-400x400.jpg 400w\" sizes=\"auto, (max-width: 1000px) 100vw, 1000px\" \/><\/figure>\n\n\n\n<figure class=\"wp-block-image size-full\"><img loading=\"lazy\" decoding=\"async\" width=\"1000\" height=\"1000\" data-id=\"13600\" src=\"https:\/\/www.tarawa.com\/studio\/wp-content\/uploads\/2025\/12\/tatouage-fab-oiseau.jpg\" alt=\"\" class=\"wp-image-13600\" srcset=\"https:\/\/www.tarawa.com\/studio\/wp-content\/uploads\/2025\/12\/tatouage-fab-oiseau.jpg 1000w, https:\/\/www.tarawa.com\/studio\/wp-content\/uploads\/2025\/12\/tatouage-fab-oiseau-300x300.jpg 300w, https:\/\/www.tarawa.com\/studio\/wp-content\/uploads\/2025\/12\/tatouage-fab-oiseau-150x150.jpg 150w, https:\/\/www.tarawa.com\/studio\/wp-content\/uploads\/2025\/12\/tatouage-fab-oiseau-768x768.jpg 768w, https:\/\/www.tarawa.com\/studio\/wp-content\/uploads\/2025\/12\/tatouage-fab-oiseau-900x900.jpg 900w, https:\/\/www.tarawa.com\/studio\/wp-content\/uploads\/2025\/12\/tatouage-fab-oiseau-400x400.jpg 400w\" sizes=\"auto, (max-width: 1000px) 100vw, 1000px\" \/><\/figure>\n\n\n\n<figure class=\"wp-block-image size-full\"><img loading=\"lazy\" decoding=\"async\" width=\"1000\" height=\"1000\" data-id=\"13601\" src=\"https:\/\/www.tarawa.com\/studio\/wp-content\/uploads\/2025\/12\/tatouage-fab-ours.jpg\" alt=\"\" class=\"wp-image-13601\" srcset=\"https:\/\/www.tarawa.com\/studio\/wp-content\/uploads\/2025\/12\/tatouage-fab-ours.jpg 1000w, https:\/\/www.tarawa.com\/studio\/wp-content\/uploads\/2025\/12\/tatouage-fab-ours-300x300.jpg 300w, https:\/\/www.tarawa.com\/studio\/wp-content\/uploads\/2025\/12\/tatouage-fab-ours-150x150.jpg 150w, https:\/\/www.tarawa.com\/studio\/wp-content\/uploads\/2025\/12\/tatouage-fab-ours-768x768.jpg 768w, https:\/\/www.tarawa.com\/studio\/wp-content\/uploads\/2025\/12\/tatouage-fab-ours-900x900.jpg 900w, https:\/\/www.tarawa.com\/studio\/wp-content\/uploads\/2025\/12\/tatouage-fab-ours-400x400.jpg 400w\" sizes=\"auto, (max-width: 1000px) 100vw, 1000px\" \/><\/figure>\n\n\n\n<figure class=\"wp-block-image size-full\"><img loading=\"lazy\" decoding=\"async\" width=\"1000\" height=\"1000\" data-id=\"13602\" src=\"https:\/\/www.tarawa.com\/studio\/wp-content\/uploads\/2025\/12\/tatouage-fab-roses.jpg\" alt=\"\" class=\"wp-image-13602\" srcset=\"https:\/\/www.tarawa.com\/studio\/wp-content\/uploads\/2025\/12\/tatouage-fab-roses.jpg 1000w, https:\/\/www.tarawa.com\/studio\/wp-content\/uploads\/2025\/12\/tatouage-fab-roses-300x300.jpg 300w, https:\/\/www.tarawa.com\/studio\/wp-content\/uploads\/2025\/12\/tatouage-fab-roses-150x150.jpg 150w, https:\/\/www.tarawa.com\/studio\/wp-content\/uploads\/2025\/12\/tatouage-fab-roses-768x768.jpg 768w, https:\/\/www.tarawa.com\/studio\/wp-content\/uploads\/2025\/12\/tatouage-fab-roses-900x900.jpg 900w, https:\/\/www.tarawa.com\/studio\/wp-content\/uploads\/2025\/12\/tatouage-fab-roses-400x400.jpg 400w\" sizes=\"auto, (max-width: 1000px) 100vw, 1000px\" \/><\/figure>\n\n\n\n<figure class=\"wp-block-image size-full\"><img loading=\"lazy\" decoding=\"async\" width=\"1000\" height=\"1000\" data-id=\"13603\" src=\"https:\/\/www.tarawa.com\/studio\/wp-content\/uploads\/2025\/12\/tatouage-fab-signe-astro.jpg\" alt=\"\" class=\"wp-image-13603\" srcset=\"https:\/\/www.tarawa.com\/studio\/wp-content\/uploads\/2025\/12\/tatouage-fab-signe-astro.jpg 1000w, https:\/\/www.tarawa.com\/studio\/wp-content\/uploads\/2025\/12\/tatouage-fab-signe-astro-300x300.jpg 300w, https:\/\/www.tarawa.com\/studio\/wp-content\/uploads\/2025\/12\/tatouage-fab-signe-astro-150x150.jpg 150w, https:\/\/www.tarawa.com\/studio\/wp-content\/uploads\/2025\/12\/tatouage-fab-signe-astro-768x768.jpg 768w, https:\/\/www.tarawa.com\/studio\/wp-content\/uploads\/2025\/12\/tatouage-fab-signe-astro-900x900.jpg 900w, https:\/\/www.tarawa.com\/studio\/wp-content\/uploads\/2025\/12\/tatouage-fab-signe-astro-400x400.jpg 400w\" sizes=\"auto, (max-width: 1000px) 100vw, 1000px\" \/><\/figure>\n\n\n\n<figure class=\"wp-block-image size-full\"><img loading=\"lazy\" decoding=\"async\" width=\"1000\" height=\"1000\" data-id=\"13604\" src=\"https:\/\/www.tarawa.com\/studio\/wp-content\/uploads\/2025\/12\/tatouage-fab-tete-de-mort.jpg\" alt=\"\" class=\"wp-image-13604\" srcset=\"https:\/\/www.tarawa.com\/studio\/wp-content\/uploads\/2025\/12\/tatouage-fab-tete-de-mort.jpg 1000w, https:\/\/www.tarawa.com\/studio\/wp-content\/uploads\/2025\/12\/tatouage-fab-tete-de-mort-300x300.jpg 300w, https:\/\/www.tarawa.com\/studio\/wp-content\/uploads\/2025\/12\/tatouage-fab-tete-de-mort-150x150.jpg 150w, https:\/\/www.tarawa.com\/studio\/wp-content\/uploads\/2025\/12\/tatouage-fab-tete-de-mort-768x768.jpg 768w, https:\/\/www.tarawa.com\/studio\/wp-content\/uploads\/2025\/12\/tatouage-fab-tete-de-mort-900x900.jpg 900w, https:\/\/www.tarawa.com\/studio\/wp-content\/uploads\/2025\/12\/tatouage-fab-tete-de-mort-400x400.jpg 400w\" sizes=\"auto, (max-width: 1000px) 100vw, 1000px\" \/><\/figure>\n\n\n\n<figure class=\"wp-block-image size-full\"><img loading=\"lazy\" decoding=\"async\" width=\"1000\" height=\"1000\" data-id=\"13605\" src=\"https:\/\/www.tarawa.com\/studio\/wp-content\/uploads\/2025\/12\/tatouage-tribal-fabien.jpg\" alt=\"\" class=\"wp-image-13605\" srcset=\"https:\/\/www.tarawa.com\/studio\/wp-content\/uploads\/2025\/12\/tatouage-tribal-fabien.jpg 1000w, https:\/\/www.tarawa.com\/studio\/wp-content\/uploads\/2025\/12\/tatouage-tribal-fabien-300x300.jpg 300w, https:\/\/www.tarawa.com\/studio\/wp-content\/uploads\/2025\/12\/tatouage-tribal-fabien-150x150.jpg 150w, https:\/\/www.tarawa.com\/studio\/wp-content\/uploads\/2025\/12\/tatouage-tribal-fabien-768x768.jpg 768w, https:\/\/www.tarawa.com\/studio\/wp-content\/uploads\/2025\/12\/tatouage-tribal-fabien-900x900.jpg 900w, https:\/\/www.tarawa.com\/studio\/wp-content\/uploads\/2025\/12\/tatouage-tribal-fabien-400x400.jpg 400w\" sizes=\"auto, (max-width: 1000px) 100vw, 1000px\" \/><\/figure>\n\n\n\n<figure class=\"wp-block-image size-full\"><img loading=\"lazy\" decoding=\"async\" width=\"1000\" height=\"1000\" data-id=\"13606\" src=\"https:\/\/www.tarawa.com\/studio\/wp-content\/uploads\/2025\/12\/tatouauge-fab-duo.jpg\" alt=\"\" class=\"wp-image-13606\" srcset=\"https:\/\/www.tarawa.com\/studio\/wp-content\/uploads\/2025\/12\/tatouauge-fab-duo.jpg 1000w, https:\/\/www.tarawa.com\/studio\/wp-content\/uploads\/2025\/12\/tatouauge-fab-duo-300x300.jpg 300w, https:\/\/www.tarawa.com\/studio\/wp-content\/uploads\/2025\/12\/tatouauge-fab-duo-150x150.jpg 150w, https:\/\/www.tarawa.com\/studio\/wp-content\/uploads\/2025\/12\/tatouauge-fab-duo-768x768.jpg 768w, https:\/\/www.tarawa.com\/studio\/wp-content\/uploads\/2025\/12\/tatouauge-fab-duo-900x900.jpg 900w, https:\/\/www.tarawa.com\/studio\/wp-content\/uploads\/2025\/12\/tatouauge-fab-duo-400x400.jpg 400w\" sizes=\"auto, (max-width: 1000px) 100vw, 1000px\" \/><\/figure>\n<\/figure>\n\n\n\n<div class=\"wp-block-buttons is-content-justification-center is-layout-flex wp-container-core-buttons-is-layout-16018d1d wp-block-buttons-is-layout-flex\">\n<div class=\"wp-block-button\"><a class=\"wp-block-button__link has-white-color has-vivid-red-background-color has-text-color has-background wp-element-button\" href=\"https:\/\/www.tarawa.com\/studio\/albums\/album-fab\/\">Voir l&rsquo;album de Fab<\/a><\/div>\n<\/div>\n\n\n\n<p><\/p>\n","protected":false},"excerpt":{"rendered":"<p>Fabien &#8211; Tatoueur r\u00e9sident Tarawa Vias-Plage et Cap d&rsquo;Agde Fabien, artiste tatoueur, r\u00e9v\u00e8le une gamme vari\u00e9e de styles de tatouage, de l&rsquo;illustratif au r\u00e9alisme, en passant par l&rsquo;abstrait et le portrait&#8230; Chaque pi\u00e8ce d\u00e9montre son aptitude \u00e0 capturer des d\u00e9tails fins et \u00e0 cr\u00e9er de v\u00e9ritables \u0153uvres d&rsquo;art sur la peau. Fabien est un artiste &hellip; <\/p>\n","protected":false},"author":1,"featured_media":0,"parent":0,"menu_order":0,"comment_status":"closed","ping_status":"closed","template":"","meta":{"_monsterinsights_skip_tracking":false,"_monsterinsights_sitenote_active":false,"_monsterinsights_sitenote_note":"","_monsterinsights_sitenote_category":0,"footnotes":""},"class_list":["post-10931","page","type-page","status-publish","hentry"],"_links":{"self":[{"href":"https:\/\/www.tarawa.com\/studio\/wp-json\/wp\/v2\/pages\/10931","targetHints":{"allow":["GET"]}}],"collection":[{"href":"https:\/\/www.tarawa.com\/studio\/wp-json\/wp\/v2\/pages"}],"about":[{"href":"https:\/\/www.tarawa.com\/studio\/wp-json\/wp\/v2\/types\/page"}],"author":[{"embeddable":true,"href":"https:\/\/www.tarawa.com\/studio\/wp-json\/wp\/v2\/users\/1"}],"replies":[{"embeddable":true,"href":"https:\/\/www.tarawa.com\/studio\/wp-json\/wp\/v2\/comments?post=10931"}],"version-history":[{"count":0,"href":"https:\/\/www.tarawa.com\/studio\/wp-json\/wp\/v2\/pages\/10931\/revisions"}],"wp:attachment":[{"href":"https:\/\/www.tarawa.com\/studio\/wp-json\/wp\/v2\/media?parent=10931"}],"curies":[{"name":"wp","href":"https:\/\/api.w.org\/{rel}","templated":true}]}}