{"id":10897,"date":"2023-05-30T19:01:51","date_gmt":"2023-05-30T17:01:51","guid":{"rendered":"https:\/\/www.tarawa.com\/studio\/?page_id=10897"},"modified":"2025-01-24T12:08:23","modified_gmt":"2025-01-24T11:08:23","slug":"marseillan","status":"publish","type":"page","link":"https:\/\/www.tarawa.com\/studio\/marseillan\/","title":{"rendered":"Studio Tattoo &#038; Piercing &#8211; Marseillan Plage"},"content":{"rendered":"\n<p>Bienvenue au <a href=\"https:\/\/www.tarawa.com\/studio\/\">Studio Tarawa<\/a> de Marseillan, votre adresse incontournable pour la vente de piercings et l&rsquo;art du tatouage. Ouvert chaque saison de d\u00e9but avril \u00e0 fin septembre, notre \u00e9quipe passionn\u00e9e vous accueille pour vous conseiller et r\u00e9pondre \u00e0 toutes vos questions, avec ou sans rendez-vous.<\/p>\n\n\n\n<p>Situ\u00e9 au c\u0153ur de la pittoresque station baln\u00e9aire de Marseillan, notre boutique vous offre un cadre chaleureux et professionnel pour une exp\u00e9rience personnalis\u00e9e. Que vous soyez \u00e0 la recherche d\u2019un nouveau piercing ou d\u2019un tatouage unique, nous sommes l\u00e0 pour vous accompagner dans vos choix et vous proposer un service de qualit\u00e9. Venez d\u00e9couvrir notre univers et laissez vous inspirer par notre savoir-faire !<\/p>\n\n\n\n<div class=\"wp-block-columns is-layout-flex wp-container-core-columns-is-layout-9d6595d7 wp-block-columns-is-layout-flex\">\n<div class=\"wp-block-column is-layout-flow wp-block-column-is-layout-flow\">\n<figure class=\"wp-block-image size-large\"><a href=\"https:\/\/www.tarawa.com\/studio\/wp-content\/uploads\/2023\/05\/tarawa-studio-tattoo-piercing-marseillan-plage.jpg\"><img loading=\"lazy\" decoding=\"async\" width=\"1024\" height=\"1365\" src=\"https:\/\/www.tarawa.com\/studio\/wp-content\/uploads\/2023\/05\/tarawa-studio-tattoo-piercing-marseillan-plage-1024x1365.jpg\" alt=\"\" class=\"wp-image-10899\" srcset=\"https:\/\/www.tarawa.com\/studio\/wp-content\/uploads\/2023\/05\/tarawa-studio-tattoo-piercing-marseillan-plage-1024x1365.jpg 1024w, https:\/\/www.tarawa.com\/studio\/wp-content\/uploads\/2023\/05\/tarawa-studio-tattoo-piercing-marseillan-plage-225x300.jpg 225w, https:\/\/www.tarawa.com\/studio\/wp-content\/uploads\/2023\/05\/tarawa-studio-tattoo-piercing-marseillan-plage-768x1024.jpg 768w, https:\/\/www.tarawa.com\/studio\/wp-content\/uploads\/2023\/05\/tarawa-studio-tattoo-piercing-marseillan-plage-1152x1536.jpg 1152w, https:\/\/www.tarawa.com\/studio\/wp-content\/uploads\/2023\/05\/tarawa-studio-tattoo-piercing-marseillan-plage-900x1200.jpg 900w, https:\/\/www.tarawa.com\/studio\/wp-content\/uploads\/2023\/05\/tarawa-studio-tattoo-piercing-marseillan-plage-400x533.jpg 400w, https:\/\/www.tarawa.com\/studio\/wp-content\/uploads\/2023\/05\/tarawa-studio-tattoo-piercing-marseillan-plage.jpg 1440w\" sizes=\"auto, (max-width: 1024px) 100vw, 1024px\" \/><\/a><\/figure>\n<\/div>\n\n\n\n<div class=\"wp-block-column is-layout-flow wp-block-column-is-layout-flow\">\n<p>Ouverture D\u00e9but Avril &#8211; Fin Septembre<\/p>\n\n\n\n<p>Tous les jours de 10h \u00e0 00h<\/p>\n\n\n\n<p><strong>Adresse<\/strong><br>205 Chemin de l&rsquo;Airette<br>34340 Marseillan plage<\/p>\n\n\n\n<p><strong>Num\u00e9ro de t\u00e9l\u00e9phone :<br><\/strong><a href=\"tel:0955778606\" title=\"09 55 77 86 06\">09 55 77 86 06<\/a><\/p>\n\n\n\n<p><strong>Adresse Mail :<br><\/strong><a href=\"mailto:marseillan@tarawa.com\">marseillan@tarawa.com<\/a><\/p>\n<\/div>\n<\/div>\n\n\n<p><iframe src=\"https:\/\/www.google.com\/maps\/embed?pb=!1m18!1m12!1m3!1d181.43441429625724!2d3.5487897109873434!3d43.315292943233324!2m3!1f0!2f0!3f0!3m2!1i1024!2i768!4f13.1!3m3!1m2!1s0x12b13b4108fe9119%3A0xc8da53d3a5d440ff!2sTarawa%20Tattoo%20Piercing%20Marseillan!5e0!3m2!1sfr!2sfr!4v1685465943480!5m2!1sfr!2sfr\" style=\"border:0;\" allowfullscreen=\"\" loading=\"lazy\" referrerpolicy=\"no-referrer-when-downgrade\" width=\"100%\" height=\"450\"><\/iframe><\/p>\n","protected":false},"excerpt":{"rendered":"<p>Bienvenue au Studio Tarawa de Marseillan, votre adresse incontournable pour la vente de piercings et l&rsquo;art du tatouage. Ouvert chaque saison de d\u00e9but avril \u00e0 fin septembre, notre \u00e9quipe passionn\u00e9e vous accueille pour vous conseiller et r\u00e9pondre \u00e0 toutes vos questions, avec ou sans rendez-vous. Situ\u00e9 au c\u0153ur de la pittoresque station baln\u00e9aire de Marseillan, &hellip; <\/p>\n","protected":false},"author":1,"featured_media":0,"parent":0,"menu_order":0,"comment_status":"closed","ping_status":"closed","template":"","meta":{"_monsterinsights_skip_tracking":false,"_monsterinsights_sitenote_active":false,"_monsterinsights_sitenote_note":"","_monsterinsights_sitenote_category":0,"footnotes":""},"class_list":["post-10897","page","type-page","status-publish","hentry"],"_links":{"self":[{"href":"https:\/\/www.tarawa.com\/studio\/wp-json\/wp\/v2\/pages\/10897","targetHints":{"allow":["GET"]}}],"collection":[{"href":"https:\/\/www.tarawa.com\/studio\/wp-json\/wp\/v2\/pages"}],"about":[{"href":"https:\/\/www.tarawa.com\/studio\/wp-json\/wp\/v2\/types\/page"}],"author":[{"embeddable":true,"href":"https:\/\/www.tarawa.com\/studio\/wp-json\/wp\/v2\/users\/1"}],"replies":[{"embeddable":true,"href":"https:\/\/www.tarawa.com\/studio\/wp-json\/wp\/v2\/comments?post=10897"}],"version-history":[{"count":0,"href":"https:\/\/www.tarawa.com\/studio\/wp-json\/wp\/v2\/pages\/10897\/revisions"}],"wp:attachment":[{"href":"https:\/\/www.tarawa.com\/studio\/wp-json\/wp\/v2\/media?parent=10897"}],"curies":[{"name":"wp","href":"https:\/\/api.w.org\/{rel}","templated":true}]}}