{"id":10749,"date":"2023-02-13T09:25:25","date_gmt":"2023-02-13T08:25:25","guid":{"rendered":"https:\/\/www.tarawa.com\/studio\/?page_id=10749"},"modified":"2026-05-11T16:04:09","modified_gmt":"2026-05-11T14:04:09","slug":"the-little-fox","status":"publish","type":"page","link":"https:\/\/www.tarawa.com\/studio\/the-little-fox\/","title":{"rendered":"The Little Fox"},"content":{"rendered":"\n<div class=\"wp-block-columns is-layout-flex wp-container-core-columns-is-layout-9d6595d7 wp-block-columns-is-layout-flex\">\n<div class=\"wp-block-column is-layout-flow wp-block-column-is-layout-flow\">\n<h2 class=\"wp-block-heading\">Ondine \u00ab\u00a0The Little Fox\u00a0\u00bb, tatoueuse Tarawa Roanne<\/h2>\n\n\n\n<p>Ondine, <a href=\"https:\/\/www.tarawa.com\/studio\/tatoueur\/\" target=\"_blank\" rel=\"noopener\" title=\"\">artiste tatoueuse<\/a> du shop <a href=\"https:\/\/www.tarawa.com\/studio\/roanne\/\" title=\"\">Tarawa Roanne<\/a>, tr\u00e8s \u00e0 l&rsquo;aise dans la manipulation de la couleur, pratiquant aussi bien le style old school que le micro r\u00e9alisme. Elle est \u00e9galement attir\u00e9e par les techniques graphiques et le travail en free hand, permettant de laisser libre cours \u00e0 la cr\u00e9ativit\u00e9, que ce soit en couleur ou en noir et blanc.<br><\/p>\n\n\n\n<p><strong>Contactez-nous :<\/strong><\/p>\n\n\n\n<p>Shop <a href=\"https:\/\/www.tarawa.com\/studio\/roanne\/\" target=\"_blank\" rel=\"noreferrer noopener\">Tarawa Roanne<\/a> : 14 rue Charles de Gaulle, 42300 Roanne<br>Par t\u00e9l\u00e9phone : <a href=\"tel:0952016283\" target=\"_blank\" rel=\"noreferrer noopener\">09 52 01 62 83<\/a><br>Par message : <a href=\"https:\/\/www.instagram.com\/tarawa_officiel\/\" target=\"_blank\" rel=\"noreferrer noopener\">@tarawa_officiel<\/a><br>Par mail : <a href=\"mailto:roanne@tarawa.com\">roanne@tarawa.com<\/a><\/p>\n\n\n\n<div class=\"wp-block-buttons is-content-justification-center is-layout-flex wp-container-core-buttons-is-layout-16018d1d wp-block-buttons-is-layout-flex\">\n<div class=\"wp-block-button\"><a class=\"wp-block-button__link has-white-color has-vivid-red-background-color has-text-color has-background wp-element-button\" href=\"https:\/\/www.tarawa.com\/studio\/devis-tattoo\/\" target=\"_blank\" rel=\"noreferrer noopener\">Demandez votre devis<\/a><\/div>\n<\/div>\n<\/div>\n\n\n\n<div class=\"wp-block-column is-layout-flow wp-block-column-is-layout-flow\">\n<figure class=\"wp-block-image size-full is-resized\"><img loading=\"lazy\" decoding=\"async\" width=\"600\" height=\"600\" src=\"https:\/\/www.tarawa.com\/studio\/wp-content\/uploads\/2022\/10\/thelittlefox-tatoueuse-tarawa-roanne.jpg\" alt=\"\" class=\"wp-image-10416\" style=\"width:455px;height:455px\" srcset=\"https:\/\/www.tarawa.com\/studio\/wp-content\/uploads\/2022\/10\/thelittlefox-tatoueuse-tarawa-roanne.jpg 600w, https:\/\/www.tarawa.com\/studio\/wp-content\/uploads\/2022\/10\/thelittlefox-tatoueuse-tarawa-roanne-300x300.jpg 300w, https:\/\/www.tarawa.com\/studio\/wp-content\/uploads\/2022\/10\/thelittlefox-tatoueuse-tarawa-roanne-150x150.jpg 150w, https:\/\/www.tarawa.com\/studio\/wp-content\/uploads\/2022\/10\/thelittlefox-tatoueuse-tarawa-roanne-400x400.jpg 400w\" sizes=\"auto, (max-width: 600px) 100vw, 600px\" \/><\/figure>\n<\/div>\n<\/div>\n\n\n\n<div class=\"wp-block-columns is-layout-flex wp-container-core-columns-is-layout-9d6595d7 wp-block-columns-is-layout-flex\">\n<div class=\"wp-block-column is-layout-flow wp-block-column-is-layout-flow\">\n<figure class=\"wp-block-image size-full\"><img loading=\"lazy\" decoding=\"async\" width=\"1000\" height=\"1000\" src=\"https:\/\/www.tarawa.com\/studio\/wp-content\/uploads\/2026\/05\/chameau-ondine-tatouage.jpg\" alt=\"\" class=\"wp-image-13974\" srcset=\"https:\/\/www.tarawa.com\/studio\/wp-content\/uploads\/2026\/05\/chameau-ondine-tatouage.jpg 1000w, https:\/\/www.tarawa.com\/studio\/wp-content\/uploads\/2026\/05\/chameau-ondine-tatouage-300x300.jpg 300w, https:\/\/www.tarawa.com\/studio\/wp-content\/uploads\/2026\/05\/chameau-ondine-tatouage-150x150.jpg 150w, https:\/\/www.tarawa.com\/studio\/wp-content\/uploads\/2026\/05\/chameau-ondine-tatouage-768x768.jpg 768w, https:\/\/www.tarawa.com\/studio\/wp-content\/uploads\/2026\/05\/chameau-ondine-tatouage-900x900.jpg 900w, https:\/\/www.tarawa.com\/studio\/wp-content\/uploads\/2026\/05\/chameau-ondine-tatouage-400x400.jpg 400w\" sizes=\"auto, (max-width: 1000px) 100vw, 1000px\" \/><\/figure>\n<\/div>\n\n\n\n<div class=\"wp-block-column is-layout-flow wp-block-column-is-layout-flow\">\n<figure class=\"wp-block-image size-full\"><img loading=\"lazy\" decoding=\"async\" width=\"1000\" height=\"1000\" src=\"https:\/\/www.tarawa.com\/studio\/wp-content\/uploads\/2026\/05\/ondine-tatouage-fleur.jpg\" alt=\"\" class=\"wp-image-13975\" srcset=\"https:\/\/www.tarawa.com\/studio\/wp-content\/uploads\/2026\/05\/ondine-tatouage-fleur.jpg 1000w, https:\/\/www.tarawa.com\/studio\/wp-content\/uploads\/2026\/05\/ondine-tatouage-fleur-300x300.jpg 300w, https:\/\/www.tarawa.com\/studio\/wp-content\/uploads\/2026\/05\/ondine-tatouage-fleur-150x150.jpg 150w, https:\/\/www.tarawa.com\/studio\/wp-content\/uploads\/2026\/05\/ondine-tatouage-fleur-768x768.jpg 768w, https:\/\/www.tarawa.com\/studio\/wp-content\/uploads\/2026\/05\/ondine-tatouage-fleur-900x900.jpg 900w, https:\/\/www.tarawa.com\/studio\/wp-content\/uploads\/2026\/05\/ondine-tatouage-fleur-400x400.jpg 400w\" sizes=\"auto, (max-width: 1000px) 100vw, 1000px\" \/><\/figure>\n<\/div>\n\n\n\n<div class=\"wp-block-column is-layout-flow wp-block-column-is-layout-flow\">\n<figure class=\"wp-block-image size-full\"><img loading=\"lazy\" decoding=\"async\" width=\"1000\" height=\"1000\" src=\"https:\/\/www.tarawa.com\/studio\/wp-content\/uploads\/2026\/05\/ondine-tatouage-saint-jacques.jpg\" alt=\"\" class=\"wp-image-13976\" srcset=\"https:\/\/www.tarawa.com\/studio\/wp-content\/uploads\/2026\/05\/ondine-tatouage-saint-jacques.jpg 1000w, https:\/\/www.tarawa.com\/studio\/wp-content\/uploads\/2026\/05\/ondine-tatouage-saint-jacques-300x300.jpg 300w, https:\/\/www.tarawa.com\/studio\/wp-content\/uploads\/2026\/05\/ondine-tatouage-saint-jacques-150x150.jpg 150w, https:\/\/www.tarawa.com\/studio\/wp-content\/uploads\/2026\/05\/ondine-tatouage-saint-jacques-768x768.jpg 768w, https:\/\/www.tarawa.com\/studio\/wp-content\/uploads\/2026\/05\/ondine-tatouage-saint-jacques-900x900.jpg 900w, https:\/\/www.tarawa.com\/studio\/wp-content\/uploads\/2026\/05\/ondine-tatouage-saint-jacques-400x400.jpg 400w\" sizes=\"auto, (max-width: 1000px) 100vw, 1000px\" \/><\/figure>\n<\/div>\n<\/div>\n\n\n\n<div class=\"wp-block-columns is-layout-flex wp-container-core-columns-is-layout-9d6595d7 wp-block-columns-is-layout-flex\">\n<div class=\"wp-block-column is-layout-flow wp-block-column-is-layout-flow\">\n<figure class=\"wp-block-image size-full\"><img loading=\"lazy\" decoding=\"async\" width=\"1000\" height=\"1000\" src=\"https:\/\/www.tarawa.com\/studio\/wp-content\/uploads\/2026\/05\/ondine-tatouage-treize.jpg\" alt=\"\" class=\"wp-image-13977\" srcset=\"https:\/\/www.tarawa.com\/studio\/wp-content\/uploads\/2026\/05\/ondine-tatouage-treize.jpg 1000w, https:\/\/www.tarawa.com\/studio\/wp-content\/uploads\/2026\/05\/ondine-tatouage-treize-300x300.jpg 300w, https:\/\/www.tarawa.com\/studio\/wp-content\/uploads\/2026\/05\/ondine-tatouage-treize-150x150.jpg 150w, https:\/\/www.tarawa.com\/studio\/wp-content\/uploads\/2026\/05\/ondine-tatouage-treize-768x768.jpg 768w, https:\/\/www.tarawa.com\/studio\/wp-content\/uploads\/2026\/05\/ondine-tatouage-treize-900x900.jpg 900w, https:\/\/www.tarawa.com\/studio\/wp-content\/uploads\/2026\/05\/ondine-tatouage-treize-400x400.jpg 400w\" sizes=\"auto, (max-width: 1000px) 100vw, 1000px\" \/><\/figure>\n<\/div>\n\n\n\n<div class=\"wp-block-column is-layout-flow wp-block-column-is-layout-flow\">\n<figure class=\"wp-block-image size-full\"><img loading=\"lazy\" decoding=\"async\" width=\"1000\" height=\"1000\" src=\"https:\/\/www.tarawa.com\/studio\/wp-content\/uploads\/2026\/05\/tatouage-ondine-femme.jpg\" alt=\"\" class=\"wp-image-13979\" srcset=\"https:\/\/www.tarawa.com\/studio\/wp-content\/uploads\/2026\/05\/tatouage-ondine-femme.jpg 1000w, https:\/\/www.tarawa.com\/studio\/wp-content\/uploads\/2026\/05\/tatouage-ondine-femme-300x300.jpg 300w, https:\/\/www.tarawa.com\/studio\/wp-content\/uploads\/2026\/05\/tatouage-ondine-femme-150x150.jpg 150w, https:\/\/www.tarawa.com\/studio\/wp-content\/uploads\/2026\/05\/tatouage-ondine-femme-768x768.jpg 768w, https:\/\/www.tarawa.com\/studio\/wp-content\/uploads\/2026\/05\/tatouage-ondine-femme-900x900.jpg 900w, https:\/\/www.tarawa.com\/studio\/wp-content\/uploads\/2026\/05\/tatouage-ondine-femme-400x400.jpg 400w\" sizes=\"auto, (max-width: 1000px) 100vw, 1000px\" \/><\/figure>\n<\/div>\n\n\n\n<div class=\"wp-block-column is-layout-flow wp-block-column-is-layout-flow\">\n<figure class=\"wp-block-image size-full\"><img loading=\"lazy\" decoding=\"async\" width=\"1000\" height=\"1000\" src=\"https:\/\/www.tarawa.com\/studio\/wp-content\/uploads\/2026\/05\/tatouage-ondine-oiseau.jpg\" alt=\"\" class=\"wp-image-13980\" srcset=\"https:\/\/www.tarawa.com\/studio\/wp-content\/uploads\/2026\/05\/tatouage-ondine-oiseau.jpg 1000w, https:\/\/www.tarawa.com\/studio\/wp-content\/uploads\/2026\/05\/tatouage-ondine-oiseau-300x300.jpg 300w, https:\/\/www.tarawa.com\/studio\/wp-content\/uploads\/2026\/05\/tatouage-ondine-oiseau-150x150.jpg 150w, https:\/\/www.tarawa.com\/studio\/wp-content\/uploads\/2026\/05\/tatouage-ondine-oiseau-768x768.jpg 768w, https:\/\/www.tarawa.com\/studio\/wp-content\/uploads\/2026\/05\/tatouage-ondine-oiseau-900x900.jpg 900w, https:\/\/www.tarawa.com\/studio\/wp-content\/uploads\/2026\/05\/tatouage-ondine-oiseau-400x400.jpg 400w\" sizes=\"auto, (max-width: 1000px) 100vw, 1000px\" \/><\/figure>\n<\/div>\n<\/div>\n\n\n\n<figure class=\"wp-block-gallery has-nested-images columns-default is-cropped wp-block-gallery-1 is-layout-flex wp-block-gallery-is-layout-flex\">\n<figure class=\"wp-block-image size-full\"><img loading=\"lazy\" decoding=\"async\" width=\"1000\" height=\"1000\" data-id=\"13526\" src=\"https:\/\/www.tarawa.com\/studio\/wp-content\/uploads\/2025\/09\/tatouauge-tarawa-ondine-bebe.png\" alt=\"\" class=\"wp-image-13526\" srcset=\"https:\/\/www.tarawa.com\/studio\/wp-content\/uploads\/2025\/09\/tatouauge-tarawa-ondine-bebe.png 1000w, https:\/\/www.tarawa.com\/studio\/wp-content\/uploads\/2025\/09\/tatouauge-tarawa-ondine-bebe-300x300.png 300w, https:\/\/www.tarawa.com\/studio\/wp-content\/uploads\/2025\/09\/tatouauge-tarawa-ondine-bebe-150x150.png 150w, https:\/\/www.tarawa.com\/studio\/wp-content\/uploads\/2025\/09\/tatouauge-tarawa-ondine-bebe-768x768.png 768w, https:\/\/www.tarawa.com\/studio\/wp-content\/uploads\/2025\/09\/tatouauge-tarawa-ondine-bebe-900x900.png 900w, https:\/\/www.tarawa.com\/studio\/wp-content\/uploads\/2025\/09\/tatouauge-tarawa-ondine-bebe-400x400.png 400w\" sizes=\"auto, (max-width: 1000px) 100vw, 1000px\" \/><\/figure>\n\n\n\n<figure class=\"wp-block-image size-full\"><img loading=\"lazy\" decoding=\"async\" width=\"1000\" height=\"1000\" data-id=\"13527\" src=\"https:\/\/www.tarawa.com\/studio\/wp-content\/uploads\/2025\/09\/tatouauge-tarawa-ondine-citron.png\" alt=\"\" class=\"wp-image-13527\" srcset=\"https:\/\/www.tarawa.com\/studio\/wp-content\/uploads\/2025\/09\/tatouauge-tarawa-ondine-citron.png 1000w, https:\/\/www.tarawa.com\/studio\/wp-content\/uploads\/2025\/09\/tatouauge-tarawa-ondine-citron-300x300.png 300w, https:\/\/www.tarawa.com\/studio\/wp-content\/uploads\/2025\/09\/tatouauge-tarawa-ondine-citron-150x150.png 150w, https:\/\/www.tarawa.com\/studio\/wp-content\/uploads\/2025\/09\/tatouauge-tarawa-ondine-citron-768x768.png 768w, https:\/\/www.tarawa.com\/studio\/wp-content\/uploads\/2025\/09\/tatouauge-tarawa-ondine-citron-900x900.png 900w, https:\/\/www.tarawa.com\/studio\/wp-content\/uploads\/2025\/09\/tatouauge-tarawa-ondine-citron-400x400.png 400w\" sizes=\"auto, (max-width: 1000px) 100vw, 1000px\" \/><\/figure>\n\n\n\n<figure class=\"wp-block-image size-full\"><img loading=\"lazy\" decoding=\"async\" width=\"1000\" height=\"1000\" data-id=\"13528\" src=\"https:\/\/www.tarawa.com\/studio\/wp-content\/uploads\/2025\/09\/tatouauge-tarawa-ondine-girafe.png\" alt=\"\" class=\"wp-image-13528\" srcset=\"https:\/\/www.tarawa.com\/studio\/wp-content\/uploads\/2025\/09\/tatouauge-tarawa-ondine-girafe.png 1000w, https:\/\/www.tarawa.com\/studio\/wp-content\/uploads\/2025\/09\/tatouauge-tarawa-ondine-girafe-300x300.png 300w, https:\/\/www.tarawa.com\/studio\/wp-content\/uploads\/2025\/09\/tatouauge-tarawa-ondine-girafe-150x150.png 150w, https:\/\/www.tarawa.com\/studio\/wp-content\/uploads\/2025\/09\/tatouauge-tarawa-ondine-girafe-768x768.png 768w, https:\/\/www.tarawa.com\/studio\/wp-content\/uploads\/2025\/09\/tatouauge-tarawa-ondine-girafe-900x900.png 900w, https:\/\/www.tarawa.com\/studio\/wp-content\/uploads\/2025\/09\/tatouauge-tarawa-ondine-girafe-400x400.png 400w\" sizes=\"auto, (max-width: 1000px) 100vw, 1000px\" \/><\/figure>\n<\/figure>\n\n\n\n<div class=\"wp-block-buttons is-content-justification-center is-layout-flex wp-container-core-buttons-is-layout-16018d1d wp-block-buttons-is-layout-flex\">\n<div class=\"wp-block-button\"><a class=\"wp-block-button__link has-white-color has-vivid-red-background-color has-text-color has-background wp-element-button\" href=\"https:\/\/www.tarawa.com\/studio\/albums\/album-ondine\/\" target=\"_blank\" rel=\"noreferrer noopener\">Voir l&rsquo;album d&rsquo;Ondine<\/a><\/div>\n<\/div>\n\n\n\n<p><\/p>\n","protected":false},"excerpt":{"rendered":"<p>Ondine \u00ab\u00a0The Little Fox\u00a0\u00bb, tatoueuse Tarawa Roanne Ondine, artiste tatoueuse du shop Tarawa Roanne, tr\u00e8s \u00e0 l&rsquo;aise dans la manipulation de la couleur, pratiquant aussi bien le style old school que le micro r\u00e9alisme. Elle est \u00e9galement attir\u00e9e par les techniques graphiques et le travail en free hand, permettant de laisser libre cours \u00e0 la &hellip; <\/p>\n","protected":false},"author":1,"featured_media":0,"parent":0,"menu_order":0,"comment_status":"closed","ping_status":"closed","template":"","meta":{"_monsterinsights_skip_tracking":false,"_monsterinsights_sitenote_active":false,"_monsterinsights_sitenote_note":"","_monsterinsights_sitenote_category":0,"footnotes":""},"class_list":["post-10749","page","type-page","status-publish","hentry"],"_links":{"self":[{"href":"https:\/\/www.tarawa.com\/studio\/wp-json\/wp\/v2\/pages\/10749","targetHints":{"allow":["GET"]}}],"collection":[{"href":"https:\/\/www.tarawa.com\/studio\/wp-json\/wp\/v2\/pages"}],"about":[{"href":"https:\/\/www.tarawa.com\/studio\/wp-json\/wp\/v2\/types\/page"}],"author":[{"embeddable":true,"href":"https:\/\/www.tarawa.com\/studio\/wp-json\/wp\/v2\/users\/1"}],"replies":[{"embeddable":true,"href":"https:\/\/www.tarawa.com\/studio\/wp-json\/wp\/v2\/comments?post=10749"}],"version-history":[{"count":0,"href":"https:\/\/www.tarawa.com\/studio\/wp-json\/wp\/v2\/pages\/10749\/revisions"}],"wp:attachment":[{"href":"https:\/\/www.tarawa.com\/studio\/wp-json\/wp\/v2\/media?parent=10749"}],"curies":[{"name":"wp","href":"https:\/\/api.w.org\/{rel}","templated":true}]}}