{"id":10743,"date":"2023-02-06T09:34:30","date_gmt":"2023-02-06T08:34:30","guid":{"rendered":"https:\/\/www.tarawa.com\/studio\/?page_id=10743"},"modified":"2025-09-26T09:57:33","modified_gmt":"2025-09-26T07:57:33","slug":"maxime","status":"publish","type":"page","link":"https:\/\/www.tarawa.com\/studio\/maxime\/","title":{"rendered":"Maxime"},"content":{"rendered":"\n<div class=\"wp-block-columns is-layout-flex wp-container-core-columns-is-layout-9d6595d7 wp-block-columns-is-layout-flex\">\n<div class=\"wp-block-column is-layout-flow wp-block-column-is-layout-flow\">\n<h2 class=\"wp-block-heading\">Maxime \u00ab\u00a0Peaky Inkers\u00a0\u00bb tatoueur r\u00e9sident Tarawa Roanne<\/h2>\n\n\n\n<p>Maxime, <a href=\"https:\/\/www.tarawa.com\/studio\/tatoueur\/\" target=\"_blank\" rel=\"noopener\" title=\"\">artiste tatoueur<\/a> r\u00e9sident au sein du shop<a href=\"http:\/\/tarawa.com\/studio\/roanne\/\" target=\"_blank\" rel=\"noopener\" title=\"\"> Tarawa  Roanne<\/a>. Sa passion pour le tatouage se manifeste \u00e0 travers une sp\u00e9cialisation en noir et gris, o\u00f9 il excelle dans la cr\u00e9ation de pi\u00e8ces en semi-r\u00e9alisme. Les \u0153uvres de Maxime sont caract\u00e9ris\u00e9es par des d\u00e9tails minutieux et un jeu d&rsquo;ombre impressionnant.<\/p>\n\n\n\n<p><\/p>\n\n\n\n<p><strong>Contactez-nous :<\/strong><\/p>\n\n\n\n<p>Shop <a href=\"https:\/\/www.tarawa.com\/studio\/roanne\/\" target=\"_blank\" rel=\"noreferrer noopener\">Tarawa Roanne<\/a> : 14 rue Charles de Gaulle, 42300 Roanne<br>Par t\u00e9l\u00e9phone : <a href=\"tel:0952016283\" target=\"_blank\" rel=\"noreferrer noopener\">09 52 01 62 83<\/a><br>Par message : <a href=\"https:\/\/www.instagram.com\/tarawa_officiel\/\" target=\"_blank\" rel=\"noreferrer noopener\">@tarawa_officiel<\/a><br>Par mail : <a href=\"mailto:roanne@tarawa.com\">roanne@tarawa.com<\/a><\/p>\n\n\n\n<div class=\"wp-block-buttons is-content-justification-center is-layout-flex wp-container-core-buttons-is-layout-16018d1d wp-block-buttons-is-layout-flex\">\n<div class=\"wp-block-button\"><a class=\"wp-block-button__link has-white-color has-vivid-red-background-color has-text-color has-background wp-element-button\" href=\"https:\/\/www.tarawa.com\/studio\/devis-tattoo\/\" target=\"_blank\" rel=\"noreferrer noopener\">Demandez votre devis<\/a><\/div>\n<\/div>\n<\/div>\n\n\n\n<div class=\"wp-block-column is-layout-flow wp-block-column-is-layout-flow\">\n<figure class=\"wp-block-image size-full\"><img loading=\"lazy\" decoding=\"async\" width=\"892\" height=\"892\" src=\"https:\/\/www.tarawa.com\/studio\/wp-content\/uploads\/2024\/07\/tarawa_tatoueur_maxime.webp\" alt=\"\" class=\"wp-image-11704\" srcset=\"https:\/\/www.tarawa.com\/studio\/wp-content\/uploads\/2024\/07\/tarawa_tatoueur_maxime.webp 892w, https:\/\/www.tarawa.com\/studio\/wp-content\/uploads\/2024\/07\/tarawa_tatoueur_maxime-300x300.webp 300w, https:\/\/www.tarawa.com\/studio\/wp-content\/uploads\/2024\/07\/tarawa_tatoueur_maxime-150x150.webp 150w, https:\/\/www.tarawa.com\/studio\/wp-content\/uploads\/2024\/07\/tarawa_tatoueur_maxime-768x768.webp 768w, https:\/\/www.tarawa.com\/studio\/wp-content\/uploads\/2024\/07\/tarawa_tatoueur_maxime-400x400.webp 400w\" sizes=\"auto, (max-width: 892px) 100vw, 892px\" \/><\/figure>\n<\/div>\n<\/div>\n\n\n\n<figure class=\"wp-block-gallery has-nested-images columns-default is-cropped wp-block-gallery-1 is-layout-flex wp-block-gallery-is-layout-flex\">\n<figure class=\"wp-block-image size-full\"><img loading=\"lazy\" decoding=\"async\" width=\"1000\" height=\"1000\" data-id=\"13514\" src=\"https:\/\/www.tarawa.com\/studio\/wp-content\/uploads\/2025\/09\/tatouage-maxime-tarawa-bouda.png\" alt=\"\" class=\"wp-image-13514\" srcset=\"https:\/\/www.tarawa.com\/studio\/wp-content\/uploads\/2025\/09\/tatouage-maxime-tarawa-bouda.png 1000w, https:\/\/www.tarawa.com\/studio\/wp-content\/uploads\/2025\/09\/tatouage-maxime-tarawa-bouda-300x300.png 300w, https:\/\/www.tarawa.com\/studio\/wp-content\/uploads\/2025\/09\/tatouage-maxime-tarawa-bouda-150x150.png 150w, https:\/\/www.tarawa.com\/studio\/wp-content\/uploads\/2025\/09\/tatouage-maxime-tarawa-bouda-768x768.png 768w, https:\/\/www.tarawa.com\/studio\/wp-content\/uploads\/2025\/09\/tatouage-maxime-tarawa-bouda-900x900.png 900w, https:\/\/www.tarawa.com\/studio\/wp-content\/uploads\/2025\/09\/tatouage-maxime-tarawa-bouda-400x400.png 400w\" sizes=\"auto, (max-width: 1000px) 100vw, 1000px\" \/><\/figure>\n\n\n\n<figure class=\"wp-block-image size-full\"><img loading=\"lazy\" decoding=\"async\" width=\"1000\" height=\"1000\" data-id=\"13515\" src=\"https:\/\/www.tarawa.com\/studio\/wp-content\/uploads\/2025\/09\/tatouage-maxime-tarawa-epaule.png\" alt=\"\" class=\"wp-image-13515\" srcset=\"https:\/\/www.tarawa.com\/studio\/wp-content\/uploads\/2025\/09\/tatouage-maxime-tarawa-epaule.png 1000w, https:\/\/www.tarawa.com\/studio\/wp-content\/uploads\/2025\/09\/tatouage-maxime-tarawa-epaule-300x300.png 300w, https:\/\/www.tarawa.com\/studio\/wp-content\/uploads\/2025\/09\/tatouage-maxime-tarawa-epaule-150x150.png 150w, https:\/\/www.tarawa.com\/studio\/wp-content\/uploads\/2025\/09\/tatouage-maxime-tarawa-epaule-768x768.png 768w, https:\/\/www.tarawa.com\/studio\/wp-content\/uploads\/2025\/09\/tatouage-maxime-tarawa-epaule-900x900.png 900w, https:\/\/www.tarawa.com\/studio\/wp-content\/uploads\/2025\/09\/tatouage-maxime-tarawa-epaule-400x400.png 400w\" sizes=\"auto, (max-width: 1000px) 100vw, 1000px\" \/><\/figure>\n\n\n\n<figure class=\"wp-block-image size-full\"><img loading=\"lazy\" decoding=\"async\" width=\"1000\" height=\"1000\" data-id=\"13516\" src=\"https:\/\/www.tarawa.com\/studio\/wp-content\/uploads\/2025\/09\/tatouage-maxime-tarawa-fille.png\" alt=\"\" class=\"wp-image-13516\" srcset=\"https:\/\/www.tarawa.com\/studio\/wp-content\/uploads\/2025\/09\/tatouage-maxime-tarawa-fille.png 1000w, https:\/\/www.tarawa.com\/studio\/wp-content\/uploads\/2025\/09\/tatouage-maxime-tarawa-fille-300x300.png 300w, https:\/\/www.tarawa.com\/studio\/wp-content\/uploads\/2025\/09\/tatouage-maxime-tarawa-fille-150x150.png 150w, https:\/\/www.tarawa.com\/studio\/wp-content\/uploads\/2025\/09\/tatouage-maxime-tarawa-fille-768x768.png 768w, https:\/\/www.tarawa.com\/studio\/wp-content\/uploads\/2025\/09\/tatouage-maxime-tarawa-fille-900x900.png 900w, https:\/\/www.tarawa.com\/studio\/wp-content\/uploads\/2025\/09\/tatouage-maxime-tarawa-fille-400x400.png 400w\" sizes=\"auto, (max-width: 1000px) 100vw, 1000px\" \/><\/figure>\n\n\n\n<figure class=\"wp-block-image size-full\"><img loading=\"lazy\" decoding=\"async\" width=\"1000\" height=\"1000\" data-id=\"13517\" src=\"https:\/\/www.tarawa.com\/studio\/wp-content\/uploads\/2025\/09\/tatouage-maxime-tarawa-mains.png\" alt=\"\" class=\"wp-image-13517\" srcset=\"https:\/\/www.tarawa.com\/studio\/wp-content\/uploads\/2025\/09\/tatouage-maxime-tarawa-mains.png 1000w, https:\/\/www.tarawa.com\/studio\/wp-content\/uploads\/2025\/09\/tatouage-maxime-tarawa-mains-300x300.png 300w, https:\/\/www.tarawa.com\/studio\/wp-content\/uploads\/2025\/09\/tatouage-maxime-tarawa-mains-150x150.png 150w, https:\/\/www.tarawa.com\/studio\/wp-content\/uploads\/2025\/09\/tatouage-maxime-tarawa-mains-768x768.png 768w, https:\/\/www.tarawa.com\/studio\/wp-content\/uploads\/2025\/09\/tatouage-maxime-tarawa-mains-900x900.png 900w, https:\/\/www.tarawa.com\/studio\/wp-content\/uploads\/2025\/09\/tatouage-maxime-tarawa-mains-400x400.png 400w\" sizes=\"auto, (max-width: 1000px) 100vw, 1000px\" \/><\/figure>\n\n\n\n<figure class=\"wp-block-image size-full\"><img loading=\"lazy\" decoding=\"async\" width=\"1000\" height=\"1000\" data-id=\"13518\" src=\"https:\/\/www.tarawa.com\/studio\/wp-content\/uploads\/2025\/09\/tatouage-maxime-tarawa-masque.png\" alt=\"\" class=\"wp-image-13518\" srcset=\"https:\/\/www.tarawa.com\/studio\/wp-content\/uploads\/2025\/09\/tatouage-maxime-tarawa-masque.png 1000w, https:\/\/www.tarawa.com\/studio\/wp-content\/uploads\/2025\/09\/tatouage-maxime-tarawa-masque-300x300.png 300w, https:\/\/www.tarawa.com\/studio\/wp-content\/uploads\/2025\/09\/tatouage-maxime-tarawa-masque-150x150.png 150w, https:\/\/www.tarawa.com\/studio\/wp-content\/uploads\/2025\/09\/tatouage-maxime-tarawa-masque-768x768.png 768w, https:\/\/www.tarawa.com\/studio\/wp-content\/uploads\/2025\/09\/tatouage-maxime-tarawa-masque-900x900.png 900w, https:\/\/www.tarawa.com\/studio\/wp-content\/uploads\/2025\/09\/tatouage-maxime-tarawa-masque-400x400.png 400w\" sizes=\"auto, (max-width: 1000px) 100vw, 1000px\" \/><\/figure>\n\n\n\n<figure class=\"wp-block-image size-full\"><img loading=\"lazy\" decoding=\"async\" width=\"1000\" height=\"1000\" data-id=\"13519\" src=\"https:\/\/www.tarawa.com\/studio\/wp-content\/uploads\/2025\/09\/tatouage-maxime-tarawa-masques.png\" alt=\"\" class=\"wp-image-13519\" srcset=\"https:\/\/www.tarawa.com\/studio\/wp-content\/uploads\/2025\/09\/tatouage-maxime-tarawa-masques.png 1000w, https:\/\/www.tarawa.com\/studio\/wp-content\/uploads\/2025\/09\/tatouage-maxime-tarawa-masques-300x300.png 300w, https:\/\/www.tarawa.com\/studio\/wp-content\/uploads\/2025\/09\/tatouage-maxime-tarawa-masques-150x150.png 150w, https:\/\/www.tarawa.com\/studio\/wp-content\/uploads\/2025\/09\/tatouage-maxime-tarawa-masques-768x768.png 768w, https:\/\/www.tarawa.com\/studio\/wp-content\/uploads\/2025\/09\/tatouage-maxime-tarawa-masques-900x900.png 900w, https:\/\/www.tarawa.com\/studio\/wp-content\/uploads\/2025\/09\/tatouage-maxime-tarawa-masques-400x400.png 400w\" sizes=\"auto, (max-width: 1000px) 100vw, 1000px\" \/><\/figure>\n\n\n\n<figure class=\"wp-block-image size-full\"><img loading=\"lazy\" decoding=\"async\" width=\"1000\" height=\"1000\" data-id=\"13520\" src=\"https:\/\/www.tarawa.com\/studio\/wp-content\/uploads\/2025\/09\/tatouage-maxime-tarawa-oeil.png\" alt=\"\" class=\"wp-image-13520\" srcset=\"https:\/\/www.tarawa.com\/studio\/wp-content\/uploads\/2025\/09\/tatouage-maxime-tarawa-oeil.png 1000w, https:\/\/www.tarawa.com\/studio\/wp-content\/uploads\/2025\/09\/tatouage-maxime-tarawa-oeil-300x300.png 300w, https:\/\/www.tarawa.com\/studio\/wp-content\/uploads\/2025\/09\/tatouage-maxime-tarawa-oeil-150x150.png 150w, https:\/\/www.tarawa.com\/studio\/wp-content\/uploads\/2025\/09\/tatouage-maxime-tarawa-oeil-768x768.png 768w, https:\/\/www.tarawa.com\/studio\/wp-content\/uploads\/2025\/09\/tatouage-maxime-tarawa-oeil-900x900.png 900w, https:\/\/www.tarawa.com\/studio\/wp-content\/uploads\/2025\/09\/tatouage-maxime-tarawa-oeil-400x400.png 400w\" sizes=\"auto, (max-width: 1000px) 100vw, 1000px\" \/><\/figure>\n\n\n\n<figure class=\"wp-block-image size-full\"><img loading=\"lazy\" decoding=\"async\" width=\"1000\" height=\"1000\" data-id=\"13525\" src=\"https:\/\/www.tarawa.com\/studio\/wp-content\/uploads\/2025\/09\/tatouage-maxime-tarawa-visage.png\" alt=\"\" class=\"wp-image-13525\" srcset=\"https:\/\/www.tarawa.com\/studio\/wp-content\/uploads\/2025\/09\/tatouage-maxime-tarawa-visage.png 1000w, https:\/\/www.tarawa.com\/studio\/wp-content\/uploads\/2025\/09\/tatouage-maxime-tarawa-visage-300x300.png 300w, https:\/\/www.tarawa.com\/studio\/wp-content\/uploads\/2025\/09\/tatouage-maxime-tarawa-visage-150x150.png 150w, https:\/\/www.tarawa.com\/studio\/wp-content\/uploads\/2025\/09\/tatouage-maxime-tarawa-visage-768x768.png 768w, https:\/\/www.tarawa.com\/studio\/wp-content\/uploads\/2025\/09\/tatouage-maxime-tarawa-visage-900x900.png 900w, https:\/\/www.tarawa.com\/studio\/wp-content\/uploads\/2025\/09\/tatouage-maxime-tarawa-visage-400x400.png 400w\" sizes=\"auto, (max-width: 1000px) 100vw, 1000px\" \/><\/figure>\n\n\n\n<figure class=\"wp-block-image size-full\"><img loading=\"lazy\" decoding=\"async\" width=\"1000\" height=\"1000\" data-id=\"13523\" src=\"https:\/\/www.tarawa.com\/studio\/wp-content\/uploads\/2025\/09\/tatouage-maxime-tarawa-pirate.png\" alt=\"\" class=\"wp-image-13523\" srcset=\"https:\/\/www.tarawa.com\/studio\/wp-content\/uploads\/2025\/09\/tatouage-maxime-tarawa-pirate.png 1000w, https:\/\/www.tarawa.com\/studio\/wp-content\/uploads\/2025\/09\/tatouage-maxime-tarawa-pirate-300x300.png 300w, https:\/\/www.tarawa.com\/studio\/wp-content\/uploads\/2025\/09\/tatouage-maxime-tarawa-pirate-150x150.png 150w, https:\/\/www.tarawa.com\/studio\/wp-content\/uploads\/2025\/09\/tatouage-maxime-tarawa-pirate-768x768.png 768w, https:\/\/www.tarawa.com\/studio\/wp-content\/uploads\/2025\/09\/tatouage-maxime-tarawa-pirate-900x900.png 900w, https:\/\/www.tarawa.com\/studio\/wp-content\/uploads\/2025\/09\/tatouage-maxime-tarawa-pirate-400x400.png 400w\" sizes=\"auto, (max-width: 1000px) 100vw, 1000px\" \/><\/figure>\n<\/figure>\n\n\n\n<div class=\"wp-block-buttons is-content-justification-center is-layout-flex wp-container-core-buttons-is-layout-16018d1d wp-block-buttons-is-layout-flex\">\n<div class=\"wp-block-button is-style-fill\"><a class=\"wp-block-button__link has-white-color has-vivid-red-background-color has-text-color has-background wp-element-button\" href=\"https:\/\/www.tarawa.com\/studio\/albums\/album-maxime\/\">Voir l&rsquo;album de Maxime<\/a><\/div>\n<\/div>\n\n\n\n<p><\/p>\n","protected":false},"excerpt":{"rendered":"<p>Maxime \u00ab\u00a0Peaky Inkers\u00a0\u00bb tatoueur r\u00e9sident Tarawa Roanne Maxime, artiste tatoueur r\u00e9sident au sein du shop Tarawa Roanne. Sa passion pour le tatouage se manifeste \u00e0 travers une sp\u00e9cialisation en noir et gris, o\u00f9 il excelle dans la cr\u00e9ation de pi\u00e8ces en semi-r\u00e9alisme. Les \u0153uvres de Maxime sont caract\u00e9ris\u00e9es par des d\u00e9tails minutieux et un jeu &hellip; <\/p>\n","protected":false},"author":1,"featured_media":0,"parent":0,"menu_order":0,"comment_status":"closed","ping_status":"closed","template":"","meta":{"_monsterinsights_skip_tracking":false,"_monsterinsights_sitenote_active":false,"_monsterinsights_sitenote_note":"","_monsterinsights_sitenote_category":0,"footnotes":""},"class_list":["post-10743","page","type-page","status-publish","hentry"],"_links":{"self":[{"href":"https:\/\/www.tarawa.com\/studio\/wp-json\/wp\/v2\/pages\/10743","targetHints":{"allow":["GET"]}}],"collection":[{"href":"https:\/\/www.tarawa.com\/studio\/wp-json\/wp\/v2\/pages"}],"about":[{"href":"https:\/\/www.tarawa.com\/studio\/wp-json\/wp\/v2\/types\/page"}],"author":[{"embeddable":true,"href":"https:\/\/www.tarawa.com\/studio\/wp-json\/wp\/v2\/users\/1"}],"replies":[{"embeddable":true,"href":"https:\/\/www.tarawa.com\/studio\/wp-json\/wp\/v2\/comments?post=10743"}],"version-history":[{"count":0,"href":"https:\/\/www.tarawa.com\/studio\/wp-json\/wp\/v2\/pages\/10743\/revisions"}],"wp:attachment":[{"href":"https:\/\/www.tarawa.com\/studio\/wp-json\/wp\/v2\/media?parent=10743"}],"curies":[{"name":"wp","href":"https:\/\/api.w.org\/{rel}","templated":true}]}}