{"id":10288,"date":"2022-03-31T06:43:15","date_gmt":"2022-03-31T04:43:15","guid":{"rendered":"https:\/\/www.tarawa.com\/studio\/?page_id=10288"},"modified":"2025-09-25T16:16:20","modified_gmt":"2025-09-25T14:16:20","slug":"jessica-ikka-tattoo","status":"publish","type":"page","link":"https:\/\/www.tarawa.com\/studio\/tatoueur\/jessica-ikka-tattoo\/","title":{"rendered":"Jessica \u00ab\u00a0Ikka Tattoo\u00a0\u00bb"},"content":{"rendered":"\n<div class=\"wp-block-columns is-layout-flex wp-container-core-columns-is-layout-9d6595d7 wp-block-columns-is-layout-flex\">\n<div class=\"wp-block-column is-layout-flow wp-block-column-is-layout-flow\">\n<h2 class=\"wp-block-heading\">Jessica &#8211; Tatoueuse Tarawa Cap d&rsquo;Agde<\/h2>\n\n\n\n<p>Jessica, alias \u00ab\u00a0Ikka Tattoo\u00a0\u00bb, <a href=\"https:\/\/www.tarawa.com\/studio\/tatoueur\/\" target=\"_blank\" rel=\"noopener\" title=\"\">artiste tatoueuse<\/a> dont le style artistique est ancr\u00e9 dans la finesse et l&rsquo;\u00e9l\u00e9gance. Chaque tatouage r\u00e9v\u00e8le une attention m\u00e9ticuleuse aux d\u00e9tails, avec une pr\u00e9dilection pour les motifs floraux et g\u00e9om\u00e9triques qui semblent tant\u00f4t \u00e9merger avec une douce subtilit\u00e9, tant\u00f4t se d\u00e9marquer avec audace.<\/p>\n\n\n\n<p>Chaque \u0153uvre est con\u00e7ue pour compl\u00e9ter la forme et le mouvement du corps, faisant de ses tatouages non seulement des \u0153uvres d&rsquo;art, mais aussi des embellissements personnels qui mettent en valeur l&rsquo;individualit\u00e9 de ses clients.<\/p>\n\n\n\n<p><strong>Contactez-nous :<\/strong><\/p>\n\n\n\n<p>Shop <a href=\"https:\/\/www.tarawa.com\/studio\/cap-d-agde\/\" target=\"_blank\" rel=\"noreferrer noopener\">Tarawa Cap d\u2019Agde<\/a>&nbsp;: 11 Quai Di Dominico, 34300 Cap d&rsquo;Agde<br>Par t\u00e9l\u00e9phone :&nbsp;<a href=\"tel:0467323425\">04 67 32 34 25<\/a><br>Par message :&nbsp;<a href=\"https:\/\/www.instagram.com\/tarawa_officiel\/\" target=\"_blank\" rel=\"noreferrer noopener\">@tarawa_officiel<\/a><br>Par mail :&nbsp;<a href=\"mailto:capdagde@tarawa.com\">capdagde@tarawa.com<\/a><br><\/p>\n\n\n\n<div class=\"wp-block-buttons is-content-justification-center is-layout-flex wp-container-core-buttons-is-layout-16018d1d wp-block-buttons-is-layout-flex\">\n<div class=\"wp-block-button\"><a class=\"wp-block-button__link has-white-color has-vivid-red-background-color has-text-color has-background wp-element-button\" href=\"https:\/\/www.tarawa.com\/studio\/devis-tattoo\/\" target=\"_blank\" rel=\"noreferrer noopener\">Demandez votre devis<\/a><\/div>\n<\/div>\n<\/div>\n\n\n\n<div class=\"wp-block-column is-layout-flow wp-block-column-is-layout-flow\">\n<figure class=\"wp-block-image size-full\"><img loading=\"lazy\" decoding=\"async\" width=\"606\" height=\"666\" src=\"https:\/\/www.tarawa.com\/studio\/wp-content\/uploads\/2024\/07\/tarawa_tatoueur_jessica_ikka_tattoo.webp\" alt=\"\" class=\"wp-image-11714\" srcset=\"https:\/\/www.tarawa.com\/studio\/wp-content\/uploads\/2024\/07\/tarawa_tatoueur_jessica_ikka_tattoo.webp 606w, https:\/\/www.tarawa.com\/studio\/wp-content\/uploads\/2024\/07\/tarawa_tatoueur_jessica_ikka_tattoo-273x300.webp 273w, https:\/\/www.tarawa.com\/studio\/wp-content\/uploads\/2024\/07\/tarawa_tatoueur_jessica_ikka_tattoo-400x440.webp 400w\" sizes=\"auto, (max-width: 606px) 100vw, 606px\" \/><\/figure>\n<\/div>\n<\/div>\n\n\n\n<div class=\"wp-block-columns is-layout-flex wp-container-core-columns-is-layout-9d6595d7 wp-block-columns-is-layout-flex\">\n<div class=\"wp-block-column is-layout-flow wp-block-column-is-layout-flow\">\n<figure class=\"wp-block-image size-full\"><img loading=\"lazy\" decoding=\"async\" width=\"1000\" height=\"1000\" src=\"https:\/\/www.tarawa.com\/studio\/wp-content\/uploads\/2025\/09\/tatouage-ikka-tarawa-dates.png\" alt=\"\" class=\"wp-image-13492\" srcset=\"https:\/\/www.tarawa.com\/studio\/wp-content\/uploads\/2025\/09\/tatouage-ikka-tarawa-dates.png 1000w, https:\/\/www.tarawa.com\/studio\/wp-content\/uploads\/2025\/09\/tatouage-ikka-tarawa-dates-300x300.png 300w, https:\/\/www.tarawa.com\/studio\/wp-content\/uploads\/2025\/09\/tatouage-ikka-tarawa-dates-150x150.png 150w, https:\/\/www.tarawa.com\/studio\/wp-content\/uploads\/2025\/09\/tatouage-ikka-tarawa-dates-768x768.png 768w, https:\/\/www.tarawa.com\/studio\/wp-content\/uploads\/2025\/09\/tatouage-ikka-tarawa-dates-900x900.png 900w, https:\/\/www.tarawa.com\/studio\/wp-content\/uploads\/2025\/09\/tatouage-ikka-tarawa-dates-400x400.png 400w\" sizes=\"auto, (max-width: 1000px) 100vw, 1000px\" \/><\/figure>\n<\/div>\n\n\n\n<div class=\"wp-block-column is-layout-flow wp-block-column-is-layout-flow\">\n<figure class=\"wp-block-image size-full\"><img loading=\"lazy\" decoding=\"async\" width=\"1000\" height=\"1000\" src=\"https:\/\/www.tarawa.com\/studio\/wp-content\/uploads\/2025\/09\/tatouage-ikka-tarawa-bras.png\" alt=\"\" class=\"wp-image-13493\" srcset=\"https:\/\/www.tarawa.com\/studio\/wp-content\/uploads\/2025\/09\/tatouage-ikka-tarawa-bras.png 1000w, https:\/\/www.tarawa.com\/studio\/wp-content\/uploads\/2025\/09\/tatouage-ikka-tarawa-bras-300x300.png 300w, https:\/\/www.tarawa.com\/studio\/wp-content\/uploads\/2025\/09\/tatouage-ikka-tarawa-bras-150x150.png 150w, https:\/\/www.tarawa.com\/studio\/wp-content\/uploads\/2025\/09\/tatouage-ikka-tarawa-bras-768x768.png 768w, https:\/\/www.tarawa.com\/studio\/wp-content\/uploads\/2025\/09\/tatouage-ikka-tarawa-bras-900x900.png 900w, https:\/\/www.tarawa.com\/studio\/wp-content\/uploads\/2025\/09\/tatouage-ikka-tarawa-bras-400x400.png 400w\" sizes=\"auto, (max-width: 1000px) 100vw, 1000px\" \/><\/figure>\n<\/div>\n\n\n\n<div class=\"wp-block-column is-layout-flow wp-block-column-is-layout-flow\">\n<figure class=\"wp-block-image size-full\"><img loading=\"lazy\" decoding=\"async\" width=\"1000\" height=\"1000\" src=\"https:\/\/www.tarawa.com\/studio\/wp-content\/uploads\/2025\/09\/tatouage-ikka-tarawa-chaos.png\" alt=\"\" class=\"wp-image-13494\" srcset=\"https:\/\/www.tarawa.com\/studio\/wp-content\/uploads\/2025\/09\/tatouage-ikka-tarawa-chaos.png 1000w, https:\/\/www.tarawa.com\/studio\/wp-content\/uploads\/2025\/09\/tatouage-ikka-tarawa-chaos-300x300.png 300w, https:\/\/www.tarawa.com\/studio\/wp-content\/uploads\/2025\/09\/tatouage-ikka-tarawa-chaos-150x150.png 150w, https:\/\/www.tarawa.com\/studio\/wp-content\/uploads\/2025\/09\/tatouage-ikka-tarawa-chaos-768x768.png 768w, https:\/\/www.tarawa.com\/studio\/wp-content\/uploads\/2025\/09\/tatouage-ikka-tarawa-chaos-900x900.png 900w, https:\/\/www.tarawa.com\/studio\/wp-content\/uploads\/2025\/09\/tatouage-ikka-tarawa-chaos-400x400.png 400w\" sizes=\"auto, (max-width: 1000px) 100vw, 1000px\" \/><\/figure>\n<\/div>\n<\/div>\n\n\n\n<div class=\"wp-block-columns is-layout-flex wp-container-core-columns-is-layout-9d6595d7 wp-block-columns-is-layout-flex\">\n<div class=\"wp-block-column is-layout-flow wp-block-column-is-layout-flow\">\n<figure class=\"wp-block-image size-full\"><img loading=\"lazy\" decoding=\"async\" width=\"1000\" height=\"1000\" src=\"https:\/\/www.tarawa.com\/studio\/wp-content\/uploads\/2025\/09\/tatouage-ikka-tarawa-fleur.png\" alt=\"\" class=\"wp-image-13488\" srcset=\"https:\/\/www.tarawa.com\/studio\/wp-content\/uploads\/2025\/09\/tatouage-ikka-tarawa-fleur.png 1000w, https:\/\/www.tarawa.com\/studio\/wp-content\/uploads\/2025\/09\/tatouage-ikka-tarawa-fleur-300x300.png 300w, https:\/\/www.tarawa.com\/studio\/wp-content\/uploads\/2025\/09\/tatouage-ikka-tarawa-fleur-150x150.png 150w, https:\/\/www.tarawa.com\/studio\/wp-content\/uploads\/2025\/09\/tatouage-ikka-tarawa-fleur-768x768.png 768w, https:\/\/www.tarawa.com\/studio\/wp-content\/uploads\/2025\/09\/tatouage-ikka-tarawa-fleur-900x900.png 900w, https:\/\/www.tarawa.com\/studio\/wp-content\/uploads\/2025\/09\/tatouage-ikka-tarawa-fleur-400x400.png 400w\" sizes=\"auto, (max-width: 1000px) 100vw, 1000px\" \/><\/figure>\n<\/div>\n\n\n\n<div class=\"wp-block-column is-layout-flow wp-block-column-is-layout-flow\">\n<figure class=\"wp-block-image size-full\"><img loading=\"lazy\" decoding=\"async\" width=\"1000\" height=\"1000\" src=\"https:\/\/www.tarawa.com\/studio\/wp-content\/uploads\/2025\/09\/tatouage-ikka-tarawa-feuilles.png\" alt=\"\" class=\"wp-image-13489\" srcset=\"https:\/\/www.tarawa.com\/studio\/wp-content\/uploads\/2025\/09\/tatouage-ikka-tarawa-feuilles.png 1000w, https:\/\/www.tarawa.com\/studio\/wp-content\/uploads\/2025\/09\/tatouage-ikka-tarawa-feuilles-300x300.png 300w, https:\/\/www.tarawa.com\/studio\/wp-content\/uploads\/2025\/09\/tatouage-ikka-tarawa-feuilles-150x150.png 150w, https:\/\/www.tarawa.com\/studio\/wp-content\/uploads\/2025\/09\/tatouage-ikka-tarawa-feuilles-768x768.png 768w, https:\/\/www.tarawa.com\/studio\/wp-content\/uploads\/2025\/09\/tatouage-ikka-tarawa-feuilles-900x900.png 900w, https:\/\/www.tarawa.com\/studio\/wp-content\/uploads\/2025\/09\/tatouage-ikka-tarawa-feuilles-400x400.png 400w\" sizes=\"auto, (max-width: 1000px) 100vw, 1000px\" \/><\/figure>\n<\/div>\n\n\n\n<div class=\"wp-block-column is-layout-flow wp-block-column-is-layout-flow\">\n<figure class=\"wp-block-image size-full\"><img loading=\"lazy\" decoding=\"async\" width=\"1000\" height=\"1000\" src=\"https:\/\/www.tarawa.com\/studio\/wp-content\/uploads\/2025\/09\/tatouage-ikka-tarawa-femme.png\" alt=\"\" class=\"wp-image-13491\" srcset=\"https:\/\/www.tarawa.com\/studio\/wp-content\/uploads\/2025\/09\/tatouage-ikka-tarawa-femme.png 1000w, https:\/\/www.tarawa.com\/studio\/wp-content\/uploads\/2025\/09\/tatouage-ikka-tarawa-femme-300x300.png 300w, https:\/\/www.tarawa.com\/studio\/wp-content\/uploads\/2025\/09\/tatouage-ikka-tarawa-femme-150x150.png 150w, https:\/\/www.tarawa.com\/studio\/wp-content\/uploads\/2025\/09\/tatouage-ikka-tarawa-femme-768x768.png 768w, https:\/\/www.tarawa.com\/studio\/wp-content\/uploads\/2025\/09\/tatouage-ikka-tarawa-femme-900x900.png 900w, https:\/\/www.tarawa.com\/studio\/wp-content\/uploads\/2025\/09\/tatouage-ikka-tarawa-femme-400x400.png 400w\" sizes=\"auto, (max-width: 1000px) 100vw, 1000px\" \/><\/figure>\n<\/div>\n<\/div>\n\n\n\n<div class=\"wp-block-columns is-layout-flex wp-container-core-columns-is-layout-9d6595d7 wp-block-columns-is-layout-flex\">\n<div class=\"wp-block-column is-layout-flow wp-block-column-is-layout-flow\">\n<figure class=\"wp-block-image size-full\"><img loading=\"lazy\" decoding=\"async\" width=\"1000\" height=\"1000\" src=\"https:\/\/www.tarawa.com\/studio\/wp-content\/uploads\/2025\/09\/tatouage-ikka-tarawa-papillon.png\" alt=\"\" class=\"wp-image-13485\" srcset=\"https:\/\/www.tarawa.com\/studio\/wp-content\/uploads\/2025\/09\/tatouage-ikka-tarawa-papillon.png 1000w, https:\/\/www.tarawa.com\/studio\/wp-content\/uploads\/2025\/09\/tatouage-ikka-tarawa-papillon-300x300.png 300w, https:\/\/www.tarawa.com\/studio\/wp-content\/uploads\/2025\/09\/tatouage-ikka-tarawa-papillon-150x150.png 150w, https:\/\/www.tarawa.com\/studio\/wp-content\/uploads\/2025\/09\/tatouage-ikka-tarawa-papillon-768x768.png 768w, https:\/\/www.tarawa.com\/studio\/wp-content\/uploads\/2025\/09\/tatouage-ikka-tarawa-papillon-900x900.png 900w, https:\/\/www.tarawa.com\/studio\/wp-content\/uploads\/2025\/09\/tatouage-ikka-tarawa-papillon-400x400.png 400w\" sizes=\"auto, (max-width: 1000px) 100vw, 1000px\" \/><\/figure>\n<\/div>\n\n\n\n<div class=\"wp-block-column is-layout-flow wp-block-column-is-layout-flow\">\n<figure class=\"wp-block-image size-full\"><img loading=\"lazy\" decoding=\"async\" width=\"1000\" height=\"1000\" src=\"https:\/\/www.tarawa.com\/studio\/wp-content\/uploads\/2025\/09\/tatouage-ikka-tarawa-lion.png\" alt=\"\" class=\"wp-image-13486\" srcset=\"https:\/\/www.tarawa.com\/studio\/wp-content\/uploads\/2025\/09\/tatouage-ikka-tarawa-lion.png 1000w, https:\/\/www.tarawa.com\/studio\/wp-content\/uploads\/2025\/09\/tatouage-ikka-tarawa-lion-300x300.png 300w, https:\/\/www.tarawa.com\/studio\/wp-content\/uploads\/2025\/09\/tatouage-ikka-tarawa-lion-150x150.png 150w, https:\/\/www.tarawa.com\/studio\/wp-content\/uploads\/2025\/09\/tatouage-ikka-tarawa-lion-768x768.png 768w, https:\/\/www.tarawa.com\/studio\/wp-content\/uploads\/2025\/09\/tatouage-ikka-tarawa-lion-900x900.png 900w, https:\/\/www.tarawa.com\/studio\/wp-content\/uploads\/2025\/09\/tatouage-ikka-tarawa-lion-400x400.png 400w\" sizes=\"auto, (max-width: 1000px) 100vw, 1000px\" \/><\/figure>\n<\/div>\n\n\n\n<div class=\"wp-block-column is-layout-flow wp-block-column-is-layout-flow\">\n<figure class=\"wp-block-image size-full\"><img loading=\"lazy\" decoding=\"async\" width=\"1000\" height=\"1000\" src=\"https:\/\/www.tarawa.com\/studio\/wp-content\/uploads\/2025\/09\/tatouage-ikka-tarawa-geometrique.png\" alt=\"\" class=\"wp-image-13487\" srcset=\"https:\/\/www.tarawa.com\/studio\/wp-content\/uploads\/2025\/09\/tatouage-ikka-tarawa-geometrique.png 1000w, https:\/\/www.tarawa.com\/studio\/wp-content\/uploads\/2025\/09\/tatouage-ikka-tarawa-geometrique-300x300.png 300w, https:\/\/www.tarawa.com\/studio\/wp-content\/uploads\/2025\/09\/tatouage-ikka-tarawa-geometrique-150x150.png 150w, https:\/\/www.tarawa.com\/studio\/wp-content\/uploads\/2025\/09\/tatouage-ikka-tarawa-geometrique-768x768.png 768w, https:\/\/www.tarawa.com\/studio\/wp-content\/uploads\/2025\/09\/tatouage-ikka-tarawa-geometrique-900x900.png 900w, https:\/\/www.tarawa.com\/studio\/wp-content\/uploads\/2025\/09\/tatouage-ikka-tarawa-geometrique-400x400.png 400w\" sizes=\"auto, (max-width: 1000px) 100vw, 1000px\" \/><\/figure>\n<\/div>\n<\/div>\n\n\n\n<div class=\"wp-block-columns is-layout-flex wp-container-core-columns-is-layout-9d6595d7 wp-block-columns-is-layout-flex\">\n<div class=\"wp-block-column is-layout-flow wp-block-column-is-layout-flow\">\n<figure class=\"wp-block-image size-full\"><img loading=\"lazy\" decoding=\"async\" width=\"1000\" height=\"1000\" src=\"https:\/\/www.tarawa.com\/studio\/wp-content\/uploads\/2025\/09\/tatouage-ikka-tarawa-visage.png\" alt=\"\" class=\"wp-image-13482\" srcset=\"https:\/\/www.tarawa.com\/studio\/wp-content\/uploads\/2025\/09\/tatouage-ikka-tarawa-visage.png 1000w, https:\/\/www.tarawa.com\/studio\/wp-content\/uploads\/2025\/09\/tatouage-ikka-tarawa-visage-300x300.png 300w, https:\/\/www.tarawa.com\/studio\/wp-content\/uploads\/2025\/09\/tatouage-ikka-tarawa-visage-150x150.png 150w, https:\/\/www.tarawa.com\/studio\/wp-content\/uploads\/2025\/09\/tatouage-ikka-tarawa-visage-768x768.png 768w, https:\/\/www.tarawa.com\/studio\/wp-content\/uploads\/2025\/09\/tatouage-ikka-tarawa-visage-900x900.png 900w, https:\/\/www.tarawa.com\/studio\/wp-content\/uploads\/2025\/09\/tatouage-ikka-tarawa-visage-400x400.png 400w\" sizes=\"auto, (max-width: 1000px) 100vw, 1000px\" \/><\/figure>\n<\/div>\n\n\n\n<div class=\"wp-block-column is-layout-flow wp-block-column-is-layout-flow\">\n<figure class=\"wp-block-image size-full\"><img loading=\"lazy\" decoding=\"async\" width=\"1000\" height=\"1000\" src=\"https:\/\/www.tarawa.com\/studio\/wp-content\/uploads\/2025\/09\/tatouage-ikka-tarawa-rocase.png\" alt=\"\" class=\"wp-image-13483\" srcset=\"https:\/\/www.tarawa.com\/studio\/wp-content\/uploads\/2025\/09\/tatouage-ikka-tarawa-rocase.png 1000w, https:\/\/www.tarawa.com\/studio\/wp-content\/uploads\/2025\/09\/tatouage-ikka-tarawa-rocase-300x300.png 300w, https:\/\/www.tarawa.com\/studio\/wp-content\/uploads\/2025\/09\/tatouage-ikka-tarawa-rocase-150x150.png 150w, https:\/\/www.tarawa.com\/studio\/wp-content\/uploads\/2025\/09\/tatouage-ikka-tarawa-rocase-768x768.png 768w, https:\/\/www.tarawa.com\/studio\/wp-content\/uploads\/2025\/09\/tatouage-ikka-tarawa-rocase-900x900.png 900w, https:\/\/www.tarawa.com\/studio\/wp-content\/uploads\/2025\/09\/tatouage-ikka-tarawa-rocase-400x400.png 400w\" sizes=\"auto, (max-width: 1000px) 100vw, 1000px\" \/><\/figure>\n<\/div>\n\n\n\n<div class=\"wp-block-column is-layout-flow wp-block-column-is-layout-flow\">\n<figure class=\"wp-block-image size-full\"><img loading=\"lazy\" decoding=\"async\" width=\"1000\" height=\"1000\" src=\"https:\/\/www.tarawa.com\/studio\/wp-content\/uploads\/2025\/09\/tatouage-ikka-tarawa-poignet.png\" alt=\"\" class=\"wp-image-13484\" srcset=\"https:\/\/www.tarawa.com\/studio\/wp-content\/uploads\/2025\/09\/tatouage-ikka-tarawa-poignet.png 1000w, https:\/\/www.tarawa.com\/studio\/wp-content\/uploads\/2025\/09\/tatouage-ikka-tarawa-poignet-300x300.png 300w, https:\/\/www.tarawa.com\/studio\/wp-content\/uploads\/2025\/09\/tatouage-ikka-tarawa-poignet-150x150.png 150w, https:\/\/www.tarawa.com\/studio\/wp-content\/uploads\/2025\/09\/tatouage-ikka-tarawa-poignet-768x768.png 768w, https:\/\/www.tarawa.com\/studio\/wp-content\/uploads\/2025\/09\/tatouage-ikka-tarawa-poignet-900x900.png 900w, https:\/\/www.tarawa.com\/studio\/wp-content\/uploads\/2025\/09\/tatouage-ikka-tarawa-poignet-400x400.png 400w\" sizes=\"auto, (max-width: 1000px) 100vw, 1000px\" \/><\/figure>\n<\/div>\n<\/div>\n\n\n\n<figure class=\"wp-block-gallery has-nested-images columns-default is-cropped wp-block-gallery-1 is-layout-flex wp-block-gallery-is-layout-flex\">\n<figure class=\"wp-block-image size-large\"><img loading=\"lazy\" decoding=\"async\" width=\"1024\" height=\"1024\" data-id=\"11733\" src=\"https:\/\/www.tarawa.com\/studio\/wp-content\/uploads\/2024\/07\/tatouage_bras_rosace_jessica-1024x1024.webp\" alt=\"\" class=\"wp-image-11733\" srcset=\"https:\/\/www.tarawa.com\/studio\/wp-content\/uploads\/2024\/07\/tatouage_bras_rosace_jessica-1024x1024.webp 1024w, https:\/\/www.tarawa.com\/studio\/wp-content\/uploads\/2024\/07\/tatouage_bras_rosace_jessica-300x300.webp 300w, https:\/\/www.tarawa.com\/studio\/wp-content\/uploads\/2024\/07\/tatouage_bras_rosace_jessica-150x150.webp 150w, https:\/\/www.tarawa.com\/studio\/wp-content\/uploads\/2024\/07\/tatouage_bras_rosace_jessica-768x768.webp 768w, https:\/\/www.tarawa.com\/studio\/wp-content\/uploads\/2024\/07\/tatouage_bras_rosace_jessica-900x900.webp 900w, https:\/\/www.tarawa.com\/studio\/wp-content\/uploads\/2024\/07\/tatouage_bras_rosace_jessica-400x400.webp 400w, https:\/\/www.tarawa.com\/studio\/wp-content\/uploads\/2024\/07\/tatouage_bras_rosace_jessica.webp 1080w\" sizes=\"auto, (max-width: 1024px) 100vw, 1024px\" \/><\/figure>\n\n\n\n<figure class=\"wp-block-image size-large\"><img loading=\"lazy\" decoding=\"async\" width=\"1024\" height=\"1024\" data-id=\"11734\" src=\"https:\/\/www.tarawa.com\/studio\/wp-content\/uploads\/2024\/07\/tatouage_bras_tigre_jessica-1024x1024.webp\" alt=\"\" class=\"wp-image-11734\" srcset=\"https:\/\/www.tarawa.com\/studio\/wp-content\/uploads\/2024\/07\/tatouage_bras_tigre_jessica-1024x1024.webp 1024w, https:\/\/www.tarawa.com\/studio\/wp-content\/uploads\/2024\/07\/tatouage_bras_tigre_jessica-300x300.webp 300w, https:\/\/www.tarawa.com\/studio\/wp-content\/uploads\/2024\/07\/tatouage_bras_tigre_jessica-150x150.webp 150w, https:\/\/www.tarawa.com\/studio\/wp-content\/uploads\/2024\/07\/tatouage_bras_tigre_jessica-768x768.webp 768w, https:\/\/www.tarawa.com\/studio\/wp-content\/uploads\/2024\/07\/tatouage_bras_tigre_jessica-900x900.webp 900w, https:\/\/www.tarawa.com\/studio\/wp-content\/uploads\/2024\/07\/tatouage_bras_tigre_jessica-400x400.webp 400w, https:\/\/www.tarawa.com\/studio\/wp-content\/uploads\/2024\/07\/tatouage_bras_tigre_jessica.webp 1080w\" sizes=\"auto, (max-width: 1024px) 100vw, 1024px\" \/><\/figure>\n\n\n\n<figure class=\"wp-block-image size-large\"><img loading=\"lazy\" decoding=\"async\" width=\"1024\" height=\"1024\" data-id=\"11735\" src=\"https:\/\/www.tarawa.com\/studio\/wp-content\/uploads\/2024\/07\/tatouage_visage_libellule_jessica-1024x1024.webp\" alt=\"\" class=\"wp-image-11735\" srcset=\"https:\/\/www.tarawa.com\/studio\/wp-content\/uploads\/2024\/07\/tatouage_visage_libellule_jessica-1024x1024.webp 1024w, https:\/\/www.tarawa.com\/studio\/wp-content\/uploads\/2024\/07\/tatouage_visage_libellule_jessica-300x300.webp 300w, https:\/\/www.tarawa.com\/studio\/wp-content\/uploads\/2024\/07\/tatouage_visage_libellule_jessica-150x150.webp 150w, https:\/\/www.tarawa.com\/studio\/wp-content\/uploads\/2024\/07\/tatouage_visage_libellule_jessica-768x768.webp 768w, https:\/\/www.tarawa.com\/studio\/wp-content\/uploads\/2024\/07\/tatouage_visage_libellule_jessica-900x900.webp 900w, https:\/\/www.tarawa.com\/studio\/wp-content\/uploads\/2024\/07\/tatouage_visage_libellule_jessica-400x400.webp 400w, https:\/\/www.tarawa.com\/studio\/wp-content\/uploads\/2024\/07\/tatouage_visage_libellule_jessica.webp 1080w\" sizes=\"auto, (max-width: 1024px) 100vw, 1024px\" \/><\/figure>\n<\/figure>\n\n\n\n<div class=\"wp-block-buttons is-content-justification-center is-layout-flex wp-container-core-buttons-is-layout-16018d1d wp-block-buttons-is-layout-flex\">\n<div class=\"wp-block-button\"><a class=\"wp-block-button__link has-vivid-red-background-color has-background wp-element-button\" href=\"https:\/\/www.tarawa.com\/studio\/tatoueur\/jessica-ikka-tattoo\/album-ikka-tatoo\/\">Voir l&rsquo;album d&rsquo;Ikka Tatoo<\/a><\/div>\n<\/div>\n","protected":false},"excerpt":{"rendered":"<p>Jessica &#8211; Tatoueuse Tarawa Cap d&rsquo;Agde Jessica, alias \u00ab\u00a0Ikka Tattoo\u00a0\u00bb, artiste tatoueuse dont le style artistique est ancr\u00e9 dans la finesse et l&rsquo;\u00e9l\u00e9gance. Chaque tatouage r\u00e9v\u00e8le une attention m\u00e9ticuleuse aux d\u00e9tails, avec une pr\u00e9dilection pour les motifs floraux et g\u00e9om\u00e9triques qui semblent tant\u00f4t \u00e9merger avec une douce subtilit\u00e9, tant\u00f4t se d\u00e9marquer avec audace. Chaque \u0153uvre &hellip; <\/p>\n","protected":false},"author":1,"featured_media":10289,"parent":7213,"menu_order":0,"comment_status":"closed","ping_status":"closed","template":"","meta":{"_monsterinsights_skip_tracking":false,"_monsterinsights_sitenote_active":false,"_monsterinsights_sitenote_note":"","_monsterinsights_sitenote_category":0,"footnotes":""},"class_list":["post-10288","page","type-page","status-publish","has-post-thumbnail","hentry"],"_links":{"self":[{"href":"https:\/\/www.tarawa.com\/studio\/wp-json\/wp\/v2\/pages\/10288","targetHints":{"allow":["GET"]}}],"collection":[{"href":"https:\/\/www.tarawa.com\/studio\/wp-json\/wp\/v2\/pages"}],"about":[{"href":"https:\/\/www.tarawa.com\/studio\/wp-json\/wp\/v2\/types\/page"}],"author":[{"embeddable":true,"href":"https:\/\/www.tarawa.com\/studio\/wp-json\/wp\/v2\/users\/1"}],"replies":[{"embeddable":true,"href":"https:\/\/www.tarawa.com\/studio\/wp-json\/wp\/v2\/comments?post=10288"}],"version-history":[{"count":0,"href":"https:\/\/www.tarawa.com\/studio\/wp-json\/wp\/v2\/pages\/10288\/revisions"}],"up":[{"embeddable":true,"href":"https:\/\/www.tarawa.com\/studio\/wp-json\/wp\/v2\/pages\/7213"}],"wp:featuredmedia":[{"embeddable":true,"href":"https:\/\/www.tarawa.com\/studio\/wp-json\/wp\/v2\/media\/10289"}],"wp:attachment":[{"href":"https:\/\/www.tarawa.com\/studio\/wp-json\/wp\/v2\/media?parent=10288"}],"curies":[{"name":"wp","href":"https:\/\/api.w.org\/{rel}","templated":true}]}}