{"id":10262,"date":"2022-03-28T09:27:59","date_gmt":"2022-03-28T07:27:59","guid":{"rendered":"https:\/\/www.tarawa.com\/studio\/?page_id=10262"},"modified":"2026-02-25T09:55:20","modified_gmt":"2026-02-25T08:55:20","slug":"tarawa-recrute","status":"publish","type":"page","link":"https:\/\/www.tarawa.com\/studio\/tarawa-recrute\/","title":{"rendered":"Tarawa Recrute"},"content":{"rendered":"\n<p>Rejoignez l&rsquo;aventure Tarawa, une marque leader dans l&rsquo;univers des bijoux piercings et des tatouages, o\u00f9 la passion pour l&rsquo;art corporel se vit au quotidien. Depuis nos d\u00e9buts en 1995, nous avons su nous imposer comme une r\u00e9f\u00e9rence, gr\u00e2ce \u00e0 notre int\u00e9grit\u00e9, notre positivit\u00e9, notre bienveillance, et notre qu\u00eate constante d&rsquo;excellence professionnelle. Nos boutiques, situ\u00e9es dans des endroits cl\u00e9s comme le Cap d&rsquo;Agde, Vias, Marseillan, Roanne, et Valence, refl\u00e8tent nos valeurs et notre engagement envers nos clients et nos \u00e9quipes.<\/p>\n\n\n\n<p>Chez Tarawa, les opportunit\u00e9s sont nombreuses et diversifi\u00e9es : que vous soyez vendeur ou vendeuse, manager, perceur ou perceuse, tatoueur ou tatoueuse, vous trouverez un r\u00f4le \u00e0 votre mesure. Nos vendeurs et vendeuses re\u00e7oivent une formation compl\u00e8te sur l&rsquo;acte du piercing, vous assurant ainsi une mont\u00e9e en comp\u00e9tences rapide et solide.<\/p>\n\n\n\n<p>Rejoindre Tarawa, c&rsquo;est opter pour un avenir professionnel prometteur au sein de nos points de vente, avec de r\u00e9elles possibilit\u00e9s d&rsquo;\u00e9volution jusqu&rsquo;aux postes de manager ou de g\u00e9rant de magasin. Nous croyons que &lsquo;Le Tout est Possible&rsquo; pour ceux qui s&rsquo;engagent avec passion et d\u00e9termination.<\/p>\n\n\n\n<p>Si vous \u00eates motiv\u00e9(e) \u00e0 l&rsquo;id\u00e9e de contribuer \u00e0 une exp\u00e9rience client exceptionnelle et de faire partie d&rsquo;une \u00e9quipe qui valorise le d\u00e9veloppement personnel et professionnel, Tarawa est le lieu pour vous. Ensemble, poursuivons l&rsquo;excellence et faisons rayonner notre art et nos valeurs partout o\u00f9 nous sommes pr\u00e9sents.<\/p>\n\n\n\n<h2 class=\"wp-block-heading\">Les postes Disponibles<\/h2>\n\n\n\n<h3 class=\"wp-block-heading\">Cap d&rsquo;Agde<\/h3>\n\n\n\n<div class=\"wp-block-buttons is-content-justification-center is-layout-flex wp-container-core-buttons-is-layout-16018d1d wp-block-buttons-is-layout-flex\">\n<div class=\"wp-block-button has-custom-width wp-block-button__width-100 is-style-outline is-style-outline--1\"><a class=\"wp-block-button__link wp-element-button\" href=\"https:\/\/www.tarawa.com\/studio\/vendeur-vendeuse-polyvalente-cdd-cap-dagde-saison-ete-2026\/\"><strong>Vendeur(se) (F\/H) &#8211; <strong>Cap d&rsquo;Agde<\/strong> &#8211; CDD Saison \u00e9t\u00e9 2026 35h<\/strong><br>&#8211; Vente &#8211; Conseil<strong><br><\/strong>&#8211; Cap d&rsquo;Agde (34300)<br>&#8211; CDD 35h<\/a><\/div>\n\n\n\n<div class=\"wp-block-button has-custom-width wp-block-button__width-100 is-style-outline is-style-outline--2\"><a class=\"wp-block-button__link has-text-align-center wp-element-button\" href=\"https:\/\/www.tarawa.com\/studio\/tarawa-recrute\/vendeurse-f-h-cap-dagde-cdd-35h-39h\/\"><strong>Vendeur(se) (F\/H) &#8211; Cap d&rsquo;Agde &#8211; CDI 35h<\/strong><br>&#8211; Vente &#8211; Conseil<strong><br><\/strong>&#8211; Cap d&rsquo;Agde (34300)<br>&#8211; CDI 35h<\/a><\/div>\n\n\n\n<div class=\"wp-block-button has-custom-width wp-block-button__width-100 is-style-outline is-style-outline--3\"><a class=\"wp-block-button__link has-text-align-center wp-element-button\" href=\"https:\/\/www.tarawa.com\/studio\/offre-demploi-perceur-perceuse-chez-tarawa-cap-dagde\/\"><strong><strong>Perceur<\/strong>(se) (F\/H) &#8211; Cap d&rsquo;Agde &#8211; CDI 35h<\/strong><br>&#8211; Vente &#8211; Piercing<strong><br><\/strong>&#8211; Cap d&rsquo;Agde (34300)<br>&#8211; CDI 35h<\/a><\/div>\n\n\n\n<div class=\"wp-block-button has-custom-width wp-block-button__width-100 is-style-outline is-style-outline--4\"><a class=\"wp-block-button__link has-text-align-center wp-element-button\" href=\"https:\/\/www.tarawa.com\/studio\/tarawa-recrute\/rejoignez-lequipe-tarawa-au-cap-dagde-en-tant-que-tatoueur-tatoueuse\/\"><strong>T<strong><strong>atoueur(se) <\/strong>(F\/H)<\/strong> &#8211; Cap d&rsquo;Agde &#8211; CDI 35h<\/strong><br>&#8211; Tatouage<strong><br><\/strong>&#8211; Cap d&rsquo;Agde (34300)<br>&#8211; CDI 35h<\/a><\/div>\n<\/div>\n\n\n\n<h3 class=\"wp-block-heading\">Vias <\/h3>\n\n\n\n<div class=\"wp-block-buttons is-content-justification-center is-layout-flex wp-container-core-buttons-is-layout-16018d1d wp-block-buttons-is-layout-flex\">\n<div class=\"wp-block-button has-custom-width wp-block-button__width-100 is-style-outline is-style-outline--5\"><a class=\"wp-block-button__link wp-element-button\" href=\"https:\/\/www.tarawa.com\/studio\/vendeur-vendeuse-polyvalente-cdd-vias-plage\/\"><strong>Vendeur(se) (F\/H) &#8211; Vias Plage &#8211; CDD Saison \u00e9t\u00e9 2026 35h<\/strong><br>&#8211; Vente &#8211; Conseil<strong><br><\/strong>&#8211; Vias Plage (34450)<br>&#8211; CDD 35h<\/a><\/div>\n\n\n\n<div class=\"wp-block-button has-custom-width wp-block-button__width-100 is-style-outline is-style-outline--6\"><a class=\"wp-block-button__link wp-element-button\" href=\"https:\/\/www.tarawa.com\/studio\/perceur-perceuse-chez-tarawa-vias-plage-saison-ete-2026\/\"><strong><strong>Perceur<\/strong>(se) (F\/H) &#8211; <strong>Vias Plage<\/strong> &#8211; CDD <strong>Saison \u00e9t\u00e9 2026<\/strong><\/strong> <strong>35h\/39h<\/strong><br>&#8211; Vente &#8211; Piercing <strong><br><\/strong>&#8211; Vias Plage (34450)<br>&#8211; CDD 35h \/ 39h <\/a><\/div>\n<\/div>\n\n\n\n<h3 class=\"wp-block-heading\">Marseillan <\/h3>\n\n\n\n<p><\/p>\n\n\n\n<div class=\"wp-block-buttons is-layout-flex wp-block-buttons-is-layout-flex\">\n<div class=\"wp-block-button has-custom-width wp-block-button__width-100 is-style-outline is-style-outline--7\"><a class=\"wp-block-button__link wp-element-button\" href=\"https:\/\/www.tarawa.com\/studio\/perceur-perceuse-a-tarawa-marseillan-saison-ete-2026\/\"><strong><strong>Perceur<\/strong>(se) (F\/H) &#8211; <strong><strong>Marseillan Plage<\/strong><\/strong> &#8211; CDD <strong>Saison \u00e9t\u00e9 2026<\/strong><\/strong> <strong>35h<\/strong><br>&#8211; Vente &#8211; Piercing <strong><br><\/strong>&#8211; Marseillan Plage (34340) <br>&#8211; CDD 35h <\/a><\/div>\n\n\n\n<div class=\"wp-block-button has-custom-width wp-block-button__width-100 is-style-outline is-style-outline--8\"><a class=\"wp-block-button__link wp-element-button\" href=\"https:\/\/www.tarawa.com\/studio\/vendeur-vendeuse-saison-ete-2026-a-marseillan-plage\/\"><strong>Vendeur(se) (F\/H) &#8211; Marseillan Plage<\/strong> <strong> &#8211; CDD Saison \u00e9t\u00e9 2026 35h<\/strong><br>&#8211; Vente &#8211; Conseil<strong><br><\/strong>&#8211; Marseillan Plage (34340) <br>&#8211; CDD 35h<\/a><\/div>\n\n\n\n<div class=\"wp-block-button has-custom-width wp-block-button__width-100 is-style-outline is-style-outline--9\"><a class=\"wp-block-button__link wp-element-button\" href=\"https:\/\/www.tarawa.com\/studio\/tatoueur-tatoueuse-saison-ete-2026-a-tarawa-marseillan-plage\/\"><strong>T<strong><strong>atoueur(se) <\/strong>(F\/H)<\/strong> &#8211; <strong>Marseillan Plage<\/strong> &#8211; <strong>Saison \u00e9t\u00e9 2026<\/strong><\/strong> <strong>CDD 35h<\/strong><br>&#8211; Tatouage<strong><br><\/strong>&#8211; Marseillan Plage (34340) <br>&#8211; CDD 35h<\/a><\/div>\n<\/div>\n\n\n\n<h3 class=\"wp-block-heading\">Roanne<\/h3>\n\n\n\n<div class=\"wp-block-buttons is-content-justification-center is-layout-flex wp-container-core-buttons-is-layout-16018d1d wp-block-buttons-is-layout-flex\">\n<div class=\"wp-block-button has-custom-width wp-block-button__width-100 is-style-outline is-style-outline--10\"><a class=\"wp-block-button__link has-text-align-center wp-element-button\" href=\"https:\/\/www.tarawa.com\/studio\/tarawa-recrute\/tatoueur-tatoueuse-cdi-chez-tarawa-roanne\/\" style=\"border-radius:100px\"><strong>T<strong><strong>atoueur(se) <\/strong>(F\/H)<\/strong> &#8211; Roanne &#8211; CDI 35h-39h<\/strong><br>&#8211; Tatouage<strong><br><\/strong>&#8211; Roanne (42300)<br>&#8211; CDI 35h &#8211; 39h<\/a><\/div>\n<\/div>\n\n\n\n<h2 class=\"wp-block-heading\">Pour postuler&nbsp;:<\/h2>\n\n\n\n<p>Pour postuler un poste chez Tarawa et rejoindre notre \u00e9quipe dynamique, nous vous invitons \u00e0 envoyer votre curriculum vitae accompagn\u00e9 d&rsquo;une lettre de motivation par e-mail \u00e0 l&rsquo;adresse suivante : <strong><a href=\"mailto:job@tarawa.com\">job@tarawa.com<\/a><\/strong><\/p>\n\n\n\n<p>Votre candidature sera une opportunit\u00e9 pour nous de d\u00e9couvrir votre parcours et vos motivations. Chaque dossier est examin\u00e9 avec attention dans le but de s\u00e9lectionner les profils qui correspondent le mieux \u00e0 nos valeurs et \u00e0 nos besoins. Si votre profil retient notre attention, vous serez contact\u00e9(e) pour un entretien \u00e9ventuel, \u00e9tape cl\u00e9 de notre processus de recrutement.<\/p>\n\n\n\n<p>Nous sommes impatients de lire vos propositions et, peut-\u00eatre, de vous accueillir bient\u00f4t au sein de notre \u00e9quipe Tarawa, o\u00f9 votre passion pour les piercings et les tatouages pourra s&rsquo;\u00e9panouir pleinement. Envoyez-nous votre candidature aujourd&rsquo;hui et faites le premier pas vers une carri\u00e8re enrichissante chez Tarawa !<\/p>\n\n\n\n<figure class=\"wp-block-image size-large\"><a href=\"https:\/\/www.tarawa.com\/studio\/wp-content\/uploads\/2022\/03\/salle-attente-tattoo-studio.jpeg\"><img loading=\"lazy\" decoding=\"async\" width=\"1024\" height=\"768\" src=\"https:\/\/www.tarawa.com\/studio\/wp-content\/uploads\/2022\/03\/salle-attente-tattoo-studio-1024x768.jpeg\" alt=\"\" class=\"wp-image-10268\" srcset=\"https:\/\/www.tarawa.com\/studio\/wp-content\/uploads\/2022\/03\/salle-attente-tattoo-studio-1024x768.jpeg 1024w, https:\/\/www.tarawa.com\/studio\/wp-content\/uploads\/2022\/03\/salle-attente-tattoo-studio-300x225.jpeg 300w, https:\/\/www.tarawa.com\/studio\/wp-content\/uploads\/2022\/03\/salle-attente-tattoo-studio-768x576.jpeg 768w, https:\/\/www.tarawa.com\/studio\/wp-content\/uploads\/2022\/03\/salle-attente-tattoo-studio-1536x1152.jpeg 1536w, https:\/\/www.tarawa.com\/studio\/wp-content\/uploads\/2022\/03\/salle-attente-tattoo-studio-900x675.jpeg 900w, https:\/\/www.tarawa.com\/studio\/wp-content\/uploads\/2022\/03\/salle-attente-tattoo-studio-400x300.jpeg 400w, https:\/\/www.tarawa.com\/studio\/wp-content\/uploads\/2022\/03\/salle-attente-tattoo-studio.jpeg 2048w\" sizes=\"auto, (max-width: 1024px) 100vw, 1024px\" \/><\/a><\/figure>\n\n\n\n<figure class=\"wp-block-image size-large\"><a href=\"https:\/\/www.tarawa.com\/studio\/wp-content\/uploads\/2022\/03\/vitrine-studio-piercing.jpeg\"><img loading=\"lazy\" decoding=\"async\" width=\"1024\" height=\"768\" src=\"https:\/\/www.tarawa.com\/studio\/wp-content\/uploads\/2022\/03\/vitrine-studio-piercing-1024x768.jpeg\" alt=\"\" class=\"wp-image-10270\" srcset=\"https:\/\/www.tarawa.com\/studio\/wp-content\/uploads\/2022\/03\/vitrine-studio-piercing-1024x768.jpeg 1024w, https:\/\/www.tarawa.com\/studio\/wp-content\/uploads\/2022\/03\/vitrine-studio-piercing-300x225.jpeg 300w, https:\/\/www.tarawa.com\/studio\/wp-content\/uploads\/2022\/03\/vitrine-studio-piercing-768x576.jpeg 768w, https:\/\/www.tarawa.com\/studio\/wp-content\/uploads\/2022\/03\/vitrine-studio-piercing-1536x1152.jpeg 1536w, https:\/\/www.tarawa.com\/studio\/wp-content\/uploads\/2022\/03\/vitrine-studio-piercing-900x675.jpeg 900w, https:\/\/www.tarawa.com\/studio\/wp-content\/uploads\/2022\/03\/vitrine-studio-piercing-400x300.jpeg 400w, https:\/\/www.tarawa.com\/studio\/wp-content\/uploads\/2022\/03\/vitrine-studio-piercing.jpeg 2048w\" sizes=\"auto, (max-width: 1024px) 100vw, 1024px\" \/><\/a><\/figure>\n\n\n\n<figure class=\"wp-block-image size-large\"><a href=\"https:\/\/www.tarawa.com\/studio\/wp-content\/uploads\/2022\/03\/poste-tatoueur.jpeg\"><img loading=\"lazy\" decoding=\"async\" width=\"1024\" height=\"768\" src=\"https:\/\/www.tarawa.com\/studio\/wp-content\/uploads\/2022\/03\/poste-tatoueur-1024x768.jpeg\" alt=\"\" class=\"wp-image-10267\" srcset=\"https:\/\/www.tarawa.com\/studio\/wp-content\/uploads\/2022\/03\/poste-tatoueur-1024x768.jpeg 1024w, https:\/\/www.tarawa.com\/studio\/wp-content\/uploads\/2022\/03\/poste-tatoueur-300x225.jpeg 300w, https:\/\/www.tarawa.com\/studio\/wp-content\/uploads\/2022\/03\/poste-tatoueur-768x576.jpeg 768w, https:\/\/www.tarawa.com\/studio\/wp-content\/uploads\/2022\/03\/poste-tatoueur-1536x1152.jpeg 1536w, https:\/\/www.tarawa.com\/studio\/wp-content\/uploads\/2022\/03\/poste-tatoueur-900x675.jpeg 900w, https:\/\/www.tarawa.com\/studio\/wp-content\/uploads\/2022\/03\/poste-tatoueur-400x300.jpeg 400w, https:\/\/www.tarawa.com\/studio\/wp-content\/uploads\/2022\/03\/poste-tatoueur.jpeg 2048w\" sizes=\"auto, (max-width: 1024px) 100vw, 1024px\" \/><\/a><\/figure>\n\n\n\n<figure class=\"wp-block-image size-large\"><a href=\"https:\/\/www.tarawa.com\/studio\/wp-content\/uploads\/2022\/03\/le-shop-tarawa.jpeg\"><img loading=\"lazy\" decoding=\"async\" width=\"1024\" height=\"768\" src=\"https:\/\/www.tarawa.com\/studio\/wp-content\/uploads\/2022\/03\/le-shop-tarawa-1024x768.jpeg\" alt=\"\" class=\"wp-image-10266\" srcset=\"https:\/\/www.tarawa.com\/studio\/wp-content\/uploads\/2022\/03\/le-shop-tarawa-1024x768.jpeg 1024w, https:\/\/www.tarawa.com\/studio\/wp-content\/uploads\/2022\/03\/le-shop-tarawa-300x225.jpeg 300w, https:\/\/www.tarawa.com\/studio\/wp-content\/uploads\/2022\/03\/le-shop-tarawa-768x576.jpeg 768w, https:\/\/www.tarawa.com\/studio\/wp-content\/uploads\/2022\/03\/le-shop-tarawa-1536x1152.jpeg 1536w, https:\/\/www.tarawa.com\/studio\/wp-content\/uploads\/2022\/03\/le-shop-tarawa-900x675.jpeg 900w, https:\/\/www.tarawa.com\/studio\/wp-content\/uploads\/2022\/03\/le-shop-tarawa-400x300.jpeg 400w, https:\/\/www.tarawa.com\/studio\/wp-content\/uploads\/2022\/03\/le-shop-tarawa.jpeg 2048w\" sizes=\"auto, (max-width: 1024px) 100vw, 1024px\" \/><\/a><\/figure>\n","protected":false},"excerpt":{"rendered":"<p>Rejoignez l&rsquo;aventure Tarawa, une marque leader dans l&rsquo;univers des bijoux piercings et des tatouages, o\u00f9 la passion pour l&rsquo;art corporel se vit au quotidien. Depuis nos d\u00e9buts en 1995, nous avons su nous imposer comme une r\u00e9f\u00e9rence, gr\u00e2ce \u00e0 notre int\u00e9grit\u00e9, notre positivit\u00e9, notre bienveillance, et notre qu\u00eate constante d&rsquo;excellence professionnelle. Nos boutiques, situ\u00e9es dans &hellip; <\/p>\n","protected":false},"author":1,"featured_media":10269,"parent":0,"menu_order":0,"comment_status":"closed","ping_status":"closed","template":"","meta":{"_monsterinsights_skip_tracking":false,"_monsterinsights_sitenote_active":false,"_monsterinsights_sitenote_note":"","_monsterinsights_sitenote_category":0,"footnotes":""},"class_list":["post-10262","page","type-page","status-publish","has-post-thumbnail","hentry"],"_links":{"self":[{"href":"https:\/\/www.tarawa.com\/studio\/wp-json\/wp\/v2\/pages\/10262","targetHints":{"allow":["GET"]}}],"collection":[{"href":"https:\/\/www.tarawa.com\/studio\/wp-json\/wp\/v2\/pages"}],"about":[{"href":"https:\/\/www.tarawa.com\/studio\/wp-json\/wp\/v2\/types\/page"}],"author":[{"embeddable":true,"href":"https:\/\/www.tarawa.com\/studio\/wp-json\/wp\/v2\/users\/1"}],"replies":[{"embeddable":true,"href":"https:\/\/www.tarawa.com\/studio\/wp-json\/wp\/v2\/comments?post=10262"}],"version-history":[{"count":0,"href":"https:\/\/www.tarawa.com\/studio\/wp-json\/wp\/v2\/pages\/10262\/revisions"}],"wp:featuredmedia":[{"embeddable":true,"href":"https:\/\/www.tarawa.com\/studio\/wp-json\/wp\/v2\/media\/10269"}],"wp:attachment":[{"href":"https:\/\/www.tarawa.com\/studio\/wp-json\/wp\/v2\/media?parent=10262"}],"curies":[{"name":"wp","href":"https:\/\/api.w.org\/{rel}","templated":true}]}}