{"id":10259,"date":"2022-03-25T07:26:38","date_gmt":"2022-03-25T06:26:38","guid":{"rendered":"https:\/\/www.tarawa.com\/studio\/?page_id=10259"},"modified":"2025-12-12T12:11:15","modified_gmt":"2025-12-12T11:11:15","slug":"roanne","status":"publish","type":"page","link":"https:\/\/www.tarawa.com\/studio\/roanne\/","title":{"rendered":"Studio Tattoo &#038; piercing &#8211; Roanne"},"content":{"rendered":"\n<p>D\u00e9couvrez l&rsquo;art corporel au c\u0153ur de Roanne ! <a href=\"https:\/\/www.tarawa.com\/studio\/\" target=\"_blank\" rel=\"noopener\" title=\"\">Le shop Tarawa<\/a>, situ\u00e9 dans la pittoresque ville de Roanne, d\u00e9partement de la Loire, est votre destination privil\u00e9gi\u00e9e pour tout ce qui touche au tatouage et au piercing. Que vous d\u00e9siriez un tatouage personnalis\u00e9, un piercing audacieux ou simplement parcourir notre vaste collection de bijoux et tatouages \u00e9ph\u00e9m\u00e8res, notre \u00e9quipe d&rsquo;experts est \u00e0 votre service. Nos tatoueurs r\u00e9sidents, ainsi que nos artistes Guests, vous attendent pour transformer vos id\u00e9es en \u0153uvres d&rsquo;art spectaculaires. <a href=\"https:\/\/www.tarawa.com\/studio\/\" target=\"_blank\" rel=\"noopener\" title=\"\">Le Studio Tattoo Piercing Tarawa Roanne<\/a> vous accueille dans une ambiance conviviale du lundi au samedi : venez nous rencontrer et laissez votre marque !<\/p>\n\n\n\n<div class=\"wp-block-columns is-layout-flex wp-container-core-columns-is-layout-9d6595d7 wp-block-columns-is-layout-flex\">\n<div class=\"wp-block-column is-layout-flow wp-block-column-is-layout-flow\">\n<figure class=\"wp-block-image size-full\"><a href=\"https:\/\/www.tarawa.com\/studio\/wp-content\/uploads\/2025\/06\/shop-roanne-tarawa-1-scaled.jpg\"><img loading=\"lazy\" decoding=\"async\" width=\"2560\" height=\"1874\" src=\"https:\/\/www.tarawa.com\/studio\/wp-content\/uploads\/2025\/06\/shop-roanne-tarawa-1-scaled.jpg\" alt=\"\" class=\"wp-image-13242\" style=\"aspect-ratio:1.334841628959276\" srcset=\"https:\/\/www.tarawa.com\/studio\/wp-content\/uploads\/2025\/06\/shop-roanne-tarawa-1-scaled.jpg 2560w, https:\/\/www.tarawa.com\/studio\/wp-content\/uploads\/2025\/06\/shop-roanne-tarawa-1-300x220.jpg 300w, https:\/\/www.tarawa.com\/studio\/wp-content\/uploads\/2025\/06\/shop-roanne-tarawa-1-1024x750.jpg 1024w, https:\/\/www.tarawa.com\/studio\/wp-content\/uploads\/2025\/06\/shop-roanne-tarawa-1-768x562.jpg 768w, https:\/\/www.tarawa.com\/studio\/wp-content\/uploads\/2025\/06\/shop-roanne-tarawa-1-1536x1124.jpg 1536w, https:\/\/www.tarawa.com\/studio\/wp-content\/uploads\/2025\/06\/shop-roanne-tarawa-1-2048x1499.jpg 2048w, https:\/\/www.tarawa.com\/studio\/wp-content\/uploads\/2025\/06\/shop-roanne-tarawa-1-900x659.jpg 900w, https:\/\/www.tarawa.com\/studio\/wp-content\/uploads\/2025\/06\/shop-roanne-tarawa-1-400x293.jpg 400w\" sizes=\"auto, (max-width: 2560px) 100vw, 2560px\" \/><\/a><\/figure>\n<\/div>\n\n\n\n<div class=\"wp-block-column is-layout-flow wp-block-column-is-layout-flow\">\n<p>Shop ouvert \u00e0 l&rsquo;ann\u00e9e<\/p>\n\n\n\n<p><strong>Adresse<\/strong> : <br>14 bis rue Charles de Gaulle<br>42300 Roanne<\/p>\n\n\n\n<p><strong>Num\u00e9ro de t\u00e9l\u00e9phone :<br><\/strong><a href=\"tel:0952016283\" target=\"_blank\" rel=\"noopener\" title=\"\">09 52 01 62 83<\/a><\/p>\n\n\n\n<p><strong>Adresse mail :<br><\/strong><a href=\"mailto:roanne@tarawa.com\" target=\"_blank\" rel=\"noopener\" title=\"\">roanne@tarawa.com<\/a><br><br><strong>Horaires<\/strong> : <br>Lundi : 14&nbsp;h &#8211; 19&nbsp;h<br>Du mardi au samedi : 9&nbsp;h &#8211; 19&nbsp;h<br>Dimanche : Ferm\u00e9<\/p>\n<\/div>\n<\/div>\n\n\n\n<h2 class=\"wp-block-heading\">D\u00e9couvrez la team Tarawa Roanne :<\/h2>\n\n\n\n<div class=\"wp-block-columns is-layout-flex wp-container-core-columns-is-layout-9d6595d7 wp-block-columns-is-layout-flex\">\n<div class=\"wp-block-column is-layout-flow wp-block-column-is-layout-flow\"><div class=\"wp-block-image\">\n<figure class=\"aligncenter size-full\"><img loading=\"lazy\" decoding=\"async\" width=\"600\" height=\"900\" src=\"https:\/\/www.tarawa.com\/studio\/wp-content\/uploads\/2025\/03\/mattias-directeur.jpg\" alt=\"\" class=\"wp-image-12975\" srcset=\"https:\/\/www.tarawa.com\/studio\/wp-content\/uploads\/2025\/03\/mattias-directeur.jpg 600w, https:\/\/www.tarawa.com\/studio\/wp-content\/uploads\/2025\/03\/mattias-directeur-200x300.jpg 200w, https:\/\/www.tarawa.com\/studio\/wp-content\/uploads\/2025\/03\/mattias-directeur-400x600.jpg 400w\" sizes=\"auto, (max-width: 600px) 100vw, 600px\" \/><figcaption class=\"wp-element-caption\">Mattias Directeur Tarawa Roanne <\/figcaption><\/figure>\n<\/div><\/div>\n\n\n\n<div class=\"wp-block-column is-layout-flow wp-block-column-is-layout-flow\"><div class=\"wp-block-image\">\n<figure class=\"aligncenter size-full\"><img loading=\"lazy\" decoding=\"async\" width=\"600\" height=\"900\" src=\"https:\/\/www.tarawa.com\/studio\/wp-content\/uploads\/2025\/03\/johanna-equipe-tarawa-roanne.jpg\" alt=\"\" class=\"wp-image-12976\" srcset=\"https:\/\/www.tarawa.com\/studio\/wp-content\/uploads\/2025\/03\/johanna-equipe-tarawa-roanne.jpg 600w, https:\/\/www.tarawa.com\/studio\/wp-content\/uploads\/2025\/03\/johanna-equipe-tarawa-roanne-200x300.jpg 200w, https:\/\/www.tarawa.com\/studio\/wp-content\/uploads\/2025\/03\/johanna-equipe-tarawa-roanne-400x600.jpg 400w\" sizes=\"auto, (max-width: 600px) 100vw, 600px\" \/><figcaption class=\"wp-element-caption\">Joanna Vendeuse perceuse<\/figcaption><\/figure>\n<\/div><\/div>\n<\/div>\n\n\n\n<div class=\"wp-block-columns is-layout-flex wp-container-core-columns-is-layout-9d6595d7 wp-block-columns-is-layout-flex\">\n<div class=\"wp-block-column is-layout-flow wp-block-column-is-layout-flow\">\n<figure class=\"wp-block-image size-full\"><a href=\"https:\/\/www.tarawa.com\/studio\/maxime\/\" target=\"_blank\" rel=\"noreferrer noopener\"><img loading=\"lazy\" decoding=\"async\" width=\"600\" height=\"900\" src=\"https:\/\/www.tarawa.com\/studio\/wp-content\/uploads\/2023\/01\/maxime-tatoueur-tarawa-roanne.jpg\" alt=\"\" class=\"wp-image-10678\" srcset=\"https:\/\/www.tarawa.com\/studio\/wp-content\/uploads\/2023\/01\/maxime-tatoueur-tarawa-roanne.jpg 600w, https:\/\/www.tarawa.com\/studio\/wp-content\/uploads\/2023\/01\/maxime-tatoueur-tarawa-roanne-200x300.jpg 200w, https:\/\/www.tarawa.com\/studio\/wp-content\/uploads\/2023\/01\/maxime-tatoueur-tarawa-roanne-400x600.jpg 400w\" sizes=\"auto, (max-width: 600px) 100vw, 600px\" \/><\/a><\/figure>\n\n\n\n<p class=\"has-text-align-center\"><a href=\"https:\/\/www.tarawa.com\/studio\/maxime\/\" target=\"_blank\" rel=\"noopener\" title=\"\">Maxime \u00ab\u00a0Peaky Inkers\u00a0\u00bb<\/a><br>Tatoueur r\u00e9sident<\/p>\n<\/div>\n\n\n\n<div class=\"wp-block-column is-layout-flow wp-block-column-is-layout-flow\">\n<figure class=\"wp-block-image size-full\"><a href=\"https:\/\/www.tarawa.com\/studio\/the-little-fox\/\" target=\"_blank\" rel=\"noreferrer noopener\"><img loading=\"lazy\" decoding=\"async\" width=\"600\" height=\"900\" src=\"https:\/\/www.tarawa.com\/studio\/wp-content\/uploads\/2023\/01\/ondine-equipe-tarawa-roanne.jpg\" alt=\"\" class=\"wp-image-10679\" srcset=\"https:\/\/www.tarawa.com\/studio\/wp-content\/uploads\/2023\/01\/ondine-equipe-tarawa-roanne.jpg 600w, https:\/\/www.tarawa.com\/studio\/wp-content\/uploads\/2023\/01\/ondine-equipe-tarawa-roanne-200x300.jpg 200w, https:\/\/www.tarawa.com\/studio\/wp-content\/uploads\/2023\/01\/ondine-equipe-tarawa-roanne-400x600.jpg 400w\" sizes=\"auto, (max-width: 600px) 100vw, 600px\" \/><\/a><\/figure>\n\n\n\n<p class=\"has-text-align-center\"><a href=\"https:\/\/www.tarawa.com\/studio\/the-little-fox\/\" target=\"_blank\" rel=\"noopener\" title=\"Ondine &quot;The little Fox&quot;\">Ondine \u00ab\u00a0The little Fox\u00a0\u00bb<\/a><br>Tatoueuse r\u00e9sidente<\/p>\n<\/div>\n<\/div>\n\n\n<p><iframe src=\"https:\/\/www.google.com\/maps\/embed?pb=!1m18!1m12!1m3!1d2198.3281302700816!2d4.069324352645517!3d46.03673709072174!2m3!1f0!2f0!3f0!3m2!1i1024!2i768!4f13.1!3m3!1m2!1s0x47f40f7a76cdcea7%3A0x4371f27948c914ac!2sTarawa%20Tattoo%20Piercing%20Roanne!5e0!3m2!1sfr!2sfr!4v1659039020902!5m2!1sfr!2sfr\" style=\"border:0;\" allowfullscreen=\"\" loading=\"lazy\" referrerpolicy=\"no-referrer-when-downgrade\" width=\"100%\" height=\"450\"><\/iframe><\/p>\n\n\n\n<h2 class=\"wp-block-heading\">Galerie photos<\/h2>\n\n\n\n<figure class=\"wp-block-gallery has-nested-images columns-default is-cropped wp-block-gallery-1 is-layout-flex wp-block-gallery-is-layout-flex\">\n<figure class=\"wp-block-image size-full\"><img loading=\"lazy\" decoding=\"async\" width=\"1000\" height=\"1000\" data-id=\"13649\" src=\"https:\/\/www.tarawa.com\/studio\/wp-content\/uploads\/2025\/12\/vente-piercing-roanne.png\" alt=\"\" class=\"wp-image-13649\" srcset=\"https:\/\/www.tarawa.com\/studio\/wp-content\/uploads\/2025\/12\/vente-piercing-roanne.png 1000w, https:\/\/www.tarawa.com\/studio\/wp-content\/uploads\/2025\/12\/vente-piercing-roanne-300x300.png 300w, https:\/\/www.tarawa.com\/studio\/wp-content\/uploads\/2025\/12\/vente-piercing-roanne-150x150.png 150w, https:\/\/www.tarawa.com\/studio\/wp-content\/uploads\/2025\/12\/vente-piercing-roanne-768x768.png 768w, https:\/\/www.tarawa.com\/studio\/wp-content\/uploads\/2025\/12\/vente-piercing-roanne-900x900.png 900w, https:\/\/www.tarawa.com\/studio\/wp-content\/uploads\/2025\/12\/vente-piercing-roanne-400x400.png 400w\" sizes=\"auto, (max-width: 1000px) 100vw, 1000px\" \/><\/figure>\n\n\n\n<figure class=\"wp-block-image size-full\"><img loading=\"lazy\" decoding=\"async\" width=\"1000\" height=\"1000\" data-id=\"13641\" src=\"https:\/\/www.tarawa.com\/studio\/wp-content\/uploads\/2025\/12\/tatouage-roanne.png\" alt=\"\" class=\"wp-image-13641\" srcset=\"https:\/\/www.tarawa.com\/studio\/wp-content\/uploads\/2025\/12\/tatouage-roanne.png 1000w, https:\/\/www.tarawa.com\/studio\/wp-content\/uploads\/2025\/12\/tatouage-roanne-300x300.png 300w, https:\/\/www.tarawa.com\/studio\/wp-content\/uploads\/2025\/12\/tatouage-roanne-150x150.png 150w, https:\/\/www.tarawa.com\/studio\/wp-content\/uploads\/2025\/12\/tatouage-roanne-768x768.png 768w, https:\/\/www.tarawa.com\/studio\/wp-content\/uploads\/2025\/12\/tatouage-roanne-900x900.png 900w, https:\/\/www.tarawa.com\/studio\/wp-content\/uploads\/2025\/12\/tatouage-roanne-400x400.png 400w\" sizes=\"auto, (max-width: 1000px) 100vw, 1000px\" \/><\/figure>\n\n\n\n<figure class=\"wp-block-image size-full\"><img loading=\"lazy\" decoding=\"async\" width=\"1000\" height=\"1000\" data-id=\"13642\" src=\"https:\/\/www.tarawa.com\/studio\/wp-content\/uploads\/2025\/12\/studio-piercing-bijoux-roannne.jpg\" alt=\"\" class=\"wp-image-13642\" srcset=\"https:\/\/www.tarawa.com\/studio\/wp-content\/uploads\/2025\/12\/studio-piercing-bijoux-roannne.jpg 1000w, https:\/\/www.tarawa.com\/studio\/wp-content\/uploads\/2025\/12\/studio-piercing-bijoux-roannne-300x300.jpg 300w, https:\/\/www.tarawa.com\/studio\/wp-content\/uploads\/2025\/12\/studio-piercing-bijoux-roannne-150x150.jpg 150w, https:\/\/www.tarawa.com\/studio\/wp-content\/uploads\/2025\/12\/studio-piercing-bijoux-roannne-768x768.jpg 768w, https:\/\/www.tarawa.com\/studio\/wp-content\/uploads\/2025\/12\/studio-piercing-bijoux-roannne-900x900.jpg 900w, https:\/\/www.tarawa.com\/studio\/wp-content\/uploads\/2025\/12\/studio-piercing-bijoux-roannne-400x400.jpg 400w\" sizes=\"auto, (max-width: 1000px) 100vw, 1000px\" \/><\/figure>\n\n\n\n<figure class=\"wp-block-image size-full\"><img loading=\"lazy\" decoding=\"async\" width=\"1000\" height=\"1000\" data-id=\"13643\" src=\"https:\/\/www.tarawa.com\/studio\/wp-content\/uploads\/2025\/12\/tatouage-tarawa-roanne.jpg\" alt=\"\" class=\"wp-image-13643\" srcset=\"https:\/\/www.tarawa.com\/studio\/wp-content\/uploads\/2025\/12\/tatouage-tarawa-roanne.jpg 1000w, https:\/\/www.tarawa.com\/studio\/wp-content\/uploads\/2025\/12\/tatouage-tarawa-roanne-300x300.jpg 300w, https:\/\/www.tarawa.com\/studio\/wp-content\/uploads\/2025\/12\/tatouage-tarawa-roanne-150x150.jpg 150w, https:\/\/www.tarawa.com\/studio\/wp-content\/uploads\/2025\/12\/tatouage-tarawa-roanne-768x768.jpg 768w, https:\/\/www.tarawa.com\/studio\/wp-content\/uploads\/2025\/12\/tatouage-tarawa-roanne-900x900.jpg 900w, https:\/\/www.tarawa.com\/studio\/wp-content\/uploads\/2025\/12\/tatouage-tarawa-roanne-400x400.jpg 400w\" sizes=\"auto, (max-width: 1000px) 100vw, 1000px\" \/><\/figure>\n\n\n\n<figure class=\"wp-block-image size-full\"><img loading=\"lazy\" decoding=\"async\" width=\"1000\" height=\"1000\" data-id=\"13644\" src=\"https:\/\/www.tarawa.com\/studio\/wp-content\/uploads\/2025\/12\/studio-piercing-roanne.jpg\" alt=\"\" class=\"wp-image-13644\" srcset=\"https:\/\/www.tarawa.com\/studio\/wp-content\/uploads\/2025\/12\/studio-piercing-roanne.jpg 1000w, https:\/\/www.tarawa.com\/studio\/wp-content\/uploads\/2025\/12\/studio-piercing-roanne-300x300.jpg 300w, https:\/\/www.tarawa.com\/studio\/wp-content\/uploads\/2025\/12\/studio-piercing-roanne-150x150.jpg 150w, https:\/\/www.tarawa.com\/studio\/wp-content\/uploads\/2025\/12\/studio-piercing-roanne-768x768.jpg 768w, https:\/\/www.tarawa.com\/studio\/wp-content\/uploads\/2025\/12\/studio-piercing-roanne-900x900.jpg 900w, https:\/\/www.tarawa.com\/studio\/wp-content\/uploads\/2025\/12\/studio-piercing-roanne-400x400.jpg 400w\" sizes=\"auto, (max-width: 1000px) 100vw, 1000px\" \/><\/figure>\n\n\n\n<figure class=\"wp-block-image size-full\"><img loading=\"lazy\" decoding=\"async\" width=\"1000\" height=\"1000\" data-id=\"13645\" src=\"https:\/\/www.tarawa.com\/studio\/wp-content\/uploads\/2025\/12\/studio-tatouage-roanne.jpg\" alt=\"\" class=\"wp-image-13645\" srcset=\"https:\/\/www.tarawa.com\/studio\/wp-content\/uploads\/2025\/12\/studio-tatouage-roanne.jpg 1000w, https:\/\/www.tarawa.com\/studio\/wp-content\/uploads\/2025\/12\/studio-tatouage-roanne-300x300.jpg 300w, https:\/\/www.tarawa.com\/studio\/wp-content\/uploads\/2025\/12\/studio-tatouage-roanne-150x150.jpg 150w, https:\/\/www.tarawa.com\/studio\/wp-content\/uploads\/2025\/12\/studio-tatouage-roanne-768x768.jpg 768w, https:\/\/www.tarawa.com\/studio\/wp-content\/uploads\/2025\/12\/studio-tatouage-roanne-900x900.jpg 900w, https:\/\/www.tarawa.com\/studio\/wp-content\/uploads\/2025\/12\/studio-tatouage-roanne-400x400.jpg 400w\" sizes=\"auto, (max-width: 1000px) 100vw, 1000px\" \/><\/figure>\n\n\n\n<figure class=\"wp-block-image size-full\"><img loading=\"lazy\" decoding=\"async\" width=\"1000\" height=\"1000\" data-id=\"13646\" src=\"https:\/\/www.tarawa.com\/studio\/wp-content\/uploads\/2025\/12\/tatouage-roanne-tarawa.jpg\" alt=\"\" class=\"wp-image-13646\" srcset=\"https:\/\/www.tarawa.com\/studio\/wp-content\/uploads\/2025\/12\/tatouage-roanne-tarawa.jpg 1000w, https:\/\/www.tarawa.com\/studio\/wp-content\/uploads\/2025\/12\/tatouage-roanne-tarawa-300x300.jpg 300w, https:\/\/www.tarawa.com\/studio\/wp-content\/uploads\/2025\/12\/tatouage-roanne-tarawa-150x150.jpg 150w, https:\/\/www.tarawa.com\/studio\/wp-content\/uploads\/2025\/12\/tatouage-roanne-tarawa-768x768.jpg 768w, https:\/\/www.tarawa.com\/studio\/wp-content\/uploads\/2025\/12\/tatouage-roanne-tarawa-900x900.jpg 900w, https:\/\/www.tarawa.com\/studio\/wp-content\/uploads\/2025\/12\/tatouage-roanne-tarawa-400x400.jpg 400w\" sizes=\"auto, (max-width: 1000px) 100vw, 1000px\" \/><\/figure>\n\n\n\n<figure class=\"wp-block-image size-full\"><img loading=\"lazy\" decoding=\"async\" width=\"1000\" height=\"1000\" data-id=\"13647\" src=\"https:\/\/www.tarawa.com\/studio\/wp-content\/uploads\/2025\/12\/bijouterie-roanne.jpg\" alt=\"\" class=\"wp-image-13647\" srcset=\"https:\/\/www.tarawa.com\/studio\/wp-content\/uploads\/2025\/12\/bijouterie-roanne.jpg 1000w, https:\/\/www.tarawa.com\/studio\/wp-content\/uploads\/2025\/12\/bijouterie-roanne-300x300.jpg 300w, https:\/\/www.tarawa.com\/studio\/wp-content\/uploads\/2025\/12\/bijouterie-roanne-150x150.jpg 150w, https:\/\/www.tarawa.com\/studio\/wp-content\/uploads\/2025\/12\/bijouterie-roanne-768x768.jpg 768w, https:\/\/www.tarawa.com\/studio\/wp-content\/uploads\/2025\/12\/bijouterie-roanne-900x900.jpg 900w, https:\/\/www.tarawa.com\/studio\/wp-content\/uploads\/2025\/12\/bijouterie-roanne-400x400.jpg 400w\" sizes=\"auto, (max-width: 1000px) 100vw, 1000px\" \/><\/figure>\n\n\n\n<figure class=\"wp-block-image size-full\"><img loading=\"lazy\" decoding=\"async\" width=\"1000\" height=\"1000\" data-id=\"13648\" src=\"https:\/\/www.tarawa.com\/studio\/wp-content\/uploads\/2025\/12\/piercing-studio-roanne.png\" alt=\"\" class=\"wp-image-13648\" srcset=\"https:\/\/www.tarawa.com\/studio\/wp-content\/uploads\/2025\/12\/piercing-studio-roanne.png 1000w, https:\/\/www.tarawa.com\/studio\/wp-content\/uploads\/2025\/12\/piercing-studio-roanne-300x300.png 300w, https:\/\/www.tarawa.com\/studio\/wp-content\/uploads\/2025\/12\/piercing-studio-roanne-150x150.png 150w, https:\/\/www.tarawa.com\/studio\/wp-content\/uploads\/2025\/12\/piercing-studio-roanne-768x768.png 768w, https:\/\/www.tarawa.com\/studio\/wp-content\/uploads\/2025\/12\/piercing-studio-roanne-900x900.png 900w, https:\/\/www.tarawa.com\/studio\/wp-content\/uploads\/2025\/12\/piercing-studio-roanne-400x400.png 400w\" sizes=\"auto, (max-width: 1000px) 100vw, 1000px\" \/><\/figure>\n<\/figure>\n\n\n\n<div class=\"wp-block-buttons is-content-justification-center is-layout-flex wp-container-core-buttons-is-layout-16018d1d wp-block-buttons-is-layout-flex\">\n<div class=\"wp-block-button is-style-outline is-style-outline--2\"><a class=\"wp-block-button__link has-white-color has-vivid-red-background-color has-text-color has-background wp-element-button\" href=\"https:\/\/www.tarawa.com\/studio\/albums\/album-tarawa-roanne\/\">Voir plus<\/a><\/div>\n<\/div>\n\n\n\n<p class=\"has-text-align-center\"><\/p>\n","protected":false},"excerpt":{"rendered":"<p>D\u00e9couvrez l&rsquo;art corporel au c\u0153ur de Roanne ! Le shop Tarawa, situ\u00e9 dans la pittoresque ville de Roanne, d\u00e9partement de la Loire, est votre destination privil\u00e9gi\u00e9e pour tout ce qui touche au tatouage et au piercing. Que vous d\u00e9siriez un tatouage personnalis\u00e9, un piercing audacieux ou simplement parcourir notre vaste collection de bijoux et tatouages &hellip; <\/p>\n","protected":false},"author":1,"featured_media":0,"parent":0,"menu_order":0,"comment_status":"closed","ping_status":"closed","template":"","meta":{"_monsterinsights_skip_tracking":false,"_monsterinsights_sitenote_active":false,"_monsterinsights_sitenote_note":"","_monsterinsights_sitenote_category":0,"footnotes":""},"class_list":["post-10259","page","type-page","status-publish","hentry"],"_links":{"self":[{"href":"https:\/\/www.tarawa.com\/studio\/wp-json\/wp\/v2\/pages\/10259","targetHints":{"allow":["GET"]}}],"collection":[{"href":"https:\/\/www.tarawa.com\/studio\/wp-json\/wp\/v2\/pages"}],"about":[{"href":"https:\/\/www.tarawa.com\/studio\/wp-json\/wp\/v2\/types\/page"}],"author":[{"embeddable":true,"href":"https:\/\/www.tarawa.com\/studio\/wp-json\/wp\/v2\/users\/1"}],"replies":[{"embeddable":true,"href":"https:\/\/www.tarawa.com\/studio\/wp-json\/wp\/v2\/comments?post=10259"}],"version-history":[{"count":0,"href":"https:\/\/www.tarawa.com\/studio\/wp-json\/wp\/v2\/pages\/10259\/revisions"}],"wp:attachment":[{"href":"https:\/\/www.tarawa.com\/studio\/wp-json\/wp\/v2\/media?parent=10259"}],"curies":[{"name":"wp","href":"https:\/\/api.w.org\/{rel}","templated":true}]}}