{"id":10249,"date":"2022-03-25T07:08:23","date_gmt":"2022-03-25T06:08:23","guid":{"rendered":"https:\/\/www.tarawa.com\/studio\/?page_id=10249"},"modified":"2024-10-21T09:41:48","modified_gmt":"2024-10-21T07:41:48","slug":"vias-plage","status":"publish","type":"page","link":"https:\/\/www.tarawa.com\/studio\/vias-plage\/","title":{"rendered":"Studio Tattoo &#038; Piercing \u2013 Vias Plage"},"content":{"rendered":"\n<p>Bienvenue au <a href=\"http:\/\/tarawa.com\/studio\/\" target=\"_blank\" rel=\"noopener\" title=\"\">Studio Tattoo Piercing<\/a> de Vias Plage, votre r\u00e9f\u00e9rence en tatouage et piercing, ouvert chaque saison du d\u00e9but avril \u00e0 la fin septembre. Notre \u00e9quipe de tatoueurs et de perceurs vous attend, pr\u00eate \u00e0 vous conseiller et \u00e0 r\u00e9pondre \u00e0 vos questions, avec ou sans rendez-vous.<\/p>\n\n\n\n<p>Situ\u00e9 au c\u0153ur de la charmante station baln\u00e9aire de Vias Plage, aussi appel\u00e9e \u00ab\u00a0Farinette\u00a0\u00bb, notre \u00e9l\u00e9gant studio Tarawa vous propose ses services sp\u00e9cialis\u00e9s dans la vente de piercings et l&rsquo;art du tatouage. Nous sommes toujours heureux de partager notre expertise et de vous guider dans vos choix artistiques. Venez nous rendre visite pour une exp\u00e9rience unique dans un cadre exceptionnel !<\/p>\n\n\n\n<div class=\"wp-block-columns is-layout-flex wp-container-core-columns-is-layout-9d6595d7 wp-block-columns-is-layout-flex\">\n<div class=\"wp-block-column is-layout-flow wp-block-column-is-layout-flow\">\n<figure class=\"wp-block-image size-full\"><a href=\"https:\/\/www.tarawa.com\/studio\/wp-content\/uploads\/2022\/07\/studio-tarawa-vias.jpg\"><img loading=\"lazy\" decoding=\"async\" width=\"761\" height=\"729\" src=\"https:\/\/www.tarawa.com\/studio\/wp-content\/uploads\/2022\/07\/studio-tarawa-vias.jpg\" alt=\"\" class=\"wp-image-10337\" srcset=\"https:\/\/www.tarawa.com\/studio\/wp-content\/uploads\/2022\/07\/studio-tarawa-vias.jpg 761w, https:\/\/www.tarawa.com\/studio\/wp-content\/uploads\/2022\/07\/studio-tarawa-vias-300x287.jpg 300w, https:\/\/www.tarawa.com\/studio\/wp-content\/uploads\/2022\/07\/studio-tarawa-vias-400x383.jpg 400w\" sizes=\"auto, (max-width: 761px) 100vw, 761px\" \/><\/a><\/figure>\n<\/div>\n\n\n\n<div class=\"wp-block-column is-layout-flow wp-block-column-is-layout-flow\">\n<p>Ouverture du shop : D\u00e9but Avril &#8211; Fin Septembre<\/p>\n\n\n\n<p>Tous les jours de 10h \u00e0 00h<\/p>\n\n\n\n<p><strong>Adresse<\/strong> : <br>1066 Avenue de la M\u00e9diterran\u00e9e<br>34450 Vias Plage<\/p>\n\n\n\n<p><strong>Num\u00e9ro de t\u00e9l\u00e9phone :<br><\/strong><a href=\"tel:0467941406\" title=\"\">04 67 94 14 06<\/a><\/p>\n\n\n\n<p><strong>Adresse mail :<br><\/strong><a href=\"mailto:vias@tarawa.com\">vias@tarawa.com<\/a><\/p>\n<\/div>\n<\/div>\n\n\n<p><iframe src=\"https:\/\/www.google.com\/maps\/embed?pb=!1m14!1m8!1m3!1d11616.12483751618!2d3.4170018!3d43.2926681!3m2!1i1024!2i768!4f13.1!3m3!1m2!1s0x0%3A0x864cdcf2604e489b!2sTarawa%20Tattoo%20Piercing%20Vias!5e0!3m2!1sfr!2sfr!4v1648188703263!5m2!1sfr!2sfr\" style=\"border:0;\" allowfullscreen=\"\" loading=\"lazy\" referrerpolicy=\"no-referrer-when-downgrade\" width=\"100%\" height=\"450\"><\/iframe><\/p>\n","protected":false},"excerpt":{"rendered":"<p>Bienvenue au Studio Tattoo Piercing de Vias Plage, votre r\u00e9f\u00e9rence en tatouage et piercing, ouvert chaque saison du d\u00e9but avril \u00e0 la fin septembre. Notre \u00e9quipe de tatoueurs et de perceurs vous attend, pr\u00eate \u00e0 vous conseiller et \u00e0 r\u00e9pondre \u00e0 vos questions, avec ou sans rendez-vous. Situ\u00e9 au c\u0153ur de la charmante station baln\u00e9aire &hellip; <\/p>\n","protected":false},"author":1,"featured_media":0,"parent":0,"menu_order":0,"comment_status":"closed","ping_status":"closed","template":"","meta":{"_monsterinsights_skip_tracking":false,"_monsterinsights_sitenote_active":false,"_monsterinsights_sitenote_note":"","_monsterinsights_sitenote_category":0,"footnotes":""},"class_list":["post-10249","page","type-page","status-publish","hentry"],"_links":{"self":[{"href":"https:\/\/www.tarawa.com\/studio\/wp-json\/wp\/v2\/pages\/10249","targetHints":{"allow":["GET"]}}],"collection":[{"href":"https:\/\/www.tarawa.com\/studio\/wp-json\/wp\/v2\/pages"}],"about":[{"href":"https:\/\/www.tarawa.com\/studio\/wp-json\/wp\/v2\/types\/page"}],"author":[{"embeddable":true,"href":"https:\/\/www.tarawa.com\/studio\/wp-json\/wp\/v2\/users\/1"}],"replies":[{"embeddable":true,"href":"https:\/\/www.tarawa.com\/studio\/wp-json\/wp\/v2\/comments?post=10249"}],"version-history":[{"count":0,"href":"https:\/\/www.tarawa.com\/studio\/wp-json\/wp\/v2\/pages\/10249\/revisions"}],"wp:attachment":[{"href":"https:\/\/www.tarawa.com\/studio\/wp-json\/wp\/v2\/media?parent=10249"}],"curies":[{"name":"wp","href":"https:\/\/api.w.org\/{rel}","templated":true}]}}