{"id":571,"date":"2022-10-12T16:22:49","date_gmt":"2022-10-12T14:22:49","guid":{"rendered":"https:\/\/www.tarawa.com\/lifestyle\/?page_id=571"},"modified":"2024-09-27T10:02:40","modified_gmt":"2024-09-27T08:02:40","slug":"instagram-tarawa_officiel","status":"publish","type":"page","link":"https:\/\/www.tarawa.com\/lifestyle\/instagram-tarawa_officiel\/","title":{"rendered":"Instagram Tarawa_officiel"},"content":{"rendered":"\n<p>Vous avez \u00e9t\u00e9 s\u00e9lectionn\u00e9 pour repr\u00e9senter notre Marque Tarawa sur les r\u00e9seaux sociaux? Nous nous r\u00e9jouissons d\u00e9j\u00e0 de notre future collaboration.<\/p>\n\n\n\n<p>Le fonctionnement est simple:<\/p>\n\n\n\n<p>La premi\u00e8re \u00e9tape: Passez commande sur <a href=\"https:\/\/www.tarawa.com\" title=\"\">tarawa.com<\/a> des produits qui vous plaisent et que vous d\u00e9sirez mettre en valeur.<br>Votre commande sera pr\u00e9par\u00e9e et exp\u00e9di\u00e9e rapidement.<\/p>\n\n\n\n<p>Une fois les articles re\u00e7us il te faudra cr\u00e9er un post avec les articles mis en valeur suivie d&rsquo;une ou plusieurs stories.<\/p>\n\n\n\n<p>d\u00e9tail du post:<br>Doit identifier @tarawa_officiel<br>Doit au minimum contenir les hashtags #tarawa #tarawalifstyle<br>Doit \u00eatre une photo de qualit\u00e9 :<\/p>\n\n\n\n<p>Une fois post\u00e9, envoyez par message le num\u00e9ro de commande afin d\u2019obtenir votre remboursement d\u2019une valeur de 30 euros, si commande inf\u00e9rieure vous recevez un bon d\u2019achat de la diff\u00e9rence.<\/p>\n\n\n\n<p>Nous restons bien entendue \u00e0 votre disposition pour toute question compl\u00e9mentaire par mail ou en message sur notre page @tarawa_officiel<\/p>\n\n\n\n<p>Quelques exemple de post valid\u00e9<\/p>\n\n\n\n<figure class=\"wp-block-gallery has-nested-images columns-default is-cropped wp-block-gallery-1 is-layout-flex wp-block-gallery-is-layout-flex\">\n<figure class=\"wp-block-image size-large\"><img loading=\"lazy\" decoding=\"async\" width=\"900\" height=\"600\" data-id=\"380\" src=\"https:\/\/www.tarawa.com\/lifestyle\/wp-content\/uploads\/2022\/03\/piercing-sternum.jpg\" alt=\"\" class=\"wp-image-380\" srcset=\"https:\/\/www.tarawa.com\/lifestyle\/wp-content\/uploads\/2022\/03\/piercing-sternum.jpg 900w, https:\/\/www.tarawa.com\/lifestyle\/wp-content\/uploads\/2022\/03\/piercing-sternum-300x200.jpg 300w, https:\/\/www.tarawa.com\/lifestyle\/wp-content\/uploads\/2022\/03\/piercing-sternum-768x512.jpg 768w, https:\/\/www.tarawa.com\/lifestyle\/wp-content\/uploads\/2022\/03\/piercing-sternum-400x267.jpg 400w, https:\/\/www.tarawa.com\/lifestyle\/wp-content\/uploads\/2022\/03\/piercing-sternum-360x240.jpg 360w\" sizes=\"auto, (max-width: 900px) 100vw, 900px\" \/><\/figure>\n\n\n\n<figure class=\"wp-block-image size-large\"><img loading=\"lazy\" decoding=\"async\" width=\"900\" height=\"600\" data-id=\"493\" src=\"https:\/\/www.tarawa.com\/lifestyle\/wp-content\/uploads\/2021\/12\/ou-achete-ses-piercings-sur-internet.jpg\" alt=\"\" class=\"wp-image-493\" srcset=\"https:\/\/www.tarawa.com\/lifestyle\/wp-content\/uploads\/2021\/12\/ou-achete-ses-piercings-sur-internet.jpg 900w, https:\/\/www.tarawa.com\/lifestyle\/wp-content\/uploads\/2021\/12\/ou-achete-ses-piercings-sur-internet-300x200.jpg 300w, https:\/\/www.tarawa.com\/lifestyle\/wp-content\/uploads\/2021\/12\/ou-achete-ses-piercings-sur-internet-768x512.jpg 768w, https:\/\/www.tarawa.com\/lifestyle\/wp-content\/uploads\/2021\/12\/ou-achete-ses-piercings-sur-internet-400x267.jpg 400w, https:\/\/www.tarawa.com\/lifestyle\/wp-content\/uploads\/2021\/12\/ou-achete-ses-piercings-sur-internet-360x240.jpg 360w\" sizes=\"auto, (max-width: 900px) 100vw, 900px\" \/><\/figure>\n\n\n\n<figure class=\"wp-block-image size-large\"><img loading=\"lazy\" decoding=\"async\" width=\"1000\" height=\"1000\" data-id=\"414\" src=\"https:\/\/www.tarawa.com\/lifestyle\/wp-content\/uploads\/2021\/12\/tatouage-ephemere-tete-de-loup.jpg\" alt=\"\" class=\"wp-image-414\" srcset=\"https:\/\/www.tarawa.com\/lifestyle\/wp-content\/uploads\/2021\/12\/tatouage-ephemere-tete-de-loup.jpg 1000w, https:\/\/www.tarawa.com\/lifestyle\/wp-content\/uploads\/2021\/12\/tatouage-ephemere-tete-de-loup-300x300.jpg 300w, https:\/\/www.tarawa.com\/lifestyle\/wp-content\/uploads\/2021\/12\/tatouage-ephemere-tete-de-loup-150x150.jpg 150w, https:\/\/www.tarawa.com\/lifestyle\/wp-content\/uploads\/2021\/12\/tatouage-ephemere-tete-de-loup-768x768.jpg 768w, https:\/\/www.tarawa.com\/lifestyle\/wp-content\/uploads\/2021\/12\/tatouage-ephemere-tete-de-loup-900x900.jpg 900w, https:\/\/www.tarawa.com\/lifestyle\/wp-content\/uploads\/2021\/12\/tatouage-ephemere-tete-de-loup-400x400.jpg 400w\" sizes=\"auto, (max-width: 1000px) 100vw, 1000px\" \/><\/figure>\n\n\n\n<figure class=\"wp-block-image size-large\"><img loading=\"lazy\" decoding=\"async\" width=\"900\" height=\"600\" data-id=\"384\" src=\"https:\/\/www.tarawa.com\/lifestyle\/wp-content\/uploads\/2021\/12\/tatouage-temporaire-tarawa.jpg\" alt=\"\" class=\"wp-image-384\" srcset=\"https:\/\/www.tarawa.com\/lifestyle\/wp-content\/uploads\/2021\/12\/tatouage-temporaire-tarawa.jpg 900w, https:\/\/www.tarawa.com\/lifestyle\/wp-content\/uploads\/2021\/12\/tatouage-temporaire-tarawa-300x200.jpg 300w, https:\/\/www.tarawa.com\/lifestyle\/wp-content\/uploads\/2021\/12\/tatouage-temporaire-tarawa-768x512.jpg 768w, https:\/\/www.tarawa.com\/lifestyle\/wp-content\/uploads\/2021\/12\/tatouage-temporaire-tarawa-400x267.jpg 400w, https:\/\/www.tarawa.com\/lifestyle\/wp-content\/uploads\/2021\/12\/tatouage-temporaire-tarawa-360x240.jpg 360w\" sizes=\"auto, (max-width: 900px) 100vw, 900px\" \/><\/figure>\n\n\n\n<figure class=\"wp-block-image size-large\"><img loading=\"lazy\" decoding=\"async\" width=\"900\" height=\"600\" data-id=\"113\" src=\"https:\/\/www.tarawa.com\/lifestyle\/wp-content\/uploads\/2021\/09\/prendre-soin-de-ses-nouveaux-piercings.jpg\" alt=\"\" class=\"wp-image-113\" srcset=\"https:\/\/www.tarawa.com\/lifestyle\/wp-content\/uploads\/2021\/09\/prendre-soin-de-ses-nouveaux-piercings.jpg 900w, https:\/\/www.tarawa.com\/lifestyle\/wp-content\/uploads\/2021\/09\/prendre-soin-de-ses-nouveaux-piercings-300x200.jpg 300w, https:\/\/www.tarawa.com\/lifestyle\/wp-content\/uploads\/2021\/09\/prendre-soin-de-ses-nouveaux-piercings-768x512.jpg 768w, https:\/\/www.tarawa.com\/lifestyle\/wp-content\/uploads\/2021\/09\/prendre-soin-de-ses-nouveaux-piercings-400x267.jpg 400w, https:\/\/www.tarawa.com\/lifestyle\/wp-content\/uploads\/2021\/09\/prendre-soin-de-ses-nouveaux-piercings-360x240.jpg 360w\" sizes=\"auto, (max-width: 900px) 100vw, 900px\" \/><figcaption class=\"wp-element-caption\">comment prendre sois de ses piercing les premi\u00e8res semaine?<\/figcaption><\/figure>\n\n\n\n<figure class=\"wp-block-image size-large\"><img loading=\"lazy\" decoding=\"async\" width=\"614\" height=\"640\" data-id=\"214\" src=\"https:\/\/www.tarawa.com\/lifestyle\/wp-content\/uploads\/2021\/12\/anneau-piercing-nombril.jpg\" alt=\"\" class=\"wp-image-214\" srcset=\"https:\/\/www.tarawa.com\/lifestyle\/wp-content\/uploads\/2021\/12\/anneau-piercing-nombril.jpg 614w, https:\/\/www.tarawa.com\/lifestyle\/wp-content\/uploads\/2021\/12\/anneau-piercing-nombril-288x300.jpg 288w, https:\/\/www.tarawa.com\/lifestyle\/wp-content\/uploads\/2021\/12\/anneau-piercing-nombril-400x417.jpg 400w\" sizes=\"auto, (max-width: 614px) 100vw, 614px\" \/><\/figure>\n<\/figure>\n","protected":false},"excerpt":{"rendered":"<p>Vous avez \u00e9t\u00e9 s\u00e9lectionn\u00e9 pour repr\u00e9senter notre Marque Tarawa sur les r\u00e9seaux sociaux? Nous nous r\u00e9jouissons d\u00e9j\u00e0 de notre future collaboration. Le fonctionnement est simple: La premi\u00e8re \u00e9tape: Passez commande sur tarawa.com des produits qui vous plaisent et que vous d\u00e9sirez mettre en valeur.Votre commande sera pr\u00e9par\u00e9e et exp\u00e9di\u00e9e rapidement. Une fois les articles re\u00e7us &hellip; <\/p>\n","protected":false},"author":1,"featured_media":0,"parent":0,"menu_order":0,"comment_status":"closed","ping_status":"closed","template":"","meta":{"footnotes":""},"class_list":["post-571","page","type-page","status-publish","hentry"],"aioseo_notices":[],"_links":{"self":[{"href":"https:\/\/www.tarawa.com\/lifestyle\/wp-json\/wp\/v2\/pages\/571","targetHints":{"allow":["GET"]}}],"collection":[{"href":"https:\/\/www.tarawa.com\/lifestyle\/wp-json\/wp\/v2\/pages"}],"about":[{"href":"https:\/\/www.tarawa.com\/lifestyle\/wp-json\/wp\/v2\/types\/page"}],"author":[{"embeddable":true,"href":"https:\/\/www.tarawa.com\/lifestyle\/wp-json\/wp\/v2\/users\/1"}],"replies":[{"embeddable":true,"href":"https:\/\/www.tarawa.com\/lifestyle\/wp-json\/wp\/v2\/comments?post=571"}],"version-history":[{"count":0,"href":"https:\/\/www.tarawa.com\/lifestyle\/wp-json\/wp\/v2\/pages\/571\/revisions"}],"wp:attachment":[{"href":"https:\/\/www.tarawa.com\/lifestyle\/wp-json\/wp\/v2\/media?parent=571"}],"curies":[{"name":"wp","href":"https:\/\/api.w.org\/{rel}","templated":true}]}}